{"id":8,"date":"2020-10-28T12:43:24","date_gmt":"2020-10-28T12:43:24","guid":{"rendered":"https:\/\/chevin.test\/?page_id=8"},"modified":"2021-02-25T16:21:40","modified_gmt":"2021-02-25T16:21:40","slug":"apercu-des-clients","status":"publish","type":"page","link":"https:\/\/www.chevinfleet.com\/fr-fr\/apercu-des-clients\/","title":{"rendered":"Clients"},"content":{"rendered":"<section  class=\"c-page-header page-header content-section content-section--dark content-section--curved\">\n    <div class=\"container container--small u-text-center\">\n                    <h1>Clients<\/h1>\n                            \n                \n    <\/div>\n    <\/section>\n\n\n<section  class=\"c-learn-more content-section learn-more content-section--dots    \">\n  \n  <div class=\"container\">\n\n    <div class=\"learn-more__wrapper animated fadeInUp  \">\n      \n      <div class=\"learn-more__content \">\n\n                <h5 class=\"u-red fadeInUp__1\">Secteurs d\u2019activit\u00e9<\/h5>\n        \n                  <h2 class=\"u-red fadeInUp__2\">Un logiciel qui \u00e9volue avec votre entreprise<\/h2>\n        \n                  <div class=\"fadeInUp__3\"><p>Soyez op\u00e9rationnel rapidement avec un syst\u00e8me de gestion de flotte qui int\u00e8gre les meilleures pratiques. Le logiciel intelligent FleetWave est enti\u00e8rement adaptable avec des modules suppl\u00e9mentaires pouvant \u00eatre ajout\u00e9s \u00e0 tout moment\u2009; notre solution peut donc \u00e9voluer avec votre entreprise.<\/p>\n<\/div>\n        \n                  <a class=\"fadeInUp__4\" href=\"https:\/\/www.chevinfleet.com\/fr-fr\/secteurs-activite\/\">En savoir plus<\/a>\n              <\/div>\n\n      <div class=\"learn-more__image animated fadeInUp__5\">\n\n                      <div class=\"orbit orbit--red animated \">\n    <div class=\"orbit__circle orbit__circle--1\">\n      <div class=\"orbit__blob orbit__blob--lg\">\n              <\/div>\n      <div class=\"orbit__blob orbit__blob--sm orbit__blob--black\">\n              <\/div>\n      <div class=\"orbit__blob orbit__blob--xs\"><\/div>\n    <\/div>\n    <div class=\"orbit__circle orbit__circle--1-fast\">\n      <div class=\"orbit__blob orbit__blob--xs\"><\/div>\n    <\/div>\n    <div class=\"orbit__circle orbit__circle--2\">\n      <div class=\"orbit__blob orbit__blob--sm\">\n              <\/div>\n      <div class=\"orbit__blob orbit__blob--sm\">\n              <\/div>\n    <\/div>\n    <div class=\"orbit__circle orbit__circle--2-fast\">\n      <div class=\"orbit__blob orbit__blob--xs orbit__blob--black\"><\/div>\n      <div class=\"orbit__blob orbit__blob--sm orbit__blob--black\">\n              <\/div>\n    <\/div>\n          <div class=\"orbit__circle orbit__circle--0\"><\/div>\n              <div class=\"orbit__circle orbit__circle--3\"><\/div>\n      <div class=\"orbit__image orbit__image--float\">\n        <img decoding=\"async\" src=\"https:\/\/chevin-assets.s3.eu-west-1.amazonaws.com\/wp-content\/uploads\/sites\/5\/2021\/02\/25155531\/Light-3.png\" alt=\"\">\n      <\/div>\n      <\/div>\n\n        \n      <\/div>\n\n    <\/div>\n\n  <\/div>\n\n<\/section>\n\n<section  class=\"c-hr hr content-section\">\n<div class=\"container\">\n    <hr>\n<\/div>\n<\/section>\n\n\n<section  class=\"c-image-slider image-slider content-section content-section--fade-to-grey content-section--curved\">\n    <div class=\"container container--small\">\n                    <h2 class=\"u-text-center\">Clients<\/h2>\n                            <p class=\"u-text-center\">Nous fournissons des solutions de gestion de flotte flexibles et puissantes, con\u00e7ues pour am\u00e9liorer tous les aspects des performances commerciales, \u00e0 plusieurs entreprises leaders dans le monde.<\/p>\n                            <p class=\"u-text-center\"><a href=\"https:\/\/www.chevinfleet.com\/fr-fr\/clients\/\">D\u00e9couvrez nos clients\u2009!<\/a><\/p>\n            <\/div>\n    <div class=\"container\">\n        <div class=\"image-slider__wrapper\" data-behaviour=\"four-slider\">\n                            <div class=\"slide\">\n                    <div class=\"image-slider__block\">\n                                                    <img decoding=\"async\" src=\"https:\/\/chevin-assets.s3.eu-west-1.amazonaws.com\/wp-content\/uploads\/sites\/5\/2024\/07\/29163628\/Revolv-270x270.png\">\n                                                                            <p><strong>Revolv<\/strong><\/p>\n                                            <\/div>\n                <\/div>\n                            <div class=\"slide\">\n                    <div class=\"image-slider__block\">\n                                                    <img decoding=\"async\" src=\"https:\/\/chevin-assets.s3.eu-west-1.amazonaws.com\/wp-content\/uploads\/sites\/5\/2024\/07\/29163932\/Ocala-270x270.png\">\n                                                                            <p><strong>City of Ocala<\/strong><\/p>\n                                            <\/div>\n                <\/div>\n                            <div class=\"slide\">\n                    <div class=\"image-slider__block\">\n                                                    <img decoding=\"async\" src=\"https:\/\/chevin-assets.s3.eu-west-1.amazonaws.com\/wp-content\/uploads\/sites\/5\/2024\/05\/29164056\/BM-Featured-Image-1-270x270.png\">\n                                                                            <p><strong>Beacon Mobility<\/strong><\/p>\n                                            <\/div>\n                <\/div>\n                            <div class=\"slide\">\n                    <div class=\"image-slider__block\">\n                                                    <img decoding=\"async\" src=\"https:\/\/chevin-assets.s3.eu-west-1.amazonaws.com\/wp-content\/uploads\/sites\/5\/2023\/07\/29164436\/Conneticut.png\">\n                                                                            <p><strong>State of Connecticut<\/strong><\/p>\n                                            <\/div>\n                <\/div>\n                            <div class=\"slide\">\n                    <div class=\"image-slider__block\">\n                                                    <img decoding=\"async\" src=\"https:\/\/chevin-assets.s3.eu-west-1.amazonaws.com\/wp-content\/uploads\/sites\/5\/2023\/07\/29164529\/Client-_-Modus.png\">\n                                                                            <p><strong>Modus<\/strong><\/p>\n                                            <\/div>\n                <\/div>\n                            <div class=\"slide\">\n                    <div class=\"image-slider__block\">\n                                                    <img decoding=\"async\" src=\"https:\/\/chevin-assets.s3.eu-west-1.amazonaws.com\/wp-content\/uploads\/sites\/5\/2023\/05\/29164630\/Eversource-Client-Logo.png\">\n                                                                            <p><strong>Eversource<\/strong><\/p>\n                                            <\/div>\n                <\/div>\n                            <div class=\"slide\">\n                    <div class=\"image-slider__block\">\n                                                    <img decoding=\"async\" src=\"https:\/\/chevin-assets.s3.eu-west-1.amazonaws.com\/wp-content\/uploads\/sites\/5\/2023\/03\/29164736\/OA-Cares.png\">\n                                                                            <p><strong>State of Missouri<\/strong><\/p>\n                                            <\/div>\n                <\/div>\n                            <div class=\"slide\">\n                    <div class=\"image-slider__block\">\n                                                    <img decoding=\"async\" src=\"https:\/\/chevin-assets.s3.eu-west-1.amazonaws.com\/wp-content\/uploads\/sites\/5\/2023\/03\/29164829\/Cox.png\">\n                                                                            <p><strong>Cox Enterprises<\/strong><\/p>\n                                            <\/div>\n                <\/div>\n                            <div class=\"slide\">\n                    <div class=\"image-slider__block\">\n                                                    <img decoding=\"async\" src=\"https:\/\/chevin-assets.s3.eu-west-1.amazonaws.com\/wp-content\/uploads\/sites\/5\/2023\/02\/29164925\/Shropshire-Fire.png\">\n                                                                            <p><strong>Shropshire Fire<\/strong><\/p>\n                                            <\/div>\n                <\/div>\n                            <div class=\"slide\">\n                    <div class=\"image-slider__block\">\n                                                    <img decoding=\"async\" src=\"https:\/\/chevin-assets.s3.eu-west-1.amazonaws.com\/wp-content\/uploads\/sites\/5\/2023\/02\/29165847\/Glesby-Marks.png\">\n                                                                            <p><strong>Glesby Marks<\/strong><\/p>\n                                            <\/div>\n                <\/div>\n                    <\/div>\n    <\/div>\n<\/section>\n\n\n","protected":false},"excerpt":{"rendered":"","protected":false},"author":1,"featured_media":0,"parent":0,"menu_order":0,"comment_status":"closed","ping_status":"closed","template":"","meta":{"_acf_changed":false,"footnotes":""},"class_list":["post-8","page","type-page","status-publish","hentry"],"acf":[],"yoast_head":"<!-- This site is optimized with the Yoast SEO Premium plugin v26.3 (Yoast SEO v26.5) - https:\/\/yoast.com\/wordpress\/plugins\/seo\/ -->\n<title>Clients - Chevin - France<\/title>\n<meta name=\"robots\" content=\"index, follow, max-snippet:-1, max-image-preview:large, max-video-preview:-1\" \/>\n<link rel=\"canonical\" href=\"https:\/\/www.chevinfleet.com\/fr-fr\/apercu-des-clients\/\" \/>\n<meta property=\"og:locale\" content=\"en_GB\" \/>\n<meta property=\"og:type\" content=\"article\" \/>\n<meta property=\"og:title\" content=\"Clients\" \/>\n<meta property=\"og:url\" content=\"https:\/\/www.chevinfleet.com\/fr-fr\/apercu-des-clients\/\" \/>\n<meta property=\"og:site_name\" content=\"Chevin - France\" \/>\n<meta property=\"article:modified_time\" content=\"2021-02-25T16:21:40+00:00\" \/>\n<meta name=\"twitter:card\" content=\"summary_large_image\" \/>\n<script type=\"application\/ld+json\" class=\"yoast-schema-graph\">{\"@context\":\"https:\/\/schema.org\",\"@graph\":[{\"@type\":\"WebPage\",\"@id\":\"https:\/\/www.chevinfleet.com\/fr-fr\/apercu-des-clients\/\",\"url\":\"https:\/\/www.chevinfleet.com\/fr-fr\/apercu-des-clients\/\",\"name\":\"Clients - Chevin - France\",\"isPartOf\":{\"@id\":\"https:\/\/www.chevinfleet.com\/fr-fr\/#website\"},\"datePublished\":\"2020-10-28T12:43:24+00:00\",\"dateModified\":\"2021-02-25T16:21:40+00:00\",\"breadcrumb\":{\"@id\":\"https:\/\/www.chevinfleet.com\/fr-fr\/apercu-des-clients\/#breadcrumb\"},\"inLanguage\":\"en-GB\",\"potentialAction\":[{\"@type\":\"ReadAction\",\"target\":[\"https:\/\/www.chevinfleet.com\/fr-fr\/apercu-des-clients\/\"]}]},{\"@type\":\"BreadcrumbList\",\"@id\":\"https:\/\/www.chevinfleet.com\/fr-fr\/apercu-des-clients\/#breadcrumb\",\"itemListElement\":[{\"@type\":\"ListItem\",\"position\":1,\"name\":\"Home\",\"item\":\"https:\/\/www.chevinfleet.com\/fr-fr\/\"},{\"@type\":\"ListItem\",\"position\":2,\"name\":\"Clients\"}]},{\"@type\":\"WebSite\",\"@id\":\"https:\/\/www.chevinfleet.com\/fr-fr\/#website\",\"url\":\"https:\/\/www.chevinfleet.com\/fr-fr\/\",\"name\":\"Chevin - France\",\"description\":\"Just another  site\",\"potentialAction\":[{\"@type\":\"SearchAction\",\"target\":{\"@type\":\"EntryPoint\",\"urlTemplate\":\"https:\/\/www.chevinfleet.com\/fr-fr\/?s={search_term_string}\"},\"query-input\":{\"@type\":\"PropertyValueSpecification\",\"valueRequired\":true,\"valueName\":\"search_term_string\"}}],\"inLanguage\":\"en-GB\"}]}<\/script>\n<!-- \/ Yoast SEO Premium plugin. -->","yoast_head_json":{"title":"Clients - Chevin - France","robots":{"index":"index","follow":"follow","max-snippet":"max-snippet:-1","max-image-preview":"max-image-preview:large","max-video-preview":"max-video-preview:-1"},"canonical":"https:\/\/www.chevinfleet.com\/fr-fr\/apercu-des-clients\/","og_locale":"en_GB","og_type":"article","og_title":"Clients","og_url":"https:\/\/www.chevinfleet.com\/fr-fr\/apercu-des-clients\/","og_site_name":"Chevin - France","article_modified_time":"2021-02-25T16:21:40+00:00","twitter_card":"summary_large_image","schema":{"@context":"https:\/\/schema.org","@graph":[{"@type":"WebPage","@id":"https:\/\/www.chevinfleet.com\/fr-fr\/apercu-des-clients\/","url":"https:\/\/www.chevinfleet.com\/fr-fr\/apercu-des-clients\/","name":"Clients - Chevin - France","isPartOf":{"@id":"https:\/\/www.chevinfleet.com\/fr-fr\/#website"},"datePublished":"2020-10-28T12:43:24+00:00","dateModified":"2021-02-25T16:21:40+00:00","breadcrumb":{"@id":"https:\/\/www.chevinfleet.com\/fr-fr\/apercu-des-clients\/#breadcrumb"},"inLanguage":"en-GB","potentialAction":[{"@type":"ReadAction","target":["https:\/\/www.chevinfleet.com\/fr-fr\/apercu-des-clients\/"]}]},{"@type":"BreadcrumbList","@id":"https:\/\/www.chevinfleet.com\/fr-fr\/apercu-des-clients\/#breadcrumb","itemListElement":[{"@type":"ListItem","position":1,"name":"Home","item":"https:\/\/www.chevinfleet.com\/fr-fr\/"},{"@type":"ListItem","position":2,"name":"Clients"}]},{"@type":"WebSite","@id":"https:\/\/www.chevinfleet.com\/fr-fr\/#website","url":"https:\/\/www.chevinfleet.com\/fr-fr\/","name":"Chevin - France","description":"Just another  site","potentialAction":[{"@type":"SearchAction","target":{"@type":"EntryPoint","urlTemplate":"https:\/\/www.chevinfleet.com\/fr-fr\/?s={search_term_string}"},"query-input":{"@type":"PropertyValueSpecification","valueRequired":true,"valueName":"search_term_string"}}],"inLanguage":"en-GB"}]}},"_links":{"self":[{"href":"https:\/\/www.chevinfleet.com\/fr-fr\/wp-json\/wp\/v2\/pages\/8","targetHints":{"allow":["GET"]}}],"collection":[{"href":"https:\/\/www.chevinfleet.com\/fr-fr\/wp-json\/wp\/v2\/pages"}],"about":[{"href":"https:\/\/www.chevinfleet.com\/fr-fr\/wp-json\/wp\/v2\/types\/page"}],"author":[{"embeddable":true,"href":"https:\/\/www.chevinfleet.com\/fr-fr\/wp-json\/wp\/v2\/users\/1"}],"replies":[{"embeddable":true,"href":"https:\/\/www.chevinfleet.com\/fr-fr\/wp-json\/wp\/v2\/comments?post=8"}],"version-history":[{"count":0,"href":"https:\/\/www.chevinfleet.com\/fr-fr\/wp-json\/wp\/v2\/pages\/8\/revisions"}],"wp:attachment":[{"href":"https:\/\/www.chevinfleet.com\/fr-fr\/wp-json\/wp\/v2\/media?parent=8"}],"curies":[{"name":"wp","href":"https:\/\/api.w.org\/{rel}","templated":true}]}}