{"id":6,"date":"2020-10-28T12:42:41","date_gmt":"2020-10-28T12:42:41","guid":{"rendered":"https:\/\/chevin.test\/?page_id=6"},"modified":"2024-10-16T12:12:23","modified_gmt":"2024-10-16T11:12:23","slug":"produits","status":"publish","type":"page","link":"https:\/\/www.chevinfleet.com\/fr-fr\/produits\/","title":{"rendered":"Produits"},"content":{"rendered":"<section  class=\"c-page-header page-header content-section content-section--dark content-section--curved\">\n    <div class=\"container container--small u-text-center\">\n                    <h1>Produits<\/h1>\n                            <p>Tous vos besoins en gestion de flotte sont couverts. Surveillez vos actifs et vos conducteurs gr\u00e2ce \u00e0 FleetWave. Innovant, ce syst\u00e8me complet comprend des applications int\u00e9gr\u00e9es qui vous permettent d\u2019\u00eatre plus efficace sur le plan administratif et de profiter de donn\u00e9es d\u2019analyse approfondie, d\u2019outils de conformit\u00e9 et de bien d\u2019autres fonctionnalit\u00e9s.<\/p>\n                \n    <\/div>\n    <\/section>\n\n\n<section  class=\"c-product-summary-block product-summary-block content-section content-section--fade-to-grey content-section--curved content-section--dots-left\">\n  \n  <div class=\"container container--small u-text-center animated fadeInUp\">\n    \n          <img decoding=\"async\" src=\"https:\/\/www.chevinfleet.com\/wp-content\/uploads\/sites\/5\/2020\/12\/FW.png\" alt=\"\">\n    \n          <h2 class=\"fadeInUp__1 u-red\">FleetWave<\/h2>\n      \n  <\/div>\n  \n  <div class=\"container product-summary-block__wrapper product-summary-block__wrapper--flipped\">\n    <div class=\"product-summary-block__tabs\">\n            <div data-behaviour=\"product-tab-link\">\n                  <div class=\"product-summary-block__tab\" data-ref=\"product-289204849-1\">\n            <img decoding=\"async\" src=\"https:\/\/chevin-assets.s3.eu-west-1.amazonaws.com\/wp-content\/uploads\/sites\/5\/2021\/02\/11104055\/FW_Icon-CentraliseFleetManagement.png\" class=\"product-summary-block__icon\" alt=\"\">\n            <p class=\"u-bold\">Centralisez la gestion de votre flotte <\/p>\n          <\/div>\n                  <div class=\"product-summary-block__tab\" data-ref=\"product-289204849-2\">\n            <img decoding=\"async\" src=\"https:\/\/chevin-assets.s3.eu-west-1.amazonaws.com\/wp-content\/uploads\/sites\/5\/2021\/02\/11104113\/FW_Icon-FleetMaintenance.png\" class=\"product-summary-block__icon\" alt=\"\">\n            <p class=\"u-bold\">Visualisez l\u2019int\u00e9gralit\u00e9 de vos donn\u00e9es d\u2019actifs <\/p>\n          <\/div>\n                  <div class=\"product-summary-block__tab\" data-ref=\"product-289204849-3\">\n            <img decoding=\"async\" src=\"https:\/\/chevin-assets.s3.eu-west-1.amazonaws.com\/wp-content\/uploads\/sites\/5\/2021\/02\/11104122\/FW_Icon-AssetManagement.png\" class=\"product-summary-block__icon\" alt=\"\">\n            <p class=\"u-bold\">Harmonisez et automatisez vos processus <\/p>\n          <\/div>\n              <\/div>\n      <a href=\"\/fr-fr\/products\/fleetwave\/\">En savoir plus sur FleetWave<\/a>\n    <\/div>\n                                    <img decoding=\"async\" src=\"https:\/\/chevin-assets.s3.eu-west-1.amazonaws.com\/wp-content\/uploads\/sites\/5\/2021\/02\/25155510\/Light-2.png\"\n     data-srcset=\"https:\/\/chevin-assets.s3.eu-west-1.amazonaws.com\/wp-content\/uploads\/sites\/5\/2021\/02\/25155510\/Light-2-337x266.png 360w,\n                https:\/\/chevin-assets.s3.eu-west-1.amazonaws.com\/wp-content\/uploads\/sites\/5\/2021\/02\/25155510\/Light-2-675x400.png 768w,\n                https:\/\/chevin-assets.s3.eu-west-1.amazonaws.com\/wp-content\/uploads\/sites\/5\/2021\/02\/25155510\/Light-2.png 1440w,\n                https:\/\/chevin-assets.s3.eu-west-1.amazonaws.com\/wp-content\/uploads\/sites\/5\/2021\/02\/25155510\/Light-2.png 2000w\" class=\"product-summary-block__image product-289204849-1 \" \/>\n                                    <img decoding=\"async\" src=\"https:\/\/chevin-assets.s3.eu-west-1.amazonaws.com\/wp-content\/uploads\/sites\/5\/2021\/02\/25155458\/Dark-1.png\"\n     data-srcset=\"https:\/\/chevin-assets.s3.eu-west-1.amazonaws.com\/wp-content\/uploads\/sites\/5\/2021\/02\/25155458\/Dark-1-337x266.png 360w,\n                https:\/\/chevin-assets.s3.eu-west-1.amazonaws.com\/wp-content\/uploads\/sites\/5\/2021\/02\/25155458\/Dark-1-675x400.png 768w,\n                https:\/\/chevin-assets.s3.eu-west-1.amazonaws.com\/wp-content\/uploads\/sites\/5\/2021\/02\/25155458\/Dark-1.png 1440w,\n                https:\/\/chevin-assets.s3.eu-west-1.amazonaws.com\/wp-content\/uploads\/sites\/5\/2021\/02\/25155458\/Dark-1.png 2000w\" class=\"product-summary-block__image product-289204849-2 \" \/>\n                                    <img decoding=\"async\" src=\"https:\/\/chevin-assets.s3.eu-west-1.amazonaws.com\/wp-content\/uploads\/sites\/5\/2021\/02\/25155531\/Light-3.png\"\n     data-srcset=\"https:\/\/chevin-assets.s3.eu-west-1.amazonaws.com\/wp-content\/uploads\/sites\/5\/2021\/02\/25155531\/Light-3-337x266.png 360w,\n                https:\/\/chevin-assets.s3.eu-west-1.amazonaws.com\/wp-content\/uploads\/sites\/5\/2021\/02\/25155531\/Light-3-675x400.png 768w,\n                https:\/\/chevin-assets.s3.eu-west-1.amazonaws.com\/wp-content\/uploads\/sites\/5\/2021\/02\/25155531\/Light-3.png 1440w,\n                https:\/\/chevin-assets.s3.eu-west-1.amazonaws.com\/wp-content\/uploads\/sites\/5\/2021\/02\/25155531\/Light-3.png 2000w\" class=\"product-summary-block__image product-289204849-3 \" \/>\n      <\/div>\n<\/section>\n\n\n<section  class=\"c-product-summary-block product-summary-block content-section content-section--fade-to-grey content-section--curved content-section--dots\">\n  \n  <div class=\"container container--small u-text-center animated fadeInUp\">\n    \n          <img decoding=\"async\" src=\"https:\/\/chevin-assets.s3.eu-west-1.amazonaws.com\/wp-content\/uploads\/sites\/5\/2021\/01\/18102950\/Fleetwave-Driver-Website-Graphic.png\" alt=\"\">\n    \n          <h2 class=\"fadeInUp__1 u-red\">FleetWave Driver<\/h2>\n      \n  <\/div>\n  \n  <div class=\"container product-summary-block__wrapper\">\n    <div class=\"product-summary-block__tabs\">\n            <div data-behaviour=\"product-tab-link\">\n                  <div class=\"product-summary-block__tab\" data-ref=\"product-1322547400-1\">\n            <img decoding=\"async\" src=\"https:\/\/chevin-assets.s3.eu-west-1.amazonaws.com\/wp-content\/uploads\/sites\/5\/2021\/02\/11104249\/FF_Icon-UsePreConfiguredCustomForms.png\" class=\"product-summary-block__icon\" alt=\"\">\n            <p class=\"u-bold\">Facilitez la collecte de donn\u00e9es mobiles <\/p>\n          <\/div>\n                  <div class=\"product-summary-block__tab\" data-ref=\"product-1322547400-2\">\n            <img decoding=\"async\" src=\"https:\/\/chevin-assets.s3.eu-west-1.amazonaws.com\/wp-content\/uploads\/sites\/5\/2021\/02\/11104258\/FF_Icon-EliminatePaperProcesses.png\" class=\"product-summary-block__icon\" alt=\"\">\n            <p class=\"u-bold\">Supprimez les processus papier <\/p>\n          <\/div>\n                  <div class=\"product-summary-block__tab\" data-ref=\"product-1322547400-3\">\n            <img decoding=\"async\" src=\"https:\/\/chevin-assets.s3.eu-west-1.amazonaws.com\/wp-content\/uploads\/sites\/5\/2021\/02\/11104309\/FF_Icon-MobileDataCollectionSimple.png\" class=\"product-summary-block__icon\" alt=\"\">\n            <p class=\"u-bold\">Utilisez des formulaires pr\u00e9configur\u00e9s ou personnalis\u00e9s <\/p>\n          <\/div>\n              <\/div>\n      <a href=\"\/fr-fr\/products\/fleetwave-forms\/\">En savoir plus sur FleetWave Driver<\/a>\n    <\/div>\n                                    <img decoding=\"async\" src=\"https:\/\/chevin-assets.s3.eu-west-1.amazonaws.com\/wp-content\/uploads\/sites\/5\/2021\/01\/25113252\/FleetWaveFo-France.png\"\n     data-srcset=\"https:\/\/chevin-assets.s3.eu-west-1.amazonaws.com\/wp-content\/uploads\/sites\/5\/2021\/01\/25113252\/FleetWaveFo-France-337x266.png 360w,\n                https:\/\/chevin-assets.s3.eu-west-1.amazonaws.com\/wp-content\/uploads\/sites\/5\/2021\/01\/25113252\/FleetWaveFo-France-675x400.png 768w,\n                https:\/\/chevin-assets.s3.eu-west-1.amazonaws.com\/wp-content\/uploads\/sites\/5\/2021\/01\/25113252\/FleetWaveFo-France.png 1440w,\n                https:\/\/chevin-assets.s3.eu-west-1.amazonaws.com\/wp-content\/uploads\/sites\/5\/2021\/01\/25113252\/FleetWaveFo-France.png 2000w\" class=\"product-summary-block__image product-1322547400-1 \" \/>\n                                    <img decoding=\"async\" src=\"https:\/\/chevin-assets.s3.eu-west-1.amazonaws.com\/wp-content\/uploads\/sites\/5\/2021\/02\/25125254\/driver-signature-1.png\"\n     data-srcset=\"https:\/\/chevin-assets.s3.eu-west-1.amazonaws.com\/wp-content\/uploads\/sites\/5\/2021\/02\/25125254\/driver-signature-1-337x266.png 360w,\n                https:\/\/chevin-assets.s3.eu-west-1.amazonaws.com\/wp-content\/uploads\/sites\/5\/2021\/02\/25125254\/driver-signature-1-675x400.png 768w,\n                https:\/\/chevin-assets.s3.eu-west-1.amazonaws.com\/wp-content\/uploads\/sites\/5\/2021\/02\/25125254\/driver-signature-1.png 1440w,\n                https:\/\/chevin-assets.s3.eu-west-1.amazonaws.com\/wp-content\/uploads\/sites\/5\/2021\/02\/25125254\/driver-signature-1.png 2000w\" class=\"product-summary-block__image product-1322547400-2 \" \/>\n                                    <img decoding=\"async\" src=\"https:\/\/chevin-assets.s3.eu-west-1.amazonaws.com\/wp-content\/uploads\/sites\/5\/2021\/02\/25151806\/accident-photo-android2.png\"\n     data-srcset=\"https:\/\/chevin-assets.s3.eu-west-1.amazonaws.com\/wp-content\/uploads\/sites\/5\/2021\/02\/25151806\/accident-photo-android2-337x266.png 360w,\n                https:\/\/chevin-assets.s3.eu-west-1.amazonaws.com\/wp-content\/uploads\/sites\/5\/2021\/02\/25151806\/accident-photo-android2-675x400.png 768w,\n                https:\/\/chevin-assets.s3.eu-west-1.amazonaws.com\/wp-content\/uploads\/sites\/5\/2021\/02\/25151806\/accident-photo-android2.png 1440w,\n                https:\/\/chevin-assets.s3.eu-west-1.amazonaws.com\/wp-content\/uploads\/sites\/5\/2021\/02\/25151806\/accident-photo-android2.png 2000w\" class=\"product-summary-block__image product-1322547400-3 \" \/>\n      <\/div>\n<\/section>\n\n\n<section  class=\"c-product-summary-block product-summary-block content-section content-section--fade-to-grey content-section--curved content-section--dots-left\">\n  \n  <div class=\"container container--small u-text-center animated fadeInUp\">\n    \n          <img decoding=\"async\" src=\"https:\/\/chevin-assets.s3.eu-west-1.amazonaws.com\/wp-content\/uploads\/sites\/5\/2021\/01\/18102829\/Fleetwave-Technician-Website-Image-1.png\" alt=\"\">\n    \n          <h2 class=\"fadeInUp__1 u-red\">FleetWave Technician<\/h2>\n      \n  <\/div>\n  \n  <div class=\"container product-summary-block__wrapper product-summary-block__wrapper--flipped\">\n    <div class=\"product-summary-block__tabs\">\n            <div data-behaviour=\"product-tab-link\">\n                  <div class=\"product-summary-block__tab\" data-ref=\"product-40318654-1\">\n            <img decoding=\"async\" src=\"https:\/\/chevin-assets.s3.eu-west-1.amazonaws.com\/wp-content\/uploads\/sites\/5\/2021\/02\/11104337\/WH_Icon-DesignedForTechnicians.png\" class=\"product-summary-block__icon\" alt=\"\">\n            <p class=\"u-bold\">Pens\u00e9 pour les techniciens <\/p>\n          <\/div>\n                  <div class=\"product-summary-block__tab\" data-ref=\"product-40318654-2\">\n            <img decoding=\"async\" src=\"https:\/\/chevin-assets.s3.eu-west-1.amazonaws.com\/wp-content\/uploads\/sites\/5\/2021\/02\/11104342\/WH_Icon-ForWorkshopFieldUse.png\" class=\"product-summary-block__icon\" alt=\"\">\n            <p class=\"u-bold\">Utilisation en atelier et sur le terrain <\/p>\n          <\/div>\n                  <div class=\"product-summary-block__tab\" data-ref=\"product-40318654-3\">\n            <img decoding=\"async\" src=\"https:\/\/chevin-assets.s3.eu-west-1.amazonaws.com\/wp-content\/uploads\/sites\/5\/2021\/02\/11104346\/WH_Icon-CentralisedWorkshopManagement.png\" class=\"product-summary-block__icon\" alt=\"\">\n            <p class=\"u-bold\">Gestion centralis\u00e9e d\u2019atelier <\/p>\n          <\/div>\n              <\/div>\n      <a href=\"\/fr-fr\/products\/workshop-hub\/\">En savoir plus sur FleetWave Technician<\/a>\n    <\/div>\n                                    <img decoding=\"async\" src=\"https:\/\/chevin-assets.s3.eu-west-1.amazonaws.com\/wp-content\/uploads\/sites\/5\/2021\/01\/07113754\/Technican-App-Mobile-4.png\"\n     data-srcset=\"https:\/\/chevin-assets.s3.eu-west-1.amazonaws.com\/wp-content\/uploads\/sites\/5\/2021\/01\/07113754\/Technican-App-Mobile-4-337x266.png 360w,\n                https:\/\/chevin-assets.s3.eu-west-1.amazonaws.com\/wp-content\/uploads\/sites\/5\/2021\/01\/07113754\/Technican-App-Mobile-4-675x400.png 768w,\n                https:\/\/chevin-assets.s3.eu-west-1.amazonaws.com\/wp-content\/uploads\/sites\/5\/2021\/01\/07113754\/Technican-App-Mobile-4.png 1440w,\n                https:\/\/chevin-assets.s3.eu-west-1.amazonaws.com\/wp-content\/uploads\/sites\/5\/2021\/01\/07113754\/Technican-App-Mobile-4.png 2000w\" class=\"product-summary-block__image product-40318654-1 \" \/>\n                                    <img decoding=\"async\" src=\"https:\/\/chevin-assets.s3.eu-west-1.amazonaws.com\/wp-content\/uploads\/sites\/5\/2021\/01\/02112559\/New-Technician-Image-1.png\"\n     data-srcset=\"https:\/\/chevin-assets.s3.eu-west-1.amazonaws.com\/wp-content\/uploads\/sites\/5\/2021\/01\/02112559\/New-Technician-Image-1-337x266.png 360w,\n                https:\/\/chevin-assets.s3.eu-west-1.amazonaws.com\/wp-content\/uploads\/sites\/5\/2021\/01\/02112559\/New-Technician-Image-1-675x400.png 768w,\n                https:\/\/chevin-assets.s3.eu-west-1.amazonaws.com\/wp-content\/uploads\/sites\/5\/2021\/01\/02112559\/New-Technician-Image-1.png 1440w,\n                https:\/\/chevin-assets.s3.eu-west-1.amazonaws.com\/wp-content\/uploads\/sites\/5\/2021\/01\/02112559\/New-Technician-Image-1.png 2000w\" class=\"product-summary-block__image product-40318654-2 \" \/>\n                                    <img decoding=\"async\" src=\"https:\/\/chevin-assets.s3.eu-west-1.amazonaws.com\/wp-content\/uploads\/sites\/5\/2021\/01\/18102903\/FW-Technician-Page-Graphic-Image-1.png\"\n     data-srcset=\"https:\/\/chevin-assets.s3.eu-west-1.amazonaws.com\/wp-content\/uploads\/sites\/5\/2021\/01\/18102903\/FW-Technician-Page-Graphic-Image-1-337x266.png 360w,\n                https:\/\/chevin-assets.s3.eu-west-1.amazonaws.com\/wp-content\/uploads\/sites\/5\/2021\/01\/18102903\/FW-Technician-Page-Graphic-Image-1-675x400.png 768w,\n                https:\/\/chevin-assets.s3.eu-west-1.amazonaws.com\/wp-content\/uploads\/sites\/5\/2021\/01\/18102903\/FW-Technician-Page-Graphic-Image-1.png 1440w,\n                https:\/\/chevin-assets.s3.eu-west-1.amazonaws.com\/wp-content\/uploads\/sites\/5\/2021\/01\/18102903\/FW-Technician-Page-Graphic-Image-1.png 2000w\" class=\"product-summary-block__image product-40318654-3 \" \/>\n      <\/div>\n<\/section>\n\n\n<section  class=\"content-section content-section--curved content-section--fade-to-grey content-section--big-overlap\">\n    \n    <div class=\"container container--small u-text-center animated fadeInUp\">\n        \n                    <h5 class=\"fadeInUp__1\">Ressources<\/h5>\n                            <h2 class=\"fadeInUp__1\"><\/h2>\n                            <h3 class=\"fadeInUp__2\">Vous pourriez aussi \u00eatre int\u00e9ress\u00e9 par&#8230;<\/h3>\n                                        <p class=\"fadeInUp__3\"><a href=\"\/\"><\/a><\/p>\n            <\/div>\n\n    <\/section>\n<section class=\"content-section animated fadeInUp\">\n    \n    <div class=\"container container--no-pad fadeInUp__2\">\n        <div class=\"post-type-wrapper\" data-behaviour=\"featured-slider\">\n                            <a class=\"post-type unstyled post-type--transform \" href=\"https:\/\/www.chevinfleet.com\/fr-fr\/learning-zone\/conseils-pour-la-securite-dans-votre-flotte\/\">\n    <div class=\"post-type__image\">\n                    <img decoding=\"async\" src=\"https:\/\/chevin-assets.s3.eu-west-1.amazonaws.com\/wp-content\/uploads\/sites\/5\/2021\/01\/24013558\/Telephone-cropped-image-e1613473300932-440x358.jpg\">\n            <\/div>\n    <div class=\"post-type__content\">\n                    <h5 class=\"post-type__type\"><\/h5>\n                <p class=\"post-type__name\"><strong>5 conseils pour promouvoir la s\u00e9curit\u00e9 au sein de votre flotte<\/strong><\/p>\n                <p class=\"post-type__more\">En savoir plus<\/p>\n    <\/div>\n<\/a>\n                            <a class=\"post-type unstyled post-type--transform \" href=\"https:\/\/www.chevinfleet.com\/fr-fr\/learning-zone\/guide-dachat-pour-logiciel-de-gestion-de-flotte\/\">\n    <div class=\"post-type__image\">\n                    <img decoding=\"async\" src=\"https:\/\/chevin-assets.s3.eu-west-1.amazonaws.com\/wp-content\/uploads\/sites\/5\/2021\/01\/02145114\/buyers-guide-hero-1-440x440.png\">\n            <\/div>\n    <div class=\"post-type__content\">\n                    <h5 class=\"post-type__type\"><\/h5>\n                <p class=\"post-type__name\"><strong>Guide d\u2019Achat Pour Logiciel de Gestion de Flotte<\/strong><\/p>\n                <p class=\"post-type__more\">En savoir plus<\/p>\n    <\/div>\n<\/a>\n                            <a class=\"post-type unstyled post-type--transform \" href=\"https:\/\/www.chevinfleet.com\/fr-fr\/learning-zone\/economiser-du-carburant\/\">\n    <div class=\"post-type__image\">\n                    <img decoding=\"async\" src=\"https:\/\/chevin-assets.s3.eu-west-1.amazonaws.com\/wp-content\/uploads\/sites\/5\/2021\/01\/24011307\/french-fuel_22290496-1-1-e1536844781833-500x500-1-440x440.png\">\n            <\/div>\n    <div class=\"post-type__content\">\n                    <h5 class=\"post-type__type\"><\/h5>\n                <p class=\"post-type__name\"><strong>Comment \u00e9conomiser du carburant ?<\/strong><\/p>\n                <p class=\"post-type__more\">En savoir plus<\/p>\n    <\/div>\n<\/a>\n                    <\/div>\n    <\/div>\n<\/section>\n<section class=\"c-hr hr content-section u-show-mobile\">\n<div class=\"container\">\n    <hr>\n<\/div>\n\n<\/section>\n\n\n<section  class=\"c-cta-block cta-block content-section\">\n  <div class=\"container u-text-center animated fadeInUp\">\n    \n          <h2 class=\"u-red fadeInUp__1\">Pr\u00eat \u00e0 am\u00e9liorer votre flotte\u2009?<\/h2>\n    \n          <p class=\"fadeInUp__2\">Demandez \u00e0 un de nos commerciaux de vous contacter pour en savoir plus sur l\u2019optimisation de la gestion de flotte.<\/p>\n    \n          <a class=\"button fadeInUp__3\" href=\"https:\/\/www.chevinfleet.com\/fr-fr\/contactez-nous\/\">Cliquez ici pour commencer<\/a>\n      <\/div>\n<\/section>\n","protected":false},"excerpt":{"rendered":"","protected":false},"author":1,"featured_media":0,"parent":0,"menu_order":0,"comment_status":"closed","ping_status":"closed","template":"","meta":{"_acf_changed":true,"footnotes":""},"class_list":["post-6","page","type-page","status-publish","hentry"],"acf":[],"yoast_head":"<!-- This site is optimized with the Yoast SEO Premium plugin v26.3 (Yoast SEO v26.5) - https:\/\/yoast.com\/wordpress\/plugins\/seo\/ -->\n<title>Produits | Chevin Fleet Solutions<\/title>\n<meta name=\"robots\" content=\"index, follow, max-snippet:-1, max-image-preview:large, max-video-preview:-1\" \/>\n<link rel=\"canonical\" href=\"https:\/\/www.chevinfleet.com\/fr-fr\/produits\/\" \/>\n<meta property=\"og:locale\" content=\"en_GB\" \/>\n<meta property=\"og:type\" content=\"article\" \/>\n<meta property=\"og:title\" content=\"Produits\" \/>\n<meta property=\"og:url\" content=\"https:\/\/www.chevinfleet.com\/fr-fr\/produits\/\" \/>\n<meta property=\"og:site_name\" content=\"Chevin - France\" \/>\n<meta property=\"article:modified_time\" content=\"2024-10-16T11:12:23+00:00\" \/>\n<meta name=\"twitter:card\" content=\"summary_large_image\" \/>\n<script type=\"application\/ld+json\" class=\"yoast-schema-graph\">{\"@context\":\"https:\/\/schema.org\",\"@graph\":[{\"@type\":\"WebPage\",\"@id\":\"https:\/\/www.chevinfleet.com\/fr-fr\/produits\/\",\"url\":\"https:\/\/www.chevinfleet.com\/fr-fr\/produits\/\",\"name\":\"Produits | Chevin Fleet Solutions\",\"isPartOf\":{\"@id\":\"https:\/\/www.chevinfleet.com\/fr-fr\/#website\"},\"datePublished\":\"2020-10-28T12:42:41+00:00\",\"dateModified\":\"2024-10-16T11:12:23+00:00\",\"breadcrumb\":{\"@id\":\"https:\/\/www.chevinfleet.com\/fr-fr\/produits\/#breadcrumb\"},\"inLanguage\":\"en-GB\",\"potentialAction\":[{\"@type\":\"ReadAction\",\"target\":[\"https:\/\/www.chevinfleet.com\/fr-fr\/produits\/\"]}]},{\"@type\":\"BreadcrumbList\",\"@id\":\"https:\/\/www.chevinfleet.com\/fr-fr\/produits\/#breadcrumb\",\"itemListElement\":[{\"@type\":\"ListItem\",\"position\":1,\"name\":\"Home\",\"item\":\"https:\/\/www.chevinfleet.com\/fr-fr\/\"},{\"@type\":\"ListItem\",\"position\":2,\"name\":\"Produits\"}]},{\"@type\":\"WebSite\",\"@id\":\"https:\/\/www.chevinfleet.com\/fr-fr\/#website\",\"url\":\"https:\/\/www.chevinfleet.com\/fr-fr\/\",\"name\":\"Chevin - France\",\"description\":\"Just another  site\",\"potentialAction\":[{\"@type\":\"SearchAction\",\"target\":{\"@type\":\"EntryPoint\",\"urlTemplate\":\"https:\/\/www.chevinfleet.com\/fr-fr\/?s={search_term_string}\"},\"query-input\":{\"@type\":\"PropertyValueSpecification\",\"valueRequired\":true,\"valueName\":\"search_term_string\"}}],\"inLanguage\":\"en-GB\"}]}<\/script>\n<!-- \/ Yoast SEO Premium plugin. -->","yoast_head_json":{"title":"Produits | Chevin Fleet Solutions","robots":{"index":"index","follow":"follow","max-snippet":"max-snippet:-1","max-image-preview":"max-image-preview:large","max-video-preview":"max-video-preview:-1"},"canonical":"https:\/\/www.chevinfleet.com\/fr-fr\/produits\/","og_locale":"en_GB","og_type":"article","og_title":"Produits","og_url":"https:\/\/www.chevinfleet.com\/fr-fr\/produits\/","og_site_name":"Chevin - France","article_modified_time":"2024-10-16T11:12:23+00:00","twitter_card":"summary_large_image","schema":{"@context":"https:\/\/schema.org","@graph":[{"@type":"WebPage","@id":"https:\/\/www.chevinfleet.com\/fr-fr\/produits\/","url":"https:\/\/www.chevinfleet.com\/fr-fr\/produits\/","name":"Produits | Chevin Fleet Solutions","isPartOf":{"@id":"https:\/\/www.chevinfleet.com\/fr-fr\/#website"},"datePublished":"2020-10-28T12:42:41+00:00","dateModified":"2024-10-16T11:12:23+00:00","breadcrumb":{"@id":"https:\/\/www.chevinfleet.com\/fr-fr\/produits\/#breadcrumb"},"inLanguage":"en-GB","potentialAction":[{"@type":"ReadAction","target":["https:\/\/www.chevinfleet.com\/fr-fr\/produits\/"]}]},{"@type":"BreadcrumbList","@id":"https:\/\/www.chevinfleet.com\/fr-fr\/produits\/#breadcrumb","itemListElement":[{"@type":"ListItem","position":1,"name":"Home","item":"https:\/\/www.chevinfleet.com\/fr-fr\/"},{"@type":"ListItem","position":2,"name":"Produits"}]},{"@type":"WebSite","@id":"https:\/\/www.chevinfleet.com\/fr-fr\/#website","url":"https:\/\/www.chevinfleet.com\/fr-fr\/","name":"Chevin - France","description":"Just another  site","potentialAction":[{"@type":"SearchAction","target":{"@type":"EntryPoint","urlTemplate":"https:\/\/www.chevinfleet.com\/fr-fr\/?s={search_term_string}"},"query-input":{"@type":"PropertyValueSpecification","valueRequired":true,"valueName":"search_term_string"}}],"inLanguage":"en-GB"}]}},"_links":{"self":[{"href":"https:\/\/www.chevinfleet.com\/fr-fr\/wp-json\/wp\/v2\/pages\/6","targetHints":{"allow":["GET"]}}],"collection":[{"href":"https:\/\/www.chevinfleet.com\/fr-fr\/wp-json\/wp\/v2\/pages"}],"about":[{"href":"https:\/\/www.chevinfleet.com\/fr-fr\/wp-json\/wp\/v2\/types\/page"}],"author":[{"embeddable":true,"href":"https:\/\/www.chevinfleet.com\/fr-fr\/wp-json\/wp\/v2\/users\/1"}],"replies":[{"embeddable":true,"href":"https:\/\/www.chevinfleet.com\/fr-fr\/wp-json\/wp\/v2\/comments?post=6"}],"version-history":[{"count":0,"href":"https:\/\/www.chevinfleet.com\/fr-fr\/wp-json\/wp\/v2\/pages\/6\/revisions"}],"wp:attachment":[{"href":"https:\/\/www.chevinfleet.com\/fr-fr\/wp-json\/wp\/v2\/media?parent=6"}],"curies":[{"name":"wp","href":"https:\/\/api.w.org\/{rel}","templated":true}]}}