{"id":585,"date":"2020-12-05T08:32:12","date_gmt":"2020-12-05T08:32:12","guid":{"rendered":"http:\/\/www.chevinfleet.com\/?page_id=585"},"modified":"2024-10-16T12:16:18","modified_gmt":"2024-10-16T11:16:18","slug":"demandez-une-demonstration","status":"publish","type":"page","link":"https:\/\/www.chevinfleet.com\/fr-fr\/demandez-une-demonstration\/","title":{"rendered":"Reservez une demo"},"content":{"rendered":"<section  class=\"c-page-header page-header content-section content-section--dark content-section--curved content-section--overlap\">\n    <div class=\"container container--small u-text-center\">\n                    <h1>Reservez une demo<\/h1>\n                            <p>Contactez-nous et r\u00e9servez votre session de d\u00e9monstration en ligne ou physique avec un de nos experts. N&#8217;h\u00e9sitez pas, ce service est gratuit et sans obligation d&#8217;achat!<\/p>\n                \n    <\/div>\n    <\/section>\n\n\n<section  class=\"c-contact-form contact-form content-section content-section--dotted \">\n    <div class=\"container container--small\">\n        <div class=\"bubble-box\">\n            <iframe src=https:\/\/www2.chevinfleet.com\/l\/880532\/2021-02-02\/2pskj width=\"100%\" height=\"600\" type=\"text\/html\" frameborder=\"0\" allowTransparency=\"true\" style=\"border: 0\"><\/iframe>\n        <\/div>\n    <\/div>\n<\/section>\n\n\n<section  class=\"content-section\">\n    <div data-behaviour=\"map\" style=\"height: 50vh\" data-lat=\"45.675222\" data-long=\"4.781171\" data-zoom=\"13\"><\/div>\n<\/section>\n\n<section  class=\"c-addresses addresses content-section\">\n    <div class=\"container\">\n        <div class=\"addresses__wrapper\">\n            <div class=\"addresses__col\"><p><strong>Adresse<\/strong><br \/>\n<span class=\"f-abril-italic\"><br \/>\n50 Avenue Chanoine Cartellier<br \/>\nF-69230 Saint Genis Laval<br \/>\nLyon<br \/>\nFrance<\/span><\/p>\n<\/div>\n            <div class=\"addresses__col\"><p><strong>Vos questions par t\u00e9l\u00e9phone<\/strong><\/p>\n<p>+33 4 78 44 00 97<\/p>\n<p><strong>Vos questions par e-mail<\/strong><\/p>\n<p><a href=\"mailto:commercial@chevinfleet.com\">commercial@chevinfleet.com<\/a><\/p>\n<\/div>\n                            <div class=\"addresses__col\"><p><strong>Heures d\u2019ouverture<\/strong><\/p>\n<p>Lundi \u2013 Vendredi : de 9h \u00e0 17h30<\/p>\n<\/div>\n                    <\/div>\n    <\/div>\n<\/section>\n\n<section  class=\"c-addresses addresses content-section\">\n    <div class=\"container\">\n        <div class=\"addresses__wrapper\">\n            <div class=\"addresses__col\"><p><strong>Adresse (Belgique)<\/strong><\/p>\n<p>Green Square<br \/>\nLambroekstraat 5A<br \/>\n1831 Diegem<br \/>\nBelgi\u00eb<\/p>\n<\/div>\n            <div class=\"addresses__col\"><p><strong>Vos questions par t\u00e9l\u00e9phone<\/strong><\/p>\n<p>+32 2 892 80 60<\/p>\n<p><strong>Vos questions par e-mail<\/strong><\/p>\n<p><a href=\"mailto:sales@chevinfleet.eu\">sales@chevinfleet.eu<\/a><\/p>\n<\/div>\n                            <div class=\"addresses__col\"><p><strong>Heures d\u2019ouverture<\/strong><\/p>\n<p>Lundi \u2013 Vendredi : de 9h \u00e0 17h30<\/p>\n<\/div>\n                    <\/div>\n    <\/div>\n<\/section>\n\n<section  class=\"c-addresses addresses content-section\">\n    <div class=\"container\">\n        <div class=\"addresses__wrapper\">\n            <div class=\"addresses__col\"><p><strong>Adresse (Royaume-Uni)<\/strong><\/p>\n<p>The Old School House<br \/>\nChapel Street<br \/>\nBelper<br \/>\nDerbyshire<br \/>\nDE56 1AR<\/p>\n<\/div>\n            <div class=\"addresses__col\"><p><strong>Vos questions par t\u00e9l\u00e9phone<\/strong><\/p>\n<p>+44 (0)1773 821992<\/p>\n<p><strong>Vos questions par e-mail<\/strong><\/p>\n<p><a href=\"mailto:sales@chevinfleet.co.uk\">sales@chevinfleet.co.uk<\/a><\/p>\n<\/div>\n                            <div class=\"addresses__col\"><p><strong>Heures d\u2019ouverture<\/strong><\/p>\n<p>Lundi \u2013 Vendredi : de 9h \u00e0 17h30<\/p>\n<\/div>\n                    <\/div>\n    <\/div>\n<\/section>\n\n<section  class=\"c-addresses addresses content-section\">\n    <div class=\"container\">\n        <div class=\"addresses__wrapper\">\n            <div class=\"addresses__col\"><p><strong>Adresse (\u00c9tats-Unis)<\/strong><\/p>\n<p>347 Lunenburg Street<br \/>\nFitchburg<br \/>\nMassachusetts<br \/>\n01420<br \/>\nUSA<\/p>\n<\/div>\n            <div class=\"addresses__col\"><p><strong>Vos questions par t\u00e9l\u00e9phone<\/strong><\/p>\n<p>(978) 540-9970<\/p>\n<p><strong>Vos questions par e-mail<\/strong><\/p>\n<p><a href=\"mailto:sales@chevinfleet.com\">sales@chevinfleet.com<\/a><\/p>\n<\/div>\n                            <div class=\"addresses__col\"><p><strong>Heures d\u2019ouverture<\/strong><\/p>\n<p>Lundi \u2013 Vendredi : de 9h \u00e0 17h30<\/p>\n<\/div>\n                    <\/div>\n    <\/div>\n<\/section>\n\n<section  class=\"c-addresses addresses content-section\">\n    <div class=\"container\">\n        <div class=\"addresses__wrapper\">\n            <div class=\"addresses__col\"><p><strong>Adresse (Australie)<\/strong><\/p>\n<p>PO Box 1402<br \/>\nMilton<br \/>\nQLD 4064<br \/>\nAustralie<\/p>\n<\/div>\n            <div class=\"addresses__col\"><p><strong>Vos questions par t\u00e9l\u00e9phone<\/strong><\/p>\n<p>+61 (0) 7 3188 7655<\/p>\n<p><strong>Vos questions par e-mail<\/strong><\/p>\n<p><a href=\"mailto:sales@chevinfleet.com.au\">sales@chevinfleet.com.au<\/a><\/p>\n<\/div>\n                            <div class=\"addresses__col\"><p><strong>Heures d\u2019ouverture<\/strong><\/p>\n<p>Lundi \u2013 Vendredi : de 9h \u00e0 17h30<\/p>\n<\/div>\n                    <\/div>\n    <\/div>\n<\/section>","protected":false},"excerpt":{"rendered":"","protected":false},"author":1,"featured_media":0,"parent":0,"menu_order":0,"comment_status":"closed","ping_status":"closed","template":"","meta":{"_acf_changed":true,"footnotes":""},"class_list":["post-585","page","type-page","status-publish","hentry"],"acf":[],"yoast_head":"<!-- This site is optimized with the Yoast SEO Premium plugin v26.3 (Yoast SEO v26.5) - https:\/\/yoast.com\/wordpress\/plugins\/seo\/ -->\n<title>Reservez une demo - Chevin - France<\/title>\n<meta name=\"robots\" content=\"index, follow, max-snippet:-1, max-image-preview:large, max-video-preview:-1\" \/>\n<link rel=\"canonical\" href=\"https:\/\/www.chevinfleet.com\/fr-fr\/demandez-une-demonstration\/\" \/>\n<meta property=\"og:locale\" content=\"en_GB\" \/>\n<meta property=\"og:type\" content=\"article\" \/>\n<meta property=\"og:title\" content=\"Reservez une demo\" \/>\n<meta property=\"og:url\" content=\"https:\/\/www.chevinfleet.com\/fr-fr\/demandez-une-demonstration\/\" \/>\n<meta property=\"og:site_name\" content=\"Chevin - France\" \/>\n<meta property=\"article:modified_time\" content=\"2024-10-16T11:16:18+00:00\" \/>\n<meta name=\"twitter:card\" content=\"summary_large_image\" \/>\n<script type=\"application\/ld+json\" class=\"yoast-schema-graph\">{\"@context\":\"https:\/\/schema.org\",\"@graph\":[{\"@type\":\"WebPage\",\"@id\":\"https:\/\/www.chevinfleet.com\/fr-fr\/demandez-une-demonstration\/\",\"url\":\"https:\/\/www.chevinfleet.com\/fr-fr\/demandez-une-demonstration\/\",\"name\":\"Reservez une demo - Chevin - France\",\"isPartOf\":{\"@id\":\"https:\/\/www.chevinfleet.com\/fr-fr\/#website\"},\"datePublished\":\"2020-12-05T08:32:12+00:00\",\"dateModified\":\"2024-10-16T11:16:18+00:00\",\"breadcrumb\":{\"@id\":\"https:\/\/www.chevinfleet.com\/fr-fr\/demandez-une-demonstration\/#breadcrumb\"},\"inLanguage\":\"en-GB\",\"potentialAction\":[{\"@type\":\"ReadAction\",\"target\":[\"https:\/\/www.chevinfleet.com\/fr-fr\/demandez-une-demonstration\/\"]}]},{\"@type\":\"BreadcrumbList\",\"@id\":\"https:\/\/www.chevinfleet.com\/fr-fr\/demandez-une-demonstration\/#breadcrumb\",\"itemListElement\":[{\"@type\":\"ListItem\",\"position\":1,\"name\":\"Home\",\"item\":\"https:\/\/www.chevinfleet.com\/fr-fr\/\"},{\"@type\":\"ListItem\",\"position\":2,\"name\":\"Reservez une demo\"}]},{\"@type\":\"WebSite\",\"@id\":\"https:\/\/www.chevinfleet.com\/fr-fr\/#website\",\"url\":\"https:\/\/www.chevinfleet.com\/fr-fr\/\",\"name\":\"Chevin - France\",\"description\":\"Just another  site\",\"potentialAction\":[{\"@type\":\"SearchAction\",\"target\":{\"@type\":\"EntryPoint\",\"urlTemplate\":\"https:\/\/www.chevinfleet.com\/fr-fr\/?s={search_term_string}\"},\"query-input\":{\"@type\":\"PropertyValueSpecification\",\"valueRequired\":true,\"valueName\":\"search_term_string\"}}],\"inLanguage\":\"en-GB\"}]}<\/script>\n<!-- \/ Yoast SEO Premium plugin. -->","yoast_head_json":{"title":"Reservez une demo - Chevin - France","robots":{"index":"index","follow":"follow","max-snippet":"max-snippet:-1","max-image-preview":"max-image-preview:large","max-video-preview":"max-video-preview:-1"},"canonical":"https:\/\/www.chevinfleet.com\/fr-fr\/demandez-une-demonstration\/","og_locale":"en_GB","og_type":"article","og_title":"Reservez une demo","og_url":"https:\/\/www.chevinfleet.com\/fr-fr\/demandez-une-demonstration\/","og_site_name":"Chevin - France","article_modified_time":"2024-10-16T11:16:18+00:00","twitter_card":"summary_large_image","schema":{"@context":"https:\/\/schema.org","@graph":[{"@type":"WebPage","@id":"https:\/\/www.chevinfleet.com\/fr-fr\/demandez-une-demonstration\/","url":"https:\/\/www.chevinfleet.com\/fr-fr\/demandez-une-demonstration\/","name":"Reservez une demo - Chevin - France","isPartOf":{"@id":"https:\/\/www.chevinfleet.com\/fr-fr\/#website"},"datePublished":"2020-12-05T08:32:12+00:00","dateModified":"2024-10-16T11:16:18+00:00","breadcrumb":{"@id":"https:\/\/www.chevinfleet.com\/fr-fr\/demandez-une-demonstration\/#breadcrumb"},"inLanguage":"en-GB","potentialAction":[{"@type":"ReadAction","target":["https:\/\/www.chevinfleet.com\/fr-fr\/demandez-une-demonstration\/"]}]},{"@type":"BreadcrumbList","@id":"https:\/\/www.chevinfleet.com\/fr-fr\/demandez-une-demonstration\/#breadcrumb","itemListElement":[{"@type":"ListItem","position":1,"name":"Home","item":"https:\/\/www.chevinfleet.com\/fr-fr\/"},{"@type":"ListItem","position":2,"name":"Reservez une demo"}]},{"@type":"WebSite","@id":"https:\/\/www.chevinfleet.com\/fr-fr\/#website","url":"https:\/\/www.chevinfleet.com\/fr-fr\/","name":"Chevin - France","description":"Just another  site","potentialAction":[{"@type":"SearchAction","target":{"@type":"EntryPoint","urlTemplate":"https:\/\/www.chevinfleet.com\/fr-fr\/?s={search_term_string}"},"query-input":{"@type":"PropertyValueSpecification","valueRequired":true,"valueName":"search_term_string"}}],"inLanguage":"en-GB"}]}},"_links":{"self":[{"href":"https:\/\/www.chevinfleet.com\/fr-fr\/wp-json\/wp\/v2\/pages\/585","targetHints":{"allow":["GET"]}}],"collection":[{"href":"https:\/\/www.chevinfleet.com\/fr-fr\/wp-json\/wp\/v2\/pages"}],"about":[{"href":"https:\/\/www.chevinfleet.com\/fr-fr\/wp-json\/wp\/v2\/types\/page"}],"author":[{"embeddable":true,"href":"https:\/\/www.chevinfleet.com\/fr-fr\/wp-json\/wp\/v2\/users\/1"}],"replies":[{"embeddable":true,"href":"https:\/\/www.chevinfleet.com\/fr-fr\/wp-json\/wp\/v2\/comments?post=585"}],"version-history":[{"count":0,"href":"https:\/\/www.chevinfleet.com\/fr-fr\/wp-json\/wp\/v2\/pages\/585\/revisions"}],"wp:attachment":[{"href":"https:\/\/www.chevinfleet.com\/fr-fr\/wp-json\/wp\/v2\/media?parent=585"}],"curies":[{"name":"wp","href":"https:\/\/api.w.org\/{rel}","templated":true}]}}