{"id":549,"date":"2020-12-04T19:54:09","date_gmt":"2020-12-04T19:54:09","guid":{"rendered":"http:\/\/www.chevinfleet.com\/?page_id=549"},"modified":"2024-10-16T12:08:03","modified_gmt":"2024-10-16T11:08:03","slug":"secteurs-activite","status":"publish","type":"page","link":"https:\/\/www.chevinfleet.com\/fr-fr\/secteurs-activite\/","title":{"rendered":"Secteurs d\u2019activit\u00e9"},"content":{"rendered":"<section  class=\"c-page-header page-header content-section content-section--dark content-section--curved\">\n    <div class=\"container container--small u-text-center\">\n                    <h1>Secteurs d\u2019activit\u00e9<\/h1>\n                            <p>Nous travaillons avec des clients dans un grand nombre de secteurs pour les aider \u00e0 harmoniser leurs proc\u00e9dures, am\u00e9liorer leurs performances et r\u00e9duire les co\u00fbts.<\/p>\n                \n    <\/div>\n    <\/section>\n\n\n<section  class=\"c-learn-more content-section learn-more content-section--dots  content-section--curved content-section--fade-to-grey  \">\n  \n  <div class=\"container\">\n\n    <div class=\"learn-more__wrapper animated fadeInUp  \">\n      \n      <div class=\"learn-more__content \">\n\n        \n                  <h2 class=\" fadeInUp__2\">Construction<\/h2>\n        \n                  <div class=\"fadeInUp__3\"><p>Assurez-vous que l\u2019ensemble de vos v\u00e9hicules de construction et les actifs correspondants se trouvent au bon endroit et sont en bon \u00e9tat de fonctionnement.<\/p>\n<\/div>\n        \n                  <a class=\"fadeInUp__4\" href=\"\/fr-fr\/construction\">En savoir plus<\/a>\n              <\/div>\n\n      <div class=\"learn-more__image animated fadeInUp__5\">\n\n                  <img decoding=\"async\" src=\"https:\/\/chevin-assets.s3.eu-west-1.amazonaws.com\/wp-content\/uploads\/sites\/5\/2021\/02\/11114627\/IN_1_Image-Circle.png\" alt=\"\">\n        \n      <\/div>\n\n    <\/div>\n\n  <\/div>\n\n<\/section>\n\n<section  class=\"c-learn-more content-section learn-more content-section--dots-left  content-section--curved content-section--fade-to-grey  \">\n  \n  <div class=\"container\">\n\n    <div class=\"learn-more__wrapper animated fadeInUp learn-more__wrapper--flipped \">\n      \n      <div class=\"learn-more__content learn-more__content--flipped\">\n\n        \n                  <h2 class=\" fadeInUp__2\">Associations \u00e0 but non lucratif<\/h2>\n        \n                  <div class=\"fadeInUp__3\"><p class=\"p1\">G\u00e9rez facilement l\u2019ensemble de vos op\u00e9rations depuis n\u2019importe quel endroit du globe et profitez d\u2019une visibilit\u00e9 et d\u2019un contr\u00f4le complets sur vos d\u00e9penses et votre inventaire.<\/p>\n<\/div>\n        \n                  <a class=\"fadeInUp__4\" href=\"\/fr-fr\/des-ong-et-la-charite\/\">En savoir plus<\/a>\n              <\/div>\n\n      <div class=\"learn-more__image animated fadeInUp__5\">\n\n                  <img decoding=\"async\" src=\"https:\/\/chevin-assets.s3.eu-west-1.amazonaws.com\/wp-content\/uploads\/sites\/5\/2021\/02\/11114629\/IN_2_Image-Circle.png\" alt=\"\">\n        \n      <\/div>\n\n    <\/div>\n\n  <\/div>\n\n<\/section>\n\n<section  class=\"c-learn-more content-section learn-more content-section--dots  content-section--curved content-section--fade-to-grey  \">\n  \n  <div class=\"container\">\n\n    <div class=\"learn-more__wrapper animated fadeInUp  \">\n      \n      <div class=\"learn-more__content \">\n\n        \n                  <h2 class=\" fadeInUp__2\">Entreprises commerciales <\/h2>\n        \n                  <div class=\"fadeInUp__3\"><p class=\"p1\">Am\u00e9liorez la visibilit\u00e9 de vos actifs, r\u00e9duisez les dysfonctionnements et d\u00e9couvrez de nouvelles opportunit\u00e9s afin d\u2019\u00e9conomiser du temps et de l\u2019argent.<\/p>\n<\/div>\n        \n                  <a class=\"fadeInUp__4\" href=\"\/fr-fr\/lentreprise-privee\/\">En savoir plus<\/a>\n              <\/div>\n\n      <div class=\"learn-more__image animated fadeInUp__5\">\n\n                  <img decoding=\"async\" src=\"https:\/\/chevin-assets.s3.eu-west-1.amazonaws.com\/wp-content\/uploads\/sites\/5\/2021\/02\/11114632\/IN_3_Image-Circle.png\" alt=\"\">\n        \n      <\/div>\n\n    <\/div>\n\n  <\/div>\n\n<\/section>\n\n<section  class=\"c-learn-more content-section learn-more content-section--dots-left  content-section--curved content-section--fade-to-grey  \">\n  \n  <div class=\"container\">\n\n    <div class=\"learn-more__wrapper animated fadeInUp learn-more__wrapper--flipped \">\n      \n      <div class=\"learn-more__content learn-more__content--flipped\">\n\n        \n                  <h2 class=\" fadeInUp__2\">Services d\u2019urgence<\/h2>\n        \n                  <div class=\"fadeInUp__3\"><p>Gagnez un temps pr\u00e9cieux, entretenez facilement vos v\u00e9hicules d\u2019intervention d\u2019urgence et r\u00e9duisez vos frais administratifs.<\/p>\n<\/div>\n        \n                  <a class=\"fadeInUp__4\" href=\"\/fr-fr\/services-d-urgences\/\">En savoir plus<\/a>\n              <\/div>\n\n      <div class=\"learn-more__image animated fadeInUp__5\">\n\n                  <img decoding=\"async\" src=\"https:\/\/chevin-assets.s3.eu-west-1.amazonaws.com\/wp-content\/uploads\/sites\/5\/2021\/02\/11114635\/IN_4_Image-Circle.png\" alt=\"\">\n        \n      <\/div>\n\n    <\/div>\n\n  <\/div>\n\n<\/section>\n\n<section  class=\"c-learn-more content-section learn-more content-section--dots  content-section--curved content-section--fade-to-grey  \">\n  \n  <div class=\"container\">\n\n    <div class=\"learn-more__wrapper animated fadeInUp  \">\n      \n      <div class=\"learn-more__content \">\n\n        \n                  <h2 class=\" fadeInUp__2\">Services de gestion de flotte<\/h2>\n        \n                  <div class=\"fadeInUp__3\"><p class=\"p1\">Harmonisez vos proc\u00e9dures de gestion de flotte et g\u00e9n\u00e9rez des routines de facturation pour diff\u00e9rents clients en fonction de leurs besoins, et ce dans un seul syst\u00e8me centralis\u00e9.<\/p>\n<\/div>\n        \n                  <a class=\"fadeInUp__4\" href=\"\/fr-fr\/services-de-gestion-de-flotte\">En savoir plus<\/a>\n              <\/div>\n\n      <div class=\"learn-more__image animated fadeInUp__5\">\n\n                  <img decoding=\"async\" src=\"https:\/\/chevin-assets.s3.eu-west-1.amazonaws.com\/wp-content\/uploads\/sites\/5\/2021\/02\/11114638\/IN_5_Image-Circle.png\" alt=\"\">\n        \n      <\/div>\n\n    <\/div>\n\n  <\/div>\n\n<\/section>\n\n<section  class=\"c-learn-more content-section learn-more content-section--dots-left  content-section--curved content-section--fade-to-grey  \">\n  \n  <div class=\"container\">\n\n    <div class=\"learn-more__wrapper animated fadeInUp learn-more__wrapper--flipped \">\n      \n      <div class=\"learn-more__content learn-more__content--flipped\">\n\n        \n                  <h2 class=\" fadeInUp__2\">Produits alimentaires et boissons<\/h2>\n        \n                  <div class=\"fadeInUp__3\"><p class=\"p1\">Assurez vos livraisons en gardant en visuel vos v\u00e9hicules et en assurant leur bon entretien.<\/p>\n<\/div>\n        \n                  <a class=\"fadeInUp__4\" href=\"\/fr-fr\/produits-alimentaires-et-boissons\/\">En savoir plus<\/a>\n              <\/div>\n\n      <div class=\"learn-more__image animated fadeInUp__5\">\n\n                  <img decoding=\"async\" src=\"https:\/\/chevin-assets.s3.eu-west-1.amazonaws.com\/wp-content\/uploads\/sites\/5\/2021\/02\/11114641\/IN_6_Image-Circle.png\" alt=\"\">\n        \n      <\/div>\n\n    <\/div>\n\n  <\/div>\n\n<\/section>\n\n<section  class=\"c-learn-more content-section learn-more content-section--dots  content-section--curved content-section--fade-to-grey  \">\n  \n  <div class=\"container\">\n\n    <div class=\"learn-more__wrapper animated fadeInUp  \">\n      \n      <div class=\"learn-more__content \">\n\n        \n                  <h2 class=\" fadeInUp__2\">Entreprises publiques<\/h2>\n        \n                  <div class=\"fadeInUp__3\"><p>Profitez d\u2019une visibilit\u00e9 totale de vos co\u00fbts, de la conformit\u00e9 et des performances de vos actifs.<\/p>\n<\/div>\n        \n                  <a class=\"fadeInUp__4\" href=\"\/fr-fr\/services-publics\/\">En savoir plus<\/a>\n              <\/div>\n\n      <div class=\"learn-more__image animated fadeInUp__5\">\n\n                  <img decoding=\"async\" src=\"https:\/\/chevin-assets.s3.eu-west-1.amazonaws.com\/wp-content\/uploads\/sites\/5\/2021\/02\/11114643\/IN_7_Image-Circle.png\" alt=\"\">\n        \n      <\/div>\n\n    <\/div>\n\n  <\/div>\n\n<\/section>\n\n<section  class=\"c-learn-more content-section learn-more content-section--dots-left  content-section--curved content-section--fade-to-grey  \">\n  \n  <div class=\"container\">\n\n    <div class=\"learn-more__wrapper animated fadeInUp learn-more__wrapper--flipped \">\n      \n      <div class=\"learn-more__content learn-more__content--flipped\">\n\n        \n                  <h2 class=\" fadeInUp__2\">Transports<\/h2>\n        \n                  <div class=\"fadeInUp__3\"><p>G\u00e9rez des v\u00e9hicules commerciaux co\u00fbteux et assurez la visibilit\u00e9 de toutes les d\u00e9penses op\u00e9rationnelles tout en identifiant les domaines propices \u00e0 l\u2019am\u00e9lioration.<\/p>\n<\/div>\n        \n                  <a class=\"fadeInUp__4\" href=\"\/fr-fr\/transports\/\">En savoir plus<\/a>\n              <\/div>\n\n      <div class=\"learn-more__image animated fadeInUp__5\">\n\n                  <img decoding=\"async\" src=\"https:\/\/chevin-assets.s3.eu-west-1.amazonaws.com\/wp-content\/uploads\/sites\/5\/2021\/02\/11114646\/IN_8_Image-Circle.png\" alt=\"\">\n        \n      <\/div>\n\n    <\/div>\n\n  <\/div>\n\n<\/section>\n\n<section  class=\"c-learn-more content-section learn-more content-section--dots  content-section--curved content-section--fade-to-grey  \">\n  \n  <div class=\"container\">\n\n    <div class=\"learn-more__wrapper animated fadeInUp  \">\n      \n      <div class=\"learn-more__content \">\n\n        \n                  <h2 class=\" fadeInUp__2\">Services d\u2019utilit\u00e9 publique<\/h2>\n        \n                  <div class=\"fadeInUp__3\"><p>Assurez une visibilit\u00e9 en temps r\u00e9el de chaque aspect de la gestion de votre flotte, avec un aper\u00e7u complet de vos actifs, politiques et proc\u00e9dures.<\/p>\n<\/div>\n        \n                  <a class=\"fadeInUp__4\" href=\"\/fr-fr\/services-utilite-publique\/\">En savoir plus<\/a>\n              <\/div>\n\n      <div class=\"learn-more__image animated fadeInUp__5\">\n\n                  <img decoding=\"async\" src=\"https:\/\/chevin-assets.s3.eu-west-1.amazonaws.com\/wp-content\/uploads\/sites\/5\/2021\/02\/11114649\/IN_9_Image-Circle.png\" alt=\"\">\n        \n      <\/div>\n\n    <\/div>\n\n  <\/div>\n\n<\/section>\n\n<section  class=\"c-learn-more content-section learn-more content-section--dots-left  content-section--curved content-section--fade-to-grey  \">\n  \n  <div class=\"container\">\n\n    <div class=\"learn-more__wrapper animated fadeInUp learn-more__wrapper--flipped \">\n      \n      <div class=\"learn-more__content learn-more__content--flipped\">\n\n        \n                  <h2 class=\" fadeInUp__2\">Gestion des d\u00e9chets<\/h2>\n        \n                  <div class=\"fadeInUp__3\"><p>Surveillez de pr\u00e8s vos actifs, des v\u00e9hicules de ramassage des ordures aux balayeuses, et harmonisez vos proc\u00e9dures.<\/p>\n<\/div>\n        \n                  <a class=\"fadeInUp__4\" href=\"\/fr-fr\/gestion-des-dechets\/\">En savoir plus<\/a>\n              <\/div>\n\n      <div class=\"learn-more__image animated fadeInUp__5\">\n\n                  <img decoding=\"async\" src=\"https:\/\/chevin-assets.s3.eu-west-1.amazonaws.com\/wp-content\/uploads\/sites\/5\/2021\/02\/11114652\/IN_10_Image-Circle.png\" alt=\"\">\n        \n      <\/div>\n\n    <\/div>\n\n  <\/div>\n\n<\/section>\n\n<section  class=\"c-cta-block cta-block content-section\">\n  <div class=\"container u-text-center animated fadeInUp\">\n    \n          <h2 class=\"u-red fadeInUp__1\">Pr\u00eat \u00e0 optimiser la gestion de votre flotte\u2009?<\/h2>\n    \n          <p class=\"fadeInUp__2\">Demandez \u00e0 un de nos commerciaux de vous contacter pour en savoir plus sur l\u2019optimisation de la gestion de flotte.<\/p>\n    \n          <a class=\"button fadeInUp__3\" href=\"https:\/\/www.chevinfleet.com\/fr-fr\/contactez-nous\/\">Cliquez ici pour commencer<\/a>\n      <\/div>\n<\/section>\n","protected":false},"excerpt":{"rendered":"","protected":false},"author":1,"featured_media":0,"parent":0,"menu_order":0,"comment_status":"closed","ping_status":"closed","template":"","meta":{"_acf_changed":true,"footnotes":""},"class_list":["post-549","page","type-page","status-publish","hentry"],"acf":[],"yoast_head":"<!-- This site is optimized with the Yoast SEO Premium plugin v26.3 (Yoast SEO v26.5) - https:\/\/yoast.com\/wordpress\/plugins\/seo\/ -->\n<title>Secteurs d\u2019activit\u00e9 - Chevin - France<\/title>\n<meta name=\"robots\" content=\"index, follow, max-snippet:-1, max-image-preview:large, max-video-preview:-1\" \/>\n<link rel=\"canonical\" href=\"https:\/\/www.chevinfleet.com\/fr-fr\/secteurs-activite\/\" \/>\n<meta property=\"og:locale\" content=\"en_GB\" \/>\n<meta property=\"og:type\" content=\"article\" \/>\n<meta property=\"og:title\" content=\"Secteurs d\u2019activit\u00e9\" \/>\n<meta property=\"og:url\" content=\"https:\/\/www.chevinfleet.com\/fr-fr\/secteurs-activite\/\" \/>\n<meta property=\"og:site_name\" content=\"Chevin - France\" \/>\n<meta property=\"article:modified_time\" content=\"2024-10-16T11:08:03+00:00\" \/>\n<meta name=\"twitter:card\" content=\"summary_large_image\" \/>\n<script type=\"application\/ld+json\" class=\"yoast-schema-graph\">{\"@context\":\"https:\/\/schema.org\",\"@graph\":[{\"@type\":\"WebPage\",\"@id\":\"https:\/\/www.chevinfleet.com\/fr-fr\/secteurs-activite\/\",\"url\":\"https:\/\/www.chevinfleet.com\/fr-fr\/secteurs-activite\/\",\"name\":\"Secteurs d\u2019activit\u00e9 - Chevin - France\",\"isPartOf\":{\"@id\":\"https:\/\/www.chevinfleet.com\/fr-fr\/#website\"},\"datePublished\":\"2020-12-04T19:54:09+00:00\",\"dateModified\":\"2024-10-16T11:08:03+00:00\",\"breadcrumb\":{\"@id\":\"https:\/\/www.chevinfleet.com\/fr-fr\/secteurs-activite\/#breadcrumb\"},\"inLanguage\":\"en-GB\",\"potentialAction\":[{\"@type\":\"ReadAction\",\"target\":[\"https:\/\/www.chevinfleet.com\/fr-fr\/secteurs-activite\/\"]}]},{\"@type\":\"BreadcrumbList\",\"@id\":\"https:\/\/www.chevinfleet.com\/fr-fr\/secteurs-activite\/#breadcrumb\",\"itemListElement\":[{\"@type\":\"ListItem\",\"position\":1,\"name\":\"Home\",\"item\":\"https:\/\/www.chevinfleet.com\/fr-fr\/\"},{\"@type\":\"ListItem\",\"position\":2,\"name\":\"Secteurs d\u2019activit\u00e9\"}]},{\"@type\":\"WebSite\",\"@id\":\"https:\/\/www.chevinfleet.com\/fr-fr\/#website\",\"url\":\"https:\/\/www.chevinfleet.com\/fr-fr\/\",\"name\":\"Chevin - France\",\"description\":\"Just another  site\",\"potentialAction\":[{\"@type\":\"SearchAction\",\"target\":{\"@type\":\"EntryPoint\",\"urlTemplate\":\"https:\/\/www.chevinfleet.com\/fr-fr\/?s={search_term_string}\"},\"query-input\":{\"@type\":\"PropertyValueSpecification\",\"valueRequired\":true,\"valueName\":\"search_term_string\"}}],\"inLanguage\":\"en-GB\"}]}<\/script>\n<!-- \/ Yoast SEO Premium plugin. -->","yoast_head_json":{"title":"Secteurs d\u2019activit\u00e9 - Chevin - France","robots":{"index":"index","follow":"follow","max-snippet":"max-snippet:-1","max-image-preview":"max-image-preview:large","max-video-preview":"max-video-preview:-1"},"canonical":"https:\/\/www.chevinfleet.com\/fr-fr\/secteurs-activite\/","og_locale":"en_GB","og_type":"article","og_title":"Secteurs d\u2019activit\u00e9","og_url":"https:\/\/www.chevinfleet.com\/fr-fr\/secteurs-activite\/","og_site_name":"Chevin - France","article_modified_time":"2024-10-16T11:08:03+00:00","twitter_card":"summary_large_image","schema":{"@context":"https:\/\/schema.org","@graph":[{"@type":"WebPage","@id":"https:\/\/www.chevinfleet.com\/fr-fr\/secteurs-activite\/","url":"https:\/\/www.chevinfleet.com\/fr-fr\/secteurs-activite\/","name":"Secteurs d\u2019activit\u00e9 - Chevin - France","isPartOf":{"@id":"https:\/\/www.chevinfleet.com\/fr-fr\/#website"},"datePublished":"2020-12-04T19:54:09+00:00","dateModified":"2024-10-16T11:08:03+00:00","breadcrumb":{"@id":"https:\/\/www.chevinfleet.com\/fr-fr\/secteurs-activite\/#breadcrumb"},"inLanguage":"en-GB","potentialAction":[{"@type":"ReadAction","target":["https:\/\/www.chevinfleet.com\/fr-fr\/secteurs-activite\/"]}]},{"@type":"BreadcrumbList","@id":"https:\/\/www.chevinfleet.com\/fr-fr\/secteurs-activite\/#breadcrumb","itemListElement":[{"@type":"ListItem","position":1,"name":"Home","item":"https:\/\/www.chevinfleet.com\/fr-fr\/"},{"@type":"ListItem","position":2,"name":"Secteurs d\u2019activit\u00e9"}]},{"@type":"WebSite","@id":"https:\/\/www.chevinfleet.com\/fr-fr\/#website","url":"https:\/\/www.chevinfleet.com\/fr-fr\/","name":"Chevin - France","description":"Just another  site","potentialAction":[{"@type":"SearchAction","target":{"@type":"EntryPoint","urlTemplate":"https:\/\/www.chevinfleet.com\/fr-fr\/?s={search_term_string}"},"query-input":{"@type":"PropertyValueSpecification","valueRequired":true,"valueName":"search_term_string"}}],"inLanguage":"en-GB"}]}},"_links":{"self":[{"href":"https:\/\/www.chevinfleet.com\/fr-fr\/wp-json\/wp\/v2\/pages\/549","targetHints":{"allow":["GET"]}}],"collection":[{"href":"https:\/\/www.chevinfleet.com\/fr-fr\/wp-json\/wp\/v2\/pages"}],"about":[{"href":"https:\/\/www.chevinfleet.com\/fr-fr\/wp-json\/wp\/v2\/types\/page"}],"author":[{"embeddable":true,"href":"https:\/\/www.chevinfleet.com\/fr-fr\/wp-json\/wp\/v2\/users\/1"}],"replies":[{"embeddable":true,"href":"https:\/\/www.chevinfleet.com\/fr-fr\/wp-json\/wp\/v2\/comments?post=549"}],"version-history":[{"count":0,"href":"https:\/\/www.chevinfleet.com\/fr-fr\/wp-json\/wp\/v2\/pages\/549\/revisions"}],"wp:attachment":[{"href":"https:\/\/www.chevinfleet.com\/fr-fr\/wp-json\/wp\/v2\/media?parent=549"}],"curies":[{"name":"wp","href":"https:\/\/api.w.org\/{rel}","templated":true}]}}