{"id":4753,"date":"2021-06-15T11:23:31","date_gmt":"2021-06-15T10:23:31","guid":{"rendered":"https:\/\/www.chevinfleet.com\/?page_id=9042"},"modified":"2021-06-18T14:42:28","modified_gmt":"2021-06-18T13:42:28","slug":"migration-azure-foire-aux-questions","status":"publish","type":"page","link":"https:\/\/www.chevinfleet.com\/fr-fr\/migration-azure-foire-aux-questions\/","title":{"rendered":"Migration Azure : Foire Aux Questions"},"content":{"rendered":"<section  class=\"content-section animated fadeInUp\" >\n    <div class=\"container container--small  user-content fadeInUp__1\">\n        <h2>Migration Azure : Foire Aux Questions<\/h2>\n<p>&nbsp;<\/p>\n<h4>Q. Pourquoi Chevin fait-il cela maintenant ?<\/h4>\n<p><em>R. La nouvelle plateforme fournira davantage de ressources, de redondance, et de capacit\u00e9 de stockage des donn\u00e9es. La plateforme Azure offre les meilleures sauvegardes de sa cat\u00e9gorie, des capacit\u00e9s de reprise apr\u00e8s incident et un haut niveau de conformit\u00e9 ISO et SOC. En r\u00e9sum\u00e9, ce changement apportera des am\u00e9liorations de performances significatives pour nos clients et permettra la meilleure exp\u00e9rience d\u2019utilisation de nos applications, pendant que nous continuons \u00e0 d\u00e9velopper celles-ci et \u00e0 ajouter de nouvelles fonctionnalit\u00e9s.<\/em><\/p>\n<p>&nbsp;<\/p>\n<h4>Q. Qu\u2019est-ce que la plateforme Azure ?<\/h4>\n<p><em>R. Azure est une plateforme Microsoft qui ex\u00e9cute des applications dans le cloud. Elle permet aux ressources mat\u00e9rielles de s\u2019adapter en fonction des besoins de l\u2019application, ce qui garantit des performances optimales. Pour nos clients cela signifie simplement des applications plus performantes et plus rapides.<\/em><\/p>\n<p>&nbsp;<\/p>\n<h4>Q. Quand aura lieu mon cr\u00e9neau de maintenance pour la migration ?<\/h4>\n<p><em>R. Cela vous sera communiqu\u00e9 en temps utiles et au moins deux semaines avant la migration. Nous pouvons cependant d\u00e9j\u00e0 vous annoncer que ce cr\u00e9neau aura lieu durant le week-end lorsque la plupart des utilisateurs ne seront pas connect\u00e9s.<\/em><\/p>\n<p>&nbsp;<\/p>\n<h4>Q. Normalement nos utilisateurs utilisent le syst\u00e8me pendant la fen\u00eatre de maintenance que vous avez sp\u00e9cifi\u00e9e. Est-il possible de migrer sans coupure du syst\u00e8me ?<\/h4>\n<p><em>R. Malheureusement il n\u2019y a aucun moyen nous permettant de mettre en place ce processus sans mettre le syst\u00e8me hors ligne pendant un certain temps. Nous avons choisi un cr\u00e9neau qui entra\u00eene le moins de perturbations possibles pour la plupart de nos clients. Si vous devez travailler pendant que le syst\u00e8me est hors ligne, vous devrez mettre en place des processus manuels puis saisir les donn\u00e9es dans votre syst\u00e8me lorsque l\u2019acc\u00e8s sera r\u00e9tabli.<\/em><\/p>\n<p>&nbsp;<\/p>\n<h4>Q. Comment savoir si mon syst\u00e8me va continuer \u00e0 fonctionner apr\u00e8s que vous avez effectu\u00e9 cette op\u00e9ration ?<\/h4>\n<p><em>R. Nous avons planifi\u00e9 avec soin la migration et les actions \u00e0 mener, et nous avons effectu\u00e9 de nombreux essais pour nous assurer que le processus sera transparent pour nos clients. Nous avons d\u00e9j\u00e0 de nombreux clients h\u00e9berg\u00e9s sur la plateforme Azure qui ont pu constater les avantages de cette solution.<\/em><\/p>\n<p>&nbsp;<\/p>\n<h4>Q. Pouvez-vous garantir qu\u2019il n\u2019y aura pas de coupures autres que celles que vous avez communiqu\u00e9es ?<\/h4>\n<p><em>R. Nous avons planifi\u00e9 les cr\u00e9neaux d\u2019intervention pour le processus de migration le plus pr\u00e9cis\u00e9ment possible et nous avons pr\u00e9vu une marge de man\u0153uvre importante. Nous sommes donc convaincus que vos syst\u00e8mes ne seront pas inaccessibles plus longtemps que ce qui a \u00e9t\u00e9 planifi\u00e9. Dans l\u2019\u00e9ventualit\u00e9 peu probable o\u00f9 un incident inattendu surviendrait, nous reporterions simplement la migration et laisserions vos syst\u00e8mes fonctionner sur son environnement actuel jusqu\u2019\u00e0 la r\u00e9solution du probl\u00e8me. Si cela devait se produire, nous vous en tiendrions inform\u00e9s et nous programmerions un nouveau cr\u00e9neau de maintenance.<\/em><\/p>\n<p>&nbsp;<\/p>\n<h4>Q. Quels sont les changements dont je dois informer mes utilisateurs ?<\/h4>\n<p><em>R. Le seul changement que vous devrez communique \u00e0 vos utilisateurs concerne les nouvelles adresses (URL) que vous devrez utiliser pour acc\u00e9der \u00e0 la ou aux applications. Ces informations vous seront fournies au moins deux semaines avant la migration. Tous les utilisateurs devront mettre \u00e0 jour les raccourcis utilis\u00e9s pour acc\u00e9der aux applications, y compris ceux enregistr\u00e9s sur les tablettes et les terminaux utilis\u00e9s par vos techniciens.<\/em><\/p>\n<p>&nbsp;<\/p>\n<h4>Q. O\u00f9 seront h\u00e9berg\u00e9es mes donn\u00e9es une fois la migration termin\u00e9e ?<\/h4>\n<p><em>R. Vos donn\u00e9es seront stock\u00e9es en fonction de votre r\u00e9gion g\u00e9ographique :<\/p>\n<p>Clients europ\u00e9ens : R\u00e9publique d&#8217;Irlande (primaire), Pays-Bas (basculement)<br \/>\nClients du Royaume-Uni : Londres (primaire), Cardiff (basculement)<br \/>\nClients am\u00e9ricains : Iowa (primaire), Virginie (basculement)<br \/>\nClients canadiens : Toronto (primaire), Qu\u00e9bec (basculement)<br \/>\nClients APAC : Victoria (primaire), New South Wales (basculement)<\/em><\/p>\n<p>&nbsp;<\/p>\n<h4>Q. Comment savoir si mes donn\u00e9es sont en s\u00e9curit\u00e9 avec le nouvel h\u00e9bergeur ?<\/h4>\n<p><em>R. Nous avons men\u00e9 le processus avec un partenaire Certifi\u00e9 Microsoft pour nous assurer que notre environnement Azure a \u00e9t\u00e9 con\u00e7u selon les meilleures pratiques en cybers\u00e9curit\u00e9. La nouvelle plateforme a \u00e9t\u00e9 configur\u00e9e pour \u00eatre soumise \u00e0 des tests de p\u00e9n\u00e9tration r\u00e9glementaires qui garantiront la s\u00e9curit\u00e9 permanente de vos donn\u00e9es et de votre application.  <\/em><\/p>\n<p>&nbsp;<\/p>\n<h4>Q. Quel sera l\u2019impact de ce changement sur les performances et la vitesse de l\u2019application ?<\/h4>\n<p><em>R. L\u2019objectif principal de la migration est d\u2019am\u00e9liorer et p\u00e9renniser les performances de nos applications. Cependant, au cours du premier jour d\u2019utilisation apr\u00e8s la migration, les utilisateurs peuvent ressentir un l\u00e9ger ralentissement ; ceci est d\u00fb au fait que le syst\u00e8me doit mettre en cache les nouvelles donn\u00e9es sur le serveur avant que les applications puissent fonctionner de mani\u00e8re optimale. Une fois ce processus termin\u00e9, les performances devraient consid\u00e9rablement s\u2019am\u00e9liorer.<\/em><\/p>\n<p>&nbsp;<\/p>\n<h4>Q. Est-ce que mes applications tierces fonctionneront toujours apr\u00e8s la migration ?<\/h4>\n<p><em>R. Vos applications tierces continueront de fonctionner comme aujourd\u2019hui ; il vous faudra cependant mettre \u00e0 jour l\u2019adresse de Fleetwave dans ces applications pour le permettre.<\/em><\/p>\n<p>&nbsp;<\/p>\n<h4>Q. Comment vais-je acc\u00e9der aux applications apr\u00e8s la migration, est-ce que quelque chose va changer ?<\/h4>\n<p><em>R. Les URL vers la ou les applications auront chang\u00e9. Ces informations vous seront communiqu\u00e9es au moins deux semaines \u00e0 l\u2019avance. Tous les utilisateurs devront mettre \u00e0 jour les raccourcis qu\u2019ils utilisent pour y acc\u00e9der, dont ceux enregistr\u00e9s sur les tablettes et terminaux utilis\u00e9s par vos techniciens.<\/em><\/p>\n\n    <\/div>\n<\/section>\n\n\n","protected":false},"excerpt":{"rendered":"","protected":false},"author":3,"featured_media":0,"parent":0,"menu_order":0,"comment_status":"closed","ping_status":"closed","template":"","meta":{"_acf_changed":false,"footnotes":""},"class_list":["post-4753","page","type-page","status-publish","hentry"],"acf":[],"yoast_head":"<!-- This site is optimized with the Yoast SEO Premium plugin v26.3 (Yoast SEO v26.5) - https:\/\/yoast.com\/wordpress\/plugins\/seo\/ -->\n<title>Migration Azure : Foire Aux Questions | Chevin<\/title>\n<meta name=\"robots\" content=\"index, follow, max-snippet:-1, max-image-preview:large, max-video-preview:-1\" \/>\n<link rel=\"canonical\" href=\"https:\/\/www.chevinfleet.com\/fr-fr\/migration-azure-foire-aux-questions\/\" \/>\n<meta property=\"og:locale\" content=\"en_GB\" \/>\n<meta property=\"og:type\" content=\"article\" \/>\n<meta property=\"og:title\" content=\"Migration Azure : Foire Aux Questions\" \/>\n<meta property=\"og:url\" content=\"https:\/\/www.chevinfleet.com\/fr-fr\/migration-azure-foire-aux-questions\/\" \/>\n<meta property=\"og:site_name\" content=\"Chevin - France\" \/>\n<meta property=\"article:modified_time\" content=\"2021-06-18T13:42:28+00:00\" \/>\n<meta name=\"twitter:card\" content=\"summary_large_image\" \/>\n<script type=\"application\/ld+json\" class=\"yoast-schema-graph\">{\"@context\":\"https:\/\/schema.org\",\"@graph\":[{\"@type\":\"WebPage\",\"@id\":\"https:\/\/www.chevinfleet.com\/fr-fr\/migration-azure-foire-aux-questions\/\",\"url\":\"https:\/\/www.chevinfleet.com\/fr-fr\/migration-azure-foire-aux-questions\/\",\"name\":\"Migration Azure : Foire Aux Questions | Chevin\",\"isPartOf\":{\"@id\":\"https:\/\/www.chevinfleet.com\/fr-fr\/#website\"},\"datePublished\":\"2021-06-15T10:23:31+00:00\",\"dateModified\":\"2021-06-18T13:42:28+00:00\",\"breadcrumb\":{\"@id\":\"https:\/\/www.chevinfleet.com\/fr-fr\/migration-azure-foire-aux-questions\/#breadcrumb\"},\"inLanguage\":\"en-GB\",\"potentialAction\":[{\"@type\":\"ReadAction\",\"target\":[\"https:\/\/www.chevinfleet.com\/fr-fr\/migration-azure-foire-aux-questions\/\"]}]},{\"@type\":\"BreadcrumbList\",\"@id\":\"https:\/\/www.chevinfleet.com\/fr-fr\/migration-azure-foire-aux-questions\/#breadcrumb\",\"itemListElement\":[{\"@type\":\"ListItem\",\"position\":1,\"name\":\"Home\",\"item\":\"https:\/\/www.chevinfleet.com\/fr-fr\/\"},{\"@type\":\"ListItem\",\"position\":2,\"name\":\"Migration Azure : Foire Aux Qu&hellip;\"}]},{\"@type\":\"WebSite\",\"@id\":\"https:\/\/www.chevinfleet.com\/fr-fr\/#website\",\"url\":\"https:\/\/www.chevinfleet.com\/fr-fr\/\",\"name\":\"Chevin - France\",\"description\":\"Just another  site\",\"potentialAction\":[{\"@type\":\"SearchAction\",\"target\":{\"@type\":\"EntryPoint\",\"urlTemplate\":\"https:\/\/www.chevinfleet.com\/fr-fr\/?s={search_term_string}\"},\"query-input\":{\"@type\":\"PropertyValueSpecification\",\"valueRequired\":true,\"valueName\":\"search_term_string\"}}],\"inLanguage\":\"en-GB\"}]}<\/script>\n<!-- \/ Yoast SEO Premium plugin. -->","yoast_head_json":{"title":"Migration Azure : Foire Aux Questions | Chevin","robots":{"index":"index","follow":"follow","max-snippet":"max-snippet:-1","max-image-preview":"max-image-preview:large","max-video-preview":"max-video-preview:-1"},"canonical":"https:\/\/www.chevinfleet.com\/fr-fr\/migration-azure-foire-aux-questions\/","og_locale":"en_GB","og_type":"article","og_title":"Migration Azure : Foire Aux Questions","og_url":"https:\/\/www.chevinfleet.com\/fr-fr\/migration-azure-foire-aux-questions\/","og_site_name":"Chevin - France","article_modified_time":"2021-06-18T13:42:28+00:00","twitter_card":"summary_large_image","schema":{"@context":"https:\/\/schema.org","@graph":[{"@type":"WebPage","@id":"https:\/\/www.chevinfleet.com\/fr-fr\/migration-azure-foire-aux-questions\/","url":"https:\/\/www.chevinfleet.com\/fr-fr\/migration-azure-foire-aux-questions\/","name":"Migration Azure : Foire Aux Questions | Chevin","isPartOf":{"@id":"https:\/\/www.chevinfleet.com\/fr-fr\/#website"},"datePublished":"2021-06-15T10:23:31+00:00","dateModified":"2021-06-18T13:42:28+00:00","breadcrumb":{"@id":"https:\/\/www.chevinfleet.com\/fr-fr\/migration-azure-foire-aux-questions\/#breadcrumb"},"inLanguage":"en-GB","potentialAction":[{"@type":"ReadAction","target":["https:\/\/www.chevinfleet.com\/fr-fr\/migration-azure-foire-aux-questions\/"]}]},{"@type":"BreadcrumbList","@id":"https:\/\/www.chevinfleet.com\/fr-fr\/migration-azure-foire-aux-questions\/#breadcrumb","itemListElement":[{"@type":"ListItem","position":1,"name":"Home","item":"https:\/\/www.chevinfleet.com\/fr-fr\/"},{"@type":"ListItem","position":2,"name":"Migration Azure : Foire Aux Qu&hellip;"}]},{"@type":"WebSite","@id":"https:\/\/www.chevinfleet.com\/fr-fr\/#website","url":"https:\/\/www.chevinfleet.com\/fr-fr\/","name":"Chevin - France","description":"Just another  site","potentialAction":[{"@type":"SearchAction","target":{"@type":"EntryPoint","urlTemplate":"https:\/\/www.chevinfleet.com\/fr-fr\/?s={search_term_string}"},"query-input":{"@type":"PropertyValueSpecification","valueRequired":true,"valueName":"search_term_string"}}],"inLanguage":"en-GB"}]}},"_links":{"self":[{"href":"https:\/\/www.chevinfleet.com\/fr-fr\/wp-json\/wp\/v2\/pages\/4753","targetHints":{"allow":["GET"]}}],"collection":[{"href":"https:\/\/www.chevinfleet.com\/fr-fr\/wp-json\/wp\/v2\/pages"}],"about":[{"href":"https:\/\/www.chevinfleet.com\/fr-fr\/wp-json\/wp\/v2\/types\/page"}],"author":[{"embeddable":true,"href":"https:\/\/www.chevinfleet.com\/fr-fr\/wp-json\/wp\/v2\/users\/3"}],"replies":[{"embeddable":true,"href":"https:\/\/www.chevinfleet.com\/fr-fr\/wp-json\/wp\/v2\/comments?post=4753"}],"version-history":[{"count":0,"href":"https:\/\/www.chevinfleet.com\/fr-fr\/wp-json\/wp\/v2\/pages\/4753\/revisions"}],"wp:attachment":[{"href":"https:\/\/www.chevinfleet.com\/fr-fr\/wp-json\/wp\/v2\/media?parent=4753"}],"curies":[{"name":"wp","href":"https:\/\/api.w.org\/{rel}","templated":true}]}}