{"id":4734,"date":"2021-06-08T16:12:16","date_gmt":"2021-06-08T15:12:16","guid":{"rendered":"https:\/\/www.chevinfleet.com\/?page_id=8933"},"modified":"2021-07-29T10:47:09","modified_gmt":"2021-07-29T09:47:09","slug":"nous-migrons-sur-microsoft-azure","status":"publish","type":"page","link":"https:\/\/www.chevinfleet.com\/fr-fr\/nous-migrons-sur-microsoft-azure\/","title":{"rendered":"Nous migrons sur Microsoft Azure"},"content":{"rendered":"<section  class=\"content-section animated fadeInUp\" >\n    <div class=\"container container--small  user-content fadeInUp__1\">\n        <h2>Nous migrons sur Microsoft Azure<\/h2>\n<p><strong>Au cours des prochains mois, nous proc\u00e9derons \u00e0 la migration de toutes les donn\u00e9es de nos clients depuis notre h\u00e9bergeur europ\u00e9en actuel vers le centre de donn\u00e9es de classe mondiale Azure de Microsoft, localis\u00e9 en R\u00e9publique d\u2019Irlande.<\/strong><\/p>\n<div class=\"mceTemp\"><\/div>\n<p><img loading=\"lazy\" decoding=\"async\" class=\"alignnone size-full wp-image-8928\" src=\"https:\/\/www.chevinfleet.com\/wp-content\/uploads\/2021\/06\/MicrosoftTeams-image-21.jpg\" alt=\"microsoft azure on laptop\" width=\"2560\" height=\"1508\" \/><\/p>\n<p><span class=\"TextRun SCXW115594134 BCX0\" lang=\"FR-FR\" xml:lang=\"FR-FR\" data-contrast=\"none\"><span class=\"NormalTextRun SCXW115594134 BCX0\">Notre infrastructure Azure b\u00e9n\u00e9ficiera d\u2019une redondance int\u00e9grale, et dans l\u2019\u00e9ventualit\u00e9 d\u2019une interruption de notre centre de donn\u00e9es mentionn\u00e9 ci-dessus,\u00a0<\/span><span class=\"NormalTextRun SCXW115594134 BCX0\">tous les services europ\u00e9ens seront bascul\u00e9s aux Pays-Bas.<\/span><\/span><span class=\"EOP SCXW115594134 BCX0\" data-ccp-props=\"{\"134233117\":true,\"335559739\":450}\">\u00a0<\/span><\/p>\n<p><span class=\"TextRun SCXW88581877 BCX0\" lang=\"FR-FR\" xml:lang=\"FR-FR\" data-contrast=\"none\"><span class=\"NormalTextRun SCXW88581877 BCX0\">Cet investissement important nous p<\/span><span class=\"NormalTextRun SCXW88581877 BCX0\">ermet de disposer d\u2019une plateforme d\u2019h\u00e9bergement plus robuste et plus \u00e9volutive pour l\u2019avenir, afin de faire face \u00e0 notre croissance<\/span><span class=\"NormalTextRun SCXW88581877 BCX0\">\u00a0<\/span><span class=\"NormalTextRun SCXW88581877 BCX0\">constante.\u00a0<\/span><\/span><span class=\"EOP SCXW88581877 BCX0\" data-ccp-props=\"{\"134233117\":true,\"335551550\":6,\"335551620\":6,\"335559739\":450}\">\u00a0<\/span><\/p>\n<p>\u00a0<\/p>\n<h4><span class=\"TextRun SCXW97076919 BCX0\" lang=\"EN-GB\" xml:lang=\"EN-GB\" data-contrast=\"none\"><span class=\"NormalTextRun SCXW97076919 BCX0\">Quels<\/span><span class=\"NormalTextRun SCXW97076919 BCX0\">\u00a0<\/span><span class=\"NormalTextRun SpellingErrorV2 SCXW97076919 BCX0\">sont<\/span><span class=\"NormalTextRun SCXW97076919 BCX0\">\u00a0les\u00a0<\/span><span class=\"NormalTextRun SpellingErrorV2 SCXW97076919 BCX0\">avantages<\/span><span class=\"NormalTextRun SCXW97076919 BCX0\">?<\/span><\/span><span class=\"EOP SCXW97076919 BCX0\" data-ccp-props=\"{\"134233117\":true,\"201341983\":2,\"335551550\":6,\"335551620\":6,\"335559739\":240,\"335559740\":336}\">\u00a0<\/span><\/h4>\n<p><span data-contrast=\"none\">La nouvelle plateforme fournira plus de ressources, de redondance et de capacit\u00e9 de\u00a0stockage.<\/span><span data-ccp-props=\"{}\">\u00a0<\/span><\/p>\n<p><span data-contrast=\"none\">Nous nous mettrons \u00e9galement \u00e0 jour sur la derni\u00e8re version de gestion de base de donn\u00e9es SQL Server pour garantir que vous ayez acc\u00e8s au produit le plus robuste et le plus performant. <\/span><span data-contrast=\"none\">\u00a0<\/span><span data-ccp-props=\"{\"134233117\":true,\"335551550\":6,\"335551620\":6,\"335559739\":450}\">\u00a0<\/span><\/p>\n<p><span data-contrast=\"none\">La plateforme Azure offre les meilleures sauvegardes de sa cat\u00e9gorie, des plans de reprise d\u2019activit\u00e9\u00a0et un haut niveau de conformit\u00e9 ISO et\u00a0SOC<\/span><span data-ccp-props=\"{\"134233117\":true,\"335551550\":6,\"335551620\":6,\"335559739\":450}\">\u00a0<\/span><\/p>\n<p><span data-contrast=\"none\">Nous nous attendons \u00e0 des am\u00e9liorations significatives au fil du temps, particuli\u00e8rement lors de pics d\u2019activit\u00e9 inattendus.<\/span><span data-ccp-props=\"{\"134233117\":true,\"335551550\":6,\"335551620\":6,\"335559739\":450}\">\u00a0<\/span><\/p>\n<p>\u00a0<\/p>\n<h4><span class=\"TextRun SCXW112889585 BCX0\" lang=\"EN-GB\" xml:lang=\"EN-GB\" data-contrast=\"none\"><span class=\"NormalTextRun SCXW112889585 BCX0\">Qui sera\u00a0<\/span><span class=\"NormalTextRun SpellingErrorV2 SpellingErrorHighlight SCXW112889585 BCX0\">concern\u00e9<\/span><span class=\"NormalTextRun SCXW112889585 BCX0\">?<\/span><\/span><span class=\"EOP SCXW112889585 BCX0\" data-ccp-props=\"{\"134233117\":true,\"201341983\":2,\"335551550\":6,\"335551620\":6,\"335559739\":240,\"335559740\":336}\">\u00a0<\/span><\/h4>\n<p><span class=\"TextRun SCXW212101456 BCX0\" lang=\"FR-FR\" xml:lang=\"FR-FR\" data-contrast=\"none\"><span class=\"NormalTextRun SCXW212101456 BCX0\">Tous nos clients\u00a0<\/span><span class=\"NormalTextRun SCXW212101456 BCX0\">h\u00e9berg\u00e9s\u00a0<\/span><span class=\"NormalTextRun SCXW212101456 BCX0\">b\u00e9n\u00e9ficieront de cette mi<\/span><span class=\"NormalTextRun SCXW212101456 BCX0\">gration<\/span><span class=\"NormalTextRun SCXW212101456 BCX0\">.<\/span><\/span><span class=\"EOP SCXW212101456 BCX0\" data-ccp-props=\"{\"134233117\":true,\"335551550\":6,\"335551620\":6,\"335559739\":450}\">\u00a0<\/span><\/p>\n<p>\u00a0<\/p>\n<h4><span class=\"TextRun SCXW107530990 BCX0\" lang=\"EN-GB\" xml:lang=\"EN-GB\" data-contrast=\"none\"><span class=\"NormalTextRun SCXW107530990 BCX0\">Quel<\/span><span class=\"NormalTextRun SCXW107530990 BCX0\">\u00a0<\/span><span class=\"NormalTextRun SpellingErrorV2 SCXW107530990 BCX0\">est<\/span><span class=\"NormalTextRun SCXW107530990 BCX0\">\u00a0le plan?<\/span><\/span><span class=\"EOP SCXW107530990 BCX0\" data-ccp-props=\"{\"134233117\":true,\"201341983\":2,\"335551550\":6,\"335551620\":6,\"335559739\":240,\"335559740\":336}\">\u00a0<\/span><\/h4>\n<p><span data-contrast=\"none\">Cette migration sera effectu\u00e9e en\u00a0plusieurs\u00a0phases, et\u00a0nous vous contacterons au moins deux semaines avant le d\u00e9but des travaux pour vous confirmer votre cr\u00e9neau de maintenance.<\/span><span data-ccp-props=\"{\"134233117\":true,\"335551550\":6,\"335551620\":6,\"335559739\":450}\">\u00a0<\/span><\/p>\n<p><span data-contrast=\"none\">Pendant ces cr\u00e9neaux de maintenance, afin de faciliter le transfert des donn\u00e9es entre l\u2019ancien et le nouvel h\u00e9bergeur,\u00a0<\/span><b><span data-contrast=\"none\">le syst\u00e8me sera\u00a0hors-ligne\u00a0<\/span><\/b><span data-contrast=\"none\">et il ne sera pas possible de s\u2019y connecter.\u00a0<\/span><span data-ccp-props=\"{\"134233117\":true,\"335551550\":6,\"335551620\":6,\"335559739\":450}\">\u00a0<\/span><\/p>\n<p><span data-contrast=\"none\">Veuillez noter que cela impactera toutes les interfaces tierces, que ce soit en \u00e9mission ou en r\u00e9ception de donn\u00e9es.<\/span><span data-ccp-props=\"{\"134233117\":true,\"335551550\":6,\"335551620\":6,\"335559739\":450}\">\u00a0<\/span><\/p>\n<p><span data-contrast=\"none\">Toutes les requ\u00eates API seront refus\u00e9es durant la migration, et une page de maintenance appara\u00eetra \u00e0 la place de la page standard de connexion, pour informer les utilisateurs.<\/span><span data-ccp-props=\"{\"134233117\":true,\"335551550\":6,\"335551620\":6,\"335559739\":450}\">\u00a0<\/span><\/p>\n<p>\u00a0<\/p>\n<h4><span class=\"TextRun SCXW94860044 BCX0\" lang=\"FR-FR\" xml:lang=\"FR-FR\" data-contrast=\"none\"><span class=\"NormalTextRun SCXW94860044 BCX0\">A quoi dois-je m\u2019attendre apr\u00e8s la migration\u202f?<\/span><\/span><span class=\"EOP SCXW94860044 BCX0\" data-ccp-props=\"{\"134233117\":true,\"201341983\":2,\"335551550\":6,\"335551620\":6,\"335559739\":240,\"335559740\":336}\">\u00a0<\/span><\/h4>\n<p><span data-contrast=\"none\">Le changement le plus significatif\u00a0suite \u00e0\u00a0la migration sera une nouvelle URL\u00a0d\u2019acc\u00e8s \u00e0\u00a0Fleetwave, qui vous sera confirm\u00e9e\u00a0via un courriel s\u00e9par\u00e9, envoy\u00e9\u00a0avant que la migration ait eu lieu.<\/span><span data-ccp-props=\"{\"134233117\":true,\"335551550\":6,\"335551620\":6,\"335559739\":300}\">\u00a0<\/span><\/p>\n<div>Tous les utilisateurs devront mettre \u00e0 jour les raccourcis qu&#8217;ils utilisent pour acc\u00e9der \u00e0 Fleetwave, y compris ceux enregistr\u00e9s sur les tablettes et terminaux utilis\u00e9s par vos techniciens si vous utilisez le Hub.<\/div>\n<p><span data-contrast=\"none\">Si vous avez des int\u00e9grations de tierces parties,\u00a0vous pourriez avoir besoin de prendre en compte le changement de l\u2019URL d\u2019acc\u00e8s \u00e0\u00a0Fleetwave.<\/span><span data-ccp-props=\"{\"134233117\":true,\"335551550\":6,\"335551620\":6,\"335559739\":450}\">\u00a0<\/span><\/p>\n<p>\u00a0<\/p>\n<h4><span class=\"TextRun SCXW68384649 BCX0\" lang=\"EN-GB\" xml:lang=\"EN-GB\" data-contrast=\"none\"><span class=\"NormalTextRun SpellingErrorV2 SCXW68384649 BCX0\">Informations<\/span><span class=\"NormalTextRun SCXW68384649 BCX0\">\u00a0<\/span><span class=\"NormalTextRun SpellingErrorV2 SCXW68384649 BCX0\">compl\u00e9mentaires<\/span><\/span><span class=\"EOP SCXW68384649 BCX0\" data-ccp-props=\"{\"134233117\":true,\"201341983\":2,\"335559739\":240,\"335559740\":336}\">\u00a0<\/span><\/h4>\n<p><span data-contrast=\"none\">Nous publierons de Nouvelles notes d\u2019information et des mises \u00e0 jour \u00e0 mesure que nous nous approcherons de la date de migration.<\/span><\/p>\n<div>Vous pouvez trouver la FAQ d\u00e9taillant cette migration <a href=\"https:\/\/www.chevinfleet.com\/fr-fr\/migration-azure-foire-aux-questions\/\">ICI<\/a>.<\/div>\n<p>\u00a0<br \/>\n<span data-contrast=\"none\">En attendant, si vous avez des questions sur le processus de migration ou si vous souhaitez discuter directement avec un membre de notre \u00e9quipe, n\u2019h\u00e9sitez pas \u00e0\u00a0<a href=\"mailto:support@chevinfleet.com\">nous contacter<\/a>.<\/span><\/p>\n\n    <\/div>\n<\/section>\n\n\n","protected":false},"excerpt":{"rendered":"","protected":false},"author":3,"featured_media":0,"parent":0,"menu_order":0,"comment_status":"closed","ping_status":"closed","template":"","meta":{"_acf_changed":false,"footnotes":""},"class_list":["post-4734","page","type-page","status-publish","hentry"],"acf":[],"yoast_head":"<!-- This site is optimized with the Yoast SEO Premium plugin v26.3 (Yoast SEO v26.5) - https:\/\/yoast.com\/wordpress\/plugins\/seo\/ -->\n<title>Nous migrons sur Microsoft Azure | Chevin<\/title>\n<meta name=\"robots\" content=\"index, follow, max-snippet:-1, max-image-preview:large, max-video-preview:-1\" \/>\n<link rel=\"canonical\" href=\"https:\/\/www.chevinfleet.com\/fr-fr\/nous-migrons-sur-microsoft-azure\/\" \/>\n<meta property=\"og:locale\" content=\"en_GB\" \/>\n<meta property=\"og:type\" content=\"article\" \/>\n<meta property=\"og:title\" content=\"Nous migrons sur Microsoft Azure\" \/>\n<meta property=\"og:url\" content=\"https:\/\/www.chevinfleet.com\/fr-fr\/nous-migrons-sur-microsoft-azure\/\" \/>\n<meta property=\"og:site_name\" content=\"Chevin - France\" \/>\n<meta property=\"article:modified_time\" content=\"2021-07-29T09:47:09+00:00\" \/>\n<meta name=\"twitter:card\" content=\"summary_large_image\" \/>\n<script type=\"application\/ld+json\" class=\"yoast-schema-graph\">{\"@context\":\"https:\/\/schema.org\",\"@graph\":[{\"@type\":\"WebPage\",\"@id\":\"https:\/\/www.chevinfleet.com\/fr-fr\/nous-migrons-sur-microsoft-azure\/\",\"url\":\"https:\/\/www.chevinfleet.com\/fr-fr\/nous-migrons-sur-microsoft-azure\/\",\"name\":\"Nous migrons sur Microsoft Azure | Chevin\",\"isPartOf\":{\"@id\":\"https:\/\/www.chevinfleet.com\/fr-fr\/#website\"},\"datePublished\":\"2021-06-08T15:12:16+00:00\",\"dateModified\":\"2021-07-29T09:47:09+00:00\",\"breadcrumb\":{\"@id\":\"https:\/\/www.chevinfleet.com\/fr-fr\/nous-migrons-sur-microsoft-azure\/#breadcrumb\"},\"inLanguage\":\"en-GB\",\"potentialAction\":[{\"@type\":\"ReadAction\",\"target\":[\"https:\/\/www.chevinfleet.com\/fr-fr\/nous-migrons-sur-microsoft-azure\/\"]}]},{\"@type\":\"BreadcrumbList\",\"@id\":\"https:\/\/www.chevinfleet.com\/fr-fr\/nous-migrons-sur-microsoft-azure\/#breadcrumb\",\"itemListElement\":[{\"@type\":\"ListItem\",\"position\":1,\"name\":\"Home\",\"item\":\"https:\/\/www.chevinfleet.com\/fr-fr\/\"},{\"@type\":\"ListItem\",\"position\":2,\"name\":\"Nous migrons sur Microsoft Azu&hellip;\"}]},{\"@type\":\"WebSite\",\"@id\":\"https:\/\/www.chevinfleet.com\/fr-fr\/#website\",\"url\":\"https:\/\/www.chevinfleet.com\/fr-fr\/\",\"name\":\"Chevin - France\",\"description\":\"Just another  site\",\"potentialAction\":[{\"@type\":\"SearchAction\",\"target\":{\"@type\":\"EntryPoint\",\"urlTemplate\":\"https:\/\/www.chevinfleet.com\/fr-fr\/?s={search_term_string}\"},\"query-input\":{\"@type\":\"PropertyValueSpecification\",\"valueRequired\":true,\"valueName\":\"search_term_string\"}}],\"inLanguage\":\"en-GB\"}]}<\/script>\n<!-- \/ Yoast SEO Premium plugin. -->","yoast_head_json":{"title":"Nous migrons sur Microsoft Azure | Chevin","robots":{"index":"index","follow":"follow","max-snippet":"max-snippet:-1","max-image-preview":"max-image-preview:large","max-video-preview":"max-video-preview:-1"},"canonical":"https:\/\/www.chevinfleet.com\/fr-fr\/nous-migrons-sur-microsoft-azure\/","og_locale":"en_GB","og_type":"article","og_title":"Nous migrons sur Microsoft Azure","og_url":"https:\/\/www.chevinfleet.com\/fr-fr\/nous-migrons-sur-microsoft-azure\/","og_site_name":"Chevin - France","article_modified_time":"2021-07-29T09:47:09+00:00","twitter_card":"summary_large_image","schema":{"@context":"https:\/\/schema.org","@graph":[{"@type":"WebPage","@id":"https:\/\/www.chevinfleet.com\/fr-fr\/nous-migrons-sur-microsoft-azure\/","url":"https:\/\/www.chevinfleet.com\/fr-fr\/nous-migrons-sur-microsoft-azure\/","name":"Nous migrons sur Microsoft Azure | Chevin","isPartOf":{"@id":"https:\/\/www.chevinfleet.com\/fr-fr\/#website"},"datePublished":"2021-06-08T15:12:16+00:00","dateModified":"2021-07-29T09:47:09+00:00","breadcrumb":{"@id":"https:\/\/www.chevinfleet.com\/fr-fr\/nous-migrons-sur-microsoft-azure\/#breadcrumb"},"inLanguage":"en-GB","potentialAction":[{"@type":"ReadAction","target":["https:\/\/www.chevinfleet.com\/fr-fr\/nous-migrons-sur-microsoft-azure\/"]}]},{"@type":"BreadcrumbList","@id":"https:\/\/www.chevinfleet.com\/fr-fr\/nous-migrons-sur-microsoft-azure\/#breadcrumb","itemListElement":[{"@type":"ListItem","position":1,"name":"Home","item":"https:\/\/www.chevinfleet.com\/fr-fr\/"},{"@type":"ListItem","position":2,"name":"Nous migrons sur Microsoft Azu&hellip;"}]},{"@type":"WebSite","@id":"https:\/\/www.chevinfleet.com\/fr-fr\/#website","url":"https:\/\/www.chevinfleet.com\/fr-fr\/","name":"Chevin - France","description":"Just another  site","potentialAction":[{"@type":"SearchAction","target":{"@type":"EntryPoint","urlTemplate":"https:\/\/www.chevinfleet.com\/fr-fr\/?s={search_term_string}"},"query-input":{"@type":"PropertyValueSpecification","valueRequired":true,"valueName":"search_term_string"}}],"inLanguage":"en-GB"}]}},"_links":{"self":[{"href":"https:\/\/www.chevinfleet.com\/fr-fr\/wp-json\/wp\/v2\/pages\/4734","targetHints":{"allow":["GET"]}}],"collection":[{"href":"https:\/\/www.chevinfleet.com\/fr-fr\/wp-json\/wp\/v2\/pages"}],"about":[{"href":"https:\/\/www.chevinfleet.com\/fr-fr\/wp-json\/wp\/v2\/types\/page"}],"author":[{"embeddable":true,"href":"https:\/\/www.chevinfleet.com\/fr-fr\/wp-json\/wp\/v2\/users\/3"}],"replies":[{"embeddable":true,"href":"https:\/\/www.chevinfleet.com\/fr-fr\/wp-json\/wp\/v2\/comments?post=4734"}],"version-history":[{"count":0,"href":"https:\/\/www.chevinfleet.com\/fr-fr\/wp-json\/wp\/v2\/pages\/4734\/revisions"}],"wp:attachment":[{"href":"https:\/\/www.chevinfleet.com\/fr-fr\/wp-json\/wp\/v2\/media?parent=4734"}],"curies":[{"name":"wp","href":"https:\/\/api.w.org\/{rel}","templated":true}]}}