{"id":281,"date":"2020-11-25T10:16:09","date_gmt":"2020-11-25T10:16:09","guid":{"rendered":"https:\/\/chevin.test\/?page_id=281"},"modified":"2024-10-16T15:51:43","modified_gmt":"2024-10-16T14:51:43","slug":"notre-equipe","status":"publish","type":"page","link":"https:\/\/www.chevinfleet.com\/fr-fr\/notre-equipe\/","title":{"rendered":"Notre \u00e9quipe"},"content":{"rendered":"<section  class=\"c-page-header page-header content-section content-section--dark content-section--curved\">\n    <div class=\"container container--small u-text-center\">\n                    <h1>Notre \u00e9quipe<\/h1>\n                            <p>D\u00e9couvrez les personnes qui font de Chevin le leader mondial des solutions logicielles de gestion de flotte.\r\n<\/p>\n                \n    <\/div>\n    <\/section>\n\n\n<section  class=\"c-learn-more content-section learn-more content-section--dots  content-section--curved content-section--fade-to-grey  \">\n  \n  <div class=\"container\">\n\n    <div class=\"learn-more__wrapper animated fadeInUp  \">\n      \n      <div class=\"learn-more__content \">\n\n        \n        \n                  <div class=\"fadeInUp__3\"><p>Derri\u00e8re les produits Chevin se cachent certains des esprits passionn\u00e9s les plus brillants du secteur, qui fournissent les meilleurs syst\u00e8mes d\u2019information de flotte et le meilleur service client. Depuis la fondation de la soci\u00e9t\u00e9 il y a plus de 30\u00a0ans, nous nous sommes d\u00e9velopp\u00e9s pour devenir une entreprise de renomm\u00e9e mondiale qui offre la derni\u00e8re g\u00e9n\u00e9ration de solutions logicielles de flotte. Depuis nos bureaux au Royaume-Uni, aux \u00c9tats-Unis, en Belgique, en France et en Australie, nous fournissons des services de tr\u00e8s grande qualit\u00e9 \u00e0 nos clients, o\u00f9 qu\u2019ils se trouvent.<\/p>\n<\/div>\n        \n              <\/div>\n\n      <div class=\"learn-more__image animated fadeInUp__5\">\n\n                      <div class=\"orbit orbit--red animated \">\n    <div class=\"orbit__circle orbit__circle--1\">\n      <div class=\"orbit__blob orbit__blob--lg\">\n              <\/div>\n      <div class=\"orbit__blob orbit__blob--sm orbit__blob--\">\n              <\/div>\n      <div class=\"orbit__blob orbit__blob--xs\"><\/div>\n    <\/div>\n    <div class=\"orbit__circle orbit__circle--1-fast\">\n      <div class=\"orbit__blob orbit__blob--xs\"><\/div>\n    <\/div>\n    <div class=\"orbit__circle orbit__circle--2\">\n      <div class=\"orbit__blob orbit__blob--sm\">\n              <\/div>\n      <div class=\"orbit__blob orbit__blob--sm\">\n              <\/div>\n    <\/div>\n    <div class=\"orbit__circle orbit__circle--2-fast\">\n      <div class=\"orbit__blob orbit__blob--xs orbit__blob--\"><\/div>\n      <div class=\"orbit__blob orbit__blob--sm orbit__blob--\">\n              <\/div>\n    <\/div>\n              <div class=\"orbit__circle orbit__circle--3\"><\/div>\n      <div class=\"orbit__image orbit__image--full-img\">\n        <img decoding=\"async\" src=\"https:\/\/chevin-assets.s3.eu-west-1.amazonaws.com\/wp-content\/uploads\/sites\/5\/2024\/10\/16155115\/Liverpool-Day-2-032-scaled-1.jpg\" alt=\"\">\n      <\/div>\n      <\/div>\n\n        \n      <\/div>\n\n    <\/div>\n\n  <\/div>\n\n<\/section>\n\n<section  class=\"c-team-block content-section content-section--curved content-section--fade-to-grey team-block u-text-center content-section--big-overlap\">\n  \n  <div class=\"container animated fadeInUp\">\n    \n    <div class=\"team-block__intro fadeInUp__1\">\n      \n              <h2>\u00c9quipe de direction de Chevin<\/h2>\n      \n      \n    <\/div>\n\n    <div class=\"team-block__team fadeInUp__2\">\n      \n              \n        <div class=\"team-block__team-member\">\n          <img loading=\"lazy\" decoding=\"async\" width=\"300\" height=\"294\" src=\"https:\/\/chevin-assets.s3.eu-west-1.amazonaws.com\/wp-content\/uploads\/sites\/5\/2022\/03\/16150450\/Gary-Thompson-Profile-Pic_Light-300x294-1.jpeg\" class=\"attachment-post-thumbnail size-post-thumbnail wp-post-image\" alt=\"\" \/>\n\n                      <p class=\"u-red u-bold\">Gary Thompson<\/p>\n          \n                      <p>Chief Executive Officer<\/p>\n          \n        <\/div>\n\n              \n        <div class=\"team-block__team-member\">\n          <img loading=\"lazy\" decoding=\"async\" width=\"273\" height=\"300\" src=\"https:\/\/chevin-assets.s3.eu-west-1.amazonaws.com\/wp-content\/uploads\/sites\/5\/2020\/11\/16151024\/Will-Wycks-4-273x300-1.jpeg\" class=\"attachment-post-thumbnail size-post-thumbnail wp-post-image\" alt=\"\" \/>\n\n                      <p class=\"u-red u-bold\">Will Wycks<\/p>\n          \n                      <p>Chief Marketing &#038; Product Officer<\/p>\n          \n        <\/div>\n\n              \n        <div class=\"team-block__team-member\">\n          <img loading=\"lazy\" decoding=\"async\" width=\"282\" height=\"300\" src=\"https:\/\/chevin-assets.s3.eu-west-1.amazonaws.com\/wp-content\/uploads\/sites\/5\/2020\/12\/16150624\/James-B-Headshot-New-282x300-1.jpeg\" class=\"attachment-post-thumbnail size-post-thumbnail wp-post-image\" alt=\"\" \/>\n\n                      <p class=\"u-red u-bold\">James Broad<\/p>\n          \n                      <p>Chief Financial Officer<\/p>\n          \n        <\/div>\n\n              \n        <div class=\"team-block__team-member\">\n          <img loading=\"lazy\" decoding=\"async\" width=\"283\" height=\"300\" src=\"https:\/\/chevin-assets.s3.eu-west-1.amazonaws.com\/wp-content\/uploads\/sites\/5\/2024\/10\/16150132\/Christopherlloyd2-283x300-1.jpg\" class=\"attachment-post-thumbnail size-post-thumbnail wp-post-image\" alt=\"\" \/>\n\n                      <p class=\"u-red u-bold\">Christopher Lloyd<\/p>\n          \n                      <p>Chief Revenue Officer<\/p>\n          \n        <\/div>\n\n      \n    <\/div>\n\n  <\/div>\n\n<\/section>\n\n<section  class=\"c-cta-block cta-block content-section\">\n  <div class=\"container u-text-center animated fadeInUp\">\n    \n          <h2 class=\"u-red fadeInUp__1\">Vous \u00eates int\u00e9ress\u00e9 par une carri\u00e8re chez Chevin\u2009?<\/h2>\n    \n          <p class=\"fadeInUp__2\">Nous recherchons constamment de nouveaux talents : contactez-nous et parlez-nous de vous. Aucune offre d\u2019emploi ne correspond \u00e0 vos comp\u00e9tences et \u00e0 votre exp\u00e9rience\u2009? Vous pouvez quand m\u00eame nous transmettre votre CV \u2014 nous le conserverons et vous contacterons lorsque de nouvelles opportunit\u00e9s se pr\u00e9senteront.<\/p>\n    \n          <a class=\"button fadeInUp__3\" href=\"https:\/\/www.chevinfleet.com\/fr-fr\/carrieres\/\">Carri\u00e8res<\/a>\n      <\/div>\n<\/section>\n","protected":false},"excerpt":{"rendered":"","protected":false},"author":1,"featured_media":0,"parent":0,"menu_order":0,"comment_status":"closed","ping_status":"closed","template":"","meta":{"_acf_changed":true,"footnotes":""},"class_list":["post-281","page","type-page","status-publish","hentry"],"acf":[],"yoast_head":"<!-- This site is optimized with the Yoast SEO Premium plugin v26.3 (Yoast SEO v26.5) - https:\/\/yoast.com\/wordpress\/plugins\/seo\/ -->\n<title>Notre \u00e9quipe - Chevin - France<\/title>\n<meta name=\"robots\" content=\"index, follow, max-snippet:-1, max-image-preview:large, max-video-preview:-1\" \/>\n<link rel=\"canonical\" href=\"https:\/\/www.chevinfleet.com\/fr-fr\/notre-equipe\/\" \/>\n<meta property=\"og:locale\" content=\"en_GB\" \/>\n<meta property=\"og:type\" content=\"article\" \/>\n<meta property=\"og:title\" content=\"Notre \u00e9quipe\" \/>\n<meta property=\"og:url\" content=\"https:\/\/www.chevinfleet.com\/fr-fr\/notre-equipe\/\" \/>\n<meta property=\"og:site_name\" content=\"Chevin - France\" \/>\n<meta property=\"article:modified_time\" content=\"2024-10-16T14:51:43+00:00\" \/>\n<meta name=\"twitter:card\" content=\"summary_large_image\" \/>\n<script type=\"application\/ld+json\" class=\"yoast-schema-graph\">{\"@context\":\"https:\/\/schema.org\",\"@graph\":[{\"@type\":\"WebPage\",\"@id\":\"https:\/\/www.chevinfleet.com\/fr-fr\/notre-equipe\/\",\"url\":\"https:\/\/www.chevinfleet.com\/fr-fr\/notre-equipe\/\",\"name\":\"Notre \u00e9quipe - Chevin - France\",\"isPartOf\":{\"@id\":\"https:\/\/www.chevinfleet.com\/fr-fr\/#website\"},\"datePublished\":\"2020-11-25T10:16:09+00:00\",\"dateModified\":\"2024-10-16T14:51:43+00:00\",\"breadcrumb\":{\"@id\":\"https:\/\/www.chevinfleet.com\/fr-fr\/notre-equipe\/#breadcrumb\"},\"inLanguage\":\"en-GB\",\"potentialAction\":[{\"@type\":\"ReadAction\",\"target\":[\"https:\/\/www.chevinfleet.com\/fr-fr\/notre-equipe\/\"]}]},{\"@type\":\"BreadcrumbList\",\"@id\":\"https:\/\/www.chevinfleet.com\/fr-fr\/notre-equipe\/#breadcrumb\",\"itemListElement\":[{\"@type\":\"ListItem\",\"position\":1,\"name\":\"Home\",\"item\":\"https:\/\/www.chevinfleet.com\/fr-fr\/\"},{\"@type\":\"ListItem\",\"position\":2,\"name\":\"Notre \u00e9quipe\"}]},{\"@type\":\"WebSite\",\"@id\":\"https:\/\/www.chevinfleet.com\/fr-fr\/#website\",\"url\":\"https:\/\/www.chevinfleet.com\/fr-fr\/\",\"name\":\"Chevin - France\",\"description\":\"Just another  site\",\"potentialAction\":[{\"@type\":\"SearchAction\",\"target\":{\"@type\":\"EntryPoint\",\"urlTemplate\":\"https:\/\/www.chevinfleet.com\/fr-fr\/?s={search_term_string}\"},\"query-input\":{\"@type\":\"PropertyValueSpecification\",\"valueRequired\":true,\"valueName\":\"search_term_string\"}}],\"inLanguage\":\"en-GB\"}]}<\/script>\n<!-- \/ Yoast SEO Premium plugin. -->","yoast_head_json":{"title":"Notre \u00e9quipe - Chevin - France","robots":{"index":"index","follow":"follow","max-snippet":"max-snippet:-1","max-image-preview":"max-image-preview:large","max-video-preview":"max-video-preview:-1"},"canonical":"https:\/\/www.chevinfleet.com\/fr-fr\/notre-equipe\/","og_locale":"en_GB","og_type":"article","og_title":"Notre \u00e9quipe","og_url":"https:\/\/www.chevinfleet.com\/fr-fr\/notre-equipe\/","og_site_name":"Chevin - France","article_modified_time":"2024-10-16T14:51:43+00:00","twitter_card":"summary_large_image","schema":{"@context":"https:\/\/schema.org","@graph":[{"@type":"WebPage","@id":"https:\/\/www.chevinfleet.com\/fr-fr\/notre-equipe\/","url":"https:\/\/www.chevinfleet.com\/fr-fr\/notre-equipe\/","name":"Notre \u00e9quipe - Chevin - France","isPartOf":{"@id":"https:\/\/www.chevinfleet.com\/fr-fr\/#website"},"datePublished":"2020-11-25T10:16:09+00:00","dateModified":"2024-10-16T14:51:43+00:00","breadcrumb":{"@id":"https:\/\/www.chevinfleet.com\/fr-fr\/notre-equipe\/#breadcrumb"},"inLanguage":"en-GB","potentialAction":[{"@type":"ReadAction","target":["https:\/\/www.chevinfleet.com\/fr-fr\/notre-equipe\/"]}]},{"@type":"BreadcrumbList","@id":"https:\/\/www.chevinfleet.com\/fr-fr\/notre-equipe\/#breadcrumb","itemListElement":[{"@type":"ListItem","position":1,"name":"Home","item":"https:\/\/www.chevinfleet.com\/fr-fr\/"},{"@type":"ListItem","position":2,"name":"Notre \u00e9quipe"}]},{"@type":"WebSite","@id":"https:\/\/www.chevinfleet.com\/fr-fr\/#website","url":"https:\/\/www.chevinfleet.com\/fr-fr\/","name":"Chevin - France","description":"Just another  site","potentialAction":[{"@type":"SearchAction","target":{"@type":"EntryPoint","urlTemplate":"https:\/\/www.chevinfleet.com\/fr-fr\/?s={search_term_string}"},"query-input":{"@type":"PropertyValueSpecification","valueRequired":true,"valueName":"search_term_string"}}],"inLanguage":"en-GB"}]}},"_links":{"self":[{"href":"https:\/\/www.chevinfleet.com\/fr-fr\/wp-json\/wp\/v2\/pages\/281","targetHints":{"allow":["GET"]}}],"collection":[{"href":"https:\/\/www.chevinfleet.com\/fr-fr\/wp-json\/wp\/v2\/pages"}],"about":[{"href":"https:\/\/www.chevinfleet.com\/fr-fr\/wp-json\/wp\/v2\/types\/page"}],"author":[{"embeddable":true,"href":"https:\/\/www.chevinfleet.com\/fr-fr\/wp-json\/wp\/v2\/users\/1"}],"replies":[{"embeddable":true,"href":"https:\/\/www.chevinfleet.com\/fr-fr\/wp-json\/wp\/v2\/comments?post=281"}],"version-history":[{"count":0,"href":"https:\/\/www.chevinfleet.com\/fr-fr\/wp-json\/wp\/v2\/pages\/281\/revisions"}],"wp:attachment":[{"href":"https:\/\/www.chevinfleet.com\/fr-fr\/wp-json\/wp\/v2\/media?parent=281"}],"curies":[{"name":"wp","href":"https:\/\/api.w.org\/{rel}","templated":true}]}}