{"id":261,"date":"2020-11-24T15:49:05","date_gmt":"2020-11-24T15:49:05","guid":{"rendered":"https:\/\/chevin.test\/?page_id=261"},"modified":"2023-10-06T17:07:11","modified_gmt":"2023-10-06T16:07:11","slug":"carrieres","status":"publish","type":"page","link":"https:\/\/www.chevinfleet.com\/fr-fr\/carrieres\/","title":{"rendered":"Carri\u00e8res"},"content":{"rendered":"<section  class=\"c-page-header page-header content-section content-section--dark content-section--curved\">\n    <div class=\"container container--small u-text-center\">\n                    <h1>Carri\u00e8res<\/h1>\n                            <p>Sans nos \u00e9quipes incroyablement talentueuses, nos produits exceptionnels ne pourraient voir le jour. Notre groupe est en d\u00e9veloppement constant et nous avons besoin des personnes brillantes et enthousiastes pour nous accompagner dans cette aventure. <\/p>\n                            <a class=\"button\" href=\"https:\/\/volarisgroup.wd3.myworkdayjobs.com\/chevinfleet\">Voir Les Postes Vacants<\/a>\n        \n    <\/div>\n    <\/section>\n\n\n<section  class=\"content-section animated fadeInUp\" >\n    <div class=\"container   user-content fadeInUp__1\">\n        <p><img loading=\"lazy\" decoding=\"async\" class=\"alignnone size-full wp-image-4772\" src=\"https:\/\/chevin-assets.s3.eu-west-1.amazonaws.com\/wp-content\/uploads\/sites\/5\/2021\/07\/29114654\/People2.png\" alt=\"\" width=\"1285\" height=\"370\" srcset=\"https:\/\/chevin-assets.s3.eu-west-1.amazonaws.com\/wp-content\/uploads\/sites\/5\/2021\/07\/29114654\/People2.png 1285w, https:\/\/chevin-assets.s3.eu-west-1.amazonaws.com\/wp-content\/uploads\/sites\/5\/2021\/07\/29114654\/People2-300x86.png 300w, https:\/\/chevin-assets.s3.eu-west-1.amazonaws.com\/wp-content\/uploads\/sites\/5\/2021\/07\/29114654\/People2-1024x295.png 1024w, https:\/\/chevin-assets.s3.eu-west-1.amazonaws.com\/wp-content\/uploads\/sites\/5\/2021\/07\/29114654\/People2-768x221.png 768w\" sizes=\"auto, (max-width: 1285px) 100vw, 1285px\" \/><\/p>\n<h2 style=\"text-align:center;padding-top:30px;\">Notre talent nous distingue<\/h2>\n<p style=\"text-align: center;\"><span data-contrast=\"auto\">Nous innovons constamment, et nous comptons sur vous pour nous aider \u00e0 faciliter la vie de nos clients. Nous nous mesurons \u00e0 la qualit\u00e9 de nos employ\u00e9s et au service offert \u00e0 nos clients<\/span><span data-contrast=\"auto\">,<\/span><span data-contrast=\"auto\">\u00a0et notre seul objectif est de faire en sorte que chacun appr\u00e9cie r\u00e9ellement son exp\u00e9rience avec nous.\u00a0<\/span><span data-ccp-props=\"{\">\u00a0<\/span><\/p>\n<p style=\"text-align: center;\"><span data-contrast=\"auto\">Consultez les postes ci-dessous, et n&#8217;h\u00e9sitez pas \u00e0 poser votre candidature le cas \u00e9ch\u00e9ant.\u00a0<\/span><span data-ccp-props=\"{\">\u00a0<\/span><\/p>\n<p style=\"text-align: center;\"><span data-contrast=\"auto\">Si le travail que vous aimeriez faire n&#8217;est pas mentionn\u00e9, nous serons heureux de lire votre proposition ! Envoyez-nous un message pour nous\u00a0<\/span><span data-contrast=\"auto\">pr\u00e9senter\u00a0<\/span><span data-contrast=\"auto\">vos comp\u00e9tences.<\/span><span data-ccp-props=\"{\">\u00a0<\/span><\/p>\n\n    <\/div>\n<\/section>\n\n\n<section  class=\"content-section animated fadeInUp\" >\n    <div class=\"container container--small  user-content fadeInUp__1\">\n        <h2 style=\"text-align: center;\"><span class=\"TextRun MacChromeBold BCX0 SCXW118850772\" lang=\"FR-FR\" xml:lang=\"FR-FR\" data-contrast=\"auto\"><span class=\"NormalTextRun BCX0 SCXW118850772\">Avantages<\/span><\/span><span class=\"TextRun MacChromeBold BCX0 SCXW118850772\" lang=\"FR-FR\" xml:lang=\"FR-FR\" data-contrast=\"auto\"><span class=\"NormalTextRun BCX0 SCXW118850772\">\u00a0des employ\u00e9s<\/span><\/span><\/h2>\n\n    <\/div>\n<\/section>\n\n\n<section  class=\"c-features-slider content-section features-slider content-section--curved\">\n    <div class=\"container container--no-pad\">\n        <div class=\"features-slider__wrapper\" data-behaviour=\"featured-slider\">\n                            <div class=\"features-slider__feature animated fadeInUp\">\n                  <div class=\"features-slider__icon-container\">\n                    <img decoding=\"async\" class=\"fadeInUp__1 features-slider__icon\" src=\"https:\/\/chevin-assets.s3.eu-west-1.amazonaws.com\/wp-content\/uploads\/sites\/5\/2021\/02\/11140721\/WH_AddRequestParts.png\" alt=\"\">\n                  <\/div>\n                    <h3 class=\"u-bold fadeInUp__2\">Assurance maladie compl\u00e8te<\/h3>\n                    <p class=\"fadeInUp__3\"><\/p>\n                <\/div>\n                            <div class=\"features-slider__feature animated fadeInUp\">\n                  <div class=\"features-slider__icon-container\">\n                    <img decoding=\"async\" class=\"fadeInUp__1 features-slider__icon\" src=\"https:\/\/chevin-assets.s3.eu-west-1.amazonaws.com\/wp-content\/uploads\/sites\/5\/2021\/02\/11111144\/2_Icon-KeepCostsLow.png\" alt=\"\">\n                  <\/div>\n                    <h3 class=\"u-bold fadeInUp__2\">R\u00e9gimes de retraite<\/h3>\n                    <p class=\"fadeInUp__3\"><\/p>\n                <\/div>\n                            <div class=\"features-slider__feature animated fadeInUp\">\n                  <div class=\"features-slider__icon-container\">\n                    <img decoding=\"async\" class=\"fadeInUp__1 features-slider__icon\" src=\"https:\/\/chevin-assets.s3.eu-west-1.amazonaws.com\/wp-content\/uploads\/sites\/5\/2021\/02\/11111441\/FF_Icon-SimplifyScheduling.png\" alt=\"\">\n                  <\/div>\n                    <h3 class=\"u-bold fadeInUp__2\">Grand nombre de jours de cong\u00e9s personnels et de vacances <\/h3>\n                    <p class=\"fadeInUp__3\"><\/p>\n                <\/div>\n                            <div class=\"features-slider__feature animated fadeInUp\">\n                  <div class=\"features-slider__icon-container\">\n                    <img decoding=\"async\" class=\"fadeInUp__1 features-slider__icon\" src=\"https:\/\/chevin-assets.s3.eu-west-1.amazonaws.com\/wp-content\/uploads\/sites\/5\/2021\/02\/11140839\/Careers-MatLeave.png\" alt=\"\">\n                  <\/div>\n                    <h3 class=\"u-bold fadeInUp__2\">Cong\u00e9 de maternit\u00e9 et de paternit\u00e9 <\/h3>\n                    <p class=\"fadeInUp__3\"><\/p>\n                <\/div>\n                            <div class=\"features-slider__feature animated fadeInUp\">\n                  <div class=\"features-slider__icon-container\">\n                    <img decoding=\"async\" class=\"fadeInUp__1 features-slider__icon\" src=\"https:\/\/chevin-assets.s3.eu-west-1.amazonaws.com\/wp-content\/uploads\/sites\/5\/2021\/02\/11115956\/IN_6_Icon-TrackFleet.png\" alt=\"\">\n                  <\/div>\n                    <h3 class=\"u-bold fadeInUp__2\">Travail \u00e0 distance et flexible <\/h3>\n                    <p class=\"fadeInUp__3\"><\/p>\n                <\/div>\n                            <div class=\"features-slider__feature animated fadeInUp\">\n                  <div class=\"features-slider__icon-container\">\n                    <img decoding=\"async\" class=\"fadeInUp__1 features-slider__icon\" src=\"https:\/\/chevin-assets.s3.eu-west-1.amazonaws.com\/wp-content\/uploads\/sites\/5\/2021\/02\/11104055\/FW_Icon-CentraliseFleetManagement.png\" alt=\"\">\n                  <\/div>\n                    <h3 class=\"u-bold fadeInUp__2\">Programme RSE <\/h3>\n                    <p class=\"fadeInUp__3\"><\/p>\n                <\/div>\n                            <div class=\"features-slider__feature animated fadeInUp\">\n                  <div class=\"features-slider__icon-container\">\n                    <img decoding=\"async\" class=\"fadeInUp__1 features-slider__icon\" src=\"https:\/\/chevin-assets.s3.eu-west-1.amazonaws.com\/wp-content\/uploads\/sites\/5\/2021\/02\/11140956\/WH_Icon-AssistOnJobs.png\" alt=\"\">\n                  <\/div>\n                    <h3 class=\"u-bold fadeInUp__2\">R\u00e9gimes d&#8217;assurance de l&#8217;entreprise<\/h3>\n                    <p class=\"fadeInUp__3\"><\/p>\n                <\/div>\n                            <div class=\"features-slider__feature animated fadeInUp\">\n                  <div class=\"features-slider__icon-container\">\n                    <img decoding=\"async\" class=\"fadeInUp__1 features-slider__icon\" src=\"https:\/\/chevin-assets.s3.eu-west-1.amazonaws.com\/wp-content\/uploads\/sites\/5\/2021\/01\/11123521\/FF_Icon-BusinessExpenses-1.png\" alt=\"\">\n                  <\/div>\n                    <h3 class=\"u-bold fadeInUp__2\">Programmes de sant\u00e9, de bien-\u00eatre et de r\u00e9ductions<\/h3>\n                    <p class=\"fadeInUp__3\"><\/p>\n                <\/div>\n                    <\/div>\n    <\/div>\n<\/section>\n\n\n<section  class=\"c-image-slider image-slider content-section  \">\n    \n    <div class=\"container animated fadeInUp\">\n        \n                    <h2 class=\"u-text-center fadeInUp__1\">Logiciel de gestion des flotte prim\u00e9<\/h2>\n        \n        \n        \n        <div class=\"image-slider__wrapper\" data-behaviour=\"four-slider\">\n                            <div class=\"slide fadeInUp__4\">\n                    <div class=\"image-slider__block\">\n                        <img decoding=\"async\" src=\"https:\/\/chevin-assets.s3.eu-west-1.amazonaws.com\/wp-content\/uploads\/sites\/5\/2021\/02\/04144143\/capterra.png\">\n                        <p class=\"u-red\"><strong><\/strong><\/p>\n                                            <\/div>\n                <\/div>\n                            <div class=\"slide fadeInUp__4\">\n                    <div class=\"image-slider__block\">\n                        <img decoding=\"async\" src=\"https:\/\/chevin-assets.s3.eu-west-1.amazonaws.com\/wp-content\/uploads\/sites\/5\/2021\/02\/04144150\/FNRR2020.png\">\n                        <p class=\"u-red\"><strong><\/strong><\/p>\n                                            <\/div>\n                <\/div>\n                            <div class=\"slide fadeInUp__4\">\n                    <div class=\"image-slider__block\">\n                        <img decoding=\"async\" src=\"https:\/\/chevin-assets.s3.eu-west-1.amazonaws.com\/wp-content\/uploads\/sites\/5\/2021\/02\/04144153\/goultralow.png\">\n                        <p class=\"u-red\"><strong><\/strong><\/p>\n                                            <\/div>\n                <\/div>\n                            <div class=\"slide fadeInUp__4\">\n                    <div class=\"image-slider__block\">\n                        <img decoding=\"async\" src=\"https:\/\/chevin-assets.s3.eu-west-1.amazonaws.com\/wp-content\/uploads\/sites\/5\/2021\/02\/04144140\/business-car-winner-2019.png\">\n                        <p class=\"u-red\"><strong><\/strong><\/p>\n                                            <\/div>\n                <\/div>\n                            <div class=\"slide fadeInUp__4\">\n                    <div class=\"image-slider__block\">\n                        <img decoding=\"async\" src=\"https:\/\/chevin-assets.s3.eu-west-1.amazonaws.com\/wp-content\/uploads\/sites\/5\/2021\/02\/04144145\/Customer-Success-Awards-2018.png\">\n                        <p class=\"u-red\"><strong><\/strong><\/p>\n                                            <\/div>\n                <\/div>\n                            <div class=\"slide fadeInUp__4\">\n                    <div class=\"image-slider__block\">\n                        <img decoding=\"async\" src=\"https:\/\/chevin-assets.s3.eu-west-1.amazonaws.com\/wp-content\/uploads\/sites\/5\/2021\/02\/04144151\/GBFA-2019.png\">\n                        <p class=\"u-red\"><strong><\/strong><\/p>\n                                            <\/div>\n                <\/div>\n                            <div class=\"slide fadeInUp__4\">\n                    <div class=\"image-slider__block\">\n                        <img decoding=\"async\" src=\"https:\/\/chevin-assets.s3.eu-west-1.amazonaws.com\/wp-content\/uploads\/sites\/5\/2021\/02\/04144157\/ISO27001.png\">\n                        <p class=\"u-red\"><strong><\/strong><\/p>\n                                            <\/div>\n                <\/div>\n                            <div class=\"slide fadeInUp__4\">\n                    <div class=\"image-slider__block\">\n                        <img decoding=\"async\" src=\"https:\/\/chevin-assets.s3.eu-west-1.amazonaws.com\/wp-content\/uploads\/sites\/5\/2021\/02\/04144155\/ISO9001.png\">\n                        <p class=\"u-red\"><strong><\/strong><\/p>\n                                            <\/div>\n                <\/div>\n                            <div class=\"slide fadeInUp__4\">\n                    <div class=\"image-slider__block\">\n                        <img decoding=\"async\" src=\"https:\/\/chevin-assets.s3.eu-west-1.amazonaws.com\/wp-content\/uploads\/sites\/5\/2021\/02\/04144158\/Technology-Elite-Awards-2018.png\">\n                        <p class=\"u-red\"><strong><\/strong><\/p>\n                                            <\/div>\n                <\/div>\n                            <div class=\"slide fadeInUp__4\">\n                    <div class=\"image-slider__block\">\n                        <img decoding=\"async\" src=\"https:\/\/chevin-assets.s3.eu-west-1.amazonaws.com\/wp-content\/uploads\/sites\/5\/2021\/02\/04144146\/CV-mag-small-business-awards.png\">\n                        <p class=\"u-red\"><strong><\/strong><\/p>\n                                            <\/div>\n                <\/div>\n                            <div class=\"slide fadeInUp__4\">\n                    <div class=\"image-slider__block\">\n                        <img decoding=\"async\" src=\"https:\/\/chevin-assets.s3.eu-west-1.amazonaws.com\/wp-content\/uploads\/sites\/5\/2021\/02\/04144149\/FleetWorld-Honours-2018.png\">\n                        <p class=\"u-red\"><strong><\/strong><\/p>\n                                            <\/div>\n                <\/div>\n                            <div class=\"slide fadeInUp__4\">\n                    <div class=\"image-slider__block\">\n                        <img decoding=\"async\" src=\"https:\/\/chevin-assets.s3.eu-west-1.amazonaws.com\/wp-content\/uploads\/sites\/5\/2021\/02\/04144147\/East-Midlands-Chamber-Derbyshire-Business-Awards.png\">\n                        <p class=\"u-red\"><strong><\/strong><\/p>\n                                            <\/div>\n                <\/div>\n                            <div class=\"slide fadeInUp__4\">\n                    <div class=\"image-slider__block\">\n                        <img decoding=\"async\" src=\"https:\/\/chevin-assets.s3.eu-west-1.amazonaws.com\/wp-content\/uploads\/sites\/5\/2021\/02\/04144148\/Fleet-World-Honours-2017.jpg\">\n                        <p class=\"u-red\"><strong><\/strong><\/p>\n                                            <\/div>\n                <\/div>\n                            <div class=\"slide fadeInUp__4\">\n                    <div class=\"image-slider__block\">\n                        <img decoding=\"async\" src=\"https:\/\/chevin-assets.s3.eu-west-1.amazonaws.com\/wp-content\/uploads\/sites\/5\/2021\/02\/04144142\/BusinessCar-Technology-Awards-2017-.png\">\n                        <p class=\"u-red\"><strong><\/strong><\/p>\n                                            <\/div>\n                <\/div>\n                            <div class=\"slide fadeInUp__4\">\n                    <div class=\"image-slider__block\">\n                        <img decoding=\"async\" src=\"https:\/\/chevin-assets.s3.eu-west-1.amazonaws.com\/wp-content\/uploads\/sites\/5\/2021\/02\/04144154\/GreenFleet-Awards-2017.png\">\n                        <p class=\"u-red\"><strong><\/strong><\/p>\n                                            <\/div>\n                <\/div>\n                    <\/div>\n    <\/div>\n<\/section>\n\n\n","protected":false},"excerpt":{"rendered":"","protected":false},"author":1,"featured_media":0,"parent":0,"menu_order":0,"comment_status":"closed","ping_status":"closed","template":"","meta":{"_acf_changed":false,"footnotes":""},"class_list":["post-261","page","type-page","status-publish","hentry"],"acf":[],"yoast_head":"<!-- This site is optimized with the Yoast SEO Premium plugin v26.3 (Yoast SEO v26.5) - https:\/\/yoast.com\/wordpress\/plugins\/seo\/ -->\n<title>Carri\u00e8res - Chevin - France<\/title>\n<meta name=\"robots\" content=\"index, follow, max-snippet:-1, max-image-preview:large, max-video-preview:-1\" \/>\n<link rel=\"canonical\" href=\"https:\/\/www.chevinfleet.com\/fr-fr\/carrieres\/\" \/>\n<meta property=\"og:locale\" content=\"en_GB\" \/>\n<meta property=\"og:type\" content=\"article\" \/>\n<meta property=\"og:title\" content=\"Carri\u00e8res\" \/>\n<meta property=\"og:url\" content=\"https:\/\/www.chevinfleet.com\/fr-fr\/carrieres\/\" \/>\n<meta property=\"og:site_name\" content=\"Chevin - France\" \/>\n<meta property=\"article:modified_time\" content=\"2023-10-06T16:07:11+00:00\" \/>\n<meta name=\"twitter:card\" content=\"summary_large_image\" \/>\n<script type=\"application\/ld+json\" class=\"yoast-schema-graph\">{\"@context\":\"https:\/\/schema.org\",\"@graph\":[{\"@type\":\"WebPage\",\"@id\":\"https:\/\/www.chevinfleet.com\/fr-fr\/carrieres\/\",\"url\":\"https:\/\/www.chevinfleet.com\/fr-fr\/carrieres\/\",\"name\":\"Carri\u00e8res - Chevin - France\",\"isPartOf\":{\"@id\":\"https:\/\/www.chevinfleet.com\/fr-fr\/#website\"},\"datePublished\":\"2020-11-24T15:49:05+00:00\",\"dateModified\":\"2023-10-06T16:07:11+00:00\",\"breadcrumb\":{\"@id\":\"https:\/\/www.chevinfleet.com\/fr-fr\/carrieres\/#breadcrumb\"},\"inLanguage\":\"en-GB\",\"potentialAction\":[{\"@type\":\"ReadAction\",\"target\":[\"https:\/\/www.chevinfleet.com\/fr-fr\/carrieres\/\"]}]},{\"@type\":\"BreadcrumbList\",\"@id\":\"https:\/\/www.chevinfleet.com\/fr-fr\/carrieres\/#breadcrumb\",\"itemListElement\":[{\"@type\":\"ListItem\",\"position\":1,\"name\":\"Home\",\"item\":\"https:\/\/www.chevinfleet.com\/fr-fr\/\"},{\"@type\":\"ListItem\",\"position\":2,\"name\":\"Carri\u00e8res\"}]},{\"@type\":\"WebSite\",\"@id\":\"https:\/\/www.chevinfleet.com\/fr-fr\/#website\",\"url\":\"https:\/\/www.chevinfleet.com\/fr-fr\/\",\"name\":\"Chevin - France\",\"description\":\"Just another  site\",\"potentialAction\":[{\"@type\":\"SearchAction\",\"target\":{\"@type\":\"EntryPoint\",\"urlTemplate\":\"https:\/\/www.chevinfleet.com\/fr-fr\/?s={search_term_string}\"},\"query-input\":{\"@type\":\"PropertyValueSpecification\",\"valueRequired\":true,\"valueName\":\"search_term_string\"}}],\"inLanguage\":\"en-GB\"}]}<\/script>\n<!-- \/ Yoast SEO Premium plugin. -->","yoast_head_json":{"title":"Carri\u00e8res - Chevin - France","robots":{"index":"index","follow":"follow","max-snippet":"max-snippet:-1","max-image-preview":"max-image-preview:large","max-video-preview":"max-video-preview:-1"},"canonical":"https:\/\/www.chevinfleet.com\/fr-fr\/carrieres\/","og_locale":"en_GB","og_type":"article","og_title":"Carri\u00e8res","og_url":"https:\/\/www.chevinfleet.com\/fr-fr\/carrieres\/","og_site_name":"Chevin - France","article_modified_time":"2023-10-06T16:07:11+00:00","twitter_card":"summary_large_image","schema":{"@context":"https:\/\/schema.org","@graph":[{"@type":"WebPage","@id":"https:\/\/www.chevinfleet.com\/fr-fr\/carrieres\/","url":"https:\/\/www.chevinfleet.com\/fr-fr\/carrieres\/","name":"Carri\u00e8res - Chevin - France","isPartOf":{"@id":"https:\/\/www.chevinfleet.com\/fr-fr\/#website"},"datePublished":"2020-11-24T15:49:05+00:00","dateModified":"2023-10-06T16:07:11+00:00","breadcrumb":{"@id":"https:\/\/www.chevinfleet.com\/fr-fr\/carrieres\/#breadcrumb"},"inLanguage":"en-GB","potentialAction":[{"@type":"ReadAction","target":["https:\/\/www.chevinfleet.com\/fr-fr\/carrieres\/"]}]},{"@type":"BreadcrumbList","@id":"https:\/\/www.chevinfleet.com\/fr-fr\/carrieres\/#breadcrumb","itemListElement":[{"@type":"ListItem","position":1,"name":"Home","item":"https:\/\/www.chevinfleet.com\/fr-fr\/"},{"@type":"ListItem","position":2,"name":"Carri\u00e8res"}]},{"@type":"WebSite","@id":"https:\/\/www.chevinfleet.com\/fr-fr\/#website","url":"https:\/\/www.chevinfleet.com\/fr-fr\/","name":"Chevin - France","description":"Just another  site","potentialAction":[{"@type":"SearchAction","target":{"@type":"EntryPoint","urlTemplate":"https:\/\/www.chevinfleet.com\/fr-fr\/?s={search_term_string}"},"query-input":{"@type":"PropertyValueSpecification","valueRequired":true,"valueName":"search_term_string"}}],"inLanguage":"en-GB"}]}},"_links":{"self":[{"href":"https:\/\/www.chevinfleet.com\/fr-fr\/wp-json\/wp\/v2\/pages\/261","targetHints":{"allow":["GET"]}}],"collection":[{"href":"https:\/\/www.chevinfleet.com\/fr-fr\/wp-json\/wp\/v2\/pages"}],"about":[{"href":"https:\/\/www.chevinfleet.com\/fr-fr\/wp-json\/wp\/v2\/types\/page"}],"author":[{"embeddable":true,"href":"https:\/\/www.chevinfleet.com\/fr-fr\/wp-json\/wp\/v2\/users\/1"}],"replies":[{"embeddable":true,"href":"https:\/\/www.chevinfleet.com\/fr-fr\/wp-json\/wp\/v2\/comments?post=261"}],"version-history":[{"count":0,"href":"https:\/\/www.chevinfleet.com\/fr-fr\/wp-json\/wp\/v2\/pages\/261\/revisions"}],"wp:attachment":[{"href":"https:\/\/www.chevinfleet.com\/fr-fr\/wp-json\/wp\/v2\/media?parent=261"}],"curies":[{"name":"wp","href":"https:\/\/api.w.org\/{rel}","templated":true}]}}