{"id":2080,"date":"2021-01-18T16:15:20","date_gmt":"2021-01-18T16:15:20","guid":{"rendered":"http:\/\/www.chevinfleet.com\/?page_id=2080"},"modified":"2024-10-10T09:57:50","modified_gmt":"2024-10-10T08:57:50","slug":"construction","status":"publish","type":"page","link":"https:\/\/www.chevinfleet.com\/fr-fr\/construction\/","title":{"rendered":"Construction"},"content":{"rendered":"<section  class=\"c-basic-header basic-header content-section\">\n    <div class=\"container container--small u-text-center\">\n                    <h5>Secteurs d\u2019activit\u00e9<\/h5>\n                            <h1 class=\"u-red\">Construction<\/h1>\n                            <p>Assurez-vous que l\u2019ensemble de vos v\u00e9hicules de construction et les actifs correspondants se trouvent au bon endroit et sont en bon \u00e9tat de fonctionnement.<\/p>\n                    <\/div>\n<\/section>\n\n\n<section  class=\"c-learn-more content-section learn-more content-section--dots-left    \">\n  \n  <div class=\"container\">\n\n    <div class=\"learn-more__wrapper animated fadeInUp learn-more__wrapper--flipped \">\n      \n      <div class=\"learn-more__content learn-more__content--flipped\">\n\n        \n                  <h2 class=\" fadeInUp__2\">G\u00e9rez facilement votre flotte de chantier<\/h2>\n        \n                  <div class=\"fadeInUp__3\"><p>Exploiter une grande entreprise de construction et g\u00e9rer une flotte d\u2019actifs co\u00fbteux n\u2019est pas une mince affaire, surtout lorsqu\u2019il faut s\u2019assurer que tous les v\u00e9hicules, engins et \u00e9quipements de chantier sont en bon \u00e9tat de fonctionnement.<\/p>\n<\/div>\n        \n                  <a class=\"fadeInUp__4\" href=\"\/fr-fr\/demandez-une-demonstration\/\">Demandez-nous une d\u00e9monstration<\/a>\n              <\/div>\n\n      <div class=\"learn-more__image animated fadeInUp__5\">\n\n                  <img decoding=\"async\" src=\"https:\/\/chevin-assets.s3.eu-west-1.amazonaws.com\/wp-content\/uploads\/sites\/5\/2021\/02\/11114627\/IN_1_Image-Circle.png\" alt=\"\">\n        \n      <\/div>\n\n    <\/div>\n\n  <\/div>\n\n<\/section>\n\n\n<section  class=\"c-cta-banner cta-banner content-section cta-banner--1791994176 cta-banner--light\">\n  \n  <style>\n    @media (min-width: 1440px) {\n        .cta-banner--1791994176 {\n            background-image: url(https:\/\/chevin-assets.s3.eu-west-1.amazonaws.com\/wp-content\/uploads\/sites\/5\/2021\/02\/04164555\/banner-resized-4.jpg);\n            background-size: cover;\n            background-repeat: no-repeat;\n        }\n    }\n    @media (max-width: 1440px) {\n        .cta-banner--1791994176 {\n            background-image: url(https:\/\/chevin-assets.s3.eu-west-1.amazonaws.com\/wp-content\/uploads\/sites\/5\/2021\/02\/04164555\/banner-resized-4.jpg);\n            background-size: cover;\n            background-repeat: no-repeat;\n        }\n    }\n    @media (max-width: 768px) {\n        .cta-banner--1791994176 {\n            background-image: url(https:\/\/chevin-assets.s3.eu-west-1.amazonaws.com\/wp-content\/uploads\/sites\/5\/2021\/02\/04164555\/banner-resized-4.jpg);\n            background-size: cover;\n            background-repeat: no-repeat;\n        }\n    }\n    @media (max-width: 360px) {\n        .cta-banner--1791994176 {\n            background-image: url(https:\/\/chevin-assets.s3.eu-west-1.amazonaws.com\/wp-content\/uploads\/sites\/5\/2021\/02\/04164555\/banner-resized-4.jpg);\n            background-size: cover;\n            background-repeat: no-repeat;\n        }\n    }\n<\/style> \n  \n  <div class=\"container\">\n\n    <div class=\"cta-banner__container animated fadeInUp\">\n\n              <h3 class=\"u-bold fadeInUp__1\">Maintenez vos actifs en mouvement<\/h3>\n            \n              <p class=\"fadeInUp__2\">\n          FleetWave simplifie m\u00eame les exigences de gestion d\u2019actifs les plus complexes, de la gestion du personnel au respect de la conformit\u00e9 de votre flotte, en passant par l\u2019\u00e9valuation des co\u00fbts et la production de rapports. Stockez toutes les informations cl\u00e9s de votre flotte dans un seul syst\u00e8me s\u00e9curis\u00e9 et facile \u00e0 utiliser. Gr\u00e2ce \u00e0 notre logiciel en ligne innovant, suivez de pr\u00e9s les donn\u00e9es cruciales de vos actifs, votre consommation de carburant, vos calendriers de maintenance, vos \u00e9missions de CO2, la conformit\u00e9 r\u00e9glementaire, etc.\n        <\/p>\n      \n      \n    <\/div>\n  <\/div>\n<\/section>\n\n\n<section  class=\"c-learn-more content-section learn-more content-section--dots-left    \">\n  \n  <div class=\"container\">\n\n    <div class=\"learn-more__wrapper animated fadeInUp learn-more__wrapper--flipped \">\n      \n      <div class=\"learn-more__content learn-more__content--flipped\">\n\n        \n                  <h2 class=\" fadeInUp__2\">Entretenez votre flotte BTP<\/h2>\n        \n                  <div class=\"fadeInUp__3\"><p>Assurez une disponibilit\u00e9 maximale et entretenez facilement vos actifs gr\u00e2ce \u00e0 FleetWave. Notre syst\u00e8me innovant vous permet de programmer des rappels automatiques pour des \u00e9v\u00e9nements quotidiens importants tels que\u00a0:<\/p>\n<ul>\n<li>les inspections, via notre <a href=\"https:\/\/www.chevinfleet.com\/fr-fr\/products\/fleetwave-forms\/\">application mobile<\/a><\/li>\n<li>la conformit\u00e9 r\u00e9glementaire<\/li>\n<li>les t\u00e2ches de maintenance pr\u00e9ventive<\/li>\n<li>les intervalles d\u2019entretien<\/li>\n<\/ul>\n<\/div>\n        \n              <\/div>\n\n      <div class=\"learn-more__image animated fadeInUp__5\">\n\n                  <img decoding=\"async\" src=\"https:\/\/chevin-assets.s3.eu-west-1.amazonaws.com\/wp-content\/uploads\/sites\/5\/2021\/02\/25155531\/Light-3.png\" alt=\"\">\n        \n      <\/div>\n\n    <\/div>\n\n  <\/div>\n\n<\/section>\n\n<section  class=\"c-features-slider content-section features-slider \">\n    <div class=\"container container--no-pad\">\n        <div class=\"features-slider__wrapper\" data-behaviour=\"featured-slider\">\n                            <div class=\"features-slider__feature animated fadeInUp\">\n                  <div class=\"features-slider__icon-container\">\n                    <img decoding=\"async\" class=\"fadeInUp__1 features-slider__icon\" src=\"https:\/\/chevin-assets.s3.eu-west-1.amazonaws.com\/wp-content\/uploads\/sites\/5\/2021\/02\/11115103\/IN_1_Icon-IntegrateEffor.png\" alt=\"\">\n                  <\/div>\n                    <h3 class=\"u-bold fadeInUp__2\">Int\u00e9gration facilit\u00e9e<\/h3>\n                    <p class=\"fadeInUp__3\">Int\u00e9grez facilement vos donn\u00e9es avec des fournisseurs de donn\u00e9es tiers, logiciels de suivi des actifs, applications, services web et syst\u00e8mes internes.<\/p>\n                <\/div>\n                            <div class=\"features-slider__feature animated fadeInUp\">\n                  <div class=\"features-slider__icon-container\">\n                    <img decoding=\"async\" class=\"fadeInUp__1 features-slider__icon\" src=\"https:\/\/chevin-assets.s3.eu-west-1.amazonaws.com\/wp-content\/uploads\/sites\/5\/2021\/02\/11104249\/FF_Icon-UsePreConfiguredCustomForms.png\" alt=\"\">\n                  <\/div>\n                    <h3 class=\"u-bold fadeInUp__2\">Assurez le suivi des co\u00fbts<\/h3>\n                    <p class=\"fadeInUp__3\">Prenez le contr\u00f4le de vos frais d\u2019exploitation et des performances de vos \u00e9quipements. Visualisez et supervisez vos \u00e9quipements, \u00e9valuez et am\u00e9liorez leur utilisation et prolongez leur dur\u00e9e de vie gr\u00e2ce \u00e0 des rapports et KPI pr\u00e9d\u00e9finis ou personnalis\u00e9s.<\/p>\n                <\/div>\n                            <div class=\"features-slider__feature animated fadeInUp\">\n                  <div class=\"features-slider__icon-container\">\n                    <img decoding=\"async\" class=\"fadeInUp__1 features-slider__icon\" src=\"https:\/\/chevin-assets.s3.eu-west-1.amazonaws.com\/wp-content\/uploads\/sites\/5\/2021\/02\/11111059\/FF_Icon-SafetyRiskAssessments.png\" alt=\"\">\n                  <\/div>\n                    <h3 class=\"u-bold fadeInUp__2\">Faites la promotion de la s\u00e9curit\u00e9<\/h3>\n                    <p class=\"fadeInUp__3\">R\u00e9duisez les risques et assurez la s\u00e9curit\u00e9 de votre flotte et de vos conducteurs en analysant les donn\u00e9es relatives aux accidents et \u00e0 la conduite.<\/p>\n                <\/div>\n                    <\/div>\n    <\/div>\n<\/section>\n\n\n<section  class=\"c-text-carousel content-section animated fadeInUp\">\n  <div class=\"container\">\n    <div class=\"text-carousel fadeInUp__1\">\n      <div data-behaviour=\"text-slider\">\n                  <div class=\"text-carousel__slide\">\n            <h3 class=\"u-bold\">La brochure FleetWave<\/h3>\n            <p>Consultez notre brochure pour plus d\u2019informations, dont la liste compl\u00e8te des fonctionnalit\u00e9s.<\/p>\n            <a class=\"unstyled\" href=\"https:\/\/www.chevinfleet.com\/fr-fr\/learning-zone\/fleetwave-brochure\/\">En savoir plus<\/a>\n          <\/div>\n              <\/div>\n    <\/div>\n  <\/div>\n<\/section>\n\n\n<section  class=\"c-learn-more content-section learn-more content-section--dots    \">\n  \n  <div class=\"container\">\n\n    <div class=\"learn-more__wrapper animated fadeInUp  \">\n      \n      <div class=\"learn-more__content \">\n\n        \n                  <h2 class=\" fadeInUp__2\">Assurez la conformit\u00e9<\/h2>\n        \n                  <div class=\"fadeInUp__3\"><p>Il est important de rester \u00e0 jour dans les proc\u00e9dures de maintenance et mandats gouvernementaux lorsque vous utilisez des \u00e9quipements lourds et potentiellement dangereux. FleetWave peut vous aider sur les points suivants\u00a0:<\/p>\n<ul>\n<li>Vous assurer que vous disposez de la documentation ad\u00e9quate et vos collaborateurs des permis adapt\u00e9s, pour exploiter des engins ou v\u00e9hicules sp\u00e9cifiques\u2009;<\/li>\n<li>Automatiser les rappels pour les \u00e9v\u00e9nements et engagements cruciaux ;<\/li>\n<li>Cr\u00e9er des KPI dans votre tableau de bord pour rester inform\u00e9\u2009;<\/li>\n<li>Enregistrer les accidents et \u00e9tablir des profils accidentologiques \u00e0 l\u2019aide de FleetWave\u00a0Forms\u2009;<\/li>\n<li>Stocker toutes les donn\u00e9es RH, y compris la formation, l\u2019anciennet\u00e9 et les qualifications professionnelles, pour rep\u00e9rer les opportunit\u00e9s de perfectionnement.<\/li>\n<\/ul>\n<\/div>\n        \n              <\/div>\n\n      <div class=\"learn-more__image animated fadeInUp__5\">\n\n                  <img decoding=\"async\" src=\"https:\/\/chevin-assets.s3.eu-west-1.amazonaws.com\/wp-content\/uploads\/sites\/5\/2021\/01\/25143907\/forms.png\" alt=\"\">\n        \n      <\/div>\n\n    <\/div>\n\n  <\/div>\n\n<\/section>\n\n<section  class=\"c-image-slider image-slider content-section  \">\n    \n    <div class=\"container animated fadeInUp\">\n        \n                    <h2 class=\"u-text-center fadeInUp__1\">Qui utilise notre logiciel\u2009?<\/h2>\n        \n                    <h3 class=\"u-text-center fadeInUp__2\">De nombreux leaders mondiaux de l\u2019industrie de la construction utilisent Chevin, y compris :<\/h3>\n        \n        \n        <div class=\"image-slider__wrapper\" data-behaviour=\"four-slider\">\n                            <div class=\"slide fadeInUp__4\">\n                    <div class=\"image-slider__block\">\n                        <img decoding=\"async\" src=\"https:\/\/chevin-assets.s3.eu-west-1.amazonaws.com\/wp-content\/uploads\/sites\/5\/2021\/02\/04164833\/saint-gobain.png\">\n                        <p class=\"u-red\"><strong><\/strong><\/p>\n                                            <\/div>\n                <\/div>\n                            <div class=\"slide fadeInUp__4\">\n                    <div class=\"image-slider__block\">\n                        <img decoding=\"async\" src=\"https:\/\/chevin-assets.s3.eu-west-1.amazonaws.com\/wp-content\/uploads\/sites\/5\/2021\/02\/04164830\/jcb.png\">\n                        <p class=\"u-red\"><strong><\/strong><\/p>\n                                            <\/div>\n                <\/div>\n                            <div class=\"slide fadeInUp__4\">\n                    <div class=\"image-slider__block\">\n                        <img decoding=\"async\" src=\"https:\/\/chevin-assets.s3.eu-west-1.amazonaws.com\/wp-content\/uploads\/sites\/5\/2021\/02\/04164828\/higgins.png\">\n                        <p class=\"u-red\"><strong><\/strong><\/p>\n                                            <\/div>\n                <\/div>\n                            <div class=\"slide fadeInUp__4\">\n                    <div class=\"image-slider__block\">\n                        <img decoding=\"async\" src=\"https:\/\/chevin-assets.s3.eu-west-1.amazonaws.com\/wp-content\/uploads\/sites\/5\/2021\/02\/04164831\/NEW-Day-Group-Ltd.png\">\n                        <p class=\"u-red\"><strong><\/strong><\/p>\n                                            <\/div>\n                <\/div>\n                            <div class=\"slide fadeInUp__4\">\n                    <div class=\"image-slider__block\">\n                        <img decoding=\"async\" src=\"https:\/\/chevin-assets.s3.eu-west-1.amazonaws.com\/wp-content\/uploads\/sites\/5\/2021\/02\/04164832\/NEW-Prince-Build-Ltd.png\">\n                        <p class=\"u-red\"><strong><\/strong><\/p>\n                                            <\/div>\n                <\/div>\n                    <\/div>\n    <\/div>\n<\/section>\n\n\n<section  class=\"content-section content-section--curved content-section--fade-to-grey content-section--big-overlap\">\n    \n    <div class=\"container container--small u-text-center animated fadeInUp\">\n        \n                    <h5 class=\"fadeInUp__1\">RESSOURCES<\/h5>\n                            <h3 class=\"fadeInUp__1\"><b>Vous pourriez aussi \u00eatre int\u00e9ress\u00e9 par\u2026<\/b><\/h3>\n                                <\/div>\n\n    <\/section>\n<section class=\"content-section animated fadeInUp\">\n    \n    <div class=\"container container--no-pad fadeInUp__2\">\n        <div class=\"post-type-wrapper\" data-behaviour=\"featured-slider\">\n                            <a class=\"post-type unstyled post-type--transform \" href=\"https:\/\/www.chevinfleet.com\/fr-fr\/learning-zone\/conseils-pour-la-securite-dans-votre-flotte\/\">\n    <div class=\"post-type__image\">\n                    <img decoding=\"async\" src=\"https:\/\/chevin-assets.s3.eu-west-1.amazonaws.com\/wp-content\/uploads\/sites\/5\/2021\/01\/24013558\/Telephone-cropped-image-e1613473300932-440x358.jpg\">\n            <\/div>\n    <div class=\"post-type__content\">\n                <p class=\"post-type__name\"><strong>5 conseils pour promouvoir la s\u00e9curit\u00e9 au sein de votre flotte<\/strong><\/p>\n                <p class=\"post-type__more\">En savoir plus<\/p>\n    <\/div>\n<\/a>\n                            <a class=\"post-type unstyled post-type--transform \" href=\"https:\/\/www.chevinfleet.com\/fr-fr\/learning-zone\/10-conseils-pour-souscrire-a-une-assurance-moins-chere\/\">\n    <div class=\"post-type__image\">\n                    <img decoding=\"async\" src=\"https:\/\/chevin-assets.s3.eu-west-1.amazonaws.com\/wp-content\/uploads\/sites\/5\/2021\/01\/24003049\/assurance-voiture-500x500-1-440x440.jpg\">\n            <\/div>\n    <div class=\"post-type__content\">\n                <p class=\"post-type__name\"><strong>Comment \u00e9conomiser de l&#8217;argent lorsque l&#8217;on choisit son assurance flotte automobile ?<\/strong><\/p>\n                <p class=\"post-type__more\">En savoir plus<\/p>\n    <\/div>\n<\/a>\n                            <a class=\"post-type unstyled post-type--transform \" href=\"https:\/\/www.chevinfleet.com\/fr-fr\/learning-zone\/guide-dachat-pour-logiciel-de-gestion-de-flotte\/\">\n    <div class=\"post-type__image\">\n                    <img decoding=\"async\" src=\"https:\/\/chevin-assets.s3.eu-west-1.amazonaws.com\/wp-content\/uploads\/sites\/5\/2021\/01\/02145114\/buyers-guide-hero-1-440x440.png\">\n            <\/div>\n    <div class=\"post-type__content\">\n                <p class=\"post-type__name\"><strong>Guide d\u2019Achat Pour Logiciel de Gestion de Flotte<\/strong><\/p>\n                <p class=\"post-type__more\">En savoir plus<\/p>\n    <\/div>\n<\/a>\n                    <\/div>\n    <\/div>\n<\/section>\n<section class=\"c-hr hr content-section u-show-mobile\">\n<div class=\"container\">\n    <hr>\n<\/div>\n\n<\/section>\n\n\n<section  class=\"c-cta-block cta-block content-section\">\n  <div class=\"container u-text-center animated fadeInUp\">\n    \n          <h2 class=\"u-red fadeInUp__1\">Pr\u00eat \u00e0 optimiser la gestion de votre flotte\u2009?<\/h2>\n    \n          <p class=\"fadeInUp__2\">Demandez \u00e0 un de nos commerciaux de vous contacter pour en savoir plus sur l\u2019optimisation de la gestion de flotte.<\/p>\n    \n          <a class=\"button fadeInUp__3\" href=\"\/fr-fr\/prix\/\">Voir les tarifs<\/a>\n      <\/div>\n<\/section>\n","protected":false},"excerpt":{"rendered":"","protected":false},"author":3,"featured_media":0,"parent":0,"menu_order":0,"comment_status":"closed","ping_status":"closed","template":"","meta":{"_acf_changed":true,"footnotes":""},"class_list":["post-2080","page","type-page","status-publish","hentry"],"acf":[],"yoast_head":"<!-- This site is optimized with the Yoast SEO Premium plugin v26.3 (Yoast SEO v26.5) - https:\/\/yoast.com\/wordpress\/plugins\/seo\/ -->\n<title>Logiciel gestion de flotte pour les entreprises du b\u00e2timent | Chevin<\/title>\n<meta name=\"description\" content=\"Am\u00e9liorez la gestion ainsi que la visibilit\u00e9 de vos \u00e9quipements et actifs avec notre logiciel de gestion pour les entreprises du b\u00e2timent\" \/>\n<meta name=\"robots\" content=\"index, follow, max-snippet:-1, max-image-preview:large, max-video-preview:-1\" \/>\n<link rel=\"canonical\" href=\"https:\/\/www.chevinfleet.com\/fr-fr\/construction\/\" \/>\n<meta property=\"og:locale\" content=\"en_GB\" \/>\n<meta property=\"og:type\" content=\"article\" \/>\n<meta property=\"og:title\" content=\"Construction\" \/>\n<meta property=\"og:description\" content=\"Am\u00e9liorez la gestion ainsi que la visibilit\u00e9 de vos \u00e9quipements et actifs avec notre logiciel de gestion pour les entreprises du b\u00e2timent\" \/>\n<meta property=\"og:url\" content=\"https:\/\/www.chevinfleet.com\/fr-fr\/construction\/\" \/>\n<meta property=\"og:site_name\" content=\"Chevin - France\" \/>\n<meta property=\"article:modified_time\" content=\"2024-10-10T08:57:50+00:00\" \/>\n<meta name=\"twitter:card\" content=\"summary_large_image\" \/>\n<script type=\"application\/ld+json\" class=\"yoast-schema-graph\">{\"@context\":\"https:\/\/schema.org\",\"@graph\":[{\"@type\":\"WebPage\",\"@id\":\"https:\/\/www.chevinfleet.com\/fr-fr\/construction\/\",\"url\":\"https:\/\/www.chevinfleet.com\/fr-fr\/construction\/\",\"name\":\"Logiciel gestion de flotte pour les entreprises du b\u00e2timent | Chevin\",\"isPartOf\":{\"@id\":\"https:\/\/www.chevinfleet.com\/fr-fr\/#website\"},\"datePublished\":\"2021-01-18T16:15:20+00:00\",\"dateModified\":\"2024-10-10T08:57:50+00:00\",\"description\":\"Am\u00e9liorez la gestion ainsi que la visibilit\u00e9 de vos \u00e9quipements et actifs avec notre logiciel de gestion pour les entreprises du b\u00e2timent\",\"breadcrumb\":{\"@id\":\"https:\/\/www.chevinfleet.com\/fr-fr\/construction\/#breadcrumb\"},\"inLanguage\":\"en-GB\",\"potentialAction\":[{\"@type\":\"ReadAction\",\"target\":[\"https:\/\/www.chevinfleet.com\/fr-fr\/construction\/\"]}]},{\"@type\":\"BreadcrumbList\",\"@id\":\"https:\/\/www.chevinfleet.com\/fr-fr\/construction\/#breadcrumb\",\"itemListElement\":[{\"@type\":\"ListItem\",\"position\":1,\"name\":\"Home\",\"item\":\"https:\/\/www.chevinfleet.com\/fr-fr\/\"},{\"@type\":\"ListItem\",\"position\":2,\"name\":\"Construction\"}]},{\"@type\":\"WebSite\",\"@id\":\"https:\/\/www.chevinfleet.com\/fr-fr\/#website\",\"url\":\"https:\/\/www.chevinfleet.com\/fr-fr\/\",\"name\":\"Chevin - France\",\"description\":\"Just another  site\",\"potentialAction\":[{\"@type\":\"SearchAction\",\"target\":{\"@type\":\"EntryPoint\",\"urlTemplate\":\"https:\/\/www.chevinfleet.com\/fr-fr\/?s={search_term_string}\"},\"query-input\":{\"@type\":\"PropertyValueSpecification\",\"valueRequired\":true,\"valueName\":\"search_term_string\"}}],\"inLanguage\":\"en-GB\"}]}<\/script>\n<!-- \/ Yoast SEO Premium plugin. -->","yoast_head_json":{"title":"Logiciel gestion de flotte pour les entreprises du b\u00e2timent | Chevin","description":"Am\u00e9liorez la gestion ainsi que la visibilit\u00e9 de vos \u00e9quipements et actifs avec notre logiciel de gestion pour les entreprises du b\u00e2timent","robots":{"index":"index","follow":"follow","max-snippet":"max-snippet:-1","max-image-preview":"max-image-preview:large","max-video-preview":"max-video-preview:-1"},"canonical":"https:\/\/www.chevinfleet.com\/fr-fr\/construction\/","og_locale":"en_GB","og_type":"article","og_title":"Construction","og_description":"Am\u00e9liorez la gestion ainsi que la visibilit\u00e9 de vos \u00e9quipements et actifs avec notre logiciel de gestion pour les entreprises du b\u00e2timent","og_url":"https:\/\/www.chevinfleet.com\/fr-fr\/construction\/","og_site_name":"Chevin - France","article_modified_time":"2024-10-10T08:57:50+00:00","twitter_card":"summary_large_image","schema":{"@context":"https:\/\/schema.org","@graph":[{"@type":"WebPage","@id":"https:\/\/www.chevinfleet.com\/fr-fr\/construction\/","url":"https:\/\/www.chevinfleet.com\/fr-fr\/construction\/","name":"Logiciel gestion de flotte pour les entreprises du b\u00e2timent | Chevin","isPartOf":{"@id":"https:\/\/www.chevinfleet.com\/fr-fr\/#website"},"datePublished":"2021-01-18T16:15:20+00:00","dateModified":"2024-10-10T08:57:50+00:00","description":"Am\u00e9liorez la gestion ainsi que la visibilit\u00e9 de vos \u00e9quipements et actifs avec notre logiciel de gestion pour les entreprises du b\u00e2timent","breadcrumb":{"@id":"https:\/\/www.chevinfleet.com\/fr-fr\/construction\/#breadcrumb"},"inLanguage":"en-GB","potentialAction":[{"@type":"ReadAction","target":["https:\/\/www.chevinfleet.com\/fr-fr\/construction\/"]}]},{"@type":"BreadcrumbList","@id":"https:\/\/www.chevinfleet.com\/fr-fr\/construction\/#breadcrumb","itemListElement":[{"@type":"ListItem","position":1,"name":"Home","item":"https:\/\/www.chevinfleet.com\/fr-fr\/"},{"@type":"ListItem","position":2,"name":"Construction"}]},{"@type":"WebSite","@id":"https:\/\/www.chevinfleet.com\/fr-fr\/#website","url":"https:\/\/www.chevinfleet.com\/fr-fr\/","name":"Chevin - France","description":"Just another  site","potentialAction":[{"@type":"SearchAction","target":{"@type":"EntryPoint","urlTemplate":"https:\/\/www.chevinfleet.com\/fr-fr\/?s={search_term_string}"},"query-input":{"@type":"PropertyValueSpecification","valueRequired":true,"valueName":"search_term_string"}}],"inLanguage":"en-GB"}]}},"_links":{"self":[{"href":"https:\/\/www.chevinfleet.com\/fr-fr\/wp-json\/wp\/v2\/pages\/2080","targetHints":{"allow":["GET"]}}],"collection":[{"href":"https:\/\/www.chevinfleet.com\/fr-fr\/wp-json\/wp\/v2\/pages"}],"about":[{"href":"https:\/\/www.chevinfleet.com\/fr-fr\/wp-json\/wp\/v2\/types\/page"}],"author":[{"embeddable":true,"href":"https:\/\/www.chevinfleet.com\/fr-fr\/wp-json\/wp\/v2\/users\/3"}],"replies":[{"embeddable":true,"href":"https:\/\/www.chevinfleet.com\/fr-fr\/wp-json\/wp\/v2\/comments?post=2080"}],"version-history":[{"count":0,"href":"https:\/\/www.chevinfleet.com\/fr-fr\/wp-json\/wp\/v2\/pages\/2080\/revisions"}],"wp:attachment":[{"href":"https:\/\/www.chevinfleet.com\/fr-fr\/wp-json\/wp\/v2\/media?parent=2080"}],"curies":[{"name":"wp","href":"https:\/\/api.w.org\/{rel}","templated":true}]}}