{"id":1868,"date":"2021-01-17T13:29:33","date_gmt":"2021-01-17T13:29:33","guid":{"rendered":"http:\/\/www.chevinfleet.com\/?page_id=1868"},"modified":"2021-01-19T01:23:06","modified_gmt":"2021-01-19T01:23:06","slug":"fines-management-software","status":"publish","type":"page","link":"https:\/\/www.chevinfleet.com\/fr-fr\/fines-management-software\/","title":{"rendered":"Fines management software"},"content":{"rendered":"<section  class=\"c-basic-header basic-header content-section\">\n    <div class=\"container container--small u-text-center\">\n                    <h5>Solutions<\/h5>\n                            <h1 class=\"u-red\">Fines management software<\/h1>\n                            <p>Easily manage appeals, avoid escalation charges &#038; identify fine hotspots.<\/p>\n                    <\/div>\n<\/section>\n\n\n<section  class=\"c-learn-more content-section learn-more content-section--dots-left   content-section--big-overlap \">\n  \n  <div class=\"container\">\n\n    <div class=\"learn-more__wrapper animated fadeInUp learn-more__wrapper--flipped \">\n      \n      <div class=\"learn-more__content learn-more__content--flipped\">\n\n        \n                  <h2 class=\" fadeInUp__2\">Streamline your fines management process<\/h2>\n        \n                  <div class=\"fadeInUp__3\"><p>Don\u2019t let penalties catch you out.<\/p>\n<p>FleetWave&#8217;s fine management capabilities give you visibility over everything from speeding fines to parking penalties and toll charges.<\/p>\n<\/div>\n        \n              <\/div>\n\n      <div class=\"learn-more__image animated fadeInUp__5\">\n\n                  <img decoding=\"async\" src=\"https:\/\/www.chevinfleet.com\/wp-content\/uploads\/sites\/5\/2020\/12\/Group-716.png\" alt=\"\">\n        \n      <\/div>\n\n    <\/div>\n\n  <\/div>\n\n<\/section>\n\n\n<section  class=\"c-cta-banner cta-banner content-section cta-banner--1889584361 cta-banner--light\">\n  \n  <style>\n    @media (min-width: 1440px) {\n        .cta-banner--1889584361 {\n            background-image: url(https:\/\/www.chevinfleet.com\/wp-content\/uploads\/sites\/5\/2021\/01\/banner-1.jpg);\n            background-size: cover;\n            background-repeat: no-repeat;\n        }\n    }\n    @media (max-width: 1440px) {\n        .cta-banner--1889584361 {\n            background-image: url(https:\/\/www.chevinfleet.com\/wp-content\/uploads\/sites\/5\/2021\/01\/banner-1.jpg);\n            background-size: cover;\n            background-repeat: no-repeat;\n        }\n    }\n    @media (max-width: 768px) {\n        .cta-banner--1889584361 {\n            background-image: url(https:\/\/www.chevinfleet.com\/wp-content\/uploads\/sites\/5\/2021\/01\/banner-1.jpg);\n            background-size: cover;\n            background-repeat: no-repeat;\n        }\n    }\n    @media (max-width: 360px) {\n        .cta-banner--1889584361 {\n            background-image: url(https:\/\/www.chevinfleet.com\/wp-content\/uploads\/sites\/5\/2021\/01\/banner-1.jpg);\n            background-size: cover;\n            background-repeat: no-repeat;\n        }\n    }\n<\/style> \n  \n  <div class=\"container\">\n\n    <div class=\"cta-banner__container animated fadeInUp\">\n\n            \n              <p class=\"fadeInUp__2\">\n          FleetWave helps you to keep on top of all your fine data, centralising the information so that you can process and challenge fines with ease. Upload photos to support claims, monitor driver payments and create timelines for appeal process tracking.\n        <\/p>\n      \n      \n    <\/div>\n  <\/div>\n<\/section>\n\n\n<section  class=\"c-learn-more content-section learn-more content-section--dots-left    \">\n  \n  <div class=\"container\">\n\n    <div class=\"learn-more__wrapper animated fadeInUp learn-more__wrapper--flipped \">\n      \n      <div class=\"learn-more__content learn-more__content--flipped\">\n\n        \n                  <h2 class=\" fadeInUp__2\">Keep track of fines data<\/h2>\n        \n                  <div class=\"fadeInUp__3\"><p>Use our in-depth reports dashboard to monitor outstanding tasks, track penalties and understand the costs and causes of fines.<\/p>\n<\/div>\n        \n              <\/div>\n\n      <div class=\"learn-more__image animated fadeInUp__5\">\n\n                  <img decoding=\"async\" src=\"https:\/\/www.chevinfleet.com\/wp-content\/uploads\/sites\/5\/2021\/01\/accident-report.png\" alt=\"\">\n        \n      <\/div>\n\n    <\/div>\n\n  <\/div>\n\n<\/section>\n\n<section  class=\"c-features-slider content-section features-slider \">\n    <div class=\"container container--no-pad\">\n        <div class=\"features-slider__wrapper\" data-behaviour=\"featured-slider\">\n                            <div class=\"features-slider__feature animated fadeInUp\">\n                  <div class=\"features-slider__icon-container\">\n                    <img decoding=\"async\" class=\"fadeInUp__1 features-slider__icon\" src=\"https:\/\/www.chevinfleet.com\/wp-content\/uploads\/sites\/5\/2020\/12\/Group-417.png\" alt=\"\">\n                  <\/div>\n                    <h3 class=\"u-bold fadeInUp__2\">Improve response times <\/h3>\n                    <p class=\"fadeInUp__3\">Act quickly to avoid extra charges and reduce time-consuming admin by managing everything in one place.<\/p>\n                <\/div>\n                            <div class=\"features-slider__feature animated fadeInUp\">\n                  <div class=\"features-slider__icon-container\">\n                    <img decoding=\"async\" class=\"fadeInUp__1 features-slider__icon\" src=\"https:\/\/www.chevinfleet.com\/wp-content\/uploads\/sites\/5\/2020\/12\/Group-416.png\" alt=\"\">\n                  <\/div>\n                    <h3 class=\"u-bold fadeInUp__2\">Avoid future mistakes<\/h3>\n                    <p class=\"fadeInUp__3\">Easily identify fine location hotspots and avoid old mistakes that could result in new charges.<\/p>\n                <\/div>\n                            <div class=\"features-slider__feature animated fadeInUp\">\n                  <div class=\"features-slider__icon-container\">\n                    <img decoding=\"async\" class=\"fadeInUp__1 features-slider__icon\" src=\"https:\/\/www.chevinfleet.com\/wp-content\/uploads\/sites\/5\/2020\/12\/Group-415.png\" alt=\"\">\n                  <\/div>\n                    <h3 class=\"u-bold fadeInUp__2\">Appeal and overturn fines<\/h3>\n                    <p class=\"fadeInUp__3\">Track appeals and keep on top of detailed information such as case numbers and hearing dates to give you everything you need to appeal fines with ease. <\/p>\n                <\/div>\n                            <div class=\"features-slider__feature animated fadeInUp\">\n                  <div class=\"features-slider__icon-container\">\n                    <img decoding=\"async\" class=\"fadeInUp__1 features-slider__icon\" src=\"https:\/\/www.chevinfleet.com\/wp-content\/uploads\/sites\/5\/2020\/12\/Group-417.png\" alt=\"\">\n                  <\/div>\n                    <h3 class=\"u-bold fadeInUp__2\">Improve cost visibility<\/h3>\n                    <p class=\"fadeInUp__3\">Stay in control of your charges and form cost reduction strategies with clear visibility over fine and penalty data.<\/p>\n                <\/div>\n                    <\/div>\n    <\/div>\n<\/section>\n\n\n<section  class=\"c-text-carousel content-section animated fadeInUp\">\n  <div class=\"container\">\n    <div class=\"text-carousel fadeInUp__1\">\n      <div data-behaviour=\"text-slider\">\n                  <div class=\"text-carousel__slide\">\n            <h3 class=\"u-bold\">Download our FleetWave Brochure<\/h3>\n            <p>Stay on track with smarter fleet management<\/p>\n            <a class=\"unstyled\" href=\"\">En savoir plus<\/a>\n          <\/div>\n              <\/div>\n    <\/div>\n  <\/div>\n<\/section>\n\n\n<section  class=\"c-product-summary-block product-summary-block content-section content-section--fade-to-grey content-section--curved content-section--dots\">\n  \n  <div class=\"container container--small u-text-center animated fadeInUp\">\n    \n    \n      \n  <\/div>\n  \n  <div class=\"container product-summary-block__wrapper\">\n    <div class=\"product-summary-block__tabs\">\n              <h3 class=\"u-red u-bold\">Reduce speeding fines<\/h3>\n            <div data-behaviour=\"product-tab-link\">\n                  <div class=\"product-summary-block__tab\" data-ref=\"product-124472451-1\">\n            <img decoding=\"async\" src=\"\" class=\"product-summary-block__icon\" alt=\"\">\n            <p class=\"u-bold\">Easily record all fine-related data such as offence dates and fine amounts<\/p>\n          <\/div>\n                  <div class=\"product-summary-block__tab\" data-ref=\"product-124472451-2\">\n            <img decoding=\"async\" src=\"\" class=\"product-summary-block__icon\" alt=\"\">\n            <p class=\"u-bold\">identify drivers that may benefit from training or speed awareness courses<\/p>\n          <\/div>\n              <\/div>\n      <a href=\"\"><\/a>\n    <\/div>\n                                    <img decoding=\"async\" src=\"https:\/\/www.chevinfleet.com\/wp-content\/uploads\/sites\/5\/2021\/01\/accident-forms.png\"\n     data-srcset=\"https:\/\/www.chevinfleet.com\/wp-content\/uploads\/sites\/5\/2021\/01\/accident-forms-337x266.png 360w,\n                https:\/\/www.chevinfleet.com\/wp-content\/uploads\/sites\/5\/2021\/01\/accident-forms-675x400.png 768w,\n                https:\/\/www.chevinfleet.com\/wp-content\/uploads\/sites\/5\/2021\/01\/accident-forms.png 1440w,\n                https:\/\/www.chevinfleet.com\/wp-content\/uploads\/sites\/5\/2021\/01\/accident-forms.png 2000w\" class=\"product-summary-block__image product-124472451-1 \" \/>\n                                    <img decoding=\"async\" src=\"https:\/\/www.chevinfleet.com\/wp-content\/uploads\/sites\/5\/2021\/01\/Laptop-dark-mode.png\"\n     data-srcset=\"https:\/\/www.chevinfleet.com\/wp-content\/uploads\/sites\/5\/2021\/01\/Laptop-dark-mode-337x266.png 360w,\n                https:\/\/www.chevinfleet.com\/wp-content\/uploads\/sites\/5\/2021\/01\/Laptop-dark-mode-675x400.png 768w,\n                https:\/\/www.chevinfleet.com\/wp-content\/uploads\/sites\/5\/2021\/01\/Laptop-dark-mode.png 1440w,\n                https:\/\/www.chevinfleet.com\/wp-content\/uploads\/sites\/5\/2021\/01\/Laptop-dark-mode.png 2000w\" class=\"product-summary-block__image product-124472451-2 \" \/>\n      <\/div>\n<\/section>\n\n\n<section  class=\"c-learn-more content-section learn-more content-section--dots-left    \">\n  \n  <div class=\"container\">\n\n    <div class=\"learn-more__wrapper animated fadeInUp learn-more__wrapper--flipped \">\n      \n      <div class=\"learn-more__content learn-more__content--flipped\">\n\n        \n                  <h2 class=\" fadeInUp__2\">Reduce administration for PCN fines<\/h2>\n        \n                  <div class=\"fadeInUp__3\"><p>Avoid escalation costs by keeping track of Parking Charge Notices (PCN). FleetWave collates all your PCN data, so you can ensure everything is paid on time.<\/p>\n<\/div>\n        \n              <\/div>\n\n      <div class=\"learn-more__image animated fadeInUp__5\">\n\n                  <img decoding=\"async\" src=\"https:\/\/www.chevinfleet.com\/wp-content\/uploads\/sites\/5\/2021\/01\/accident-status-2.png\" alt=\"\">\n        \n      <\/div>\n\n    <\/div>\n\n  <\/div>\n\n<\/section>\n\n<section id=\"awards\" class=\"c-image-slider image-slider content-section  \">\n    \n    <div class=\"container animated fadeInUp\">\n        \n                    <h2 class=\"u-text-center fadeInUp__1\">Award winning fines management software<\/h2>\n        \n        \n        \n        <div class=\"image-slider__wrapper\" data-behaviour=\"four-slider\">\n                            <div class=\"slide fadeInUp__4\">\n                    <div class=\"image-slider__block\">\n                        <img decoding=\"async\" src=\"https:\/\/www.chevinfleet.com\/wp-content\/uploads\/sites\/5\/2021\/01\/Fleet-News-2020-2.png\">\n                        <p class=\"u-red\"><strong><\/strong><\/p>\n                                            <\/div>\n                <\/div>\n                            <div class=\"slide fadeInUp__4\">\n                    <div class=\"image-slider__block\">\n                        <img decoding=\"async\" src=\"https:\/\/www.chevinfleet.com\/wp-content\/uploads\/sites\/5\/2021\/01\/Business_Car_Awards_Winner_Logo_2019.png\">\n                        <p class=\"u-red\"><strong><\/strong><\/p>\n                                            <\/div>\n                <\/div>\n                            <div class=\"slide fadeInUp__4\">\n                    <div class=\"image-slider__block\">\n                        <img decoding=\"async\" src=\"https:\/\/www.chevinfleet.com\/wp-content\/uploads\/sites\/5\/2021\/01\/Transport-Awards-2019-small-270x200.jpg\">\n                        <p class=\"u-red\"><strong><\/strong><\/p>\n                                            <\/div>\n                <\/div>\n                    <\/div>\n    <\/div>\n<\/section>\n\n\n<section  class=\"content-section \">\n    \n    <div class=\"container container--small u-text-center animated fadeInUp\">\n        \n                    <h5 class=\"fadeInUp__1\">CASE STUDY<\/h5>\n                            <h3 class=\"fadeInUp__1\"><b>See what our customers say&#8230;<\/b><\/h3>\n                                <\/div>\n\n    \n    <div class=\"container container--no-pad fadeInUp__2\">\n        <div class=\"post-type-wrapper\" data-behaviour=\"featured-slider\">\n                            <a class=\"post-type unstyled post-type--transform \" href=\"https:\/\/www.chevinfleet.com\/fr-fr\/blog\/chevin-passe-a-la-vitesse-superieure-avec-un-nouveau-site-web-et-une-nouvelle-identite-de-marque\/\">\n    <div class=\"post-type__image\">\n                    <img decoding=\"async\" src=\"https:\/\/chevin-assets.s3.eu-west-1.amazonaws.com\/wp-content\/uploads\/sites\/5\/2021\/01\/02144311\/fleetwave-brochure-1-e1613473019628-440x315.png\">\n            <\/div>\n    <div class=\"post-type__content\">\n                <p class=\"post-type__name\"><strong>Chevin passe \u00e0 la vitesse sup\u00e9rieure<\/strong><\/p>\n                    <p>Chevin passe \u00e0 la vitesse sup\u00e9rieure avec un nouveau site web et une nouvelle identit\u00e9 de marque<\/p>\n                <p class=\"post-type__more\">En savoir plus<\/p>\n    <\/div>\n<\/a>\n                    <\/div>\n    <\/div>\n<\/section>\n<section class=\"c-hr hr content-section u-show-mobile\">\n<div class=\"container\">\n    <hr>\n<\/div>\n\n<\/section>\n\n\n<section  class=\"c-cta-block cta-block content-section\">\n  <div class=\"container u-text-center animated fadeInUp\">\n    \n          <h2 class=\"u-red fadeInUp__1\">Ready to improve your fines management?<\/h2>\n    \n          <p class=\"fadeInUp__2\">If you\u2019re ready to learn more about smarter fines management, let us know and one of our sales development representatives will be in touch!<\/p>\n    \n          <a class=\"button fadeInUp__3\" href=\"\/\">Click here to get started<\/a>\n      <\/div>\n<\/section>\n","protected":false},"excerpt":{"rendered":"","protected":false},"author":3,"featured_media":0,"parent":0,"menu_order":0,"comment_status":"closed","ping_status":"closed","template":"","meta":{"_acf_changed":false,"footnotes":""},"class_list":["post-1868","page","type-page","status-publish","hentry"],"acf":[],"yoast_head":"<!-- This site is optimized with the Yoast SEO Premium plugin v26.3 (Yoast SEO v26.5) - https:\/\/yoast.com\/wordpress\/plugins\/seo\/ -->\n<title>Fines management software - Chevin - France<\/title>\n<meta name=\"robots\" content=\"index, follow, max-snippet:-1, max-image-preview:large, max-video-preview:-1\" \/>\n<link rel=\"canonical\" href=\"https:\/\/www.chevinfleet.com\/fr-fr\/fines-management-software\/\" \/>\n<meta property=\"og:locale\" content=\"en_GB\" \/>\n<meta property=\"og:type\" content=\"article\" \/>\n<meta property=\"og:title\" content=\"Fines management software\" \/>\n<meta property=\"og:url\" content=\"https:\/\/www.chevinfleet.com\/fr-fr\/fines-management-software\/\" \/>\n<meta property=\"og:site_name\" content=\"Chevin - France\" \/>\n<meta property=\"article:modified_time\" content=\"2021-01-19T01:23:06+00:00\" \/>\n<meta name=\"twitter:card\" content=\"summary_large_image\" \/>\n<script type=\"application\/ld+json\" class=\"yoast-schema-graph\">{\"@context\":\"https:\/\/schema.org\",\"@graph\":[{\"@type\":\"WebPage\",\"@id\":\"https:\/\/www.chevinfleet.com\/fr-fr\/fines-management-software\/\",\"url\":\"https:\/\/www.chevinfleet.com\/fr-fr\/fines-management-software\/\",\"name\":\"Fines management software - Chevin - France\",\"isPartOf\":{\"@id\":\"https:\/\/www.chevinfleet.com\/fr-fr\/#website\"},\"datePublished\":\"2021-01-17T13:29:33+00:00\",\"dateModified\":\"2021-01-19T01:23:06+00:00\",\"breadcrumb\":{\"@id\":\"https:\/\/www.chevinfleet.com\/fr-fr\/fines-management-software\/#breadcrumb\"},\"inLanguage\":\"en-GB\",\"potentialAction\":[{\"@type\":\"ReadAction\",\"target\":[\"https:\/\/www.chevinfleet.com\/fr-fr\/fines-management-software\/\"]}]},{\"@type\":\"BreadcrumbList\",\"@id\":\"https:\/\/www.chevinfleet.com\/fr-fr\/fines-management-software\/#breadcrumb\",\"itemListElement\":[{\"@type\":\"ListItem\",\"position\":1,\"name\":\"Home\",\"item\":\"https:\/\/www.chevinfleet.com\/fr-fr\/\"},{\"@type\":\"ListItem\",\"position\":2,\"name\":\"Fines management software\"}]},{\"@type\":\"WebSite\",\"@id\":\"https:\/\/www.chevinfleet.com\/fr-fr\/#website\",\"url\":\"https:\/\/www.chevinfleet.com\/fr-fr\/\",\"name\":\"Chevin - France\",\"description\":\"Just another  site\",\"potentialAction\":[{\"@type\":\"SearchAction\",\"target\":{\"@type\":\"EntryPoint\",\"urlTemplate\":\"https:\/\/www.chevinfleet.com\/fr-fr\/?s={search_term_string}\"},\"query-input\":{\"@type\":\"PropertyValueSpecification\",\"valueRequired\":true,\"valueName\":\"search_term_string\"}}],\"inLanguage\":\"en-GB\"}]}<\/script>\n<!-- \/ Yoast SEO Premium plugin. -->","yoast_head_json":{"title":"Fines management software - Chevin - France","robots":{"index":"index","follow":"follow","max-snippet":"max-snippet:-1","max-image-preview":"max-image-preview:large","max-video-preview":"max-video-preview:-1"},"canonical":"https:\/\/www.chevinfleet.com\/fr-fr\/fines-management-software\/","og_locale":"en_GB","og_type":"article","og_title":"Fines management software","og_url":"https:\/\/www.chevinfleet.com\/fr-fr\/fines-management-software\/","og_site_name":"Chevin - France","article_modified_time":"2021-01-19T01:23:06+00:00","twitter_card":"summary_large_image","schema":{"@context":"https:\/\/schema.org","@graph":[{"@type":"WebPage","@id":"https:\/\/www.chevinfleet.com\/fr-fr\/fines-management-software\/","url":"https:\/\/www.chevinfleet.com\/fr-fr\/fines-management-software\/","name":"Fines management software - Chevin - France","isPartOf":{"@id":"https:\/\/www.chevinfleet.com\/fr-fr\/#website"},"datePublished":"2021-01-17T13:29:33+00:00","dateModified":"2021-01-19T01:23:06+00:00","breadcrumb":{"@id":"https:\/\/www.chevinfleet.com\/fr-fr\/fines-management-software\/#breadcrumb"},"inLanguage":"en-GB","potentialAction":[{"@type":"ReadAction","target":["https:\/\/www.chevinfleet.com\/fr-fr\/fines-management-software\/"]}]},{"@type":"BreadcrumbList","@id":"https:\/\/www.chevinfleet.com\/fr-fr\/fines-management-software\/#breadcrumb","itemListElement":[{"@type":"ListItem","position":1,"name":"Home","item":"https:\/\/www.chevinfleet.com\/fr-fr\/"},{"@type":"ListItem","position":2,"name":"Fines management software"}]},{"@type":"WebSite","@id":"https:\/\/www.chevinfleet.com\/fr-fr\/#website","url":"https:\/\/www.chevinfleet.com\/fr-fr\/","name":"Chevin - France","description":"Just another  site","potentialAction":[{"@type":"SearchAction","target":{"@type":"EntryPoint","urlTemplate":"https:\/\/www.chevinfleet.com\/fr-fr\/?s={search_term_string}"},"query-input":{"@type":"PropertyValueSpecification","valueRequired":true,"valueName":"search_term_string"}}],"inLanguage":"en-GB"}]}},"_links":{"self":[{"href":"https:\/\/www.chevinfleet.com\/fr-fr\/wp-json\/wp\/v2\/pages\/1868","targetHints":{"allow":["GET"]}}],"collection":[{"href":"https:\/\/www.chevinfleet.com\/fr-fr\/wp-json\/wp\/v2\/pages"}],"about":[{"href":"https:\/\/www.chevinfleet.com\/fr-fr\/wp-json\/wp\/v2\/types\/page"}],"author":[{"embeddable":true,"href":"https:\/\/www.chevinfleet.com\/fr-fr\/wp-json\/wp\/v2\/users\/3"}],"replies":[{"embeddable":true,"href":"https:\/\/www.chevinfleet.com\/fr-fr\/wp-json\/wp\/v2\/comments?post=1868"}],"version-history":[{"count":0,"href":"https:\/\/www.chevinfleet.com\/fr-fr\/wp-json\/wp\/v2\/pages\/1868\/revisions"}],"wp:attachment":[{"href":"https:\/\/www.chevinfleet.com\/fr-fr\/wp-json\/wp\/v2\/media?parent=1868"}],"curies":[{"name":"wp","href":"https:\/\/api.w.org\/{rel}","templated":true}]}}