{"id":1447,"date":"2021-01-14T20:26:21","date_gmt":"2021-01-14T20:26:21","guid":{"rendered":"http:\/\/www.chevinfleet.com\/?page_id=1447"},"modified":"2024-10-16T12:20:08","modified_gmt":"2024-10-16T11:20:08","slug":"gestion-des-dechets","status":"publish","type":"page","link":"https:\/\/www.chevinfleet.com\/fr-fr\/gestion-des-dechets\/","title":{"rendered":"Gestion des d\u00e9chets"},"content":{"rendered":"<section  class=\"c-basic-header basic-header content-section\">\n    <div class=\"container container--small u-text-center\">\n                    <h5>SECTEURS D\u2019ACTIVIT\u00c9<\/h5>\n                            <h1 class=\"u-red\">Gestion des d\u00e9chets<\/h1>\n                            <p>Surveillez de pr\u00e8s vos actifs, des v\u00e9hicules de ramassage des ordures aux balayeuses, et harmonisez vos proc\u00e9dures.<\/p>\n                    <\/div>\n<\/section>\n\n\n<section  class=\"c-learn-more content-section learn-more content-section--dots-left    \">\n  \n  <div class=\"container\">\n\n    <div class=\"learn-more__wrapper animated fadeInUp learn-more__wrapper--flipped \">\n      \n      <div class=\"learn-more__content learn-more__content--flipped\">\n\n        \n                  <h2 class=\" fadeInUp__2\">Harmonisez vos proc\u00e9dures de gestion des d\u00e9chets<\/h2>\n        \n                  <div class=\"fadeInUp__3\"><p>Exploiter une flotte d\u2019actifs sp\u00e9cialis\u00e9s n\u2019est pas chose ais\u00e9e.<\/p>\n<p>Il est important de tous surveiller de pr\u00e8s, des v\u00e9hicules de ramassage des ordures aux camions de pompage et balayeuses.<\/p>\n<p>Maintes fois prim\u00e9es, nos solutions vous assurent une visibilit\u00e9 en temps r\u00e9el sur l\u2019ensemble de votre flotte pour pouvoir contr\u00f4ler facilement chaque aspect de votre entreprise.<\/p>\n<\/div>\n        \n                  <a class=\"fadeInUp__4\" href=\"\/fr-fr\/demandez-une-demonstration\/\">Demandez une d\u00e9monstration<\/a>\n              <\/div>\n\n      <div class=\"learn-more__image animated fadeInUp__5\">\n\n                  <img decoding=\"async\" src=\"https:\/\/chevin-assets.s3.eu-west-1.amazonaws.com\/wp-content\/uploads\/sites\/5\/2021\/02\/11114652\/IN_10_Image-Circle.png\" alt=\"\">\n        \n      <\/div>\n\n    <\/div>\n\n  <\/div>\n\n<\/section>\n\n\n<section  class=\"c-cta-banner cta-banner content-section cta-banner--278463179 cta-banner--light\">\n  \n  <style>\n    @media (min-width: 1440px) {\n        .cta-banner--278463179 {\n            background-image: url(https:\/\/chevin-assets.s3.eu-west-1.amazonaws.com\/wp-content\/uploads\/sites\/5\/2021\/02\/05110228\/banner-resized-9.jpg);\n            background-size: cover;\n            background-repeat: no-repeat;\n        }\n    }\n    @media (max-width: 1440px) {\n        .cta-banner--278463179 {\n            background-image: url(https:\/\/chevin-assets.s3.eu-west-1.amazonaws.com\/wp-content\/uploads\/sites\/5\/2021\/02\/05110228\/banner-resized-9.jpg);\n            background-size: cover;\n            background-repeat: no-repeat;\n        }\n    }\n    @media (max-width: 768px) {\n        .cta-banner--278463179 {\n            background-image: url(https:\/\/chevin-assets.s3.eu-west-1.amazonaws.com\/wp-content\/uploads\/sites\/5\/2021\/02\/05110228\/banner-resized-9.jpg);\n            background-size: cover;\n            background-repeat: no-repeat;\n        }\n    }\n    @media (max-width: 360px) {\n        .cta-banner--278463179 {\n            background-image: url(https:\/\/chevin-assets.s3.eu-west-1.amazonaws.com\/wp-content\/uploads\/sites\/5\/2021\/02\/05110228\/banner-resized-9.jpg);\n            background-size: cover;\n            background-repeat: no-repeat;\n        }\n    }\n<\/style> \n  \n  <div class=\"container\">\n\n    <div class=\"cta-banner__container animated fadeInUp\">\n\n              <h3 class=\"u-bold fadeInUp__1\">Gardez le contr\u00f4le gr\u00e2ce \u00e0 des outils de gestion plus malins<\/h3>\n            \n              <p class=\"fadeInUp__2\">\n          Collectez et interpr\u00e9tez des donn\u00e9es, exploitez vos actifs et visualisez les possibilit\u00e9s de r\u00e9duction des co\u00fbts gr\u00e2ce au suivi des KPI et aux notifications automatiques de tableau de bord de FleetWave.  Notre syst\u00e8me peut \u00eatre facilement personnalis\u00e9 pour r\u00e9pondre \u00e0 vos besoins sp\u00e9cifiques, qu\u2019il s\u2019agisse d\u2019extraire des donn\u00e9es d\u2019applications externes, de cr\u00e9er un planificateur de t\u00e2ches ou de d\u00e9finir diff\u00e9rents niveaux d\u2019acc\u00e8s utilisateur.\n        <\/p>\n      \n      \n    <\/div>\n  <\/div>\n<\/section>\n\n\n<section  class=\"c-learn-more content-section learn-more content-section--dots-left    \">\n  \n  <div class=\"container\">\n\n    <div class=\"learn-more__wrapper animated fadeInUp learn-more__wrapper--flipped \">\n      \n      <div class=\"learn-more__content learn-more__content--flipped\">\n\n        \n                  <h2 class=\" fadeInUp__2\">R\u00e9duisez les temps d\u2019immobilisation<\/h2>\n        \n                  <div class=\"fadeInUp__3\"><p class=\"p1\">Lorsque votre organisation joue un r\u00f4le important dans les infrastructures du pays, il est crucial que vos actifs soient disponibles en permanence.<\/p>\n<p class=\"p1\">\u00c0 l\u2019aide de FleetWave, il est possible d\u2019automatiser les rappels afin de ne jamais manquer une t\u00e2che d\u2019entretien ou de maintenance. Vous pouvez m\u00eame affecter un code couleur aux alertes.<\/p>\n<p class=\"p1\">Vous pouvez \u00e9galement effectuer des contr\u00f4les et enregistrer les anomalies via <a href=\"https:\/\/www.chevinfleet.com\/fr-fr\/products\/fleetwave-forms\/\">notre application mobile<\/a> ou directement dans FleetWave. Il est en outre possible d\u2019ajouter des justificatifs et descriptions\u00a0: vous pouvez ainsi signaler rapidement les probl\u00e8mes pour assurer une disponibilit\u00e9 maximale.<\/p>\n<\/div>\n        \n              <\/div>\n\n      <div class=\"learn-more__image animated fadeInUp__5\">\n\n                  <img decoding=\"async\" src=\"https:\/\/chevin-assets.s3.eu-west-1.amazonaws.com\/wp-content\/uploads\/sites\/5\/2021\/02\/25125254\/driver-signature-1.png\" alt=\"\">\n        \n      <\/div>\n\n    <\/div>\n\n  <\/div>\n\n<\/section>\n\n<section  class=\"c-features-slider content-section features-slider \">\n    <div class=\"container container--no-pad\">\n        <div class=\"features-slider__wrapper\" data-behaviour=\"featured-slider\">\n                            <div class=\"features-slider__feature animated fadeInUp\">\n                  <div class=\"features-slider__icon-container\">\n                    <img decoding=\"async\" class=\"fadeInUp__1 features-slider__icon\" src=\"https:\/\/chevin-assets.s3.eu-west-1.amazonaws.com\/wp-content\/uploads\/sites\/5\/2021\/02\/11104258\/FF_Icon-EliminatePaperProcesses.png\" alt=\"\">\n                  <\/div>\n                    <h3 class=\"u-bold fadeInUp__2\">D\u00e9mat\u00e9rialisez vos proc\u00e9dures<\/h3>\n                    <p class=\"fadeInUp__3\">Effectuez des contr\u00f4les sur le terrain gr\u00e2ce \u00e0 nos applications mobiles. FleetWave Forms et Workshop Hub offrent \u00e0 votre personnel la libert\u00e9 d\u2019effectuer des contr\u00f4les o\u00f9 qu\u2019il se trouve.\r\n<\/p>\n                <\/div>\n                            <div class=\"features-slider__feature animated fadeInUp\">\n                  <div class=\"features-slider__icon-container\">\n                    <img decoding=\"async\" class=\"fadeInUp__1 features-slider__icon\" src=\"https:\/\/chevin-assets.s3.eu-west-1.amazonaws.com\/wp-content\/uploads\/sites\/5\/2021\/02\/11111059\/FF_Icon-SafetyRiskAssessments.png\" alt=\"\">\n                  <\/div>\n                    <h3 class=\"u-bold fadeInUp__2\">Signalement d\u2019anomalies<\/h3>\n                    <p class=\"fadeInUp__3\">Signalez facilement les anomalies sur vos v\u00e9hicules avec des photos et descriptions d\u00e9taill\u00e9es ou enregistrez les anomalies \u00e0 distance avec notre application mobile.<\/p>\n                <\/div>\n                            <div class=\"features-slider__feature animated fadeInUp\">\n                  <div class=\"features-slider__icon-container\">\n                    <img decoding=\"async\" class=\"fadeInUp__1 features-slider__icon\" src=\"https:\/\/chevin-assets.s3.eu-west-1.amazonaws.com\/wp-content\/uploads\/sites\/5\/2021\/02\/11115103\/IN_1_Icon-IntegrateEffor.png\" alt=\"\">\n                  <\/div>\n                    <h3 class=\"u-bold fadeInUp__2\">Int\u00e9gration facile<\/h3>\n                    <p class=\"fadeInUp__3\">Am\u00e9liorez vos performances et r\u00e9duisez les co\u00fbts d\u2019exploitation gr\u00e2ce \u00e0 des int\u00e9grations simples. Notre logiciel se connecte directement aux applications, syst\u00e8mes et fournisseurs de service.\r\n<\/p>\n                <\/div>\n                    <\/div>\n    <\/div>\n<\/section>\n\n\n<section  class=\"c-text-carousel content-section animated fadeInUp\">\n  <div class=\"container\">\n    <div class=\"text-carousel fadeInUp__1\">\n      <div data-behaviour=\"text-slider\">\n                  <div class=\"text-carousel__slide\">\n            <h3 class=\"u-bold\">La brochure FleetWave<\/h3>\n            <p>Consultez notre brochure pour plus d\u2019informations, dont la liste compl\u00e8te des fonctionnalit\u00e9s.<\/p>\n            <a class=\"unstyled\" href=\"https:\/\/www.chevinfleet.com\/fr-fr\/learning-zone\/fleetwave-brochure\/\">En savoir plus<\/a>\n          <\/div>\n              <\/div>\n    <\/div>\n  <\/div>\n<\/section>\n\n\n<section  class=\"c-learn-more content-section learn-more content-section--dots    \">\n  \n  <div class=\"container\">\n\n    <div class=\"learn-more__wrapper animated fadeInUp  \">\n      \n      <div class=\"learn-more__content \">\n\n        \n                  <h2 class=\" fadeInUp__2\">Assurez la conformit\u00e9<\/h2>\n        \n                  <div class=\"fadeInUp__3\"><p>Soyez \u00e0 jour de la r\u00e9glementation et am\u00e9liorez vos proc\u00e9dures de maintenance avec FleetWave. Notre logiciel innovant vous permet\u00a0:<\/p>\n<ul>\n<li>de stocker de la documentation afin de prouver que vos collaborateurs disposent des permis adapt\u00e9s et \u00e0 jour\u2009;<\/li>\n<li>de garantir que la formation de vos conducteurs est \u00e0 jour, gr\u00e2ce aux donn\u00e9es sur les formations suivies et sur l\u2019anciennet\u00e9\u2009;<\/li>\n<li>de rester inform\u00e9 des \u00e9v\u00e9nements quotidiens importants tels que les contr\u00f4les et l\u2019entretien avec des rappels automatiques\u2009;<\/li>\n<li>de cr\u00e9er facilement des KPI dans votre tableau de bord afin de rester inform\u00e9\u2009;<\/li>\n<li>d\u2019enregistrer les accidents et d\u2019\u00e9tablir des profils accidentologiques sur le terrain \u00e0 l\u2019aide de l\u2019application FleetWave\u00a0Forms.<\/li>\n<\/ul>\n<\/div>\n        \n              <\/div>\n\n      <div class=\"learn-more__image animated fadeInUp__5\">\n\n                  <img decoding=\"async\" src=\"https:\/\/chevin-assets.s3.eu-west-1.amazonaws.com\/wp-content\/uploads\/sites\/5\/2021\/03\/11091533\/Fleet-Status-FR.png\" alt=\"\">\n        \n      <\/div>\n\n    <\/div>\n\n  <\/div>\n\n<\/section>\n\n<section  class=\"c-image-slider image-slider content-section  \">\n    \n    <div class=\"container animated fadeInUp\">\n        \n                    <h2 class=\"u-text-center fadeInUp__1\">Qui utilise notre logiciel\u2009?<\/h2>\n        \n                    <h3 class=\"u-text-center fadeInUp__2\">Certaines des plus grandes entreprises de gestion des d\u00e9chets utilisent Chevin, y compris :<\/h3>\n        \n        \n        <div class=\"image-slider__wrapper\" data-behaviour=\"four-slider\">\n                            <div class=\"slide fadeInUp__4\">\n                    <div class=\"image-slider__block\">\n                        <img decoding=\"async\" src=\"https:\/\/chevin-assets.s3.eu-west-1.amazonaws.com\/wp-content\/uploads\/sites\/5\/2021\/02\/11033303\/biffa.png\">\n                        <p class=\"u-red\"><strong><\/strong><\/p>\n                                            <\/div>\n                <\/div>\n                            <div class=\"slide fadeInUp__4\">\n                    <div class=\"image-slider__block\">\n                        <img decoding=\"async\" src=\"https:\/\/chevin-assets.s3.eu-west-1.amazonaws.com\/wp-content\/uploads\/sites\/5\/2021\/02\/11033307\/dorset-waste.png\">\n                        <p class=\"u-red\"><strong><\/strong><\/p>\n                                            <\/div>\n                <\/div>\n                            <div class=\"slide fadeInUp__4\">\n                    <div class=\"image-slider__block\">\n                        <img decoding=\"async\" src=\"https:\/\/chevin-assets.s3.eu-west-1.amazonaws.com\/wp-content\/uploads\/sites\/5\/2021\/02\/11033308\/thorntons.png\">\n                        <p class=\"u-red\"><strong><\/strong><\/p>\n                                            <\/div>\n                <\/div>\n                    <\/div>\n    <\/div>\n<\/section>\n\n\n<section  class=\"content-section content-section--curved content-section--fade-to-grey content-section--big-overlap\">\n    \n    <div class=\"container container--small u-text-center animated fadeInUp\">\n        \n                    <h5 class=\"fadeInUp__1\">RESSOURCES<\/h5>\n                            <h3 class=\"fadeInUp__1\"><b>Vous pourriez aussi \u00eatre int\u00e9ress\u00e9 par\u2026<\/b><\/h3>\n                                <\/div>\n\n    <\/section>\n<section class=\"content-section animated fadeInUp\">\n    \n    <div class=\"container container--no-pad fadeInUp__2\">\n        <div class=\"post-type-wrapper\" data-behaviour=\"featured-slider\">\n                            <a class=\"post-type unstyled post-type--transform \" href=\"https:\/\/www.chevinfleet.com\/fr-fr\/learning-zone\/guide-dachat-pour-logiciel-de-gestion-de-flotte\/\">\n    <div class=\"post-type__image\">\n                    <img decoding=\"async\" src=\"https:\/\/chevin-assets.s3.eu-west-1.amazonaws.com\/wp-content\/uploads\/sites\/5\/2021\/01\/02145114\/buyers-guide-hero-1-440x440.png\">\n            <\/div>\n    <div class=\"post-type__content\">\n                <p class=\"post-type__name\"><strong>Guide d\u2019Achat Pour Logiciel de Gestion de Flotte<\/strong><\/p>\n                <p class=\"post-type__more\">En savoir plus<\/p>\n    <\/div>\n<\/a>\n                            <a class=\"post-type unstyled post-type--transform \" href=\"https:\/\/www.chevinfleet.com\/fr-fr\/learning-zone\/economiser-du-carburant\/\">\n    <div class=\"post-type__image\">\n                    <img decoding=\"async\" src=\"https:\/\/chevin-assets.s3.eu-west-1.amazonaws.com\/wp-content\/uploads\/sites\/5\/2021\/01\/24011307\/french-fuel_22290496-1-1-e1536844781833-500x500-1-440x440.png\">\n            <\/div>\n    <div class=\"post-type__content\">\n                <p class=\"post-type__name\"><strong>Comment \u00e9conomiser du carburant ?<\/strong><\/p>\n                <p class=\"post-type__more\">En savoir plus<\/p>\n    <\/div>\n<\/a>\n                            <a class=\"post-type unstyled post-type--transform \" href=\"https:\/\/www.chevinfleet.com\/fr-fr\/learning-zone\/outils-de-reporting\/\">\n    <div class=\"post-type__image\">\n                    <img decoding=\"async\" src=\"https:\/\/chevin-assets.s3.eu-west-1.amazonaws.com\/wp-content\/uploads\/sites\/5\/2021\/01\/24151255\/reporting-tools-500x500-1-440x440.jpg\">\n            <\/div>\n    <div class=\"post-type__content\">\n                <p class=\"post-type__name\"><strong>Mesurez, g\u00e9rer et am\u00e9liorer vos op\u00e9rations gr\u00e2ce aux outils de reporting<\/strong><\/p>\n                <p class=\"post-type__more\">En savoir plus<\/p>\n    <\/div>\n<\/a>\n                    <\/div>\n    <\/div>\n<\/section>\n<section class=\"c-hr hr content-section u-show-mobile\">\n<div class=\"container\">\n    <hr>\n<\/div>\n\n<\/section>\n\n\n<section  class=\"c-cta-block cta-block content-section\">\n  <div class=\"container u-text-center animated fadeInUp\">\n    \n          <h2 class=\"u-red fadeInUp__1\">Pr\u00eat \u00e0 optimiser la gestion de votre flotte\u2009?<\/h2>\n    \n          <p class=\"fadeInUp__2\">Demandez \u00e0 un de nos commerciaux de vous contacter pour en savoir plus sur l\u2019optimisation de la gestion de flotte.<\/p>\n    \n          <a class=\"button fadeInUp__3\" href=\"\/fr-fr\/prix\/\">Voir les tarifs<\/a>\n      <\/div>\n<\/section>\n","protected":false},"excerpt":{"rendered":"","protected":false},"author":1,"featured_media":0,"parent":0,"menu_order":0,"comment_status":"closed","ping_status":"closed","template":"","meta":{"_acf_changed":true,"footnotes":""},"class_list":["post-1447","page","type-page","status-publish","hentry"],"acf":[],"yoast_head":"<!-- This site is optimized with the Yoast SEO Premium plugin v26.3 (Yoast SEO v26.5) - https:\/\/yoast.com\/wordpress\/plugins\/seo\/ -->\n<title>Gestion des d\u00e9chets - Chevin - France<\/title>\n<meta name=\"robots\" content=\"index, follow, max-snippet:-1, max-image-preview:large, max-video-preview:-1\" \/>\n<link rel=\"canonical\" href=\"https:\/\/www.chevinfleet.com\/fr-fr\/gestion-des-dechets\/\" \/>\n<meta property=\"og:locale\" content=\"en_GB\" \/>\n<meta property=\"og:type\" content=\"article\" \/>\n<meta property=\"og:title\" content=\"Gestion des d\u00e9chets\" \/>\n<meta property=\"og:url\" content=\"https:\/\/www.chevinfleet.com\/fr-fr\/gestion-des-dechets\/\" \/>\n<meta property=\"og:site_name\" content=\"Chevin - France\" \/>\n<meta property=\"article:modified_time\" content=\"2024-10-16T11:20:08+00:00\" \/>\n<meta name=\"twitter:card\" content=\"summary_large_image\" \/>\n<script type=\"application\/ld+json\" class=\"yoast-schema-graph\">{\"@context\":\"https:\/\/schema.org\",\"@graph\":[{\"@type\":\"WebPage\",\"@id\":\"https:\/\/www.chevinfleet.com\/fr-fr\/gestion-des-dechets\/\",\"url\":\"https:\/\/www.chevinfleet.com\/fr-fr\/gestion-des-dechets\/\",\"name\":\"Gestion des d\u00e9chets - Chevin - France\",\"isPartOf\":{\"@id\":\"https:\/\/www.chevinfleet.com\/fr-fr\/#website\"},\"datePublished\":\"2021-01-14T20:26:21+00:00\",\"dateModified\":\"2024-10-16T11:20:08+00:00\",\"breadcrumb\":{\"@id\":\"https:\/\/www.chevinfleet.com\/fr-fr\/gestion-des-dechets\/#breadcrumb\"},\"inLanguage\":\"en-GB\",\"potentialAction\":[{\"@type\":\"ReadAction\",\"target\":[\"https:\/\/www.chevinfleet.com\/fr-fr\/gestion-des-dechets\/\"]}]},{\"@type\":\"BreadcrumbList\",\"@id\":\"https:\/\/www.chevinfleet.com\/fr-fr\/gestion-des-dechets\/#breadcrumb\",\"itemListElement\":[{\"@type\":\"ListItem\",\"position\":1,\"name\":\"Home\",\"item\":\"https:\/\/www.chevinfleet.com\/fr-fr\/\"},{\"@type\":\"ListItem\",\"position\":2,\"name\":\"Gestion des d\u00e9chets\"}]},{\"@type\":\"WebSite\",\"@id\":\"https:\/\/www.chevinfleet.com\/fr-fr\/#website\",\"url\":\"https:\/\/www.chevinfleet.com\/fr-fr\/\",\"name\":\"Chevin - France\",\"description\":\"Just another  site\",\"potentialAction\":[{\"@type\":\"SearchAction\",\"target\":{\"@type\":\"EntryPoint\",\"urlTemplate\":\"https:\/\/www.chevinfleet.com\/fr-fr\/?s={search_term_string}\"},\"query-input\":{\"@type\":\"PropertyValueSpecification\",\"valueRequired\":true,\"valueName\":\"search_term_string\"}}],\"inLanguage\":\"en-GB\"}]}<\/script>\n<!-- \/ Yoast SEO Premium plugin. -->","yoast_head_json":{"title":"Gestion des d\u00e9chets - Chevin - France","robots":{"index":"index","follow":"follow","max-snippet":"max-snippet:-1","max-image-preview":"max-image-preview:large","max-video-preview":"max-video-preview:-1"},"canonical":"https:\/\/www.chevinfleet.com\/fr-fr\/gestion-des-dechets\/","og_locale":"en_GB","og_type":"article","og_title":"Gestion des d\u00e9chets","og_url":"https:\/\/www.chevinfleet.com\/fr-fr\/gestion-des-dechets\/","og_site_name":"Chevin - France","article_modified_time":"2024-10-16T11:20:08+00:00","twitter_card":"summary_large_image","schema":{"@context":"https:\/\/schema.org","@graph":[{"@type":"WebPage","@id":"https:\/\/www.chevinfleet.com\/fr-fr\/gestion-des-dechets\/","url":"https:\/\/www.chevinfleet.com\/fr-fr\/gestion-des-dechets\/","name":"Gestion des d\u00e9chets - Chevin - France","isPartOf":{"@id":"https:\/\/www.chevinfleet.com\/fr-fr\/#website"},"datePublished":"2021-01-14T20:26:21+00:00","dateModified":"2024-10-16T11:20:08+00:00","breadcrumb":{"@id":"https:\/\/www.chevinfleet.com\/fr-fr\/gestion-des-dechets\/#breadcrumb"},"inLanguage":"en-GB","potentialAction":[{"@type":"ReadAction","target":["https:\/\/www.chevinfleet.com\/fr-fr\/gestion-des-dechets\/"]}]},{"@type":"BreadcrumbList","@id":"https:\/\/www.chevinfleet.com\/fr-fr\/gestion-des-dechets\/#breadcrumb","itemListElement":[{"@type":"ListItem","position":1,"name":"Home","item":"https:\/\/www.chevinfleet.com\/fr-fr\/"},{"@type":"ListItem","position":2,"name":"Gestion des d\u00e9chets"}]},{"@type":"WebSite","@id":"https:\/\/www.chevinfleet.com\/fr-fr\/#website","url":"https:\/\/www.chevinfleet.com\/fr-fr\/","name":"Chevin - France","description":"Just another  site","potentialAction":[{"@type":"SearchAction","target":{"@type":"EntryPoint","urlTemplate":"https:\/\/www.chevinfleet.com\/fr-fr\/?s={search_term_string}"},"query-input":{"@type":"PropertyValueSpecification","valueRequired":true,"valueName":"search_term_string"}}],"inLanguage":"en-GB"}]}},"_links":{"self":[{"href":"https:\/\/www.chevinfleet.com\/fr-fr\/wp-json\/wp\/v2\/pages\/1447","targetHints":{"allow":["GET"]}}],"collection":[{"href":"https:\/\/www.chevinfleet.com\/fr-fr\/wp-json\/wp\/v2\/pages"}],"about":[{"href":"https:\/\/www.chevinfleet.com\/fr-fr\/wp-json\/wp\/v2\/types\/page"}],"author":[{"embeddable":true,"href":"https:\/\/www.chevinfleet.com\/fr-fr\/wp-json\/wp\/v2\/users\/1"}],"replies":[{"embeddable":true,"href":"https:\/\/www.chevinfleet.com\/fr-fr\/wp-json\/wp\/v2\/comments?post=1447"}],"version-history":[{"count":0,"href":"https:\/\/www.chevinfleet.com\/fr-fr\/wp-json\/wp\/v2\/pages\/1447\/revisions"}],"wp:attachment":[{"href":"https:\/\/www.chevinfleet.com\/fr-fr\/wp-json\/wp\/v2\/media?parent=1447"}],"curies":[{"name":"wp","href":"https:\/\/api.w.org\/{rel}","templated":true}]}}