{"id":1442,"date":"2021-01-14T20:21:54","date_gmt":"2021-01-14T20:21:54","guid":{"rendered":"http:\/\/www.chevinfleet.com\/?page_id=1442"},"modified":"2024-10-16T12:19:37","modified_gmt":"2024-10-16T11:19:37","slug":"services-utilite-publique","status":"publish","type":"page","link":"https:\/\/www.chevinfleet.com\/fr-fr\/services-utilite-publique\/","title":{"rendered":"Services d\u2019utilit\u00e9 publique"},"content":{"rendered":"<section  class=\"c-basic-header basic-header content-section\">\n    <div class=\"container container--small u-text-center\">\n                    <h5>SECTEURS D\u2019ACTIVIT\u00c9<\/h5>\n                            <h1 class=\"u-red\">Services d\u2019utilit\u00e9 publique<\/h1>\n                            <p>Assurez une visibilit\u00e9 en temps r\u00e9el de chaque aspect de la gestion de votre flotte, avec un aper\u00e7u complet de vos actifs, politiques et proc\u00e9dures.<\/p>\n                    <\/div>\n<\/section>\n\n\n<section  class=\"c-learn-more content-section learn-more content-section--dots-left    \">\n  \n  <div class=\"container\">\n\n    <div class=\"learn-more__wrapper animated fadeInUp learn-more__wrapper--flipped \">\n      \n      <div class=\"learn-more__content learn-more__content--flipped\">\n\n        \n                  <h2 class=\" fadeInUp__2\">Obtenez une visibilit\u00e9 en temps r\u00e9el sur chaque \u00e9l\u00e9ment de votre entreprise.<\/h2>\n        \n                  <div class=\"fadeInUp__3\"><p>Lorsque vous g\u00e9rez un portefeuille d\u2019\u00e9quipements complexe, vous avez besoin d\u2019une solution qui vous simplifie la vie.<\/p>\n<p>Harmonisez vos processus intensifs et g\u00e9rez facilement vos frais d\u2019exploitation avec FleetWave.<\/p>\n<\/div>\n        \n                  <a class=\"fadeInUp__4\" href=\"\/fr-fr\/demandez-une-demonstration\/\">Demandez une d\u00e9monstration<\/a>\n              <\/div>\n\n      <div class=\"learn-more__image animated fadeInUp__5\">\n\n                  <img decoding=\"async\" src=\"https:\/\/chevin-assets.s3.eu-west-1.amazonaws.com\/wp-content\/uploads\/sites\/5\/2021\/02\/11114649\/IN_9_Image-Circle.png\" alt=\"\">\n        \n      <\/div>\n\n    <\/div>\n\n  <\/div>\n\n<\/section>\n\n\n<section  class=\"c-cta-banner cta-banner content-section cta-banner--1202175610 \">\n  \n  <style>\n    @media (min-width: 1440px) {\n        .cta-banner--1202175610 {\n            background-image: url(https:\/\/chevin-assets.s3.eu-west-1.amazonaws.com\/wp-content\/uploads\/sites\/5\/2021\/02\/17093027\/banner-2-resized-1.jpg);\n            background-size: cover;\n            background-repeat: no-repeat;\n        }\n    }\n    @media (max-width: 1440px) {\n        .cta-banner--1202175610 {\n            background-image: url(https:\/\/chevin-assets.s3.eu-west-1.amazonaws.com\/wp-content\/uploads\/sites\/5\/2021\/02\/17093027\/banner-2-resized-1.jpg);\n            background-size: cover;\n            background-repeat: no-repeat;\n        }\n    }\n    @media (max-width: 768px) {\n        .cta-banner--1202175610 {\n            background-image: url(https:\/\/chevin-assets.s3.eu-west-1.amazonaws.com\/wp-content\/uploads\/sites\/5\/2021\/02\/17093027\/banner-2-resized-1.jpg);\n            background-size: cover;\n            background-repeat: no-repeat;\n        }\n    }\n    @media (max-width: 360px) {\n        .cta-banner--1202175610 {\n            background-image: url(https:\/\/chevin-assets.s3.eu-west-1.amazonaws.com\/wp-content\/uploads\/sites\/5\/2021\/02\/17093027\/banner-2-resized-1.jpg);\n            background-size: cover;\n            background-repeat: no-repeat;\n        }\n    }\n<\/style> \n  \n  <div class=\"container\">\n\n    <div class=\"cta-banner__container animated fadeInUp\">\n\n              <h3 class=\"u-bold fadeInUp__1\">Travaillez plus efficacement<\/h3>\n            \n              <p class=\"fadeInUp__2\">\n          Avec notre logiciel innovant, vous pouvez utiliser vos actifs de mani\u00e8re plus efficace et identifier facilement les opportunit\u00e9s de r\u00e9duction des co\u00fbts. Les t\u00e2ches cruciales pour votre flotte, telles que la conformit\u00e9 r\u00e9glementaire et les r\u00e9visions, sont plus simples que jamais gr\u00e2ce \u00e0 nos notifications automatiques du tableau de bord et nos fonctionnalit\u00e9s de suivi des KPI.\n        <\/p>\n      \n      \n    <\/div>\n  <\/div>\n<\/section>\n\n\n<section  class=\"c-learn-more content-section learn-more content-section--dots-left    \">\n  \n  <div class=\"container\">\n\n    <div class=\"learn-more__wrapper animated fadeInUp learn-more__wrapper--flipped \">\n      \n      <div class=\"learn-more__content learn-more__content--flipped\">\n\n        \n                  <h2 class=\" fadeInUp__2\">Conformit\u00e9<\/h2>\n        \n                  <div class=\"fadeInUp__3\"><p>Le respect de la conformit\u00e9 devient simple et rapide. Soyez facilement \u00e0 jour des exigences r\u00e9glementaires et l\u00e9gales gr\u00e2ce \u00e0 notre logiciel. FleetWave vous permet\u00a0:<\/p>\n<ul>\n<li>de prouver que vos outils, vos actifs et l\u2019ensemble de vos \u00e9quipements font l\u2019objet de r\u00e9visions et sont bien conformes\u2009;<\/li>\n<li>de vous assurer que vos collaborateurs disposent des certifications et permis n\u00e9cessaires pour utiliser des outils, \u00e9quipements et v\u00e9hicules sp\u00e9cifiques\u2009;<\/li>\n<li>de stocker des informations de formation et de la documentation importante, telle que vos d\u00e9clarations fiscales, dossiers d\u2019assurance, certificats de contr\u00f4le technique, etc.\u00a0;<\/li>\n<li>de v\u00e9rifier que votre \u00e9quipe utilise le bon kit pour travailler sur des machines sp\u00e9cifiques.<\/li>\n<\/ul>\n<\/div>\n        \n              <\/div>\n\n      <div class=\"learn-more__image animated fadeInUp__5\">\n\n                  <img decoding=\"async\" src=\"https:\/\/chevin-assets.s3.eu-west-1.amazonaws.com\/wp-content\/uploads\/sites\/5\/2021\/03\/23144607\/Driving-Training.png\" alt=\"\">\n        \n      <\/div>\n\n    <\/div>\n\n  <\/div>\n\n<\/section>\n\n<section  class=\"c-features-slider content-section features-slider \">\n    <div class=\"container container--no-pad\">\n        <div class=\"features-slider__wrapper\" data-behaviour=\"featured-slider\">\n                            <div class=\"features-slider__feature animated fadeInUp\">\n                  <div class=\"features-slider__icon-container\">\n                    <img decoding=\"async\" class=\"fadeInUp__1 features-slider__icon\" src=\"https:\/\/chevin-assets.s3.eu-west-1.amazonaws.com\/wp-content\/uploads\/sites\/5\/2021\/02\/11110853\/1_Icon-ImproveProductivity.png\" alt=\"\">\n                  <\/div>\n                    <h3 class=\"u-bold fadeInUp__2\">R\u00e9duisez les temps d\u2019immobilisation <\/h3>\n                    <p class=\"fadeInUp__3\">Maximisez la disponibilit\u00e9 de votre flotte et de vos actifs de distribution d\u2019\u00e9lectricit\u00e9, de gaz ou des eaux. Ne manquez jamais une t\u00e2che de maintenance et \u00e9vitez les p\u00e9nalit\u00e9s gr\u00e2ce aux rappels automatiques par e-mail et SMS.<\/p>\n                <\/div>\n                            <div class=\"features-slider__feature animated fadeInUp\">\n                  <div class=\"features-slider__icon-container\">\n                    <img decoding=\"async\" class=\"fadeInUp__1 features-slider__icon\" src=\"https:\/\/chevin-assets.s3.eu-west-1.amazonaws.com\/wp-content\/uploads\/sites\/5\/2021\/02\/11115103\/IN_1_Icon-IntegrateEffor.png\" alt=\"\">\n                  <\/div>\n                    <h3 class=\"u-bold fadeInUp__2\">Int\u00e9gration facilit\u00e9e<\/h3>\n                    <p class=\"fadeInUp__3\">Int\u00e9grez facilement votre syst\u00e8me FleetWave avec des applications tierces, y compris des syst\u00e8mes t\u00e9l\u00e9matiques et GPS, des cartes carburant et plus encore.<\/p>\n                <\/div>\n                            <div class=\"features-slider__feature animated fadeInUp\">\n                  <div class=\"features-slider__icon-container\">\n                    <img decoding=\"async\" class=\"fadeInUp__1 features-slider__icon\" src=\"https:\/\/chevin-assets.s3.eu-west-1.amazonaws.com\/wp-content\/uploads\/sites\/5\/2020\/12\/11104543\/FW_Icon-GetActionableInsights-2.png\" alt=\"\">\n                  <\/div>\n                    <h3 class=\"u-bold fadeInUp__2\">Am\u00e9liorez la visibilit\u00e9 de vos actifs<\/h3>\n                    <p class=\"fadeInUp__3\">Profitez d\u2019une meilleure visibilit\u00e9 de toutes les informations sur vos actifs. G\u00e9rez les performances et les co\u00fbts de vos actifs et de vos \u00e9quipements au sein d\u2019un seul syst\u00e8me facile \u00e0 utiliser. <\/p>\n                <\/div>\n                    <\/div>\n    <\/div>\n<\/section>\n\n\n<section  class=\"c-text-carousel content-section animated fadeInUp\">\n  <div class=\"container\">\n    <div class=\"text-carousel fadeInUp__1\">\n      <div data-behaviour=\"text-slider\">\n                  <div class=\"text-carousel__slide\">\n            <h3 class=\"u-bold\">La brochure FleetWave<\/h3>\n            <p>Consultez notre brochure pour plus d\u2019informations, dont la liste compl\u00e8te des fonctionnalit\u00e9s.<\/p>\n            <a class=\"unstyled\" href=\"https:\/\/www.chevinfleet.com\/fr-fr\/learning-zone\/fleetwave-brochure\/\">En savoir plus<\/a>\n          <\/div>\n              <\/div>\n    <\/div>\n  <\/div>\n<\/section>\n\n\n<section  class=\"c-learn-more content-section learn-more content-section--dots    \">\n  \n  <div class=\"container\">\n\n    <div class=\"learn-more__wrapper animated fadeInUp  \">\n      \n      <div class=\"learn-more__content \">\n\n        \n                  <h2 class=\" fadeInUp__2\">Rationalisez vos op\u00e9rations<\/h2>\n        \n                  <div class=\"fadeInUp__3\"><p>Tous les formulaires et outils n\u00e9cessaires sont \u00e0 port\u00e9e de main. <a href=\"https:\/\/www.chevinfleet.com\/fr-fr\/products\/workshop-hub\/\">Notre application de gestion d\u2019atelier d\u00e9di\u00e9e pour les techniciens, Workshop Hub<\/a>, contient tous les outils n\u00e9cessaires pour d\u00e9mat\u00e9rialiser les proc\u00e9dures de vos \u00e9quipes. Notre logiciel intuitif vous permet\u00a0:<\/p>\n<ul>\n<li>de cr\u00e9er et planifier les calendriers de maintenance des v\u00e9hicules<\/li>\n<li>de rep\u00e9rer les moments de surcharge de l\u2019atelier<\/li>\n<li>d\u2019assurer la disponibilit\u00e9 des techniciens<\/li>\n<li>de cr\u00e9er des ordres de r\u00e9paration<\/li>\n<li>de faciliter les demandes et obtentions de pi\u00e8ces d\u00e9tach\u00e9es<\/li>\n<li>de d\u00e9tailler l\u2019historique complet de l\u2019entretien et des r\u00e9parations des v\u00e9hicules<\/li>\n<\/ul>\n<\/div>\n        \n              <\/div>\n\n      <div class=\"learn-more__image animated fadeInUp__5\">\n\n                  <img decoding=\"async\" src=\"https:\/\/chevin-assets.s3.eu-west-1.amazonaws.com\/wp-content\/uploads\/sites\/5\/2021\/02\/11010902\/WorkshopHub_7.png\" alt=\"\">\n        \n      <\/div>\n\n    <\/div>\n\n  <\/div>\n\n<\/section>\n\n<section  class=\"c-image-slider image-slider content-section  \">\n    \n    <div class=\"container animated fadeInUp\">\n        \n                    <h2 class=\"u-text-center fadeInUp__1\">Qui utilise notre logiciel\u2009?<\/h2>\n        \n                    <h3 class=\"u-text-center fadeInUp__2\">Chevin est fi\u00e8re de travailler avec de nombreuses entreprises du service public, y compris :\r\n<\/h3>\n        \n        \n        <div class=\"image-slider__wrapper\" data-behaviour=\"four-slider\">\n                            <div class=\"slide fadeInUp__4\">\n                    <div class=\"image-slider__block\">\n                        <img decoding=\"async\" src=\"https:\/\/chevin-assets.s3.eu-west-1.amazonaws.com\/wp-content\/uploads\/sites\/5\/2021\/02\/11032835\/anglian-water.png\">\n                        <p class=\"u-red\"><strong><\/strong><\/p>\n                                            <\/div>\n                <\/div>\n                            <div class=\"slide fadeInUp__4\">\n                    <div class=\"image-slider__block\">\n                        <img decoding=\"async\" src=\"https:\/\/chevin-assets.s3.eu-west-1.amazonaws.com\/wp-content\/uploads\/sites\/5\/2021\/02\/11032836\/ferell-gas.png\">\n                        <p class=\"u-red\"><strong><\/strong><\/p>\n                                            <\/div>\n                <\/div>\n                            <div class=\"slide fadeInUp__4\">\n                    <div class=\"image-slider__block\">\n                        <img decoding=\"async\" src=\"https:\/\/chevin-assets.s3.eu-west-1.amazonaws.com\/wp-content\/uploads\/sites\/5\/2021\/02\/11032837\/NEW-DC-Water-copy.png\">\n                        <p class=\"u-red\"><strong><\/strong><\/p>\n                                            <\/div>\n                <\/div>\n                            <div class=\"slide fadeInUp__4\">\n                    <div class=\"image-slider__block\">\n                        <img decoding=\"async\" src=\"https:\/\/chevin-assets.s3.eu-west-1.amazonaws.com\/wp-content\/uploads\/sites\/5\/2021\/02\/11032838\/NEW-EDF.png\">\n                        <p class=\"u-red\"><strong><\/strong><\/p>\n                                            <\/div>\n                <\/div>\n                            <div class=\"slide fadeInUp__4\">\n                    <div class=\"image-slider__block\">\n                        <img decoding=\"async\" src=\"https:\/\/chevin-assets.s3.eu-west-1.amazonaws.com\/wp-content\/uploads\/sites\/5\/2021\/02\/11032839\/NEW-Hydro-Ottowa.png\">\n                        <p class=\"u-red\"><strong><\/strong><\/p>\n                                            <\/div>\n                <\/div>\n                            <div class=\"slide fadeInUp__4\">\n                    <div class=\"image-slider__block\">\n                        <img decoding=\"async\" src=\"https:\/\/chevin-assets.s3.eu-west-1.amazonaws.com\/wp-content\/uploads\/sites\/5\/2021\/02\/11032840\/pike.png\">\n                        <p class=\"u-red\"><strong><\/strong><\/p>\n                                            <\/div>\n                <\/div>\n                    <\/div>\n    <\/div>\n<\/section>\n\n\n<section  class=\"c-hero-quote hero-quote content-section \">\n        <img decoding=\"async\" src=\"https:\/\/chevin-assets.s3.eu-west-1.amazonaws.com\/wp-content\/uploads\/sites\/5\/2021\/02\/11032927\/client-resized-3.jpg\"\n     data-srcset=\"https:\/\/chevin-assets.s3.eu-west-1.amazonaws.com\/wp-content\/uploads\/sites\/5\/2021\/02\/11032927\/client-resized-3-960x333.jpg 360w,\n                https:\/\/chevin-assets.s3.eu-west-1.amazonaws.com\/wp-content\/uploads\/sites\/5\/2021\/02\/11032927\/client-resized-3.jpg 768w,\n                https:\/\/chevin-assets.s3.eu-west-1.amazonaws.com\/wp-content\/uploads\/sites\/5\/2021\/02\/11032927\/client-resized-3.jpg 1440w,\n                https:\/\/chevin-assets.s3.eu-west-1.amazonaws.com\/wp-content\/uploads\/sites\/5\/2021\/02\/11032927\/client-resized-3.jpg 2000w\" class=\"hero-quote__img \" \/>\n  <div class=\"container\">\n    <div class=\"hero-quote__container animated fadeInUp\">\n              <h3 class=\"hero-quote__quote u-bold fadeInUp__1\">\u00ab\u2009FleetWave nous a permis d\u2019induire un changement culturel au sein de notre organisation en nous offrant une visibilit\u00e9 totale sur nos activit\u00e9s et en mettant en place de nouvelles politiques et proc\u00e9dures.\u2009Au lieu de \u00e7a, FleetWave s\u2019est pr\u00e9cis\u00e9ment adapt\u00e9 \u00e0 nos besoins.\u2009\u00bb\r\n<\/h3>\n                  <p class=\"hero-quote__person fadeInUp__2\">\n        <strong class=\"u-red\">Tim Fitzgerald,<\/strong>\n      <\/p>\n            <p class=\"u-red hero-quote__details fadeInUp__3\">\n                  <span class=\"hero-quote__job-title\">Directeur de flotte,<\/span>\n                          <span class=\"hero-quote__company\">DC Water<\/span>\n              <\/p>\n    <\/div>\n  <\/div>\n<\/section>\n\n<section  class=\"content-section content-section--curved content-section--fade-to-grey content-section--big-overlap\">\n    \n    <div class=\"container container--small u-text-center animated fadeInUp\">\n        \n                    <h5 class=\"fadeInUp__1\">RESSOURCES<\/h5>\n                            <h3 class=\"fadeInUp__1\"><b>Vous pourriez aussi \u00eatre int\u00e9ress\u00e9 par\u2026<\/b><\/h3>\n                                <\/div>\n\n    <\/section>\n<section class=\"content-section animated fadeInUp\">\n    \n    <div class=\"container container--no-pad fadeInUp__2\">\n        <div class=\"post-type-wrapper\" data-behaviour=\"featured-slider\">\n                            <a class=\"post-type unstyled post-type--transform \" href=\"https:\/\/www.chevinfleet.com\/fr-fr\/learning-zone\/guide-dachat-pour-logiciel-de-gestion-de-flotte\/\">\n    <div class=\"post-type__image\">\n                    <img decoding=\"async\" src=\"https:\/\/chevin-assets.s3.eu-west-1.amazonaws.com\/wp-content\/uploads\/sites\/5\/2021\/01\/02145114\/buyers-guide-hero-1-440x440.png\">\n            <\/div>\n    <div class=\"post-type__content\">\n                <p class=\"post-type__name\"><strong>Guide d\u2019Achat Pour Logiciel de Gestion de Flotte<\/strong><\/p>\n                <p class=\"post-type__more\">En savoir plus<\/p>\n    <\/div>\n<\/a>\n                            <a class=\"post-type unstyled post-type--transform \" href=\"https:\/\/www.chevinfleet.com\/fr-fr\/learning-zone\/outils-de-reporting\/\">\n    <div class=\"post-type__image\">\n                    <img decoding=\"async\" src=\"https:\/\/chevin-assets.s3.eu-west-1.amazonaws.com\/wp-content\/uploads\/sites\/5\/2021\/01\/24151255\/reporting-tools-500x500-1-440x440.jpg\">\n            <\/div>\n    <div class=\"post-type__content\">\n                <p class=\"post-type__name\"><strong>Mesurez, g\u00e9rer et am\u00e9liorer vos op\u00e9rations gr\u00e2ce aux outils de reporting<\/strong><\/p>\n                <p class=\"post-type__more\">En savoir plus<\/p>\n    <\/div>\n<\/a>\n                            <a class=\"post-type unstyled post-type--transform \" href=\"https:\/\/www.chevinfleet.com\/fr-fr\/learning-zone\/flotte-vehicule-electrique\/\">\n    <div class=\"post-type__image\">\n                    <img decoding=\"async\" src=\"https:\/\/chevin-assets.s3.eu-west-1.amazonaws.com\/wp-content\/uploads\/sites\/5\/2021\/01\/24165255\/electric-vehicle-charging2-e1558366272695-440x400.jpg\">\n            <\/div>\n    <div class=\"post-type__content\">\n                <p class=\"post-type__name\"><strong>Votre flotte deviendra-t-elle \u00e9lectrique ?<\/strong><\/p>\n                <p class=\"post-type__more\">En savoir plus<\/p>\n    <\/div>\n<\/a>\n                    <\/div>\n    <\/div>\n<\/section>\n<section class=\"c-hr hr content-section u-show-mobile\">\n<div class=\"container\">\n    <hr>\n<\/div>\n\n<\/section>\n\n\n<section  class=\"c-cta-block cta-block content-section\">\n  <div class=\"container u-text-center animated fadeInUp\">\n    \n          <h2 class=\"u-red fadeInUp__1\">Pr\u00eat \u00e0 optimiser la gestion de votre flotte\u2009?<\/h2>\n    \n          <p class=\"fadeInUp__2\">Demandez \u00e0 un de nos commerciaux de vous contacter pour en savoir plus sur l\u2019optimisation de la gestion de flotte.<\/p>\n    \n          <a class=\"button fadeInUp__3\" href=\"\/fr-fr\/prix\/\">Voir les tarifs<\/a>\n      <\/div>\n<\/section>\n","protected":false},"excerpt":{"rendered":"","protected":false},"author":1,"featured_media":0,"parent":0,"menu_order":0,"comment_status":"closed","ping_status":"closed","template":"","meta":{"_acf_changed":true,"footnotes":""},"class_list":["post-1442","page","type-page","status-publish","hentry"],"acf":[],"yoast_head":"<!-- This site is optimized with the Yoast SEO Premium plugin v26.3 (Yoast SEO v26.5) - https:\/\/yoast.com\/wordpress\/plugins\/seo\/ -->\n<title>Services d\u2019utilit\u00e9 publique - Chevin - France<\/title>\n<meta name=\"robots\" content=\"index, follow, max-snippet:-1, max-image-preview:large, max-video-preview:-1\" \/>\n<link rel=\"canonical\" href=\"https:\/\/www.chevinfleet.com\/fr-fr\/services-utilite-publique\/\" \/>\n<meta property=\"og:locale\" content=\"en_GB\" \/>\n<meta property=\"og:type\" content=\"article\" \/>\n<meta property=\"og:title\" content=\"Services d\u2019utilit\u00e9 publique\" \/>\n<meta property=\"og:url\" content=\"https:\/\/www.chevinfleet.com\/fr-fr\/services-utilite-publique\/\" \/>\n<meta property=\"og:site_name\" content=\"Chevin - France\" \/>\n<meta property=\"article:modified_time\" content=\"2024-10-16T11:19:37+00:00\" \/>\n<meta name=\"twitter:card\" content=\"summary_large_image\" \/>\n<script type=\"application\/ld+json\" class=\"yoast-schema-graph\">{\"@context\":\"https:\/\/schema.org\",\"@graph\":[{\"@type\":\"WebPage\",\"@id\":\"https:\/\/www.chevinfleet.com\/fr-fr\/services-utilite-publique\/\",\"url\":\"https:\/\/www.chevinfleet.com\/fr-fr\/services-utilite-publique\/\",\"name\":\"Services d\u2019utilit\u00e9 publique - Chevin - France\",\"isPartOf\":{\"@id\":\"https:\/\/www.chevinfleet.com\/fr-fr\/#website\"},\"datePublished\":\"2021-01-14T20:21:54+00:00\",\"dateModified\":\"2024-10-16T11:19:37+00:00\",\"breadcrumb\":{\"@id\":\"https:\/\/www.chevinfleet.com\/fr-fr\/services-utilite-publique\/#breadcrumb\"},\"inLanguage\":\"en-GB\",\"potentialAction\":[{\"@type\":\"ReadAction\",\"target\":[\"https:\/\/www.chevinfleet.com\/fr-fr\/services-utilite-publique\/\"]}]},{\"@type\":\"BreadcrumbList\",\"@id\":\"https:\/\/www.chevinfleet.com\/fr-fr\/services-utilite-publique\/#breadcrumb\",\"itemListElement\":[{\"@type\":\"ListItem\",\"position\":1,\"name\":\"Home\",\"item\":\"https:\/\/www.chevinfleet.com\/fr-fr\/\"},{\"@type\":\"ListItem\",\"position\":2,\"name\":\"Services d\u2019utilit\u00e9 publique\"}]},{\"@type\":\"WebSite\",\"@id\":\"https:\/\/www.chevinfleet.com\/fr-fr\/#website\",\"url\":\"https:\/\/www.chevinfleet.com\/fr-fr\/\",\"name\":\"Chevin - France\",\"description\":\"Just another  site\",\"potentialAction\":[{\"@type\":\"SearchAction\",\"target\":{\"@type\":\"EntryPoint\",\"urlTemplate\":\"https:\/\/www.chevinfleet.com\/fr-fr\/?s={search_term_string}\"},\"query-input\":{\"@type\":\"PropertyValueSpecification\",\"valueRequired\":true,\"valueName\":\"search_term_string\"}}],\"inLanguage\":\"en-GB\"}]}<\/script>\n<!-- \/ Yoast SEO Premium plugin. -->","yoast_head_json":{"title":"Services d\u2019utilit\u00e9 publique - Chevin - France","robots":{"index":"index","follow":"follow","max-snippet":"max-snippet:-1","max-image-preview":"max-image-preview:large","max-video-preview":"max-video-preview:-1"},"canonical":"https:\/\/www.chevinfleet.com\/fr-fr\/services-utilite-publique\/","og_locale":"en_GB","og_type":"article","og_title":"Services d\u2019utilit\u00e9 publique","og_url":"https:\/\/www.chevinfleet.com\/fr-fr\/services-utilite-publique\/","og_site_name":"Chevin - France","article_modified_time":"2024-10-16T11:19:37+00:00","twitter_card":"summary_large_image","schema":{"@context":"https:\/\/schema.org","@graph":[{"@type":"WebPage","@id":"https:\/\/www.chevinfleet.com\/fr-fr\/services-utilite-publique\/","url":"https:\/\/www.chevinfleet.com\/fr-fr\/services-utilite-publique\/","name":"Services d\u2019utilit\u00e9 publique - Chevin - France","isPartOf":{"@id":"https:\/\/www.chevinfleet.com\/fr-fr\/#website"},"datePublished":"2021-01-14T20:21:54+00:00","dateModified":"2024-10-16T11:19:37+00:00","breadcrumb":{"@id":"https:\/\/www.chevinfleet.com\/fr-fr\/services-utilite-publique\/#breadcrumb"},"inLanguage":"en-GB","potentialAction":[{"@type":"ReadAction","target":["https:\/\/www.chevinfleet.com\/fr-fr\/services-utilite-publique\/"]}]},{"@type":"BreadcrumbList","@id":"https:\/\/www.chevinfleet.com\/fr-fr\/services-utilite-publique\/#breadcrumb","itemListElement":[{"@type":"ListItem","position":1,"name":"Home","item":"https:\/\/www.chevinfleet.com\/fr-fr\/"},{"@type":"ListItem","position":2,"name":"Services d\u2019utilit\u00e9 publique"}]},{"@type":"WebSite","@id":"https:\/\/www.chevinfleet.com\/fr-fr\/#website","url":"https:\/\/www.chevinfleet.com\/fr-fr\/","name":"Chevin - France","description":"Just another  site","potentialAction":[{"@type":"SearchAction","target":{"@type":"EntryPoint","urlTemplate":"https:\/\/www.chevinfleet.com\/fr-fr\/?s={search_term_string}"},"query-input":{"@type":"PropertyValueSpecification","valueRequired":true,"valueName":"search_term_string"}}],"inLanguage":"en-GB"}]}},"_links":{"self":[{"href":"https:\/\/www.chevinfleet.com\/fr-fr\/wp-json\/wp\/v2\/pages\/1442","targetHints":{"allow":["GET"]}}],"collection":[{"href":"https:\/\/www.chevinfleet.com\/fr-fr\/wp-json\/wp\/v2\/pages"}],"about":[{"href":"https:\/\/www.chevinfleet.com\/fr-fr\/wp-json\/wp\/v2\/types\/page"}],"author":[{"embeddable":true,"href":"https:\/\/www.chevinfleet.com\/fr-fr\/wp-json\/wp\/v2\/users\/1"}],"replies":[{"embeddable":true,"href":"https:\/\/www.chevinfleet.com\/fr-fr\/wp-json\/wp\/v2\/comments?post=1442"}],"version-history":[{"count":0,"href":"https:\/\/www.chevinfleet.com\/fr-fr\/wp-json\/wp\/v2\/pages\/1442\/revisions"}],"wp:attachment":[{"href":"https:\/\/www.chevinfleet.com\/fr-fr\/wp-json\/wp\/v2\/media?parent=1442"}],"curies":[{"name":"wp","href":"https:\/\/api.w.org\/{rel}","templated":true}]}}