{"id":1435,"date":"2021-01-14T20:08:37","date_gmt":"2021-01-14T20:08:37","guid":{"rendered":"http:\/\/www.chevinfleet.com\/?page_id=1435"},"modified":"2024-12-16T15:41:17","modified_gmt":"2024-12-16T15:41:17","slug":"produits-alimentaires-et-boissons","status":"publish","type":"page","link":"https:\/\/www.chevinfleet.com\/fr-fr\/produits-alimentaires-et-boissons\/","title":{"rendered":"Produits alimentaires et boissons"},"content":{"rendered":"<section  class=\"c-basic-header basic-header content-section\">\n    <div class=\"container container--small u-text-center\">\n                    <h5>SECTEURS D\u2019ACTIVIT\u00c9<\/h5>\n                            <h1 class=\"u-red\">Produits alimentaires et boissons<\/h1>\n                            <p>Assurez vos livraisons en gardant en visuel vos v\u00e9hicules et en assurant leur bon entretien.<\/p>\n                    <\/div>\n<\/section>\n\n\n<section  class=\"c-learn-more content-section learn-more content-section--dots-left    \">\n  \n  <div class=\"container\">\n\n    <div class=\"learn-more__wrapper animated fadeInUp learn-more__wrapper--flipped \">\n      \n      <div class=\"learn-more__content learn-more__content--flipped\">\n\n        \n                  <h2 class=\" fadeInUp__2\">Respectez vos d\u00e9lais de livraison<\/h2>\n        \n                  <div class=\"fadeInUp__3\"><p>Dans votre secteur, les livraisons dans les d\u00e9lais et la gestion efficace d\u2019une flotte qui transporte des produits alimentaires et des boissons sont essentielles.<\/p>\n<p class=\"p1\">Simplifiez vos proc\u00e9dures de gestion, gagnez du temps et r\u00e9duisez les frais administratifs en centralisant l\u2019ensemble de vos donn\u00e9es.<\/p>\n<\/div>\n        \n                  <a class=\"fadeInUp__4\" href=\"\/fr-fr\/demandez-une-demonstration\/\">Demandez une d\u00e9monstration<\/a>\n              <\/div>\n\n      <div class=\"learn-more__image animated fadeInUp__5\">\n\n                  <img decoding=\"async\" src=\"https:\/\/chevin-assets.s3.eu-west-1.amazonaws.com\/wp-content\/uploads\/sites\/5\/2021\/02\/11114641\/IN_6_Image-Circle.png\" alt=\"\">\n        \n      <\/div>\n\n    <\/div>\n\n  <\/div>\n\n<\/section>\n\n\n<section  class=\"c-cta-banner cta-banner content-section cta-banner--1311049673 cta-banner--light\">\n  \n  <style>\n    @media (min-width: 1440px) {\n        .cta-banner--1311049673 {\n            background-image: url(https:\/\/chevin-assets.s3.eu-west-1.amazonaws.com\/wp-content\/uploads\/sites\/5\/2021\/01\/29131606\/banner-resized-19.jpg);\n            background-size: cover;\n            background-repeat: no-repeat;\n        }\n    }\n    @media (max-width: 1440px) {\n        .cta-banner--1311049673 {\n            background-image: url(https:\/\/chevin-assets.s3.eu-west-1.amazonaws.com\/wp-content\/uploads\/sites\/5\/2021\/01\/29131606\/banner-resized-19.jpg);\n            background-size: cover;\n            background-repeat: no-repeat;\n        }\n    }\n    @media (max-width: 768px) {\n        .cta-banner--1311049673 {\n            background-image: url(https:\/\/chevin-assets.s3.eu-west-1.amazonaws.com\/wp-content\/uploads\/sites\/5\/2021\/01\/29131606\/banner-resized-19.jpg);\n            background-size: cover;\n            background-repeat: no-repeat;\n        }\n    }\n    @media (max-width: 360px) {\n        .cta-banner--1311049673 {\n            background-image: url(https:\/\/chevin-assets.s3.eu-west-1.amazonaws.com\/wp-content\/uploads\/sites\/5\/2021\/01\/29131606\/banner-resized-19.jpg);\n            background-size: cover;\n            background-repeat: no-repeat;\n        }\n    }\n<\/style> \n  \n  <div class=\"container\">\n\n    <div class=\"cta-banner__container animated fadeInUp\">\n\n              <h3 class=\"u-bold fadeInUp__1\">Une gestion de flotte plus intelligente<\/h3>\n            \n              <p class=\"fadeInUp__2\">\n          Maintenez votre flotte en mouvement. Fournissez \u00e0 vos \u00e9quipes une visibilit\u00e9 compl\u00e8te des donn\u00e9es et informations concernant votre flotte, le tout en un seul endroit.\n        <\/p>\n      \n      \n    <\/div>\n  <\/div>\n<\/section>\n\n\n<section  class=\"c-learn-more content-section learn-more content-section--dots-left    \">\n  \n  <div class=\"container\">\n\n    <div class=\"learn-more__wrapper animated fadeInUp learn-more__wrapper--flipped \">\n      \n      <div class=\"learn-more__content learn-more__content--flipped\">\n\n        \n                  <h2 class=\" fadeInUp__2\">Maintenance de flotte simplifi\u00e9e<\/h2>\n        \n                  <div class=\"fadeInUp__3\"><p>Assurez une disponibilit\u00e9 maximale avec FleetWave. Notre logiciel innovant vous permet de g\u00e9rer facilement vos besoins en maintenance de flotte pour vous assurer que vos v\u00e9hicules et leurs \u00e9quipements font l\u2019objet de contr\u00f4les techniques r\u00e9guliers et d\u00e9taill\u00e9s.<\/p>\n<p>Le syst\u00e8me FleetWave vous permet de\u00a0:<\/p>\n<ul>\n<li>Mettre en \u0153uvre des programmes de maintenance de mani\u00e8re plus efficace, des r\u00e9parations de routine \u00e0 la maintenance pr\u00e9dictive et pr\u00e9ventive\u2009;<\/li>\n<li>Effectuer facilement des contr\u00f4les techniques et signaler les anomalies depuis le terrain via notre <a href=\"https:\/\/www.chevinfleet.com\/fr-fr\/products\/fleetwave-forms\/\">application mobile, FleetWave\u00a0Forms<\/a>\u2009;<\/li>\n<li>Signaler les anomalies sous forme de fiches de maintenance afin d\u2019automatiser les flux de travail ;<\/li>\n<li>Programmer des rappels d\u2019entretien.<\/li>\n<\/ul>\n<\/div>\n        \n              <\/div>\n\n      <div class=\"learn-more__image animated fadeInUp__5\">\n\n                  <img decoding=\"async\" src=\"https:\/\/chevin-assets.s3.eu-west-1.amazonaws.com\/wp-content\/uploads\/sites\/5\/2021\/02\/25125254\/driver-signature-1.png\" alt=\"\">\n        \n      <\/div>\n\n    <\/div>\n\n  <\/div>\n\n<\/section>\n\n<section  class=\"c-features-slider content-section features-slider \">\n    <div class=\"container container--no-pad\">\n        <div class=\"features-slider__wrapper\" data-behaviour=\"featured-slider\">\n                            <div class=\"features-slider__feature animated fadeInUp\">\n                  <div class=\"features-slider__icon-container\">\n                    <img decoding=\"async\" class=\"fadeInUp__1 features-slider__icon\" src=\"https:\/\/chevin-assets.s3.eu-west-1.amazonaws.com\/wp-content\/uploads\/sites\/5\/2021\/02\/11115956\/IN_6_Icon-TrackFleet.png\" alt=\"\">\n                  <\/div>\n                    <h3 class=\"u-bold fadeInUp__2\">Suivez votre flotte<\/h3>\n                    <p class=\"fadeInUp__3\">Assurez un fonctionnement fluide. Suivez facilement votre flotte en int\u00e9grant de mani\u00e8re homog\u00e8ne les donn\u00e9es de vos fournisseurs de syst\u00e8mes GPS et t\u00e9l\u00e9matiques. <\/p>\n                <\/div>\n                            <div class=\"features-slider__feature animated fadeInUp\">\n                  <div class=\"features-slider__icon-container\">\n                    <img decoding=\"async\" class=\"fadeInUp__1 features-slider__icon\" src=\"https:\/\/chevin-assets.s3.eu-west-1.amazonaws.com\/wp-content\/uploads\/sites\/5\/2021\/02\/11104337\/WH_Icon-DesignedForTechnicians.png\" alt=\"\">\n                  <\/div>\n                    <h3 class=\"u-bold fadeInUp__2\">G\u00e9rez vos conducteurs <\/h3>\n                    <p class=\"fadeInUp__3\">Suivez facilement quels conducteurs utilisent quels actifs \u00e0 quel moment.\r\n<\/p>\n                <\/div>\n                            <div class=\"features-slider__feature animated fadeInUp\">\n                  <div class=\"features-slider__icon-container\">\n                    <img decoding=\"async\" class=\"fadeInUp__1 features-slider__icon\" src=\"https:\/\/chevin-assets.s3.eu-west-1.amazonaws.com\/wp-content\/uploads\/sites\/5\/2021\/02\/11111144\/2_Icon-KeepCostsLow.png\" alt=\"\">\n                  <\/div>\n                    <h3 class=\"u-bold fadeInUp__2\">G\u00e9rez vos contraventions et vos frais de p\u00e9age<\/h3>\n                    <p class=\"fadeInUp__3\">Gardez une grande visibilit\u00e9 sur les amendes et les autres contraventions routi\u00e8res, ainsi que sur l\u2019ensemble des frais de parking et de p\u00e9age.\r\n<\/p>\n                <\/div>\n                    <\/div>\n    <\/div>\n<\/section>\n\n\n<section  class=\"c-text-carousel content-section animated fadeInUp\">\n  <div class=\"container\">\n    <div class=\"text-carousel fadeInUp__1\">\n      <div data-behaviour=\"text-slider\">\n                  <div class=\"text-carousel__slide\">\n            <h3 class=\"u-bold\">La brochure FleetWave<\/h3>\n            <p>Consultez notre brochure pour plus d\u2019informations, dont la liste compl\u00e8te des fonctionnalit\u00e9s.<\/p>\n            <a class=\"unstyled\" href=\"https:\/\/www.chevinfleet.com\/fr-fr\/learning-zone\/fleetwave-brochure\/\">En savoir plus<\/a>\n          <\/div>\n              <\/div>\n    <\/div>\n  <\/div>\n<\/section>\n\n\n<section  class=\"c-learn-more content-section learn-more content-section--dots    \">\n  \n  <div class=\"container\">\n\n    <div class=\"learn-more__wrapper animated fadeInUp  \">\n      \n      <div class=\"learn-more__content \">\n\n        \n                  <h2 class=\" fadeInUp__2\">Restez conforme<\/h2>\n        \n                  <div class=\"fadeInUp__3\"><p>Respectez m\u00eame les exigences r\u00e9glementaires les plus strictes en mati\u00e8re de conformit\u00e9 des v\u00e9hicules et conducteurs. Gr\u00e2ce \u00e0 FleetWave vous pouvez\u00a0:<\/p>\n<ul>\n<li>Automatiser les rappels pour que les permis de conduire soient \u00e0 jour et vous assurer que vos conducteurs disposent des permis adapt\u00e9s pour leurs v\u00e9hicules\u2009;<\/li>\n<li>Stocker les donn\u00e9es RH, y compris les informations sur la formation, les renseignements pour l\u2019assurance et les qualifications, pour \u00eatre \u00e0 jour de vos obligations l\u00e9gales\u2009;<\/li>\n<li>Automatiser les alertes pour des \u00e9v\u00e9nements critiques comme l\u2019entretien, la maintenance et les contr\u00f4les techniques.<\/li>\n<\/ul>\n<\/div>\n        \n              <\/div>\n\n      <div class=\"learn-more__image animated fadeInUp__5\">\n\n                  <img decoding=\"async\" src=\"https:\/\/chevin-assets.s3.eu-west-1.amazonaws.com\/wp-content\/uploads\/sites\/5\/2021\/02\/25155531\/Light-3.png\" alt=\"\">\n        \n      <\/div>\n\n    <\/div>\n\n  <\/div>\n\n<\/section>\n\n<section  class=\"c-image-slider image-slider content-section  \">\n    \n    <div class=\"container animated fadeInUp\">\n        \n                    <h2 class=\"u-text-center fadeInUp__1\">Qui utilise notre logiciel\u2009?<\/h2>\n        \n                    <h3 class=\"u-text-center fadeInUp__2\">Certains parmi les grands fournisseurs de services de gestion de flotte utilisent Chevin, y compris :<\/h3>\n        \n        \n        <div class=\"image-slider__wrapper\" data-behaviour=\"four-slider\">\n                            <div class=\"slide fadeInUp__4\">\n                    <div class=\"image-slider__block\">\n                        <img decoding=\"async\" src=\"https:\/\/chevin-assets.s3.eu-west-1.amazonaws.com\/wp-content\/uploads\/sites\/5\/2021\/02\/05094957\/arla.png\">\n                        <p class=\"u-red\"><strong><\/strong><\/p>\n                                            <\/div>\n                <\/div>\n                            <div class=\"slide fadeInUp__4\">\n                    <div class=\"image-slider__block\">\n                        <img decoding=\"async\" src=\"https:\/\/chevin-assets.s3.eu-west-1.amazonaws.com\/wp-content\/uploads\/sites\/5\/2021\/02\/05095000\/hunts.png\">\n                        <p class=\"u-red\"><strong><\/strong><\/p>\n                                            <\/div>\n                <\/div>\n                            <div class=\"slide fadeInUp__4\">\n                    <div class=\"image-slider__block\">\n                        <img decoding=\"async\" src=\"https:\/\/chevin-assets.s3.eu-west-1.amazonaws.com\/wp-content\/uploads\/sites\/5\/2021\/02\/05095001\/NEW-Peters-Foods.png\">\n                        <p class=\"u-red\"><strong><\/strong><\/p>\n                                            <\/div>\n                <\/div>\n                    <\/div>\n    <\/div>\n<\/section>\n\n\n<section  class=\"content-section content-section--curved content-section--fade-to-grey content-section--big-overlap\">\n    \n    <div class=\"container container--small u-text-center animated fadeInUp\">\n        \n                    <h5 class=\"fadeInUp__1\">RESSOURCES<\/h5>\n                            <h3 class=\"fadeInUp__1\"><b>Vous pourriez aussi \u00eatre int\u00e9ress\u00e9 par\u2026<\/b><\/h3>\n                                <\/div>\n\n    <\/section>\n<section class=\"content-section animated fadeInUp\">\n    \n    <div class=\"container container--no-pad fadeInUp__2\">\n        <div class=\"post-type-wrapper\" data-behaviour=\"featured-slider\">\n                            <a class=\"post-type unstyled post-type--transform \" href=\"https:\/\/www.chevinfleet.com\/fr-fr\/learning-zone\/guide-dachat-pour-logiciel-de-gestion-de-flotte\/\">\n    <div class=\"post-type__image\">\n                    <img decoding=\"async\" src=\"https:\/\/chevin-assets.s3.eu-west-1.amazonaws.com\/wp-content\/uploads\/sites\/5\/2021\/01\/02145114\/buyers-guide-hero-1-440x440.png\">\n            <\/div>\n    <div class=\"post-type__content\">\n                <p class=\"post-type__name\"><strong>Guide d\u2019Achat Pour Logiciel de Gestion de Flotte<\/strong><\/p>\n                <p class=\"post-type__more\">En savoir plus<\/p>\n    <\/div>\n<\/a>\n                            <a class=\"post-type unstyled post-type--transform \" href=\"https:\/\/www.chevinfleet.com\/fr-fr\/learning-zone\/conseils-pour-la-securite-dans-votre-flotte\/\">\n    <div class=\"post-type__image\">\n                    <img decoding=\"async\" src=\"https:\/\/chevin-assets.s3.eu-west-1.amazonaws.com\/wp-content\/uploads\/sites\/5\/2021\/01\/24013558\/Telephone-cropped-image-e1613473300932-440x358.jpg\">\n            <\/div>\n    <div class=\"post-type__content\">\n                <p class=\"post-type__name\"><strong>5 conseils pour promouvoir la s\u00e9curit\u00e9 au sein de votre flotte<\/strong><\/p>\n                <p class=\"post-type__more\">En savoir plus<\/p>\n    <\/div>\n<\/a>\n                            <a class=\"post-type unstyled post-type--transform \" href=\"https:\/\/www.chevinfleet.com\/fr-fr\/learning-zone\/10-conseils-pour-souscrire-a-une-assurance-moins-chere\/\">\n    <div class=\"post-type__image\">\n                    <img decoding=\"async\" src=\"https:\/\/chevin-assets.s3.eu-west-1.amazonaws.com\/wp-content\/uploads\/sites\/5\/2021\/01\/24003049\/assurance-voiture-500x500-1-440x440.jpg\">\n            <\/div>\n    <div class=\"post-type__content\">\n                <p class=\"post-type__name\"><strong>Comment \u00e9conomiser de l&#8217;argent lorsque l&#8217;on choisit son assurance flotte automobile ?<\/strong><\/p>\n                <p class=\"post-type__more\">En savoir plus<\/p>\n    <\/div>\n<\/a>\n                    <\/div>\n    <\/div>\n<\/section>\n<section class=\"c-hr hr content-section u-show-mobile\">\n<div class=\"container\">\n    <hr>\n<\/div>\n\n<\/section>\n\n\n<section  class=\"c-cta-block cta-block content-section\">\n  <div class=\"container u-text-center animated fadeInUp\">\n    \n          <h2 class=\"u-red fadeInUp__1\">Pr\u00eat \u00e0 optimiser la gestion de votre flotte\u2009?<\/h2>\n    \n          <p class=\"fadeInUp__2\">Demandez \u00e0 un de nos commerciaux de vous contacter pour en savoir plus sur l\u2019optimisation de la gestion de flotte.<\/p>\n    \n          <a class=\"button fadeInUp__3\" href=\"\/fr-fr\/prix\/\">Voir les tarifs<\/a>\n      <\/div>\n<\/section>\n","protected":false},"excerpt":{"rendered":"","protected":false},"author":1,"featured_media":0,"parent":0,"menu_order":0,"comment_status":"closed","ping_status":"closed","template":"","meta":{"_acf_changed":true,"footnotes":""},"class_list":["post-1435","page","type-page","status-publish","hentry"],"acf":[],"yoast_head":"<!-- This site is optimized with the Yoast SEO Premium plugin v26.3 (Yoast SEO v26.5) - https:\/\/yoast.com\/wordpress\/plugins\/seo\/ -->\n<title>Produits alimentaires et boissons - Chevin - France<\/title>\n<meta name=\"robots\" content=\"index, follow, max-snippet:-1, max-image-preview:large, max-video-preview:-1\" \/>\n<link rel=\"canonical\" href=\"https:\/\/www.chevinfleet.com\/fr-fr\/produits-alimentaires-et-boissons\/\" \/>\n<meta property=\"og:locale\" content=\"en_GB\" \/>\n<meta property=\"og:type\" content=\"article\" \/>\n<meta property=\"og:title\" content=\"Produits alimentaires et boissons\" \/>\n<meta property=\"og:url\" content=\"https:\/\/www.chevinfleet.com\/fr-fr\/produits-alimentaires-et-boissons\/\" \/>\n<meta property=\"og:site_name\" content=\"Chevin - France\" \/>\n<meta property=\"article:modified_time\" content=\"2024-12-16T15:41:17+00:00\" \/>\n<meta name=\"twitter:card\" content=\"summary_large_image\" \/>\n<script type=\"application\/ld+json\" class=\"yoast-schema-graph\">{\"@context\":\"https:\/\/schema.org\",\"@graph\":[{\"@type\":\"WebPage\",\"@id\":\"https:\/\/www.chevinfleet.com\/fr-fr\/produits-alimentaires-et-boissons\/\",\"url\":\"https:\/\/www.chevinfleet.com\/fr-fr\/produits-alimentaires-et-boissons\/\",\"name\":\"Produits alimentaires et boissons - Chevin - France\",\"isPartOf\":{\"@id\":\"https:\/\/www.chevinfleet.com\/fr-fr\/#website\"},\"datePublished\":\"2021-01-14T20:08:37+00:00\",\"dateModified\":\"2024-12-16T15:41:17+00:00\",\"breadcrumb\":{\"@id\":\"https:\/\/www.chevinfleet.com\/fr-fr\/produits-alimentaires-et-boissons\/#breadcrumb\"},\"inLanguage\":\"en-GB\",\"potentialAction\":[{\"@type\":\"ReadAction\",\"target\":[\"https:\/\/www.chevinfleet.com\/fr-fr\/produits-alimentaires-et-boissons\/\"]}]},{\"@type\":\"BreadcrumbList\",\"@id\":\"https:\/\/www.chevinfleet.com\/fr-fr\/produits-alimentaires-et-boissons\/#breadcrumb\",\"itemListElement\":[{\"@type\":\"ListItem\",\"position\":1,\"name\":\"Home\",\"item\":\"https:\/\/www.chevinfleet.com\/fr-fr\/\"},{\"@type\":\"ListItem\",\"position\":2,\"name\":\"Produits alimentaires et boiss&hellip;\"}]},{\"@type\":\"WebSite\",\"@id\":\"https:\/\/www.chevinfleet.com\/fr-fr\/#website\",\"url\":\"https:\/\/www.chevinfleet.com\/fr-fr\/\",\"name\":\"Chevin - France\",\"description\":\"Just another  site\",\"potentialAction\":[{\"@type\":\"SearchAction\",\"target\":{\"@type\":\"EntryPoint\",\"urlTemplate\":\"https:\/\/www.chevinfleet.com\/fr-fr\/?s={search_term_string}\"},\"query-input\":{\"@type\":\"PropertyValueSpecification\",\"valueRequired\":true,\"valueName\":\"search_term_string\"}}],\"inLanguage\":\"en-GB\"}]}<\/script>\n<!-- \/ Yoast SEO Premium plugin. -->","yoast_head_json":{"title":"Produits alimentaires et boissons - Chevin - France","robots":{"index":"index","follow":"follow","max-snippet":"max-snippet:-1","max-image-preview":"max-image-preview:large","max-video-preview":"max-video-preview:-1"},"canonical":"https:\/\/www.chevinfleet.com\/fr-fr\/produits-alimentaires-et-boissons\/","og_locale":"en_GB","og_type":"article","og_title":"Produits alimentaires et boissons","og_url":"https:\/\/www.chevinfleet.com\/fr-fr\/produits-alimentaires-et-boissons\/","og_site_name":"Chevin - France","article_modified_time":"2024-12-16T15:41:17+00:00","twitter_card":"summary_large_image","schema":{"@context":"https:\/\/schema.org","@graph":[{"@type":"WebPage","@id":"https:\/\/www.chevinfleet.com\/fr-fr\/produits-alimentaires-et-boissons\/","url":"https:\/\/www.chevinfleet.com\/fr-fr\/produits-alimentaires-et-boissons\/","name":"Produits alimentaires et boissons - Chevin - France","isPartOf":{"@id":"https:\/\/www.chevinfleet.com\/fr-fr\/#website"},"datePublished":"2021-01-14T20:08:37+00:00","dateModified":"2024-12-16T15:41:17+00:00","breadcrumb":{"@id":"https:\/\/www.chevinfleet.com\/fr-fr\/produits-alimentaires-et-boissons\/#breadcrumb"},"inLanguage":"en-GB","potentialAction":[{"@type":"ReadAction","target":["https:\/\/www.chevinfleet.com\/fr-fr\/produits-alimentaires-et-boissons\/"]}]},{"@type":"BreadcrumbList","@id":"https:\/\/www.chevinfleet.com\/fr-fr\/produits-alimentaires-et-boissons\/#breadcrumb","itemListElement":[{"@type":"ListItem","position":1,"name":"Home","item":"https:\/\/www.chevinfleet.com\/fr-fr\/"},{"@type":"ListItem","position":2,"name":"Produits alimentaires et boiss&hellip;"}]},{"@type":"WebSite","@id":"https:\/\/www.chevinfleet.com\/fr-fr\/#website","url":"https:\/\/www.chevinfleet.com\/fr-fr\/","name":"Chevin - France","description":"Just another  site","potentialAction":[{"@type":"SearchAction","target":{"@type":"EntryPoint","urlTemplate":"https:\/\/www.chevinfleet.com\/fr-fr\/?s={search_term_string}"},"query-input":{"@type":"PropertyValueSpecification","valueRequired":true,"valueName":"search_term_string"}}],"inLanguage":"en-GB"}]}},"_links":{"self":[{"href":"https:\/\/www.chevinfleet.com\/fr-fr\/wp-json\/wp\/v2\/pages\/1435","targetHints":{"allow":["GET"]}}],"collection":[{"href":"https:\/\/www.chevinfleet.com\/fr-fr\/wp-json\/wp\/v2\/pages"}],"about":[{"href":"https:\/\/www.chevinfleet.com\/fr-fr\/wp-json\/wp\/v2\/types\/page"}],"author":[{"embeddable":true,"href":"https:\/\/www.chevinfleet.com\/fr-fr\/wp-json\/wp\/v2\/users\/1"}],"replies":[{"embeddable":true,"href":"https:\/\/www.chevinfleet.com\/fr-fr\/wp-json\/wp\/v2\/comments?post=1435"}],"version-history":[{"count":0,"href":"https:\/\/www.chevinfleet.com\/fr-fr\/wp-json\/wp\/v2\/pages\/1435\/revisions"}],"wp:attachment":[{"href":"https:\/\/www.chevinfleet.com\/fr-fr\/wp-json\/wp\/v2\/media?parent=1435"}],"curies":[{"name":"wp","href":"https:\/\/api.w.org\/{rel}","templated":true}]}}