{"id":1424,"date":"2021-01-14T17:12:16","date_gmt":"2021-01-14T17:12:16","guid":{"rendered":"http:\/\/www.chevinfleet.com\/?page_id=1424"},"modified":"2024-10-16T12:01:28","modified_gmt":"2024-10-16T11:01:28","slug":"services-de-gestion-de-flotte","status":"publish","type":"page","link":"https:\/\/www.chevinfleet.com\/fr-fr\/services-de-gestion-de-flotte\/","title":{"rendered":"Services de gestion de flotte"},"content":{"rendered":"<section  class=\"c-basic-header basic-header content-section\">\n    <div class=\"container container--small u-text-center\">\n                    <h5>Secteurs d\u2019activit\u00e9<\/h5>\n                            <h1 class=\"u-red\">Services de gestion de flotte<\/h1>\n                            <p>Harmonisez vos proc\u00e9dures de gestion de flotte et g\u00e9n\u00e9rez des routines de facturation pour diff\u00e9rents clients en fonction de leurs besoins, et ce dans un seul syst\u00e8me centralis\u00e9.<\/p>\n                    <\/div>\n<\/section>\n\n\n<section  class=\"c-learn-more content-section learn-more content-section--dots-left    \">\n  \n  <div class=\"container\">\n\n    <div class=\"learn-more__wrapper animated fadeInUp learn-more__wrapper--flipped \">\n      \n      <div class=\"learn-more__content learn-more__content--flipped\">\n\n        \n                  <h2 class=\" fadeInUp__2\">Centralisez votre gestion<\/h2>\n        \n                  <div class=\"fadeInUp__3\"><p>Si vous \u00eates responsable d\u2019un grand nombre de clients et de v\u00e9hicules, alors vous savez qu\u2019une gestion efficace est essentielle.<\/p>\n<p>Gr\u00e2ce \u00e0 FleetWave, vous pouvez facilement g\u00e9rer l\u2019ensemble des besoins individuels de vos clients en mati\u00e8re de flotte \u00e0 partir d\u2019un syst\u00e8me centralis\u00e9.<\/p>\n<\/div>\n        \n                  <a class=\"fadeInUp__4\" href=\"\/fr-fr\/demandez-une-demonstration\/\">Demandez une d\u00e9monstration<\/a>\n              <\/div>\n\n      <div class=\"learn-more__image animated fadeInUp__5\">\n\n                  <img decoding=\"async\" src=\"https:\/\/chevin-assets.s3.eu-west-1.amazonaws.com\/wp-content\/uploads\/sites\/5\/2021\/02\/11114638\/IN_5_Image-Circle.png\" alt=\"\">\n        \n      <\/div>\n\n    <\/div>\n\n  <\/div>\n\n<\/section>\n\n\n<section  class=\"c-cta-banner cta-banner content-section cta-banner--142671279 cta-banner--light\">\n  \n  <style>\n    @media (min-width: 1440px) {\n        .cta-banner--142671279 {\n            background-image: url(https:\/\/chevin-assets.s3.eu-west-1.amazonaws.com\/wp-content\/uploads\/sites\/5\/2021\/02\/16110252\/banner-2-resized.jpg);\n            background-size: cover;\n            background-repeat: no-repeat;\n        }\n    }\n    @media (max-width: 1440px) {\n        .cta-banner--142671279 {\n            background-image: url(https:\/\/chevin-assets.s3.eu-west-1.amazonaws.com\/wp-content\/uploads\/sites\/5\/2021\/02\/16110252\/banner-2-resized.jpg);\n            background-size: cover;\n            background-repeat: no-repeat;\n        }\n    }\n    @media (max-width: 768px) {\n        .cta-banner--142671279 {\n            background-image: url(https:\/\/chevin-assets.s3.eu-west-1.amazonaws.com\/wp-content\/uploads\/sites\/5\/2021\/02\/16110252\/banner-2-resized.jpg);\n            background-size: cover;\n            background-repeat: no-repeat;\n        }\n    }\n    @media (max-width: 360px) {\n        .cta-banner--142671279 {\n            background-image: url(https:\/\/chevin-assets.s3.eu-west-1.amazonaws.com\/wp-content\/uploads\/sites\/5\/2021\/02\/16110252\/banner-2-resized.jpg);\n            background-size: cover;\n            background-repeat: no-repeat;\n        }\n    }\n<\/style> \n  \n  <div class=\"container\">\n\n    <div class=\"cta-banner__container animated fadeInUp\">\n\n              <h3 class=\"u-bold fadeInUp__1\">Tenez les promesses faites \u00e0 vos clients<\/h3>\n            \n              <p class=\"fadeInUp__2\">\n          Vous pouvez offrir un acc\u00e8s \u00e0 leurs propres donn\u00e9es et rapports, g\u00e9n\u00e9rer des routines de facturation personnalis\u00e9es et m\u00eame cr\u00e9er des syst\u00e8mes de s\u00e9lection de v\u00e9hicules en vous basant sur les besoins sp\u00e9cifiques des clients.\n        <\/p>\n      \n      \n    <\/div>\n  <\/div>\n<\/section>\n\n\n<section  class=\"c-learn-more content-section learn-more content-section--dots-left    \">\n  \n  <div class=\"container\">\n\n    <div class=\"learn-more__wrapper animated fadeInUp learn-more__wrapper--flipped \">\n      \n      <div class=\"learn-more__content learn-more__content--flipped\">\n\n        \n                  <h2 class=\" fadeInUp__2\">Une gestion globale depuis un seul endroit<\/h2>\n        \n                  <div class=\"fadeInUp__3\"><p>Avec FleetWave, centralisez vos syst\u00e8mes d\u2019information pour une gestion plus efficace. Que vous op\u00e9riez \u00e0 petite \u00e9chelle ou g\u00e9riez un large portefeuille de clients, notre logiciel innovant vous permet\u00a0:<\/p>\n<ul>\n<li>de g\u00e9rer le cycle de vie complet de votre flotte, de son achat \u00e0 sa cession<\/li>\n<li>de superviser les accidents et rep\u00e9rer les besoins en formation de vos conducteurs<\/li>\n<li>de cr\u00e9er un programme complet de maintenance<\/li>\n<li>de g\u00e9rer l\u2019administration des amendes et contraventions<\/li>\n<li>d\u2019assurer la conformit\u00e9 des v\u00e9hicules<\/li>\n<li>de suivre les d\u00e9penses en carburant, y compris l\u2019historique des consommations et des transactions<\/li>\n<\/ul>\n<\/div>\n        \n              <\/div>\n\n      <div class=\"learn-more__image animated fadeInUp__5\">\n\n                  <img decoding=\"async\" src=\"https:\/\/chevin-assets.s3.eu-west-1.amazonaws.com\/wp-content\/uploads\/sites\/5\/2021\/02\/25155531\/Light-3.png\" alt=\"\">\n        \n      <\/div>\n\n    <\/div>\n\n  <\/div>\n\n<\/section>\n\n<section  class=\"c-features-slider content-section features-slider \">\n    <div class=\"container container--no-pad\">\n        <div class=\"features-slider__wrapper\" data-behaviour=\"featured-slider\">\n                            <div class=\"features-slider__feature animated fadeInUp\">\n                  <div class=\"features-slider__icon-container\">\n                    <img decoding=\"async\" class=\"fadeInUp__1 features-slider__icon\" src=\"https:\/\/chevin-assets.s3.eu-west-1.amazonaws.com\/wp-content\/uploads\/sites\/5\/2021\/02\/11111144\/2_Icon-KeepCostsLow.png\" alt=\"\">\n                  <\/div>\n                    <h3 class=\"u-bold fadeInUp__2\">G\u00e9rez vos contraventions <\/h3>\n                    <p class=\"fadeInUp__3\">Acc\u00e9l\u00e9rez et simplifiez votre charge administrative gr\u00e2ce aux tableaux de bord d\u00e9taill\u00e9s et rapports. G\u00e9rez vos amendes en suspens, suivez vos p\u00e9nalit\u00e9s et analysez leur co\u00fbt et leur cause.<\/p>\n                <\/div>\n                            <div class=\"features-slider__feature animated fadeInUp\">\n                  <div class=\"features-slider__icon-container\">\n                    <img decoding=\"async\" class=\"fadeInUp__1 features-slider__icon\" src=\"https:\/\/chevin-assets.s3.eu-west-1.amazonaws.com\/wp-content\/uploads\/sites\/5\/2021\/02\/11110853\/1_Icon-ImproveProductivity.png\" alt=\"\">\n                  <\/div>\n                    <h3 class=\"u-bold fadeInUp__2\">R\u00e9duisez les temps d\u2019immobilisation <\/h3>\n                    <p class=\"fadeInUp__3\">Assurez la disponibilit\u00e9 de votre flotte. Ne manquez aucune intervention de maintenance et \u00e9vitez les p\u00e9nalit\u00e9s gr\u00e2ce \u00e0 des alertes sous forme de feux de signalisation et des rappels automatiques.<\/p>\n                <\/div>\n                            <div class=\"features-slider__feature animated fadeInUp\">\n                  <div class=\"features-slider__icon-container\">\n                    <img decoding=\"async\" class=\"fadeInUp__1 features-slider__icon\" src=\"https:\/\/chevin-assets.s3.eu-west-1.amazonaws.com\/wp-content\/uploads\/sites\/5\/2021\/02\/11115103\/IN_1_Icon-IntegrateEffor.png\" alt=\"\">\n                  <\/div>\n                    <h3 class=\"u-bold fadeInUp__2\">Des donn\u00e9es int\u00e9gr\u00e9es pour des d\u00e9cisions \u00e9clair\u00e9es<\/h3>\n                    <p class=\"fadeInUp__3\">Am\u00e9liorez vos capacit\u00e9s d\u2019analyse de donn\u00e9es gr\u00e2ce \u00e0 notre gamme d\u2019int\u00e9grations de logiciels tiers, y compris les syst\u00e8mes t\u00e9l\u00e9matiques, de ravitaillement, etc.<\/p>\n                <\/div>\n                    <\/div>\n    <\/div>\n<\/section>\n\n\n<section  class=\"c-text-carousel content-section animated fadeInUp\">\n  <div class=\"container\">\n    <div class=\"text-carousel fadeInUp__1\">\n      <div data-behaviour=\"text-slider\">\n                  <div class=\"text-carousel__slide\">\n            <h3 class=\"u-bold\">La brochure FleetWave<\/h3>\n            <p>Consultez notre brochure pour plus d\u2019informations, dont la liste compl\u00e8te des fonctionnalit\u00e9s.<\/p>\n            <a class=\"unstyled\" href=\"https:\/\/www.chevinfleet.com\/fr-fr\/learning-zone\/fleetwave-brochure\/\">En savoir plus<\/a>\n          <\/div>\n              <\/div>\n    <\/div>\n  <\/div>\n<\/section>\n\n\n<section  class=\"c-learn-more content-section learn-more content-section--dots    \">\n  \n  <div class=\"container\">\n\n    <div class=\"learn-more__wrapper animated fadeInUp  \">\n      \n      <div class=\"learn-more__content \">\n\n        \n                  <h2 class=\" fadeInUp__2\">Conformit\u00e9 des conducteurs<\/h2>\n        \n                  <div class=\"fadeInUp__3\"><p>\u00catre \u00e0 jour de ses obligations r\u00e9glementaires portant sur les v\u00e9hicules et les conducteurs devient simple. Notre ensemble complet d\u2019outils de gestion de flotte vous permet\u00a0:<\/p>\n<ul>\n<li>de vous assurer que vos conducteurs disposent du permis adapt\u00e9 aux v\u00e9hicules qu\u2019ils conduisent<\/li>\n<li>d\u2019automatiser les rappels pour vous signaler les permis qui expirent et les dates de renouvellement<\/li>\n<li>de conserver les certifications des conducteurs, les renseignements relatifs \u00e0 l\u2019assurance, le contr\u00f4le technique, etc. en toute s\u00e9curit\u00e9<\/li>\n<li>de cr\u00e9er des alertes automatis\u00e9es pour l\u2019entretien, les t\u00e2ches de maintenance pr\u00e9ventive et les contr\u00f4les techniques<\/li>\n<\/ul>\n<\/div>\n        \n              <\/div>\n\n      <div class=\"learn-more__image animated fadeInUp__5\">\n\n                  <img decoding=\"async\" src=\"https:\/\/chevin-assets.s3.eu-west-1.amazonaws.com\/wp-content\/uploads\/sites\/5\/2021\/02\/11004940\/Fleet-Status-FR.png\" alt=\"\">\n        \n      <\/div>\n\n    <\/div>\n\n  <\/div>\n\n<\/section>\n\n<section  class=\"c-image-slider image-slider content-section  \">\n    \n    <div class=\"container animated fadeInUp\">\n        \n                    <h2 class=\"u-text-center fadeInUp__1\">Qui utilise notre logiciel ?<\/h2>\n        \n                    <h3 class=\"u-text-center fadeInUp__2\">Certains des plus grands fournisseurs de services de gestion de flotte utilisent Chevin, y compris :<\/h3>\n        \n        \n        <div class=\"image-slider__wrapper\" data-behaviour=\"four-slider\">\n                            <div class=\"slide fadeInUp__4\">\n                    <div class=\"image-slider__block\">\n                        <img decoding=\"async\" src=\"https:\/\/chevin-assets.s3.eu-west-1.amazonaws.com\/wp-content\/uploads\/sites\/5\/2021\/02\/05094646\/cbvc.png\">\n                        <p class=\"u-red\"><strong><\/strong><\/p>\n                                            <\/div>\n                <\/div>\n                            <div class=\"slide fadeInUp__4\">\n                    <div class=\"image-slider__block\">\n                        <img decoding=\"async\" src=\"https:\/\/chevin-assets.s3.eu-west-1.amazonaws.com\/wp-content\/uploads\/sites\/5\/2021\/02\/05094648\/fleet-care.png\">\n                        <p class=\"u-red\"><strong><\/strong><\/p>\n                                            <\/div>\n                <\/div>\n                            <div class=\"slide fadeInUp__4\">\n                    <div class=\"image-slider__block\">\n                        <img decoding=\"async\" src=\"https:\/\/chevin-assets.s3.eu-west-1.amazonaws.com\/wp-content\/uploads\/sites\/5\/2021\/02\/05094649\/go-plant.png\">\n                        <p class=\"u-red\"><strong><\/strong><\/p>\n                                            <\/div>\n                <\/div>\n                            <div class=\"slide fadeInUp__4\">\n                    <div class=\"image-slider__block\">\n                        <img decoding=\"async\" src=\"https:\/\/chevin-assets.s3.eu-west-1.amazonaws.com\/wp-content\/uploads\/sites\/5\/2021\/02\/05094651\/NEW-Bentley-Motors.png\">\n                        <p class=\"u-red\"><strong><\/strong><\/p>\n                                            <\/div>\n                <\/div>\n                            <div class=\"slide fadeInUp__4\">\n                    <div class=\"image-slider__block\">\n                        <img decoding=\"async\" src=\"https:\/\/chevin-assets.s3.eu-west-1.amazonaws.com\/wp-content\/uploads\/sites\/5\/2021\/02\/05094652\/NEW-SFS.png\">\n                        <p class=\"u-red\"><strong><\/strong><\/p>\n                                            <\/div>\n                <\/div>\n                    <\/div>\n    <\/div>\n<\/section>\n\n\n<section  class=\"c-hero-quote hero-quote content-section \">\n        <img decoding=\"async\" src=\"https:\/\/chevin-assets.s3.eu-west-1.amazonaws.com\/wp-content\/uploads\/sites\/5\/2021\/02\/11031346\/client-resized-1.jpg\"\n     data-srcset=\"https:\/\/chevin-assets.s3.eu-west-1.amazonaws.com\/wp-content\/uploads\/sites\/5\/2021\/02\/11031346\/client-resized-1-960x333.jpg 360w,\n                https:\/\/chevin-assets.s3.eu-west-1.amazonaws.com\/wp-content\/uploads\/sites\/5\/2021\/02\/11031346\/client-resized-1.jpg 768w,\n                https:\/\/chevin-assets.s3.eu-west-1.amazonaws.com\/wp-content\/uploads\/sites\/5\/2021\/02\/11031346\/client-resized-1.jpg 1440w,\n                https:\/\/chevin-assets.s3.eu-west-1.amazonaws.com\/wp-content\/uploads\/sites\/5\/2021\/02\/11031346\/client-resized-1.jpg 2000w\" class=\"hero-quote__img \" \/>\n  <div class=\"container\">\n    <div class=\"hero-quote__container animated fadeInUp\">\n              <h3 class=\"hero-quote__quote u-bold fadeInUp__1\">\u00ab FleetWave est une solution multi-facettes, qui a r\u00e9volutionn\u00e9 de nombreux aspects de l\u2019activit\u00e9 de Go Plant. Tous les bons de commande, locations, factures et bons de travaux passent par le syst\u00e8me qui nous met \u00e0 port\u00e9e de main une veille \u00e9conomique cruciale. Les rapports et informations de gestion essentiels sont ainsi disponibles en un clic. \u00bb<\/h3>\n                  <p class=\"hero-quote__person fadeInUp__2\">\n        <strong class=\"u-red\">Paul Langham,<\/strong>\n      <\/p>\n            <p class=\"u-red hero-quote__details fadeInUp__3\">\n                  <span class=\"hero-quote__job-title\">Directeur g\u00e9n\u00e9ral,<\/span>\n                          <span class=\"hero-quote__company\">Go Plant<\/span>\n              <\/p>\n    <\/div>\n  <\/div>\n<\/section>\n\n<section  class=\"content-section content-section--curved content-section--fade-to-grey content-section--big-overlap\">\n    \n    <div class=\"container container--small u-text-center animated fadeInUp\">\n        \n                    <h5 class=\"fadeInUp__1\">RESSOURCES<\/h5>\n                            <h3 class=\"fadeInUp__1\"><b>Vous pourriez aussi \u00eatre int\u00e9ress\u00e9 par\u2026<\/b><\/h3>\n                                <\/div>\n\n    <\/section>\n<section class=\"content-section animated fadeInUp\">\n    \n    <div class=\"container container--no-pad fadeInUp__2\">\n        <div class=\"post-type-wrapper\" data-behaviour=\"featured-slider\">\n                            <a class=\"post-type unstyled post-type--transform \" href=\"https:\/\/www.chevinfleet.com\/fr-fr\/learning-zone\/guide-dachat-pour-logiciel-de-gestion-de-flotte\/\">\n    <div class=\"post-type__image\">\n                    <img decoding=\"async\" src=\"https:\/\/chevin-assets.s3.eu-west-1.amazonaws.com\/wp-content\/uploads\/sites\/5\/2021\/01\/02145114\/buyers-guide-hero-1-440x440.png\">\n            <\/div>\n    <div class=\"post-type__content\">\n                <p class=\"post-type__name\"><strong>Guide d\u2019Achat Pour Logiciel de Gestion de Flotte<\/strong><\/p>\n                <p class=\"post-type__more\">En savoir plus<\/p>\n    <\/div>\n<\/a>\n                            <a class=\"post-type unstyled post-type--transform \" href=\"https:\/\/www.chevinfleet.com\/fr-fr\/learning-zone\/10-conseils-pour-souscrire-a-une-assurance-moins-chere\/\">\n    <div class=\"post-type__image\">\n                    <img decoding=\"async\" src=\"https:\/\/chevin-assets.s3.eu-west-1.amazonaws.com\/wp-content\/uploads\/sites\/5\/2021\/01\/24003049\/assurance-voiture-500x500-1-440x440.jpg\">\n            <\/div>\n    <div class=\"post-type__content\">\n                <p class=\"post-type__name\"><strong>Comment \u00e9conomiser de l&#8217;argent lorsque l&#8217;on choisit son assurance flotte automobile ?<\/strong><\/p>\n                <p class=\"post-type__more\">En savoir plus<\/p>\n    <\/div>\n<\/a>\n                            <a class=\"post-type unstyled post-type--transform \" href=\"https:\/\/www.chevinfleet.com\/fr-fr\/learning-zone\/reduire-les-emissions-de-co2-et-les-couts-de-carburant-de-sa-flotte\/\">\n    <div class=\"post-type__image\">\n                    <img decoding=\"async\" src=\"https:\/\/chevin-assets.s3.eu-west-1.amazonaws.com\/wp-content\/uploads\/sites\/5\/2021\/01\/24170716\/emission-car-profile-FR-440x402.jpg\">\n            <\/div>\n    <div class=\"post-type__content\">\n                <p class=\"post-type__name\"><strong>R\u00e9duire les \u00e9missions de CO2 et les co\u00fbts de carburant de sa flotte<\/strong><\/p>\n                <p class=\"post-type__more\">En savoir plus<\/p>\n    <\/div>\n<\/a>\n                    <\/div>\n    <\/div>\n<\/section>\n<section class=\"c-hr hr content-section u-show-mobile\">\n<div class=\"container\">\n    <hr>\n<\/div>\n\n<\/section>\n\n\n<section  class=\"c-cta-block cta-block content-section\">\n  <div class=\"container u-text-center animated fadeInUp\">\n    \n          <h2 class=\"u-red fadeInUp__1\">Pr\u00eat \u00e0 optimiser la gestion de votre flotte\u2009?<\/h2>\n    \n          <p class=\"fadeInUp__2\">Demandez \u00e0 un de nos commerciaux de vous contacter pour en savoir plus sur l\u2019optimisation de la gestion de flotte.<\/p>\n    \n          <a class=\"button fadeInUp__3\" href=\"\/fr-fr\/prix\/\">Voir les tarifs<\/a>\n      <\/div>\n<\/section>\n","protected":false},"excerpt":{"rendered":"","protected":false},"author":1,"featured_media":0,"parent":0,"menu_order":0,"comment_status":"closed","ping_status":"closed","template":"","meta":{"_acf_changed":true,"footnotes":""},"class_list":["post-1424","page","type-page","status-publish","hentry"],"acf":[],"yoast_head":"<!-- This site is optimized with the Yoast SEO Premium plugin v26.3 (Yoast SEO v26.5) - https:\/\/yoast.com\/wordpress\/plugins\/seo\/ -->\n<title>Logiciels de gestion de flotte adaptable | Chevin FleetWave<\/title>\n<meta name=\"description\" content=\"Am\u00e9liorez la gestion de v\u00e9hicules, actifs et conducteurs avec Chevin logiciel de gestion de flotte adaptable\" \/>\n<meta name=\"robots\" content=\"index, follow, max-snippet:-1, max-image-preview:large, max-video-preview:-1\" \/>\n<link rel=\"canonical\" href=\"https:\/\/www.chevinfleet.com\/fr-fr\/services-de-gestion-de-flotte\/\" \/>\n<meta property=\"og:locale\" content=\"en_GB\" \/>\n<meta property=\"og:type\" content=\"article\" \/>\n<meta property=\"og:title\" content=\"Services de gestion de flotte\" \/>\n<meta property=\"og:description\" content=\"Am\u00e9liorez la gestion de v\u00e9hicules, actifs et conducteurs avec Chevin logiciel de gestion de flotte adaptable\" \/>\n<meta property=\"og:url\" content=\"https:\/\/www.chevinfleet.com\/fr-fr\/services-de-gestion-de-flotte\/\" \/>\n<meta property=\"og:site_name\" content=\"Chevin - France\" \/>\n<meta property=\"article:modified_time\" content=\"2024-10-16T11:01:28+00:00\" \/>\n<meta name=\"twitter:card\" content=\"summary_large_image\" \/>\n<script type=\"application\/ld+json\" class=\"yoast-schema-graph\">{\"@context\":\"https:\/\/schema.org\",\"@graph\":[{\"@type\":\"WebPage\",\"@id\":\"https:\/\/www.chevinfleet.com\/fr-fr\/services-de-gestion-de-flotte\/\",\"url\":\"https:\/\/www.chevinfleet.com\/fr-fr\/services-de-gestion-de-flotte\/\",\"name\":\"Logiciels de gestion de flotte adaptable | Chevin FleetWave\",\"isPartOf\":{\"@id\":\"https:\/\/www.chevinfleet.com\/fr-fr\/#website\"},\"datePublished\":\"2021-01-14T17:12:16+00:00\",\"dateModified\":\"2024-10-16T11:01:28+00:00\",\"description\":\"Am\u00e9liorez la gestion de v\u00e9hicules, actifs et conducteurs avec Chevin logiciel de gestion de flotte adaptable\",\"breadcrumb\":{\"@id\":\"https:\/\/www.chevinfleet.com\/fr-fr\/services-de-gestion-de-flotte\/#breadcrumb\"},\"inLanguage\":\"en-GB\",\"potentialAction\":[{\"@type\":\"ReadAction\",\"target\":[\"https:\/\/www.chevinfleet.com\/fr-fr\/services-de-gestion-de-flotte\/\"]}]},{\"@type\":\"BreadcrumbList\",\"@id\":\"https:\/\/www.chevinfleet.com\/fr-fr\/services-de-gestion-de-flotte\/#breadcrumb\",\"itemListElement\":[{\"@type\":\"ListItem\",\"position\":1,\"name\":\"Home\",\"item\":\"https:\/\/www.chevinfleet.com\/fr-fr\/\"},{\"@type\":\"ListItem\",\"position\":2,\"name\":\"Services de gestion de flotte\"}]},{\"@type\":\"WebSite\",\"@id\":\"https:\/\/www.chevinfleet.com\/fr-fr\/#website\",\"url\":\"https:\/\/www.chevinfleet.com\/fr-fr\/\",\"name\":\"Chevin - France\",\"description\":\"Just another  site\",\"potentialAction\":[{\"@type\":\"SearchAction\",\"target\":{\"@type\":\"EntryPoint\",\"urlTemplate\":\"https:\/\/www.chevinfleet.com\/fr-fr\/?s={search_term_string}\"},\"query-input\":{\"@type\":\"PropertyValueSpecification\",\"valueRequired\":true,\"valueName\":\"search_term_string\"}}],\"inLanguage\":\"en-GB\"}]}<\/script>\n<!-- \/ Yoast SEO Premium plugin. -->","yoast_head_json":{"title":"Logiciels de gestion de flotte adaptable | Chevin FleetWave","description":"Am\u00e9liorez la gestion de v\u00e9hicules, actifs et conducteurs avec Chevin logiciel de gestion de flotte adaptable","robots":{"index":"index","follow":"follow","max-snippet":"max-snippet:-1","max-image-preview":"max-image-preview:large","max-video-preview":"max-video-preview:-1"},"canonical":"https:\/\/www.chevinfleet.com\/fr-fr\/services-de-gestion-de-flotte\/","og_locale":"en_GB","og_type":"article","og_title":"Services de gestion de flotte","og_description":"Am\u00e9liorez la gestion de v\u00e9hicules, actifs et conducteurs avec Chevin logiciel de gestion de flotte adaptable","og_url":"https:\/\/www.chevinfleet.com\/fr-fr\/services-de-gestion-de-flotte\/","og_site_name":"Chevin - France","article_modified_time":"2024-10-16T11:01:28+00:00","twitter_card":"summary_large_image","schema":{"@context":"https:\/\/schema.org","@graph":[{"@type":"WebPage","@id":"https:\/\/www.chevinfleet.com\/fr-fr\/services-de-gestion-de-flotte\/","url":"https:\/\/www.chevinfleet.com\/fr-fr\/services-de-gestion-de-flotte\/","name":"Logiciels de gestion de flotte adaptable | Chevin FleetWave","isPartOf":{"@id":"https:\/\/www.chevinfleet.com\/fr-fr\/#website"},"datePublished":"2021-01-14T17:12:16+00:00","dateModified":"2024-10-16T11:01:28+00:00","description":"Am\u00e9liorez la gestion de v\u00e9hicules, actifs et conducteurs avec Chevin logiciel de gestion de flotte adaptable","breadcrumb":{"@id":"https:\/\/www.chevinfleet.com\/fr-fr\/services-de-gestion-de-flotte\/#breadcrumb"},"inLanguage":"en-GB","potentialAction":[{"@type":"ReadAction","target":["https:\/\/www.chevinfleet.com\/fr-fr\/services-de-gestion-de-flotte\/"]}]},{"@type":"BreadcrumbList","@id":"https:\/\/www.chevinfleet.com\/fr-fr\/services-de-gestion-de-flotte\/#breadcrumb","itemListElement":[{"@type":"ListItem","position":1,"name":"Home","item":"https:\/\/www.chevinfleet.com\/fr-fr\/"},{"@type":"ListItem","position":2,"name":"Services de gestion de flotte"}]},{"@type":"WebSite","@id":"https:\/\/www.chevinfleet.com\/fr-fr\/#website","url":"https:\/\/www.chevinfleet.com\/fr-fr\/","name":"Chevin - France","description":"Just another  site","potentialAction":[{"@type":"SearchAction","target":{"@type":"EntryPoint","urlTemplate":"https:\/\/www.chevinfleet.com\/fr-fr\/?s={search_term_string}"},"query-input":{"@type":"PropertyValueSpecification","valueRequired":true,"valueName":"search_term_string"}}],"inLanguage":"en-GB"}]}},"_links":{"self":[{"href":"https:\/\/www.chevinfleet.com\/fr-fr\/wp-json\/wp\/v2\/pages\/1424","targetHints":{"allow":["GET"]}}],"collection":[{"href":"https:\/\/www.chevinfleet.com\/fr-fr\/wp-json\/wp\/v2\/pages"}],"about":[{"href":"https:\/\/www.chevinfleet.com\/fr-fr\/wp-json\/wp\/v2\/types\/page"}],"author":[{"embeddable":true,"href":"https:\/\/www.chevinfleet.com\/fr-fr\/wp-json\/wp\/v2\/users\/1"}],"replies":[{"embeddable":true,"href":"https:\/\/www.chevinfleet.com\/fr-fr\/wp-json\/wp\/v2\/comments?post=1424"}],"version-history":[{"count":0,"href":"https:\/\/www.chevinfleet.com\/fr-fr\/wp-json\/wp\/v2\/pages\/1424\/revisions"}],"wp:attachment":[{"href":"https:\/\/www.chevinfleet.com\/fr-fr\/wp-json\/wp\/v2\/media?parent=1424"}],"curies":[{"name":"wp","href":"https:\/\/api.w.org\/{rel}","templated":true}]}}