{"id":14,"date":"2020-10-28T12:51:48","date_gmt":"2020-10-28T12:51:48","guid":{"rendered":"https:\/\/chevin.test\/?page_id=14"},"modified":"2024-10-16T15:02:39","modified_gmt":"2024-10-16T14:02:39","slug":"a-propos","status":"publish","type":"page","link":"https:\/\/www.chevinfleet.com\/fr-fr\/a-propos\/","title":{"rendered":"\u00c0 propos"},"content":{"rendered":"<section  class=\"c-page-header page-header content-section content-section--dark content-section--curved\">\n    <div class=\"container container--small u-text-center\">\n                    <h1>\u00c0 propos<\/h1>\n                            <p>Pionniers de l\u2019innovation pour les flottes depuis trois d\u00e9cennies. Chevin a d\u00e9velopp\u00e9 le premier syst\u00e8me de gestion de flotte en ligne et continue \u00e0 offrir des technologies de pointe pour ces domaines d\u2019activit\u00e9. <\/p>\n                \n    <\/div>\n    <\/section>\n\n\n<section  class=\"c-learn-more content-section learn-more content-section--dots  content-section--curved content-section--fade-to-grey content-section--big-overlap \">\n  \n  <div class=\"container\">\n\n    <div class=\"learn-more__wrapper animated fadeInUp  \">\n      \n      <div class=\"learn-more__content \">\n\n        \n                  <h2 class=\"u-red fadeInUp__2\">Une flotte toujours disponible<\/h2>\n        \n                  <div class=\"fadeInUp__3\"><p>Nous sommes le leader mondial des solutions de gestion de flotte d\u00e9di\u00e9es, adapt\u00e9es aux organisations de tous types et de toutes tailles dans le monde entier.<\/p>\n<\/div>\n        \n                  <a class=\"fadeInUp__4\" href=\"\/fr-fr\/produits\/\">D\u00e9couvrez nos produits<\/a>\n              <\/div>\n\n      <div class=\"learn-more__image animated fadeInUp__5\">\n\n                  <img decoding=\"async\" src=\"https:\/\/www.chevinfleet.com\/wp-content\/uploads\/sites\/5\/2020\/12\/Group-709.png\" alt=\"\">\n        \n      <\/div>\n\n    <\/div>\n\n  <\/div>\n\n<\/section>\n\n<section  class=\"c-image image content-section  \">\n    <div class=\"animated fadeInUp container\">\n                                <img decoding=\"async\" src=\"https:\/\/www.chevinfleet.com\/wp-content\/uploads\/sites\/5\/2020\/12\/GettyImages-1097184316.png\"\n     data-srcset=\"https:\/\/www.chevinfleet.com\/wp-content\/uploads\/sites\/5\/2020\/12\/GettyImages-1097184316-520x333.png 360w,\n                https:\/\/www.chevinfleet.com\/wp-content\/uploads\/sites\/5\/2020\/12\/GettyImages-1097184316-1040x500.png 768w,\n                https:\/\/www.chevinfleet.com\/wp-content\/uploads\/sites\/5\/2020\/12\/GettyImages-1097184316.png 1440w,\n                https:\/\/www.chevinfleet.com\/wp-content\/uploads\/sites\/5\/2020\/12\/GettyImages-1097184316.png 2000w\" class=\" fadeInUp__1\" \/>\n            <\/div>\n<\/section>\n\n\n<section  class=\"content-section animated fadeInUp\" >\n    <div class=\"container container--small  user-content fadeInUp__1\">\n        <h3 style=\"text-align: center;\"><strong>Un logiciel leader sur le march\u00e9 depuis plus de 30\u00a0ans<\/strong><\/h3>\n<p style=\"text-align: center;\">Cr\u00e9\u00e9es en 1990 dans une petite ville au c\u0153ur du Royaume-Uni, nos solutions logicielles sont maintenant utilis\u00e9es dans plus de 180 pays pour la gestion de plus de 1 millions de v\u00e9hicules et autres actifs. Nous nous engageons v\u00e9ritablement aupr\u00e8s de nos clients \u2013 lorsque vous rejoignez notre communaut\u00e9 mondiale, vous partagez les connaissances et l\u2019expertise des flottes les plus grandes et les plus complexes au monde. Nos solutions intelligentes assurent la disponibilit\u00e9 des flottes en r\u00e9pondant aux besoins d\u2019aujourd\u2019hui et aux exigences de demain.<\/p>\n\n    <\/div>\n<\/section>\n\n\n<section  class=\"c-image image content-section  content-section--curved content-section--fade-to-grey\">\n    <div class=\"animated fadeInUp container\">\n                                <img decoding=\"async\" src=\"https:\/\/chevin-assets.s3.eu-west-1.amazonaws.com\/wp-content\/uploads\/sites\/5\/2021\/02\/08135342\/MAP.png\"\n     data-srcset=\"https:\/\/chevin-assets.s3.eu-west-1.amazonaws.com\/wp-content\/uploads\/sites\/5\/2021\/02\/08135342\/MAP-520x333.png 360w,\n                https:\/\/chevin-assets.s3.eu-west-1.amazonaws.com\/wp-content\/uploads\/sites\/5\/2021\/02\/08135342\/MAP-1040x500.png 768w,\n                https:\/\/chevin-assets.s3.eu-west-1.amazonaws.com\/wp-content\/uploads\/sites\/5\/2021\/02\/08135342\/MAP.png 1440w,\n                https:\/\/chevin-assets.s3.eu-west-1.amazonaws.com\/wp-content\/uploads\/sites\/5\/2021\/02\/08135342\/MAP.png 2000w\" class=\" fadeInUp__1\" \/>\n            <\/div>\n<\/section>\n\n\n<section  class=\"c-learn-more content-section learn-more content-section--dots-left    \">\n  \n  <div class=\"container\">\n\n    <div class=\"learn-more__wrapper animated fadeInUp learn-more__wrapper--flipped \">\n      \n      <div class=\"learn-more__content learn-more__content--flipped\">\n\n        \n                  <h2 class=\" fadeInUp__2\">Des solutions flexibles<\/h2>\n        \n                  <div class=\"fadeInUp__3\"><p>Harmonisez vos proc\u00e9dures et am\u00e9liorez vos performances gr\u00e2ce \u00e0 note syst\u00e8me de gestion de flotte simple \u00e0 utiliser. Le logiciel intelligent FleetWave vous permet de g\u00e9rer facilement l\u2019int\u00e9gralit\u00e9 du cycle de vie de votre flotte depuis un emplacement centralis\u00e9, ce qui vous permet de r\u00e9soudre les dysfonctionnements, r\u00e9duire les co\u00fbts et assurer la conformit\u00e9 r\u00e9glementaire.<\/p>\n<p>&nbsp;<\/p>\n<\/div>\n        \n              <\/div>\n\n      <div class=\"learn-more__image animated fadeInUp__5\">\n\n                      <div class=\"orbit orbit--red animated \">\n    <div class=\"orbit__circle orbit__circle--1\">\n      <div class=\"orbit__blob orbit__blob--lg\">\n              <\/div>\n      <div class=\"orbit__blob orbit__blob--sm orbit__blob--black\">\n              <\/div>\n      <div class=\"orbit__blob orbit__blob--xs\"><\/div>\n    <\/div>\n    <div class=\"orbit__circle orbit__circle--1-fast\">\n      <div class=\"orbit__blob orbit__blob--xs\"><\/div>\n    <\/div>\n    <div class=\"orbit__circle orbit__circle--2\">\n      <div class=\"orbit__blob orbit__blob--sm\">\n              <\/div>\n      <div class=\"orbit__blob orbit__blob--sm\">\n              <\/div>\n    <\/div>\n    <div class=\"orbit__circle orbit__circle--2-fast\">\n      <div class=\"orbit__blob orbit__blob--xs orbit__blob--black\"><\/div>\n      <div class=\"orbit__blob orbit__blob--sm orbit__blob--black\">\n              <\/div>\n    <\/div>\n          <div class=\"orbit__circle orbit__circle--0\"><\/div>\n              <div class=\"orbit__circle orbit__circle--3\"><\/div>\n      <div class=\"orbit__image orbit__image--float\">\n        <img decoding=\"async\" src=\"https:\/\/chevin-assets.s3.eu-west-1.amazonaws.com\/wp-content\/uploads\/sites\/5\/2021\/02\/25155531\/Light-3.png\" alt=\"\">\n      <\/div>\n      <\/div>\n\n        \n      <\/div>\n\n    <\/div>\n\n  <\/div>\n\n<\/section>\n\n<section  class=\"c-solutions-block content-section\" id=\"\">\n  <div class=\"container solutions-block\">\n    <div class=\"solutions-block__solutions\" data-behaviour=\"solutions-slider\">\n              <div class=\"solutions-block__solution animated fadeInUp\">\n        <div class=\"solutions-block__icon-container\">\n          <img decoding=\"async\" class=\"fadeInUp__1 solutions-block__icon\" src=\"https:\/\/chevin-assets.s3.eu-west-1.amazonaws.com\/wp-content\/uploads\/sites\/5\/2020\/12\/11104543\/FW_Icon-GetActionableInsights-2.png\" alt=\"\"><\/div>\n          <p class=\"fadeInUp__2 u-bold\">Suivi des actifs<\/p>\n                  <\/div>\n              <div class=\"solutions-block__solution animated fadeInUp\">\n        <div class=\"solutions-block__icon-container\">\n          <img decoding=\"async\" class=\"fadeInUp__1 solutions-block__icon\" src=\"https:\/\/chevin-assets.s3.eu-west-1.amazonaws.com\/wp-content\/uploads\/sites\/5\/2021\/02\/11104055\/FW_Icon-CentraliseFleetManagement.png\" alt=\"\"><\/div>\n          <p class=\"fadeInUp__2 u-bold\">\u00c9missions r\u00e9duites<\/p>\n                  <\/div>\n              <div class=\"solutions-block__solution animated fadeInUp\">\n        <div class=\"solutions-block__icon-container\">\n          <img decoding=\"async\" class=\"fadeInUp__1 solutions-block__icon\" src=\"https:\/\/chevin-assets.s3.eu-west-1.amazonaws.com\/wp-content\/uploads\/sites\/5\/2021\/02\/11104249\/FF_Icon-UsePreConfiguredCustomForms.png\" alt=\"\"><\/div>\n          <p class=\"fadeInUp__2 u-bold\">Optimisation de l\u2019utilisation<\/p>\n                  <\/div>\n              <div class=\"solutions-block__solution animated fadeInUp\">\n        <div class=\"solutions-block__icon-container\">\n          <img decoding=\"async\" class=\"fadeInUp__1 solutions-block__icon\" src=\"https:\/\/chevin-assets.s3.eu-west-1.amazonaws.com\/wp-content\/uploads\/sites\/5\/2021\/02\/11111144\/2_Icon-KeepCostsLow.png\" alt=\"\"><\/div>\n          <p class=\"fadeInUp__2 u-bold\">R\u00e9duction des co\u00fbts<\/p>\n                  <\/div>\n              <div class=\"solutions-block__solution animated fadeInUp\">\n        <div class=\"solutions-block__icon-container\">\n          <img decoding=\"async\" class=\"fadeInUp__1 solutions-block__icon\" src=\"https:\/\/chevin-assets.s3.eu-west-1.amazonaws.com\/wp-content\/uploads\/sites\/5\/2021\/02\/11104113\/FW_Icon-FleetMaintenance.png\" alt=\"\"><\/div>\n          <p class=\"fadeInUp__2 u-bold\">Am\u00e9lioration des performances<\/p>\n                  <\/div>\n              <div class=\"solutions-block__solution animated fadeInUp\">\n        <div class=\"solutions-block__icon-container\">\n          <img decoding=\"async\" class=\"fadeInUp__1 solutions-block__icon\" src=\"https:\/\/chevin-assets.s3.eu-west-1.amazonaws.com\/wp-content\/uploads\/sites\/5\/2021\/02\/11104122\/FW_Icon-AssetManagement.png\" alt=\"\"><\/div>\n          <p class=\"fadeInUp__2 u-bold\">Automatisation des proc\u00e9dures<\/p>\n                  <\/div>\n          <\/div>\n  <\/div>\n<\/section>\n\n\n<section  class=\"c-image-slider image-slider content-section content-section--fade-to-grey content-section--curved  content-section--overlap\">\n    \n    <div class=\"container animated fadeInUp\">\n        \n                    <h2 class=\"u-text-center fadeInUp__1\">Des services au-del\u00e0 des attentes <\/h2>\n        \n                    <h3 class=\"u-text-center fadeInUp__2\">Nous savons que chaque entreprise est diff\u00e9rente. C\u2019est pourquoi nous avons con\u00e7u une solution flexible et intuitive pouvant s\u2019adapter \u00e0 vos besoins individuels. Nous offrons :<\/h3>\n        \n        \n        <div class=\"image-slider__wrapper\" data-behaviour=\"four-slider\">\n                            <div class=\"slide fadeInUp__4\">\n                    <div class=\"image-slider__block\">\n                        <img decoding=\"async\" src=\"https:\/\/chevin-assets.s3.eu-west-1.amazonaws.com\/wp-content\/uploads\/sites\/5\/2021\/02\/11103436\/Hero-Icons_Artboards_HERO-ICON-01-270x270.png\">\n                        <p class=\"u-red\"><strong>Un logiciel innovant plusieurs fois prim\u00e9<\/strong><\/p>\n                                            <\/div>\n                <\/div>\n                            <div class=\"slide fadeInUp__4\">\n                    <div class=\"image-slider__block\">\n                        <img decoding=\"async\" src=\"https:\/\/chevin-assets.s3.eu-west-1.amazonaws.com\/wp-content\/uploads\/sites\/5\/2021\/02\/11103450\/Hero-Icons_Artboards_HERO-ICON-06-270x270.png\">\n                        <p class=\"u-red\"><strong>Service client de qualit\u00e9<\/strong><\/p>\n                                            <\/div>\n                <\/div>\n                            <div class=\"slide fadeInUp__4\">\n                    <div class=\"image-slider__block\">\n                        <img decoding=\"async\" src=\"https:\/\/chevin-assets.s3.eu-west-1.amazonaws.com\/wp-content\/uploads\/sites\/5\/2021\/02\/11103441\/Hero-Icons_Artboards_HERO-ICON-03-270x270.png\">\n                        <p class=\"u-red\"><strong>Homologation ISO la plus r\u00e9cente (ISO9001 et ISO27001)<\/strong><\/p>\n                                            <\/div>\n                <\/div>\n                            <div class=\"slide fadeInUp__4\">\n                    <div class=\"image-slider__block\">\n                        <img decoding=\"async\" src=\"https:\/\/chevin-assets.s3.eu-west-1.amazonaws.com\/wp-content\/uploads\/sites\/5\/2021\/02\/11103447\/Hero-Icons_Artboards_HERO-ICON-05-270x270.png\">\n                        <p class=\"u-red\"><strong>Communaut\u00e9 mondiale de nos clients<\/strong><\/p>\n                                            <\/div>\n                <\/div>\n                            <div class=\"slide fadeInUp__4\">\n                    <div class=\"image-slider__block\">\n                        <img decoding=\"async\" src=\"https:\/\/chevin-assets.s3.eu-west-1.amazonaws.com\/wp-content\/uploads\/sites\/5\/2021\/02\/11103445\/Hero-Icons_Artboards_HERO-ICON-04-270x270.png\">\n                        <p class=\"u-red\"><strong>Qualit\u00e9 et s\u00e9curit\u00e9<\/strong><\/p>\n                                            <\/div>\n                <\/div>\n                            <div class=\"slide fadeInUp__4\">\n                    <div class=\"image-slider__block\">\n                        <img decoding=\"async\" src=\"https:\/\/chevin-assets.s3.eu-west-1.amazonaws.com\/wp-content\/uploads\/sites\/5\/2021\/02\/11103439\/Hero-Icons_Artboards_HERO-ICON-02-270x270.png\">\n                        <p class=\"u-red\"><strong>Consultation sur ou hors site<\/strong><\/p>\n                                            <\/div>\n                <\/div>\n                            <div class=\"slide fadeInUp__4\">\n                    <div class=\"image-slider__block\">\n                        <img decoding=\"async\" src=\"https:\/\/chevin-assets.s3.eu-west-1.amazonaws.com\/wp-content\/uploads\/sites\/5\/2021\/02\/11103452\/Hero-Icons_Artboards_HERO-ICON-07-270x270.png\">\n                        <p class=\"u-red\"><strong>Assistance d\u00e9di\u00e9e<\/strong><\/p>\n                                            <\/div>\n                <\/div>\n                            <div class=\"slide fadeInUp__4\">\n                    <div class=\"image-slider__block\">\n                        <img decoding=\"async\" src=\"https:\/\/chevin-assets.s3.eu-west-1.amazonaws.com\/wp-content\/uploads\/sites\/5\/2021\/02\/11103455\/Hero-Icons_Artboards_HERO-ICON-08-270x270.png\">\n                        <p class=\"u-red\"><strong>Possibilit\u00e9s d\u2019int\u00e9gration presque illimit\u00e9es<\/strong><\/p>\n                                            <\/div>\n                <\/div>\n                            <div class=\"slide fadeInUp__4\">\n                    <div class=\"image-slider__block\">\n                        <img decoding=\"async\" src=\"https:\/\/chevin-assets.s3.eu-west-1.amazonaws.com\/wp-content\/uploads\/sites\/5\/2021\/02\/11103458\/Hero-Icons_Artboards_HERO-ICON-09-270x270.png\">\n                        <p class=\"u-red\"><strong>Conscience \u00e9cologique<\/strong><\/p>\n                                            <\/div>\n                <\/div>\n                            <div class=\"slide fadeInUp__4\">\n                    <div class=\"image-slider__block\">\n                        <img decoding=\"async\" src=\"https:\/\/chevin-assets.s3.eu-west-1.amazonaws.com\/wp-content\/uploads\/sites\/5\/2021\/02\/11103500\/Hero-Icons_Artboards_HERO-ICON-10-270x270.png\">\n                        <p class=\"u-red\"><strong>30 ann\u00e9es d&#8217;expertise en gestion de flotte<\/strong><\/p>\n                                            <\/div>\n                <\/div>\n                    <\/div>\n    <\/div>\n<\/section>\n\n\n<section  class=\"c-image image content-section  \">\n    <div class=\"animated fadeInUp container\">\n                                <img decoding=\"async\" src=\"https:\/\/www.chevinfleet.com\/wp-content\/uploads\/sites\/5\/2020\/12\/GettyImages-669887538.png\"\n     data-srcset=\"https:\/\/www.chevinfleet.com\/wp-content\/uploads\/sites\/5\/2020\/12\/GettyImages-669887538-520x333.png 360w,\n                https:\/\/www.chevinfleet.com\/wp-content\/uploads\/sites\/5\/2020\/12\/GettyImages-669887538-1040x500.png 768w,\n                https:\/\/www.chevinfleet.com\/wp-content\/uploads\/sites\/5\/2020\/12\/GettyImages-669887538.png 1440w,\n                https:\/\/www.chevinfleet.com\/wp-content\/uploads\/sites\/5\/2020\/12\/GettyImages-669887538.png 2000w\" class=\" fadeInUp__1\" \/>\n            <\/div>\n<\/section>\n\n\n<section  class=\"c-image-slider image-slider content-section content-section--fade-to-grey content-section--curved\">\n    \n    <div class=\"container animated fadeInUp\">\n\n                    <h2 class=\"u-text-center fadeInUp__1\">Notre \u00e9quipe de direction<\/h2>\n        \n                    <h3 class=\"u-text-center fadeInUp__2\">Avec plusieurs ann\u00e9es d\u2019exp\u00e9rience en mati\u00e8re de logiciels, de gestion d\u2019actifs, de ventes mondiales et d\u2019assistance \u00e0 la client\u00e8le, notre \u00e9quipe dirigeante sait ouvrir la voie. <\/h3>\n        \n\n        \n        <div class=\"image-slider__wrapper\" data-behaviour=\"four-slider\">\n                            <div class=\"slide fadeInUp__4\">\n                    <div class=\"image-slider__block\">\n                                                <img decoding=\"async\" src=\"https:\/\/chevin-assets.s3.eu-west-1.amazonaws.com\/wp-content\/uploads\/sites\/5\/2022\/03\/16150450\/Gary-Thompson-Profile-Pic_Light-300x294-1-270x270.jpeg\">\n                        <p class=\"u-red\"><strong>Gary Thompson<\/strong><\/p>\n                                                                            <p>Chief Executive Officer<\/p>\n                                            <\/div>\n                <\/div>\n                            <div class=\"slide fadeInUp__4\">\n                    <div class=\"image-slider__block\">\n                                                <img decoding=\"async\" src=\"https:\/\/chevin-assets.s3.eu-west-1.amazonaws.com\/wp-content\/uploads\/sites\/5\/2020\/11\/16151024\/Will-Wycks-4-273x300-1-270x270.jpeg\">\n                        <p class=\"u-red\"><strong>Will Wycks<\/strong><\/p>\n                                                                            <p>Chief Marketing &#038; Product Officer<\/p>\n                                            <\/div>\n                <\/div>\n                            <div class=\"slide fadeInUp__4\">\n                    <div class=\"image-slider__block\">\n                                                <img decoding=\"async\" src=\"https:\/\/chevin-assets.s3.eu-west-1.amazonaws.com\/wp-content\/uploads\/sites\/5\/2020\/12\/16150624\/James-B-Headshot-New-282x300-1-270x270.jpeg\">\n                        <p class=\"u-red\"><strong>James Broad<\/strong><\/p>\n                                                                            <p>Chief Financial Officer<\/p>\n                                            <\/div>\n                <\/div>\n                            <div class=\"slide fadeInUp__4\">\n                    <div class=\"image-slider__block\">\n                                                <img decoding=\"async\" src=\"https:\/\/chevin-assets.s3.eu-west-1.amazonaws.com\/wp-content\/uploads\/sites\/5\/2024\/10\/16150132\/Christopherlloyd2-283x300-1-270x270.jpg\">\n                        <p class=\"u-red\"><strong>Christopher Lloyd<\/strong><\/p>\n                                                                            <p>Chief Revenue Officer<\/p>\n                                            <\/div>\n                <\/div>\n                    <\/div>\n\n    <\/div>\n\n<\/section>\n\n","protected":false},"excerpt":{"rendered":"","protected":false},"author":1,"featured_media":0,"parent":0,"menu_order":0,"comment_status":"closed","ping_status":"closed","template":"","meta":{"_acf_changed":true,"footnotes":""},"class_list":["post-14","page","type-page","status-publish","hentry"],"acf":[],"yoast_head":"<!-- This site is optimized with the Yoast SEO Premium plugin v26.3 (Yoast SEO v26.5) - https:\/\/yoast.com\/wordpress\/plugins\/seo\/ -->\n<title>\u00c0 propos - Chevin<\/title>\n<meta name=\"robots\" content=\"index, follow, max-snippet:-1, max-image-preview:large, max-video-preview:-1\" \/>\n<link rel=\"canonical\" href=\"https:\/\/www.chevinfleet.com\/fr-fr\/a-propos\/\" \/>\n<meta property=\"og:locale\" content=\"en_GB\" \/>\n<meta property=\"og:type\" content=\"article\" \/>\n<meta property=\"og:title\" content=\"\u00c0 propos\" \/>\n<meta property=\"og:url\" content=\"https:\/\/www.chevinfleet.com\/fr-fr\/a-propos\/\" \/>\n<meta property=\"og:site_name\" content=\"Chevin - France\" \/>\n<meta property=\"article:modified_time\" content=\"2024-10-16T14:02:39+00:00\" \/>\n<meta name=\"twitter:card\" content=\"summary_large_image\" \/>\n<script type=\"application\/ld+json\" class=\"yoast-schema-graph\">{\"@context\":\"https:\/\/schema.org\",\"@graph\":[{\"@type\":\"WebPage\",\"@id\":\"https:\/\/www.chevinfleet.com\/fr-fr\/a-propos\/\",\"url\":\"https:\/\/www.chevinfleet.com\/fr-fr\/a-propos\/\",\"name\":\"\u00c0 propos - Chevin\",\"isPartOf\":{\"@id\":\"https:\/\/www.chevinfleet.com\/fr-fr\/#website\"},\"datePublished\":\"2020-10-28T12:51:48+00:00\",\"dateModified\":\"2024-10-16T14:02:39+00:00\",\"breadcrumb\":{\"@id\":\"https:\/\/www.chevinfleet.com\/fr-fr\/a-propos\/#breadcrumb\"},\"inLanguage\":\"en-GB\",\"potentialAction\":[{\"@type\":\"ReadAction\",\"target\":[\"https:\/\/www.chevinfleet.com\/fr-fr\/a-propos\/\"]}]},{\"@type\":\"BreadcrumbList\",\"@id\":\"https:\/\/www.chevinfleet.com\/fr-fr\/a-propos\/#breadcrumb\",\"itemListElement\":[{\"@type\":\"ListItem\",\"position\":1,\"name\":\"Home\",\"item\":\"https:\/\/www.chevinfleet.com\/fr-fr\/\"},{\"@type\":\"ListItem\",\"position\":2,\"name\":\"\u00c0 propos\"}]},{\"@type\":\"WebSite\",\"@id\":\"https:\/\/www.chevinfleet.com\/fr-fr\/#website\",\"url\":\"https:\/\/www.chevinfleet.com\/fr-fr\/\",\"name\":\"Chevin - France\",\"description\":\"Just another  site\",\"potentialAction\":[{\"@type\":\"SearchAction\",\"target\":{\"@type\":\"EntryPoint\",\"urlTemplate\":\"https:\/\/www.chevinfleet.com\/fr-fr\/?s={search_term_string}\"},\"query-input\":{\"@type\":\"PropertyValueSpecification\",\"valueRequired\":true,\"valueName\":\"search_term_string\"}}],\"inLanguage\":\"en-GB\"}]}<\/script>\n<!-- \/ Yoast SEO Premium plugin. -->","yoast_head_json":{"title":"\u00c0 propos - Chevin","robots":{"index":"index","follow":"follow","max-snippet":"max-snippet:-1","max-image-preview":"max-image-preview:large","max-video-preview":"max-video-preview:-1"},"canonical":"https:\/\/www.chevinfleet.com\/fr-fr\/a-propos\/","og_locale":"en_GB","og_type":"article","og_title":"\u00c0 propos","og_url":"https:\/\/www.chevinfleet.com\/fr-fr\/a-propos\/","og_site_name":"Chevin - France","article_modified_time":"2024-10-16T14:02:39+00:00","twitter_card":"summary_large_image","schema":{"@context":"https:\/\/schema.org","@graph":[{"@type":"WebPage","@id":"https:\/\/www.chevinfleet.com\/fr-fr\/a-propos\/","url":"https:\/\/www.chevinfleet.com\/fr-fr\/a-propos\/","name":"\u00c0 propos - Chevin","isPartOf":{"@id":"https:\/\/www.chevinfleet.com\/fr-fr\/#website"},"datePublished":"2020-10-28T12:51:48+00:00","dateModified":"2024-10-16T14:02:39+00:00","breadcrumb":{"@id":"https:\/\/www.chevinfleet.com\/fr-fr\/a-propos\/#breadcrumb"},"inLanguage":"en-GB","potentialAction":[{"@type":"ReadAction","target":["https:\/\/www.chevinfleet.com\/fr-fr\/a-propos\/"]}]},{"@type":"BreadcrumbList","@id":"https:\/\/www.chevinfleet.com\/fr-fr\/a-propos\/#breadcrumb","itemListElement":[{"@type":"ListItem","position":1,"name":"Home","item":"https:\/\/www.chevinfleet.com\/fr-fr\/"},{"@type":"ListItem","position":2,"name":"\u00c0 propos"}]},{"@type":"WebSite","@id":"https:\/\/www.chevinfleet.com\/fr-fr\/#website","url":"https:\/\/www.chevinfleet.com\/fr-fr\/","name":"Chevin - France","description":"Just another  site","potentialAction":[{"@type":"SearchAction","target":{"@type":"EntryPoint","urlTemplate":"https:\/\/www.chevinfleet.com\/fr-fr\/?s={search_term_string}"},"query-input":{"@type":"PropertyValueSpecification","valueRequired":true,"valueName":"search_term_string"}}],"inLanguage":"en-GB"}]}},"_links":{"self":[{"href":"https:\/\/www.chevinfleet.com\/fr-fr\/wp-json\/wp\/v2\/pages\/14","targetHints":{"allow":["GET"]}}],"collection":[{"href":"https:\/\/www.chevinfleet.com\/fr-fr\/wp-json\/wp\/v2\/pages"}],"about":[{"href":"https:\/\/www.chevinfleet.com\/fr-fr\/wp-json\/wp\/v2\/types\/page"}],"author":[{"embeddable":true,"href":"https:\/\/www.chevinfleet.com\/fr-fr\/wp-json\/wp\/v2\/users\/1"}],"replies":[{"embeddable":true,"href":"https:\/\/www.chevinfleet.com\/fr-fr\/wp-json\/wp\/v2\/comments?post=14"}],"version-history":[{"count":0,"href":"https:\/\/www.chevinfleet.com\/fr-fr\/wp-json\/wp\/v2\/pages\/14\/revisions"}],"wp:attachment":[{"href":"https:\/\/www.chevinfleet.com\/fr-fr\/wp-json\/wp\/v2\/media?parent=14"}],"curies":[{"name":"wp","href":"https:\/\/api.w.org\/{rel}","templated":true}]}}