{"id":1394,"date":"2021-01-14T16:51:44","date_gmt":"2021-01-14T16:51:44","guid":{"rendered":"http:\/\/www.chevinfleet.com\/?page_id=1394"},"modified":"2024-10-16T12:11:28","modified_gmt":"2024-10-16T11:11:28","slug":"lentreprise-privee","status":"publish","type":"page","link":"https:\/\/www.chevinfleet.com\/fr-fr\/lentreprise-privee\/","title":{"rendered":"Entreprises et soci\u00e9t\u00e9s commerciales"},"content":{"rendered":"<section  class=\"c-basic-header basic-header content-section\">\n    <div class=\"container container--small u-text-center\">\n                    <h5>Secteurs d\u2019activit\u00e9<\/h5>\n                            <h1 class=\"u-red\">Entreprises et soci\u00e9t\u00e9s commerciales<\/h1>\n                            <p>Gagnez du temps et de l\u2019argent en am\u00e9liorant la visibilit\u00e9 de vos actifs.<\/p>\n                    <\/div>\n<\/section>\n\n\n<section  class=\"c-learn-more content-section learn-more content-section--dots-left    \">\n  \n  <div class=\"container\">\n\n    <div class=\"learn-more__wrapper animated fadeInUp learn-more__wrapper--flipped \">\n      \n      <div class=\"learn-more__content learn-more__content--flipped\">\n\n        \n                  <h2 class=\" fadeInUp__2\">Rationalisez vos op\u00e9rations et optimisez vos recettes<\/h2>\n        \n                  <div class=\"fadeInUp__3\"><p>L\u2019efficacit\u00e9 est votre priorit\u00e9. C\u2019est aussi la n\u00f4tre.<\/p>\n<p>Vous avez besoin de mettre en place des proc\u00e9dures claires et compl\u00e8tes pour mieux g\u00e9rer votre temps, votre argent et vos actifs.<\/p>\n<\/div>\n        \n                  <a class=\"fadeInUp__4\" href=\"\/fr-fr\/demandez-une-demonstration\/\">Demandez une d\u00e9monstration<\/a>\n              <\/div>\n\n      <div class=\"learn-more__image animated fadeInUp__5\">\n\n                  <img decoding=\"async\" src=\"https:\/\/chevin-assets.s3.eu-west-1.amazonaws.com\/wp-content\/uploads\/sites\/5\/2021\/02\/11114632\/IN_3_Image-Circle.png\" alt=\"\">\n        \n      <\/div>\n\n    <\/div>\n\n  <\/div>\n\n<\/section>\n\n\n<section  class=\"c-cta-banner cta-banner content-section cta-banner--2056769353 cta-banner--light\">\n  \n  <style>\n    @media (min-width: 1440px) {\n        .cta-banner--2056769353 {\n            background-image: url(https:\/\/chevin-assets.s3.eu-west-1.amazonaws.com\/wp-content\/uploads\/sites\/5\/2021\/01\/29131606\/banner-resized-19.jpg);\n            background-size: cover;\n            background-repeat: no-repeat;\n        }\n    }\n    @media (max-width: 1440px) {\n        .cta-banner--2056769353 {\n            background-image: url(https:\/\/chevin-assets.s3.eu-west-1.amazonaws.com\/wp-content\/uploads\/sites\/5\/2021\/01\/29131606\/banner-resized-19.jpg);\n            background-size: cover;\n            background-repeat: no-repeat;\n        }\n    }\n    @media (max-width: 768px) {\n        .cta-banner--2056769353 {\n            background-image: url(https:\/\/chevin-assets.s3.eu-west-1.amazonaws.com\/wp-content\/uploads\/sites\/5\/2021\/01\/29131606\/banner-resized-19.jpg);\n            background-size: cover;\n            background-repeat: no-repeat;\n        }\n    }\n    @media (max-width: 360px) {\n        .cta-banner--2056769353 {\n            background-image: url(https:\/\/chevin-assets.s3.eu-west-1.amazonaws.com\/wp-content\/uploads\/sites\/5\/2021\/01\/29131606\/banner-resized-19.jpg);\n            background-size: cover;\n            background-repeat: no-repeat;\n        }\n    }\n<\/style> \n  \n  <div class=\"container\">\n\n    <div class=\"cta-banner__container animated fadeInUp\">\n\n              <h3 class=\"u-bold fadeInUp__1\">Passez \u00e0 la vitesse sup\u00e9rieure<\/h3>\n            \n              <p class=\"fadeInUp__2\">\n          Le logiciel FleetWave vous fournit tous les outils de gestion d\u2019actifs et de flotte commerciale n\u00e9cessaires pour rationaliser vos op\u00e9rations.  Notre syst\u00e8me s\u00e9curis\u00e9 offre une visibilit\u00e9 de toutes vos donn\u00e9es dans le monde en temps r\u00e9el, et vous permet d\u2019identifier les opportunit\u00e9s de gain de temps et d\u2019\u00e9conomies d\u2019argent.\n        <\/p>\n      \n      \n    <\/div>\n  <\/div>\n<\/section>\n\n\n<section  class=\"c-learn-more content-section learn-more content-section--dots-left    \">\n  \n  <div class=\"container\">\n\n    <div class=\"learn-more__wrapper animated fadeInUp learn-more__wrapper--flipped \">\n      \n      <div class=\"learn-more__content learn-more__content--flipped\">\n\n        \n                  <h2 class=\" fadeInUp__2\">R\u00e9duisez vos co\u00fbts d\u2019exploitation<\/h2>\n        \n                  <div class=\"fadeInUp__3\"><p>Collectez des informations essentielles sur le TCO et les co\u00fbts d\u2019exploitation de votre flotte gr\u00e2ce aux fonctionnalit\u00e9s de reporting de FleetWave. Notre logiciel vous aide \u00e0 r\u00e9duire les co\u00fbts dans de nombreux secteurs commerciaux cl\u00e9s, y compris\u00a0:<\/p>\n<ul>\n<li>Le carburant\u00a0: comprendre votre consommation et vos d\u00e9penses en carburant\u00a0\u2013\u00a0les informations sont pr\u00e9sent\u00e9es dans l\u2019unit\u00e9 de mesure de votre choix\u2009;<\/li>\n<li>La maintenance\u00a0: suivez de pr\u00e9s les t\u00e2ches de maintenance importantes et \u00e9vitez les temps d\u2019immobilisation gr\u00e2ce \u00e0 des alertes sous forme de feux de signalisation et des rappels automatiques\u2009;<\/li>\n<li>Amendes\u00a0: analysez les co\u00fbts et les causes et identifiez les t\u00e2ches en suspens en suivant vos contraventions et amendes.<\/li>\n<\/ul>\n<\/div>\n        \n              <\/div>\n\n      <div class=\"learn-more__image animated fadeInUp__5\">\n\n                  <img decoding=\"async\" src=\"https:\/\/chevin-assets.s3.eu-west-1.amazonaws.com\/wp-content\/uploads\/sites\/5\/2021\/02\/25155531\/Light-3.png\" alt=\"\">\n        \n      <\/div>\n\n    <\/div>\n\n  <\/div>\n\n<\/section>\n\n<section  class=\"c-features-slider content-section features-slider \">\n    <div class=\"container container--no-pad\">\n        <div class=\"features-slider__wrapper\" data-behaviour=\"featured-slider\">\n                            <div class=\"features-slider__feature animated fadeInUp\">\n                  <div class=\"features-slider__icon-container\">\n                    <img decoding=\"async\" class=\"fadeInUp__1 features-slider__icon\" src=\"https:\/\/chevin-assets.s3.eu-west-1.amazonaws.com\/wp-content\/uploads\/sites\/5\/2020\/12\/11104543\/FW_Icon-GetActionableInsights-2.png\" alt=\"\">\n                  <\/div>\n                    <h3 class=\"u-bold fadeInUp__2\">Augmentez votre productivit\u00e9<\/h3>\n                    <p class=\"fadeInUp__3\">Suivez facilement votre activit\u00e9 et votre efficacit\u00e9 \u00e0 l\u2019aide de feuilles de pr\u00e9sence et de KPI. Vos collaborateurs peuvent acc\u00e9der en toute s\u00e9curit\u00e9 aux cartes de mobilit\u00e9 qui leur ont \u00e9t\u00e9 attribu\u00e9es et enregistrer l\u2019avancement de leur travail \u00e0 la fois au bureau et sur le terrain. <\/p>\n                <\/div>\n                            <div class=\"features-slider__feature animated fadeInUp\">\n                  <div class=\"features-slider__icon-container\">\n                    <img decoding=\"async\" class=\"fadeInUp__1 features-slider__icon\" src=\"https:\/\/chevin-assets.s3.eu-west-1.amazonaws.com\/wp-content\/uploads\/sites\/5\/2021\/02\/11113838\/7_Icon-EasilyCaptureData.png\" alt=\"\">\n                  <\/div>\n                    <h3 class=\"u-bold fadeInUp__2\">Automatisez le partage des donn\u00e9es<\/h3>\n                    <p class=\"fadeInUp__3\">Rationalisez vos proc\u00e9dures en int\u00e9grant vos donn\u00e9es avec des fournisseurs de donn\u00e9es tiers, applications, services web, logiciels de suivi et syst\u00e8mes internes.\r\n<\/p>\n                <\/div>\n                            <div class=\"features-slider__feature animated fadeInUp\">\n                  <div class=\"features-slider__icon-container\">\n                    <img decoding=\"async\" class=\"fadeInUp__1 features-slider__icon\" src=\"https:\/\/chevin-assets.s3.eu-west-1.amazonaws.com\/wp-content\/uploads\/sites\/5\/2021\/02\/11104346\/WH_Icon-CentralisedWorkshopManagement.png\" alt=\"\">\n                  <\/div>\n                    <h3 class=\"u-bold fadeInUp__2\">Analysez vos performances op\u00e9rationnelles<\/h3>\n                    <p class=\"fadeInUp__3\">Atteignez un rendement maximal gr\u00e2ce \u00e0 des tableaux de bord simples \u00e0 utiliser et personnalisables en fonction de vos objectifs commerciaux et de vos KPI.<\/p>\n                <\/div>\n                    <\/div>\n    <\/div>\n<\/section>\n\n\n<section  class=\"c-text-carousel content-section animated fadeInUp\">\n  <div class=\"container\">\n    <div class=\"text-carousel fadeInUp__1\">\n      <div data-behaviour=\"text-slider\">\n                  <div class=\"text-carousel__slide\">\n            <h3 class=\"u-bold\">La brochure FleetWave<\/h3>\n            <p>Consultez notre brochure pour plus d\u2019informations, dont la liste compl\u00e8te des fonctionnalit\u00e9s.<\/p>\n            <a class=\"unstyled\" href=\"https:\/\/www.chevinfleet.com\/fr-fr\/learning-zone\/fleetwave-brochure\/\">En savoir plus<\/a>\n          <\/div>\n              <\/div>\n    <\/div>\n  <\/div>\n<\/section>\n\n\n<section  class=\"c-learn-more content-section learn-more content-section--dots    \">\n  \n  <div class=\"container\">\n\n    <div class=\"learn-more__wrapper animated fadeInUp  \">\n      \n      <div class=\"learn-more__content \">\n\n        \n                  <h2 class=\" fadeInUp__2\">Optimisez l\u2019utilisation de vos actifs<\/h2>\n        \n                  <div class=\"fadeInUp__3\"><p>Minimisez les dysfonctionnements et les d\u00e9penses inutiles avec FleetWave.<\/p>\n<p>Notre logiciel vous offre une visibilit\u00e9 compl\u00e8te sur les co\u00fbts et performances de vos v\u00e9hicules et \u00e9quipements, pour que vous puissiez facilement en suivre l\u2019utilisation.<\/p>\n<p>Cr\u00e9ez des rapports et des KPI pour am\u00e9liorer l\u2019utilisation des actifs, prolonger leur dur\u00e9e de vie et optimiser vos op\u00e9rations.<\/p>\n<\/div>\n        \n              <\/div>\n\n      <div class=\"learn-more__image animated fadeInUp__5\">\n\n                  <img decoding=\"async\" src=\"https:\/\/chevin-assets.s3.eu-west-1.amazonaws.com\/wp-content\/uploads\/sites\/5\/2021\/02\/25155458\/Dark-1.png\" alt=\"\">\n        \n      <\/div>\n\n    <\/div>\n\n  <\/div>\n\n<\/section>\n\n<section  class=\"c-image-slider image-slider content-section  \">\n    \n    <div class=\"container animated fadeInUp\">\n        \n                    <h2 class=\"u-text-center fadeInUp__1\">Qui utilise notre logiciel\u2009?<\/h2>\n        \n                    <h3 class=\"u-text-center fadeInUp__2\">De nombreuses entreprises priv\u00e9es et commerciales parmi les plus importantes au monde font confiance \u00e0 nos solutions pour g\u00e9rer l\u2019exploitation croissante de leur flotte. Voici un petit aper\u00e7u de nos clients :<\/h3>\n        \n        \n        <div class=\"image-slider__wrapper\" data-behaviour=\"four-slider\">\n                            <div class=\"slide fadeInUp__4\">\n                    <div class=\"image-slider__block\">\n                        <img decoding=\"async\" src=\"https:\/\/chevin-assets.s3.eu-west-1.amazonaws.com\/wp-content\/uploads\/sites\/5\/2021\/02\/05093755\/ford.png\">\n                        <p class=\"u-red\"><strong><\/strong><\/p>\n                                            <\/div>\n                <\/div>\n                            <div class=\"slide fadeInUp__4\">\n                    <div class=\"image-slider__block\">\n                        <img decoding=\"async\" src=\"https:\/\/chevin-assets.s3.eu-west-1.amazonaws.com\/wp-content\/uploads\/sites\/5\/2021\/02\/05093757\/general-motors.png\">\n                        <p class=\"u-red\"><strong><\/strong><\/p>\n                                            <\/div>\n                <\/div>\n                            <div class=\"slide fadeInUp__4\">\n                    <div class=\"image-slider__block\">\n                        <img decoding=\"async\" src=\"https:\/\/chevin-assets.s3.eu-west-1.amazonaws.com\/wp-content\/uploads\/sites\/5\/2021\/02\/05093758\/honda.png\">\n                        <p class=\"u-red\"><strong><\/strong><\/p>\n                                            <\/div>\n                <\/div>\n                            <div class=\"slide fadeInUp__4\">\n                    <div class=\"image-slider__block\">\n                        <img decoding=\"async\" src=\"https:\/\/chevin-assets.s3.eu-west-1.amazonaws.com\/wp-content\/uploads\/sites\/5\/2021\/02\/05093806\/NEW-Toyota.png\">\n                        <p class=\"u-red\"><strong><\/strong><\/p>\n                                            <\/div>\n                <\/div>\n                            <div class=\"slide fadeInUp__4\">\n                    <div class=\"image-slider__block\">\n                        <img decoding=\"async\" src=\"https:\/\/chevin-assets.s3.eu-west-1.amazonaws.com\/wp-content\/uploads\/sites\/5\/2021\/02\/05093800\/NEW-DHL.png\">\n                        <p class=\"u-red\"><strong><\/strong><\/p>\n                                            <\/div>\n                <\/div>\n                            <div class=\"slide fadeInUp__4\">\n                    <div class=\"image-slider__block\">\n                        <img decoding=\"async\" src=\"https:\/\/chevin-assets.s3.eu-west-1.amazonaws.com\/wp-content\/uploads\/sites\/5\/2021\/02\/05093802\/NEW-isuzu.png\">\n                        <p class=\"u-red\"><strong><\/strong><\/p>\n                                            <\/div>\n                <\/div>\n                    <\/div>\n    <\/div>\n<\/section>\n\n\n<section  class=\"content-section content-section--curved content-section--fade-to-grey content-section--big-overlap\">\n    \n    <div class=\"container container--small u-text-center animated fadeInUp\">\n        \n                    <h5 class=\"fadeInUp__1\">RESSOURCES<\/h5>\n                            <h3 class=\"fadeInUp__1\"><b>Vous pourriez aussi \u00eatre int\u00e9ress\u00e9 par\u2026<\/b><\/h3>\n                                <\/div>\n\n    <\/section>\n<section class=\"content-section animated fadeInUp\">\n    \n    <div class=\"container container--no-pad fadeInUp__2\">\n        <div class=\"post-type-wrapper\" data-behaviour=\"featured-slider\">\n                            <a class=\"post-type unstyled post-type--transform \" href=\"https:\/\/www.chevinfleet.com\/fr-fr\/learning-zone\/guide-dachat-pour-logiciel-de-gestion-de-flotte\/\">\n    <div class=\"post-type__image\">\n                    <img decoding=\"async\" src=\"https:\/\/chevin-assets.s3.eu-west-1.amazonaws.com\/wp-content\/uploads\/sites\/5\/2021\/01\/02145114\/buyers-guide-hero-1-440x440.png\">\n            <\/div>\n    <div class=\"post-type__content\">\n                <p class=\"post-type__name\"><strong>Guide d\u2019Achat Pour Logiciel de Gestion de Flotte<\/strong><\/p>\n                <p class=\"post-type__more\">En savoir plus<\/p>\n    <\/div>\n<\/a>\n                            <a class=\"post-type unstyled post-type--transform \" href=\"https:\/\/www.chevinfleet.com\/fr-fr\/learning-zone\/10-conseils-pour-souscrire-a-une-assurance-moins-chere\/\">\n    <div class=\"post-type__image\">\n                    <img decoding=\"async\" src=\"https:\/\/chevin-assets.s3.eu-west-1.amazonaws.com\/wp-content\/uploads\/sites\/5\/2021\/01\/24003049\/assurance-voiture-500x500-1-440x440.jpg\">\n            <\/div>\n    <div class=\"post-type__content\">\n                <p class=\"post-type__name\"><strong>Comment \u00e9conomiser de l&#8217;argent lorsque l&#8217;on choisit son assurance flotte automobile ?<\/strong><\/p>\n                <p class=\"post-type__more\">En savoir plus<\/p>\n    <\/div>\n<\/a>\n                            <a class=\"post-type unstyled post-type--transform \" href=\"https:\/\/www.chevinfleet.com\/fr-fr\/learning-zone\/leasing-ou-achat-avantages-et-inconvenients\/\">\n    <div class=\"post-type__image\">\n                    <img decoding=\"async\" src=\"https:\/\/chevin-assets.s3.eu-west-1.amazonaws.com\/wp-content\/uploads\/sites\/5\/2021\/01\/24014330\/lease-vs-buy-440x400.jpg\">\n            <\/div>\n    <div class=\"post-type__content\">\n                <p class=\"post-type__name\"><strong>Leasing ou achat de v\u00e9hicules de flotte. Avantages et inconv\u00e9nients<\/strong><\/p>\n                <p class=\"post-type__more\">En savoir plus<\/p>\n    <\/div>\n<\/a>\n                    <\/div>\n    <\/div>\n<\/section>\n<section class=\"c-hr hr content-section u-show-mobile\">\n<div class=\"container\">\n    <hr>\n<\/div>\n\n<\/section>\n\n\n<section  class=\"c-cta-block cta-block content-section\">\n  <div class=\"container u-text-center animated fadeInUp\">\n    \n          <h2 class=\"u-red fadeInUp__1\">Pr\u00eat \u00e0 optimiser la gestion de votre flotte\u2009?<\/h2>\n    \n          <p class=\"fadeInUp__2\">Demandez \u00e0 un de nos commerciaux de vous contacter pour en savoir plus sur l\u2019optimisation de la gestion de flotte.<\/p>\n    \n          <a class=\"button fadeInUp__3\" href=\"\/fr-fr\/prix\/\">Voir les tarifs<\/a>\n      <\/div>\n<\/section>\n","protected":false},"excerpt":{"rendered":"","protected":false},"author":1,"featured_media":0,"parent":0,"menu_order":0,"comment_status":"closed","ping_status":"closed","template":"","meta":{"_acf_changed":true,"footnotes":""},"class_list":["post-1394","page","type-page","status-publish","hentry"],"acf":[],"yoast_head":"<!-- This site is optimized with the Yoast SEO Premium plugin v26.3 (Yoast SEO v26.5) - https:\/\/yoast.com\/wordpress\/plugins\/seo\/ -->\n<title>Gestion de flotte automobile pour entreprise priv\u00e9e - R\u00e9duire les co\u00fbts<\/title>\n<meta name=\"description\" content=\"Minimisez les pertes et maximisez les profits avec notre logiciel de gestion de flotte automobile pour entreprise priv\u00e9e. Cliquez-ici pour une d\u00e9monstration\" \/>\n<meta name=\"robots\" content=\"index, follow, max-snippet:-1, max-image-preview:large, max-video-preview:-1\" \/>\n<link rel=\"canonical\" href=\"https:\/\/www.chevinfleet.com\/fr-fr\/lentreprise-privee\/\" \/>\n<meta property=\"og:locale\" content=\"en_GB\" \/>\n<meta property=\"og:type\" content=\"article\" \/>\n<meta property=\"og:title\" content=\"Entreprises et soci\u00e9t\u00e9s commerciales\" \/>\n<meta property=\"og:description\" content=\"Minimisez les pertes et maximisez les profits avec notre logiciel de gestion de flotte automobile pour entreprise priv\u00e9e. Cliquez-ici pour une d\u00e9monstration\" \/>\n<meta property=\"og:url\" content=\"https:\/\/www.chevinfleet.com\/fr-fr\/lentreprise-privee\/\" \/>\n<meta property=\"og:site_name\" content=\"Chevin - France\" \/>\n<meta property=\"article:modified_time\" content=\"2024-10-16T11:11:28+00:00\" \/>\n<meta name=\"twitter:card\" content=\"summary_large_image\" \/>\n<script type=\"application\/ld+json\" class=\"yoast-schema-graph\">{\"@context\":\"https:\/\/schema.org\",\"@graph\":[{\"@type\":\"WebPage\",\"@id\":\"https:\/\/www.chevinfleet.com\/fr-fr\/lentreprise-privee\/\",\"url\":\"https:\/\/www.chevinfleet.com\/fr-fr\/lentreprise-privee\/\",\"name\":\"Gestion de flotte automobile pour entreprise priv\u00e9e - R\u00e9duire les co\u00fbts\",\"isPartOf\":{\"@id\":\"https:\/\/www.chevinfleet.com\/fr-fr\/#website\"},\"datePublished\":\"2021-01-14T16:51:44+00:00\",\"dateModified\":\"2024-10-16T11:11:28+00:00\",\"description\":\"Minimisez les pertes et maximisez les profits avec notre logiciel de gestion de flotte automobile pour entreprise priv\u00e9e. Cliquez-ici pour une d\u00e9monstration\",\"breadcrumb\":{\"@id\":\"https:\/\/www.chevinfleet.com\/fr-fr\/lentreprise-privee\/#breadcrumb\"},\"inLanguage\":\"en-GB\",\"potentialAction\":[{\"@type\":\"ReadAction\",\"target\":[\"https:\/\/www.chevinfleet.com\/fr-fr\/lentreprise-privee\/\"]}]},{\"@type\":\"BreadcrumbList\",\"@id\":\"https:\/\/www.chevinfleet.com\/fr-fr\/lentreprise-privee\/#breadcrumb\",\"itemListElement\":[{\"@type\":\"ListItem\",\"position\":1,\"name\":\"Home\",\"item\":\"https:\/\/www.chevinfleet.com\/fr-fr\/\"},{\"@type\":\"ListItem\",\"position\":2,\"name\":\"Entreprises et soci\u00e9t\u00e9s comm&hellip;\"}]},{\"@type\":\"WebSite\",\"@id\":\"https:\/\/www.chevinfleet.com\/fr-fr\/#website\",\"url\":\"https:\/\/www.chevinfleet.com\/fr-fr\/\",\"name\":\"Chevin - France\",\"description\":\"Just another  site\",\"potentialAction\":[{\"@type\":\"SearchAction\",\"target\":{\"@type\":\"EntryPoint\",\"urlTemplate\":\"https:\/\/www.chevinfleet.com\/fr-fr\/?s={search_term_string}\"},\"query-input\":{\"@type\":\"PropertyValueSpecification\",\"valueRequired\":true,\"valueName\":\"search_term_string\"}}],\"inLanguage\":\"en-GB\"}]}<\/script>\n<!-- \/ Yoast SEO Premium plugin. -->","yoast_head_json":{"title":"Gestion de flotte automobile pour entreprise priv\u00e9e - R\u00e9duire les co\u00fbts","description":"Minimisez les pertes et maximisez les profits avec notre logiciel de gestion de flotte automobile pour entreprise priv\u00e9e. Cliquez-ici pour une d\u00e9monstration","robots":{"index":"index","follow":"follow","max-snippet":"max-snippet:-1","max-image-preview":"max-image-preview:large","max-video-preview":"max-video-preview:-1"},"canonical":"https:\/\/www.chevinfleet.com\/fr-fr\/lentreprise-privee\/","og_locale":"en_GB","og_type":"article","og_title":"Entreprises et soci\u00e9t\u00e9s commerciales","og_description":"Minimisez les pertes et maximisez les profits avec notre logiciel de gestion de flotte automobile pour entreprise priv\u00e9e. Cliquez-ici pour une d\u00e9monstration","og_url":"https:\/\/www.chevinfleet.com\/fr-fr\/lentreprise-privee\/","og_site_name":"Chevin - France","article_modified_time":"2024-10-16T11:11:28+00:00","twitter_card":"summary_large_image","schema":{"@context":"https:\/\/schema.org","@graph":[{"@type":"WebPage","@id":"https:\/\/www.chevinfleet.com\/fr-fr\/lentreprise-privee\/","url":"https:\/\/www.chevinfleet.com\/fr-fr\/lentreprise-privee\/","name":"Gestion de flotte automobile pour entreprise priv\u00e9e - R\u00e9duire les co\u00fbts","isPartOf":{"@id":"https:\/\/www.chevinfleet.com\/fr-fr\/#website"},"datePublished":"2021-01-14T16:51:44+00:00","dateModified":"2024-10-16T11:11:28+00:00","description":"Minimisez les pertes et maximisez les profits avec notre logiciel de gestion de flotte automobile pour entreprise priv\u00e9e. Cliquez-ici pour une d\u00e9monstration","breadcrumb":{"@id":"https:\/\/www.chevinfleet.com\/fr-fr\/lentreprise-privee\/#breadcrumb"},"inLanguage":"en-GB","potentialAction":[{"@type":"ReadAction","target":["https:\/\/www.chevinfleet.com\/fr-fr\/lentreprise-privee\/"]}]},{"@type":"BreadcrumbList","@id":"https:\/\/www.chevinfleet.com\/fr-fr\/lentreprise-privee\/#breadcrumb","itemListElement":[{"@type":"ListItem","position":1,"name":"Home","item":"https:\/\/www.chevinfleet.com\/fr-fr\/"},{"@type":"ListItem","position":2,"name":"Entreprises et soci\u00e9t\u00e9s comm&hellip;"}]},{"@type":"WebSite","@id":"https:\/\/www.chevinfleet.com\/fr-fr\/#website","url":"https:\/\/www.chevinfleet.com\/fr-fr\/","name":"Chevin - France","description":"Just another  site","potentialAction":[{"@type":"SearchAction","target":{"@type":"EntryPoint","urlTemplate":"https:\/\/www.chevinfleet.com\/fr-fr\/?s={search_term_string}"},"query-input":{"@type":"PropertyValueSpecification","valueRequired":true,"valueName":"search_term_string"}}],"inLanguage":"en-GB"}]}},"_links":{"self":[{"href":"https:\/\/www.chevinfleet.com\/fr-fr\/wp-json\/wp\/v2\/pages\/1394","targetHints":{"allow":["GET"]}}],"collection":[{"href":"https:\/\/www.chevinfleet.com\/fr-fr\/wp-json\/wp\/v2\/pages"}],"about":[{"href":"https:\/\/www.chevinfleet.com\/fr-fr\/wp-json\/wp\/v2\/types\/page"}],"author":[{"embeddable":true,"href":"https:\/\/www.chevinfleet.com\/fr-fr\/wp-json\/wp\/v2\/users\/1"}],"replies":[{"embeddable":true,"href":"https:\/\/www.chevinfleet.com\/fr-fr\/wp-json\/wp\/v2\/comments?post=1394"}],"version-history":[{"count":0,"href":"https:\/\/www.chevinfleet.com\/fr-fr\/wp-json\/wp\/v2\/pages\/1394\/revisions"}],"wp:attachment":[{"href":"https:\/\/www.chevinfleet.com\/fr-fr\/wp-json\/wp\/v2\/media?parent=1394"}],"curies":[{"name":"wp","href":"https:\/\/api.w.org\/{rel}","templated":true}]}}