{"id":12,"date":"2020-10-28T12:49:27","date_gmt":"2020-10-28T12:49:27","guid":{"rendered":"https:\/\/chevin.test\/?page_id=12"},"modified":"2025-10-22T15:04:04","modified_gmt":"2025-10-22T14:04:04","slug":"ressources","status":"publish","type":"page","link":"https:\/\/www.chevinfleet.com\/fr-fr\/ressources\/","title":{"rendered":"Ressources"},"content":{"rendered":"<section  class=\"c-page-header page-header content-section content-section--dark content-section--curved\">\n    <div class=\"container container--small u-text-center\">\n                    <h1>Ressources<\/h1>\n                            <p>Nous avons \u00e0 c\u0153ur de partager avec vous les actualit\u00e9s, livres blancs et blogs sp\u00e9cialis\u00e9s de notre secteur.<\/p>\n                \n    <\/div>\n    <\/section>\n\n\n<section  class=\"c-learn-more content-section learn-more content-section--curved content-section--dots content-section--fade-to-grey\">\n    <div class=\"container\">\n                    <div class=\"u-text-center learn-more__header\">\n                <h2>Espace formation<\/h2>\n                <a href=\"https:\/\/www.chevinfleet.com\/fr-fr\/learning-zone\/\" >Tout voir<\/a>\n            <\/div>\n                <div class=\"learn-more__wrapper animated fadeInUp\">\n            <div class=\"learn-more__content\">\n\n                                <h5 class=\"u-red fadeInUp__1\">\u00c0 LA UNE<\/h5>\n                \n                                <h2 class=\"u-red fadeInUp__2\">5 conseils pour promouvoir la s\u00e9curit\u00e9 au sein de votre flotte<\/h2>\n                \n                                <p>Comment am\u00e9liorer la s\u00e9curit\u00e9 des conducteurs de votre flotte ? <\/p>\n                \n                <a href=\"https:\/\/www.chevinfleet.com\/fr-fr\/learning-zone\/conseils-pour-la-securite-dans-votre-flotte\/\">En savoir plus<\/a>\n\n            <\/div>\n            <div class=\"learn-more__image fadeInUp__3\">\n                                                                          <img decoding=\"async\" src=\"https:\/\/chevin-assets.s3.eu-west-1.amazonaws.com\/wp-content\/uploads\/sites\/5\/2021\/01\/24013558\/Telephone-cropped-image-e1613473300932.jpg\"\n     data-srcset=\"https:\/\/chevin-assets.s3.eu-west-1.amazonaws.com\/wp-content\/uploads\/sites\/5\/2021\/01\/24013558\/Telephone-cropped-image-e1613473300932-256x192.jpg 360w,\n                https:\/\/chevin-assets.s3.eu-west-1.amazonaws.com\/wp-content\/uploads\/sites\/5\/2021\/01\/24013558\/Telephone-cropped-image-e1613473300932-512x288.jpg 768w,\n                https:\/\/chevin-assets.s3.eu-west-1.amazonaws.com\/wp-content\/uploads\/sites\/5\/2021\/01\/24013558\/Telephone-cropped-image-e1613473300932.jpg 1440w,\n                https:\/\/chevin-assets.s3.eu-west-1.amazonaws.com\/wp-content\/uploads\/sites\/5\/2021\/01\/24013558\/Telephone-cropped-image-e1613473300932.jpg 2000w\" class=\" \" \/>\n                            <\/div>\n        <\/div>\n    <\/div>\n<\/section>\n\n\n<section  class=\"c-learn-more content-section learn-more content-section--curved content-section--dots content-section--fade-to-grey\">\n    <div class=\"container\">\n                    <div class=\"u-text-center learn-more__header\">\n                <h2>\u00c9tudes de cas<\/h2>\n                <a href=\"https:\/\/www.chevinfleet.com\/fr-fr\/case-studies\/\" >Tout voir<\/a>\n            <\/div>\n                <div class=\"learn-more__wrapper animated fadeInUp\">\n            <div class=\"learn-more__content\">\n\n                                <h5 class=\"u-red fadeInUp__1\">\u00c0 LA UNE<\/h5>\n                \n                                <h2 class=\"u-red fadeInUp__2\">CBVC<\/h2>\n                \n                                <p>CBVC aide ses clients \u00e0 am\u00e9liorer le comportement routier des conducteurs et des gains \u00e9conomiques<\/p>\n                \n                <a href=\"https:\/\/www.chevinfleet.com\/fr-fr\/case-studies\/cbvc\/\">En savoir plus<\/a>\n\n            <\/div>\n            <div class=\"learn-more__image fadeInUp__3\">\n                                                                          <img decoding=\"async\" src=\"https:\/\/chevin-assets.s3.eu-west-1.amazonaws.com\/wp-content\/uploads\/sites\/5\/2021\/01\/11121405\/Screenshot-2021-02-11-at-12.09.08-1024x576.jpg\"\n     data-srcset=\"https:\/\/chevin-assets.s3.eu-west-1.amazonaws.com\/wp-content\/uploads\/sites\/5\/2021\/01\/11121405\/Screenshot-2021-02-11-at-12.09.08-256x192.jpg 360w,\n                https:\/\/chevin-assets.s3.eu-west-1.amazonaws.com\/wp-content\/uploads\/sites\/5\/2021\/01\/11121405\/Screenshot-2021-02-11-at-12.09.08-512x288.jpg 768w,\n                https:\/\/chevin-assets.s3.eu-west-1.amazonaws.com\/wp-content\/uploads\/sites\/5\/2021\/01\/11121405\/Screenshot-2021-02-11-at-12.09.08-1024x576.jpg 1440w,\n                https:\/\/chevin-assets.s3.eu-west-1.amazonaws.com\/wp-content\/uploads\/sites\/5\/2021\/01\/11121405\/Screenshot-2021-02-11-at-12.09.08-2048x1152.jpg 2000w\" class=\" \" \/>\n                            <\/div>\n        <\/div>\n    <\/div>\n<\/section>\n\n\n<section  class=\"c-learn-more content-section learn-more content-section--curved content-section--dots content-section--fade-to-grey\">\n    <div class=\"container\">\n                    <div class=\"u-text-center learn-more__header\">\n                <h2>\u00c9v\u00e9nements<\/h2>\n                <a href=\"https:\/\/www.chevinfleet.com\/fr-fr\/events\/\" > <\/a>\n            <\/div>\n                <div class=\"learn-more__wrapper animated fadeInUp\">\n            <div class=\"learn-more__content\">\n\n                                <h5 class=\"u-red fadeInUp__1\">\u00c0 LA UNE<\/h5>\n                \n                                <h2 class=\"u-red fadeInUp__2\">Conf\u00e9rence annuelle de Chevin 2021<\/h2>\n                \n                                <p>Notre conf\u00e9rence annuelle est l\u2019\u00e9v\u00e9nement ultime de formation et de r\u00e9seautage pour tous les utilisateurs de FleetWave, et l\u2019\u00e9v\u00e9nement de cette ann\u00e9e promet d\u2019\u00eatre le plus grand \u00e0 ce jour &#8230;<\/p>\n                \n                <a href=\"https:\/\/www.chevinfleet.com\/fr-fr\/events\/conference-annuelle-de-chevin-2021\/\">En savoir plus<\/a>\n\n            <\/div>\n            <div class=\"learn-more__image fadeInUp__3\">\n                                  <div class=\"events-hero\">\n    <div class=\"events-hero__content\">\n        <h2 class=\"events-hero__title\">Conf\u00e9rence annuelle de Chevin 2021<\/h2>\n                <svg xmlns=\"http:\/\/www.w3.org\/2000\/svg\" width=\"50\" height=\"50\" viewBox=\"0 0 50 50\"><defs><clipPath id=\"a\"><circle data-name=\"Ellipse 1802\" cx=\"25\" cy=\"25\" r=\"25\" fill=\"none\"\/><\/clipPath><\/defs><g data-name=\"Group 501\"><g data-name=\"Group 504\" clip-path=\"url(#a)\"><g data-name=\"Group 503\"><g data-name=\"Group 501\"><path data-name=\"Rectangle 202\" fill=\"#fff\" d=\"M0 0H74.995V49.999H0z\" transform=\"translate(-12.332 .001)\"\/><\/g><path data-name=\"Rectangle 203\" fill=\"#e60013\" d=\"M0 0H74.995V3.846H0z\" transform=\"translate(-12.332 .001)\"\/><path data-name=\"Rectangle 204\" transform=\"translate(-12.332 7.693)\" fill=\"#e60013\" d=\"M0 0H74.995V3.846H0z\"\/><path data-name=\"Rectangle 205\" transform=\"translate(-12.332 15.385)\" fill=\"#e60013\" d=\"M0 0H74.995V3.846H0z\"\/><path data-name=\"Rectangle 206\" transform=\"translate(-12.332 23.077)\" fill=\"#e60013\" d=\"M0 0H74.995V3.846H0z\"\/><path data-name=\"Rectangle 207\" transform=\"translate(-12.332 30.769)\" fill=\"#e60013\" d=\"M0 0H74.995V3.846H0z\"\/><path data-name=\"Rectangle 208\" transform=\"translate(-12.332 38.462)\" fill=\"#e60013\" d=\"M0 0H74.995V3.846H0z\"\/><path data-name=\"Rectangle 209\" transform=\"translate(-12.332 46.154)\" fill=\"#e60013\" d=\"M0 0H74.995V3.846H0z\"\/><path data-name=\"Rectangle 210\" fill=\"#0020bf\" d=\"M0 0H37.997V26.922H0z\" transform=\"translate(-12.332 .001)\"\/><g data-name=\"Group 502\" fill=\"#fff\"><path data-name=\"Path 263\" d=\"M-889.97,412.74l-.346,1.064h-1.118l.906.657-.346,1.064.9-.657.906.657-.346-1.064.906-.657h-1.12Z\" transform=\"translate(880.888 -411.616)\"\/><path data-name=\"Path 264\" d=\"M-881.462,412.74l-.346,1.064h-1.118l.9.657-.346,1.064.906-.657.906.657-.346-1.064.9-.657h-1.118Z\" transform=\"translate(878.679 -411.616)\"\/><path data-name=\"Path 265\" d=\"M-872.954,412.74l-.346,1.064h-1.118l.9.657-.344,1.064.9-.657.906.657-.346-1.064.9-.657h-1.118Z\" transform=\"translate(876.47 -411.616)\"\/><path data-name=\"Path 266\" d=\"M-864.445,412.74l-.346,1.064h-1.118l.9.657-.346,1.064.906-.657.906.657-.346-1.064.906-.657h-1.12Z\" transform=\"translate(874.262 -411.616)\"\/><path data-name=\"Path 267\" d=\"M-855.937,412.74l-.346,1.064H-857.4l.9.657-.346,1.064.906-.657.906.657-.346-1.064.9-.657h-1.118Z\" transform=\"translate(872.053 -411.616)\"\/><path data-name=\"Path 268\" d=\"M-847.989,414.46l-.346,1.064.906-.657.9.657-.344-1.064.9-.657h-1.118l-.346-1.064-.346,1.064h-1.12Z\" transform=\"translate(869.845 -411.616)\"\/><path data-name=\"Path 269\" d=\"M-885.716,416.386l-.344,1.064h-1.12l.906.657-.346,1.064.906-.657.9.657-.346-1.064.9-.657h-1.117Z\" transform=\"translate(879.783 -412.562)\"\/><path data-name=\"Path 270\" d=\"M-877.208,416.386l-.344,1.064h-1.12l.906.657-.346,1.064.9-.657.906.657-.346-1.064.9-.657h-1.118Z\" transform=\"translate(877.575 -412.562)\"\/><path data-name=\"Path 271\" d=\"M-868.7,416.386l-.347,1.064h-1.119l.906.657-.346,1.064.9-.657.906.657-.346-1.064.9-.657h-1.118Z\" transform=\"translate(875.366 -412.562)\"\/><path data-name=\"Path 272\" d=\"M-860.191,416.386l-.346,1.064h-1.118l.906.657-.346,1.064.9-.657.9.657-.344-1.064.9-.657h-1.118Z\" transform=\"translate(873.157 -412.562)\"\/><path data-name=\"Path 273\" d=\"M-851.683,416.386l-.346,1.064h-1.118l.9.657-.344,1.064.9-.657.9.657-.344-1.064.9-.657h-1.118Z\" transform=\"translate(870.948 -412.562)\"\/><path data-name=\"Path 274\" d=\"M-889.97,420.032l-.346,1.064h-1.118l.906.657-.346,1.064.9-.657.906.657-.346-1.064.906-.657h-1.12Z\" transform=\"translate(880.888 -413.509)\"\/><path data-name=\"Path 275\" d=\"M-881.462,420.032l-.346,1.064h-1.118l.9.657-.346,1.064.906-.657.906.657-.346-1.064.9-.657h-1.118Z\" transform=\"translate(878.679 -413.509)\"\/><path data-name=\"Path 276\" d=\"M-872.954,420.032l-.346,1.064h-1.118l.9.657-.344,1.064.9-.657.906.657-.346-1.064.9-.657h-1.118Z\" transform=\"translate(876.47 -413.509)\"\/><path data-name=\"Path 277\" d=\"M-864.445,420.032l-.346,1.064h-1.118l.9.657-.346,1.064.906-.657.906.657-.346-1.064.906-.657h-1.12Z\" transform=\"translate(874.262 -413.509)\"\/><path data-name=\"Path 278\" d=\"M-855.937,420.032l-.346,1.064H-857.4l.9.657-.346,1.064.906-.657.906.657-.346-1.064.9-.657h-1.118Z\" transform=\"translate(872.053 -413.509)\"\/><path data-name=\"Path 279\" d=\"M-847.429,420.032l-.346,1.064h-1.12l.906.657-.346,1.064.906-.657.9.657-.344-1.064.9-.657h-1.118Z\" transform=\"translate(869.845 -413.509)\"\/><path data-name=\"Path 280\" d=\"M-885.716,423.679l-.344,1.064h-1.12l.906.657-.346,1.064.906-.657.9.657-.346-1.064.9-.657h-1.117Z\" transform=\"translate(879.783 -414.455)\"\/><path data-name=\"Path 281\" d=\"M-877.208,423.679l-.346,1.064h-1.118l.906.657-.346,1.064.9-.657.906.657-.346-1.064.9-.657h-1.118Z\" transform=\"translate(877.575 -414.455)\"\/><path data-name=\"Path 282\" d=\"M-868.7,423.679l-.347,1.064h-1.119l.906.657-.346,1.064.9-.657.906.657-.346-1.064.9-.657h-1.118Z\" transform=\"translate(875.366 -414.455)\"\/><path data-name=\"Path 283\" d=\"M-860.191,423.679l-.346,1.064h-1.118l.906.657-.346,1.064.9-.657.9.657-.344-1.064.9-.657h-1.118Z\" transform=\"translate(873.157 -414.455)\"\/><path data-name=\"Path 284\" d=\"M-851.683,423.679l-.346,1.064h-1.118l.9.657-.344,1.064.9-.657.9.657-.344-1.064.9-.657h-1.118Z\" transform=\"translate(870.948 -414.455)\"\/><path data-name=\"Path 285\" d=\"M-889.97,427.325l-.346,1.064h-1.118l.906.657-.346,1.064.9-.657.906.657-.346-1.064.906-.657h-1.12Z\" transform=\"translate(880.888 -415.402)\"\/><path data-name=\"Path 286\" d=\"M-881.462,427.325l-.346,1.064h-1.118l.9.657-.346,1.064.906-.657.906.657-.346-1.064.9-.657h-1.118Z\" transform=\"translate(878.679 -415.402)\"\/><path data-name=\"Path 287\" d=\"M-872.954,427.325l-.346,1.064h-1.118l.9.657-.344,1.064.9-.657.906.657-.346-1.064.9-.657h-1.118Z\" transform=\"translate(876.47 -415.402)\"\/><path data-name=\"Path 288\" d=\"M-864.445,427.325l-.346,1.064h-1.118l.9.657-.346,1.064.906-.657.906.657-.346-1.064.906-.657h-1.12Z\" transform=\"translate(874.262 -415.402)\"\/><path data-name=\"Path 289\" d=\"M-855.937,427.325l-.346,1.064H-857.4l.9.657-.346,1.064.906-.657.906.657-.346-1.064.9-.657h-1.118Z\" transform=\"translate(872.053 -415.402)\"\/><path data-name=\"Path 290\" d=\"M-847.429,427.325l-.346,1.064h-1.12l.906.657-.346,1.064.906-.657.9.657-.344-1.064.9-.657h-1.118Z\" transform=\"translate(869.845 -415.402)\"\/><path data-name=\"Path 291\" d=\"M-885.717,430.972l-.344,1.064h-1.12l.906.657-.346,1.064.906-.657.9.657-.346-1.064.9-.657h-1.117Zm0,1.539h0Z\" transform=\"translate(879.783 -416.349)\"\/><path data-name=\"Path 292\" d=\"M-877.207,430.972l-.345,1.064h-1.12l.906.657-.346,1.064.9-.657.906.657-.346-1.064.9-.657h-1.118Zm0,1.539Z\" transform=\"translate(877.575 -416.349)\"\/><path data-name=\"Path 293\" d=\"M-868.7,430.972l-.347,1.064h-1.119l.906.657-.346,1.064.9-.657.906.657-.346-1.064.9-.657h-1.118Zm0,1.539Z\" transform=\"translate(875.366 -416.349)\"\/><path data-name=\"Path 294\" d=\"M-860.191,430.972l-.346,1.064h-1.118l.906.657-.346,1.064.9-.657.9.657-.345-1.064.9-.657h-1.119Zm0,1.539Z\" transform=\"translate(873.157 -416.349)\"\/><path data-name=\"Path 295\" d=\"M-851.682,430.972l-.346,1.064h-1.118l.9.657-.344,1.064.9-.657.9.657-.344-1.064.9-.657h-1.118Zm0,1.539Z\" transform=\"translate(870.948 -416.349)\"\/><path data-name=\"Path 296\" d=\"M-889.97,434.618l-.346,1.064h-1.118l.906.657-.346,1.064.9-.657.906.657-.346-1.064.906-.657h-1.12Z\" transform=\"translate(880.888 -417.295)\"\/><path data-name=\"Path 297\" d=\"M-881.462,434.618l-.346,1.064h-1.118l.9.657-.346,1.064.906-.656.906.656-.346-1.064.9-.657h-1.119Zm0,1.539Z\" transform=\"translate(878.679 -417.295)\"\/><path data-name=\"Path 298\" d=\"M-872.953,434.618l-.346,1.064h-1.118l.9.657-.344,1.064.9-.656.906.656-.346-1.064.9-.657h-1.118Zm0,1.539Z\" transform=\"translate(876.47 -417.295)\"\/><path data-name=\"Path 299\" d=\"M-864.445,434.618l-.346,1.064h-1.119l.9.657-.346,1.064.906-.656.906.656-.346-1.064.906-.657h-1.12Zm0,1.539Z\" transform=\"translate(874.262 -417.295)\"\/><path data-name=\"Path 300\" d=\"M-855.937,434.618l-.346,1.064H-857.4l.9.657-.346,1.064.905-.656.906.656-.346-1.064.9-.657h-1.118Zm0,1.539Z\" transform=\"translate(872.053 -417.295)\"\/><path data-name=\"Path 301\" d=\"M-847.429,434.618l-.346,1.064h-1.12l.906.657-.346,1.064.906-.656.9.656-.344-1.064.9-.657h-1.118Zm0,1.539Z\" transform=\"translate(869.845 -417.295)\"\/><path data-name=\"Path 302\" d=\"M-885.369,439.329l-.347-1.064-.344,1.064h-1.12l.906.657-.346,1.064.906-.657.9.657-.346-1.064.9-.657Z\" transform=\"translate(879.783 -418.242)\"\/><path data-name=\"Path 303\" d=\"M-876.862,439.329l-.346-1.064-.344,1.064h-1.12l.906.657-.346,1.064.9-.657.906.657-.346-1.064.9-.657Z\" transform=\"translate(877.575 -418.242)\"\/><path data-name=\"Path 304\" d=\"M-868.354,439.329l-.344-1.064-.347,1.064h-1.119l.906.657-.346,1.064.9-.657.906.657-.346-1.064.9-.657Z\" transform=\"translate(875.366 -418.242)\"\/><path data-name=\"Path 305\" d=\"M-859.845,439.329l-.346-1.064-.346,1.064h-1.118l.906.657-.346,1.064.9-.657.9.657-.344-1.064.9-.657Z\" transform=\"translate(873.157 -418.242)\"\/><path data-name=\"Path 306\" d=\"M-851.337,439.329l-.346-1.064-.346,1.064h-1.118l.9.657-.344,1.064.9-.657.9.657-.344-1.064.9-.657Z\" transform=\"translate(870.948 -418.242)\"\/><path data-name=\"Path 307\" d=\"M-889.625,442.975l-.346-1.064-.346,1.064h-1.118l.906.657-.346,1.064.9-.657.906.657-.346-1.064.906-.657Z\" transform=\"translate(880.888 -419.188)\"\/><path data-name=\"Path 308\" d=\"M-881.116,442.975l-.346-1.064-.346,1.064h-1.118l.9.657-.346,1.064.906-.657.906.657-.346-1.064.9-.657Z\" transform=\"translate(878.679 -419.188)\"\/><path data-name=\"Path 309\" d=\"M-872.608,442.975l-.346-1.064-.346,1.064h-1.118l.9.657-.344,1.064.9-.657.906.657-.346-1.064.9-.657Z\" transform=\"translate(876.47 -419.188)\"\/><path data-name=\"Path 310\" d=\"M-864.1,442.975l-.346-1.064-.346,1.064h-1.118l.9.657-.346,1.064.906-.657.906.657-.346-1.064.906-.657Z\" transform=\"translate(874.262 -419.188)\"\/><path data-name=\"Path 311\" d=\"M-855.591,442.975l-.346-1.064-.346,1.064H-857.4l.9.657-.346,1.064.906-.657.906.657-.346-1.064.9-.657Z\" transform=\"translate(872.053 -419.188)\"\/><path data-name=\"Path 312\" d=\"M-847.083,442.975l-.346-1.064-.346,1.064h-1.12l.906.657-.346,1.064.906-.657.9.657-.344-1.064.9-.657Z\" transform=\"translate(869.845 -419.188)\"\/><\/g><\/g><\/g><\/g><\/svg>\n        <p>20-23 September 2021<\/p>\n        <p><b>Le Westin, Austin Centre-ville, USA<\/b><\/p>\n    <\/div>\n    <div class=\"events-hero__circles\"><\/div>\n<\/div>                            <\/div>\n        <\/div>\n    <\/div>\n<\/section>\n\n\n<section  class=\"c-learn-more content-section learn-more content-section--curved content-section--dots content-section--fade-to-grey\">\n    <div class=\"container\">\n                    <div class=\"u-text-center learn-more__header\">\n                <h2>Actualit\u00e9s<\/h2>\n                <a href=\"https:\/\/www.chevinfleet.com\/fr-fr\/blog\/\" >Tout voir<\/a>\n            <\/div>\n                <div class=\"learn-more__wrapper animated fadeInUp\">\n            <div class=\"learn-more__content\">\n\n                                <h5 class=\"u-red fadeInUp__1\">\u00c0 LA UNE<\/h5>\n                \n                                <h2 class=\"u-red fadeInUp__2\">Chevin passe \u00e0 la vitesse sup\u00e9rieure<\/h2>\n                \n                                <p>Chevin passe \u00e0 la vitesse sup\u00e9rieure avec un nouveau site web et une nouvelle identit\u00e9 de marque<\/p>\n                \n                <a href=\"https:\/\/www.chevinfleet.com\/fr-fr\/blog\/chevin-passe-a-la-vitesse-superieure-avec-un-nouveau-site-web-et-une-nouvelle-identite-de-marque\/\">En savoir plus<\/a>\n\n            <\/div>\n            <div class=\"learn-more__image fadeInUp__3\">\n                                                                          <img decoding=\"async\" src=\"https:\/\/chevin-assets.s3.eu-west-1.amazonaws.com\/wp-content\/uploads\/sites\/5\/2021\/01\/02144311\/fleetwave-brochure-1-e1613473019628.png\"\n     data-srcset=\"https:\/\/chevin-assets.s3.eu-west-1.amazonaws.com\/wp-content\/uploads\/sites\/5\/2021\/01\/02144311\/fleetwave-brochure-1-e1613473019628-256x192.png 360w,\n                https:\/\/chevin-assets.s3.eu-west-1.amazonaws.com\/wp-content\/uploads\/sites\/5\/2021\/01\/02144311\/fleetwave-brochure-1-e1613473019628-502x288.png 768w,\n                https:\/\/chevin-assets.s3.eu-west-1.amazonaws.com\/wp-content\/uploads\/sites\/5\/2021\/01\/02144311\/fleetwave-brochure-1-e1613473019628.png 1440w,\n                https:\/\/chevin-assets.s3.eu-west-1.amazonaws.com\/wp-content\/uploads\/sites\/5\/2021\/01\/02144311\/fleetwave-brochure-1-e1613473019628.png 2000w\" class=\" \" \/>\n                            <\/div>\n        <\/div>\n    <\/div>\n<\/section>\n\n\n<section  class=\"c-cta-block cta-block content-section\">\n  <div class=\"container u-text-center animated fadeInUp\">\n    \n          <h2 class=\"u-red fadeInUp__1\">Pr\u00eat \u00e0 am\u00e9liorer votre flotte\u2009?<\/h2>\n    \n          <p class=\"fadeInUp__2\">Demandez \u00e0 un de nos commerciaux de vous contacter pour en savoir plus sur l\u2019optimisation de la gestion de flotte.<\/p>\n    \n          <a class=\"button fadeInUp__3\" href=\"https:\/\/www.chevinfleet.com\/fr-fr\/contactez-nous\/\">Contactez nous<\/a>\n      <\/div>\n<\/section>\n","protected":false},"excerpt":{"rendered":"","protected":false},"author":1,"featured_media":0,"parent":0,"menu_order":0,"comment_status":"closed","ping_status":"closed","template":"","meta":{"_acf_changed":true,"footnotes":""},"class_list":["post-12","page","type-page","status-publish","hentry"],"acf":[],"yoast_head":"<!-- This site is optimized with the Yoast SEO Premium plugin v26.3 (Yoast SEO v26.5) - https:\/\/yoast.com\/wordpress\/plugins\/seo\/ -->\n<title>Ressources - Chevin - France<\/title>\n<meta name=\"robots\" content=\"index, follow, max-snippet:-1, max-image-preview:large, max-video-preview:-1\" \/>\n<link rel=\"canonical\" href=\"https:\/\/www.chevinfleet.com\/fr-fr\/ressources\/\" \/>\n<meta property=\"og:locale\" content=\"en_GB\" \/>\n<meta property=\"og:type\" content=\"article\" \/>\n<meta property=\"og:title\" content=\"Ressources\" \/>\n<meta property=\"og:url\" content=\"https:\/\/www.chevinfleet.com\/fr-fr\/ressources\/\" \/>\n<meta property=\"og:site_name\" content=\"Chevin - France\" \/>\n<meta property=\"article:modified_time\" content=\"2025-10-22T14:04:04+00:00\" \/>\n<meta name=\"twitter:card\" content=\"summary_large_image\" \/>\n<script type=\"application\/ld+json\" class=\"yoast-schema-graph\">{\"@context\":\"https:\/\/schema.org\",\"@graph\":[{\"@type\":\"WebPage\",\"@id\":\"https:\/\/www.chevinfleet.com\/fr-fr\/ressources\/\",\"url\":\"https:\/\/www.chevinfleet.com\/fr-fr\/ressources\/\",\"name\":\"Ressources - Chevin - France\",\"isPartOf\":{\"@id\":\"https:\/\/www.chevinfleet.com\/fr-fr\/#website\"},\"datePublished\":\"2020-10-28T12:49:27+00:00\",\"dateModified\":\"2025-10-22T14:04:04+00:00\",\"breadcrumb\":{\"@id\":\"https:\/\/www.chevinfleet.com\/fr-fr\/ressources\/#breadcrumb\"},\"inLanguage\":\"en-GB\",\"potentialAction\":[{\"@type\":\"ReadAction\",\"target\":[\"https:\/\/www.chevinfleet.com\/fr-fr\/ressources\/\"]}]},{\"@type\":\"BreadcrumbList\",\"@id\":\"https:\/\/www.chevinfleet.com\/fr-fr\/ressources\/#breadcrumb\",\"itemListElement\":[{\"@type\":\"ListItem\",\"position\":1,\"name\":\"Home\",\"item\":\"https:\/\/www.chevinfleet.com\/fr-fr\/\"},{\"@type\":\"ListItem\",\"position\":2,\"name\":\"Ressources\"}]},{\"@type\":\"WebSite\",\"@id\":\"https:\/\/www.chevinfleet.com\/fr-fr\/#website\",\"url\":\"https:\/\/www.chevinfleet.com\/fr-fr\/\",\"name\":\"Chevin - France\",\"description\":\"Just another  site\",\"potentialAction\":[{\"@type\":\"SearchAction\",\"target\":{\"@type\":\"EntryPoint\",\"urlTemplate\":\"https:\/\/www.chevinfleet.com\/fr-fr\/?s={search_term_string}\"},\"query-input\":{\"@type\":\"PropertyValueSpecification\",\"valueRequired\":true,\"valueName\":\"search_term_string\"}}],\"inLanguage\":\"en-GB\"}]}<\/script>\n<!-- \/ Yoast SEO Premium plugin. -->","yoast_head_json":{"title":"Ressources - Chevin - France","robots":{"index":"index","follow":"follow","max-snippet":"max-snippet:-1","max-image-preview":"max-image-preview:large","max-video-preview":"max-video-preview:-1"},"canonical":"https:\/\/www.chevinfleet.com\/fr-fr\/ressources\/","og_locale":"en_GB","og_type":"article","og_title":"Ressources","og_url":"https:\/\/www.chevinfleet.com\/fr-fr\/ressources\/","og_site_name":"Chevin - France","article_modified_time":"2025-10-22T14:04:04+00:00","twitter_card":"summary_large_image","schema":{"@context":"https:\/\/schema.org","@graph":[{"@type":"WebPage","@id":"https:\/\/www.chevinfleet.com\/fr-fr\/ressources\/","url":"https:\/\/www.chevinfleet.com\/fr-fr\/ressources\/","name":"Ressources - Chevin - France","isPartOf":{"@id":"https:\/\/www.chevinfleet.com\/fr-fr\/#website"},"datePublished":"2020-10-28T12:49:27+00:00","dateModified":"2025-10-22T14:04:04+00:00","breadcrumb":{"@id":"https:\/\/www.chevinfleet.com\/fr-fr\/ressources\/#breadcrumb"},"inLanguage":"en-GB","potentialAction":[{"@type":"ReadAction","target":["https:\/\/www.chevinfleet.com\/fr-fr\/ressources\/"]}]},{"@type":"BreadcrumbList","@id":"https:\/\/www.chevinfleet.com\/fr-fr\/ressources\/#breadcrumb","itemListElement":[{"@type":"ListItem","position":1,"name":"Home","item":"https:\/\/www.chevinfleet.com\/fr-fr\/"},{"@type":"ListItem","position":2,"name":"Ressources"}]},{"@type":"WebSite","@id":"https:\/\/www.chevinfleet.com\/fr-fr\/#website","url":"https:\/\/www.chevinfleet.com\/fr-fr\/","name":"Chevin - France","description":"Just another  site","potentialAction":[{"@type":"SearchAction","target":{"@type":"EntryPoint","urlTemplate":"https:\/\/www.chevinfleet.com\/fr-fr\/?s={search_term_string}"},"query-input":{"@type":"PropertyValueSpecification","valueRequired":true,"valueName":"search_term_string"}}],"inLanguage":"en-GB"}]}},"_links":{"self":[{"href":"https:\/\/www.chevinfleet.com\/fr-fr\/wp-json\/wp\/v2\/pages\/12","targetHints":{"allow":["GET"]}}],"collection":[{"href":"https:\/\/www.chevinfleet.com\/fr-fr\/wp-json\/wp\/v2\/pages"}],"about":[{"href":"https:\/\/www.chevinfleet.com\/fr-fr\/wp-json\/wp\/v2\/types\/page"}],"author":[{"embeddable":true,"href":"https:\/\/www.chevinfleet.com\/fr-fr\/wp-json\/wp\/v2\/users\/1"}],"replies":[{"embeddable":true,"href":"https:\/\/www.chevinfleet.com\/fr-fr\/wp-json\/wp\/v2\/comments?post=12"}],"version-history":[{"count":0,"href":"https:\/\/www.chevinfleet.com\/fr-fr\/wp-json\/wp\/v2\/pages\/12\/revisions"}],"wp:attachment":[{"href":"https:\/\/www.chevinfleet.com\/fr-fr\/wp-json\/wp\/v2\/media?parent=12"}],"curies":[{"name":"wp","href":"https:\/\/api.w.org\/{rel}","templated":true}]}}