{"id":1024,"date":"2021-01-14T13:03:12","date_gmt":"2021-01-14T13:03:12","guid":{"rendered":"http:\/\/www.chevinfleet.com\/?page_id=1024"},"modified":"2025-10-14T13:15:20","modified_gmt":"2025-10-14T12:15:20","slug":"services-d-urgences","status":"publish","type":"page","link":"https:\/\/www.chevinfleet.com\/fr-fr\/services-d-urgences\/","title":{"rendered":"Services d\u2019urgence"},"content":{"rendered":"<section  class=\"c-basic-header basic-header content-section\">\n    <div class=\"container container--small u-text-center\">\n                    <h5>Secteurs d\u2019activit\u00e9<\/h5>\n                            <h1 class=\"u-red\">Services d\u2019urgence<\/h1>\n                            <p>Gagnez un temps pr\u00e9cieux, entretenez facilement vos v\u00e9hicules d\u2019intervention d\u2019urgence et r\u00e9duisez vos frais administratifs.<\/p>\n                    <\/div>\n<\/section>\n\n\n<section  class=\"c-learn-more content-section learn-more content-section--dots-left  content-section--curved content-section--fade-to-grey content-section--big-overlap \">\n  \n  <div class=\"container\">\n\n    <div class=\"learn-more__wrapper animated fadeInUp learn-more__wrapper--flipped \">\n      \n      <div class=\"learn-more__content learn-more__content--flipped\">\n\n        \n                  <h2 class=\" fadeInUp__2\">Assurez la disponibilit\u00e9 permanente de vos actifs<\/h2>\n        \n                  <div class=\"fadeInUp__3\"><p class=\"p1\">L\u2019organisation est primordiale lorsque votre flotte est sollicit\u00e9e 24 h\/24 et 7 j\/7.<\/p>\n<p class=\"p1\">Ainsi, un syst\u00e8me de gestion de flotte simple \u00e0 utiliser et r\u00e9actif est lui aussi essentiel.<\/p>\n<p>Avec FleetWave, conservez toutes vos donn\u00e9es et fonctionnalit\u00e9s importantes en un seul endroit convivial.<\/p>\n<\/div>\n        \n                  <a class=\"fadeInUp__4\" href=\"\/fr-fr\/demandez-une-demonstration\/\">Demandez une d\u00e9monstration<\/a>\n              <\/div>\n\n      <div class=\"learn-more__image animated fadeInUp__5\">\n\n                  <img decoding=\"async\" src=\"https:\/\/chevin-assets.s3.eu-west-1.amazonaws.com\/wp-content\/uploads\/sites\/5\/2021\/02\/11114635\/IN_4_Image-Circle.png\" alt=\"\">\n        \n      <\/div>\n\n    <\/div>\n\n  <\/div>\n\n<\/section>\n\n\n<section  class=\"c-cta-banner cta-banner content-section cta-banner--1930947916 cta-banner--light\">\n  \n  <style>\n    @media (min-width: 1440px) {\n        .cta-banner--1930947916 {\n            background-image: url(https:\/\/chevin-assets.s3.eu-west-1.amazonaws.com\/wp-content\/uploads\/sites\/5\/2021\/02\/16115700\/US-banner-2-resized.jpg);\n            background-size: cover;\n            background-repeat: no-repeat;\n        }\n    }\n    @media (max-width: 1440px) {\n        .cta-banner--1930947916 {\n            background-image: url(https:\/\/chevin-assets.s3.eu-west-1.amazonaws.com\/wp-content\/uploads\/sites\/5\/2021\/02\/16115700\/US-banner-2-resized.jpg);\n            background-size: cover;\n            background-repeat: no-repeat;\n        }\n    }\n    @media (max-width: 768px) {\n        .cta-banner--1930947916 {\n            background-image: url(https:\/\/chevin-assets.s3.eu-west-1.amazonaws.com\/wp-content\/uploads\/sites\/5\/2021\/02\/16115700\/US-banner-2-resized.jpg);\n            background-size: cover;\n            background-repeat: no-repeat;\n        }\n    }\n    @media (max-width: 360px) {\n        .cta-banner--1930947916 {\n            background-image: url(https:\/\/chevin-assets.s3.eu-west-1.amazonaws.com\/wp-content\/uploads\/sites\/5\/2021\/02\/16115700\/US-banner-2-resized.jpg);\n            background-size: cover;\n            background-repeat: no-repeat;\n        }\n    }\n<\/style> \n  \n  <div class=\"container\">\n\n    <div class=\"cta-banner__container animated fadeInUp\">\n\n              <h3 class=\"u-bold fadeInUp__1\">R\u00e9agir, vite<\/h3>\n            \n              <p class=\"fadeInUp__2\">\n          En \u00e9liminant la n\u00e9cessit\u00e9 de rechercher vos donn\u00e9es dans des syst\u00e8mes d\u2019informations diff\u00e9rents, vous pouvez gagner un temps pr\u00e9cieux et r\u00e9aliser des \u00e9conomies en mati\u00e8re d\u2019administration.  Ainsi, que vous sauviez des vies, combattiez les flammes ou assuriez la s\u00e9curit\u00e9 dans les rues, nos solutions intelligentes de gestion de flotte soutiendront vos v\u00e9hicules sp\u00e9cialis\u00e9s et vos \u00e9quipements associ\u00e9s.\n        <\/p>\n      \n      \n    <\/div>\n  <\/div>\n<\/section>\n\n\n<section  class=\"c-learn-more content-section learn-more content-section--dots-left   content-section--big-overlap \">\n  \n  <div class=\"container\">\n\n    <div class=\"learn-more__wrapper animated fadeInUp learn-more__wrapper--flipped \">\n      \n      <div class=\"learn-more__content learn-more__content--flipped\">\n\n        \n                  <h2 class=\" fadeInUp__2\">Assurez le bon entretien de vos actifs<\/h2>\n        \n                  <div class=\"fadeInUp__3\"><p>Rien n\u2019est plus important que d\u2019optimiser le d\u00e9lai de r\u00e9action aux urgences, il est donc crucial de s\u2019assurer du bon entretien des actifs. Notre syst\u00e8me FleetWave vous permet d\u2019automatiser d\u2019importants rappels de maintenance, y compris pour\u00a0:<\/p>\n<ul>\n<li>les inspections<\/li>\n<li>la conformit\u00e9 r\u00e9glementaire<\/li>\n<li>les t\u00e2ches de maintenance pr\u00e9ventive<\/li>\n<li>les intervalles d\u2019entretien<\/li>\n<\/ul>\n<p>Cela permet \u00e0 votre flotte de r\u00e9pondre instantan\u00e9ment lorsque l\u2019alarme sonne, tout en garantissant que tous les \u00e9quipements d\u2019urgence, des d\u00e9fibrillateurs et civi\u00e8res aux pompes \u00e0 eau et \u00e9metteurs radio, sont parfaitement fonctionnels.<\/p>\n<\/div>\n        \n              <\/div>\n\n      <div class=\"learn-more__image animated fadeInUp__5\">\n\n                  <img decoding=\"async\" src=\"https:\/\/chevin-assets.s3.eu-west-1.amazonaws.com\/wp-content\/uploads\/sites\/5\/2021\/03\/11091533\/Fleet-Status-FR.png\" alt=\"\">\n        \n      <\/div>\n\n    <\/div>\n\n  <\/div>\n\n<\/section>\n\n<section  class=\"c-features-slider content-section features-slider \">\n    <div class=\"container container--no-pad\">\n        <div class=\"features-slider__wrapper\" data-behaviour=\"featured-slider\">\n                            <div class=\"features-slider__feature animated fadeInUp\">\n                  <div class=\"features-slider__icon-container\">\n                    <img decoding=\"async\" class=\"fadeInUp__1 features-slider__icon\" src=\"https:\/\/chevin-assets.s3.eu-west-1.amazonaws.com\/wp-content\/uploads\/sites\/5\/2021\/02\/11104249\/FF_Icon-UsePreConfiguredCustomForms.png\" alt=\"\">\n                  <\/div>\n                    <h3 class=\"u-bold fadeInUp__2\">L\u2019affectation n\u2019a jamais \u00e9t\u00e9 aussi simple<\/h3>\n                    <p class=\"fadeInUp__3\">Rattachez facilement les conducteurs aux actifs en utilisant les donn\u00e9es d\u2019utilisation et d\u2019assignation pour cr\u00e9er un historique d\u2019affectation d\u00e9taill\u00e9.<\/p>\n                <\/div>\n                            <div class=\"features-slider__feature animated fadeInUp\">\n                  <div class=\"features-slider__icon-container\">\n                    <img decoding=\"async\" class=\"fadeInUp__1 features-slider__icon\" src=\"https:\/\/chevin-assets.s3.eu-west-1.amazonaws.com\/wp-content\/uploads\/sites\/5\/2021\/02\/11115103\/IN_1_Icon-IntegrateEffor.png\" alt=\"\">\n                  <\/div>\n                    <h3 class=\"u-bold fadeInUp__2\">Int\u00e9grez vos donn\u00e9es pour les partager<\/h3>\n                    <p class=\"fadeInUp__3\">Int\u00e9grez facilement vos donn\u00e9es avec des fournisseurs de donn\u00e9es tiers, tels que des logiciels de suivi GPS, cartes carburant et syst\u00e8mes internes.<\/p>\n                <\/div>\n                            <div class=\"features-slider__feature animated fadeInUp\">\n                  <div class=\"features-slider__icon-container\">\n                    <img decoding=\"async\" class=\"fadeInUp__1 features-slider__icon\" src=\"https:\/\/chevin-assets.s3.eu-west-1.amazonaws.com\/wp-content\/uploads\/sites\/5\/2021\/02\/11113408\/FF_Icon-CreateCompliantAuditing.png\" alt=\"\">\n                  <\/div>\n                    <h3 class=\"u-bold fadeInUp__2\">Assurez la conformit\u00e9 r\u00e9glementaire<\/h3>\n                    <p class=\"fadeInUp__3\">Soyez \u00e0 jour d\u2019exigences r\u00e9glementaires complexes gr\u00e2ce \u00e0 une large gamme d\u2019outils de gestion de maintenance, des sinistres et de l\u2019obligation de vigilance, parfaitement adapt\u00e9s aux professionnels des services d\u2019urgence.<\/p>\n                <\/div>\n                    <\/div>\n    <\/div>\n<\/section>\n\n\n<section  class=\"c-text-carousel content-section animated fadeInUp\">\n  <div class=\"container\">\n    <div class=\"text-carousel fadeInUp__1\">\n      <div data-behaviour=\"text-slider\">\n                  <div class=\"text-carousel__slide\">\n            <h3 class=\"u-bold\">La brochure FleetWave<\/h3>\n            <p>Consultez notre brochure pour plus d\u2019informations, dont la liste compl\u00e8te des fonctionnalit\u00e9s.<\/p>\n            <a class=\"unstyled\" href=\"https:\/\/www.chevinfleet.com\/fr-fr\/learning-zone\/fleetwave-brochure\/\">En savoir plus<\/a>\n          <\/div>\n              <\/div>\n    <\/div>\n  <\/div>\n<\/section>\n\n\n<section  class=\"c-learn-more content-section learn-more content-section--dots  content-section--curved content-section--fade-to-grey  \">\n  \n  <div class=\"container\">\n\n    <div class=\"learn-more__wrapper animated fadeInUp  \">\n      \n      <div class=\"learn-more__content \">\n\n        \n                  <h2 class=\" fadeInUp__2\">Rationnalisez vos op\u00e9rations<\/h2>\n        \n                  <div class=\"fadeInUp__3\"><p>D\u00e9pass\u00e9 par la charge administrative\u00a0? Il est temps de reprendre le contr\u00f4le\u00a0! R\u00e9duisez les proc\u00e9dures papier (et les frais qui en d\u00e9coulent) gr\u00e2ce \u00e0 FleetWave et \u00e0 notre <a href=\"https:\/\/www.chevinfleet.com\/fr-fr\/products\/workshop-hub\/\">application pour techniciens, FleetWave Technician.<\/a><\/p>\n<p>FleetWave Technician fournit \u00e0 vos techniciens l\u2019ensemble des outils n\u00e9cessaires pour effectuer les t\u00e2ches d\u2019atelier sans devoir recourir \u00e0 des formulaires papier. Avec notre application, vos techniciens peuvent :<\/p>\n<ul>\n<li>ajouter et solliciter des outils et des pi\u00e8ces<\/li>\n<li>cr\u00e9er de nouvelles fiches de maintenance<\/li>\n<li>t\u00e9l\u00e9charger des photos dans les fichiers de maintenance<\/li>\n<li>effectuer des inspections<\/li>\n<li>planifier le travail<\/li>\n<\/ul>\n<\/div>\n        \n              <\/div>\n\n      <div class=\"learn-more__image animated fadeInUp__5\">\n\n                  <img decoding=\"async\" src=\"https:\/\/chevin-assets.s3.eu-west-1.amazonaws.com\/wp-content\/uploads\/sites\/5\/2021\/01\/02112559\/New-Technician-Image-1.png\" alt=\"\">\n        \n      <\/div>\n\n    <\/div>\n\n  <\/div>\n\n<\/section>\n\n<section  class=\"c-image-slider image-slider content-section  \">\n    \n    <div class=\"container animated fadeInUp\">\n        \n                    <h2 class=\"u-text-center fadeInUp__1\">Qui utilise notre logiciel ?<\/h2>\n        \n                    <h3 class=\"u-text-center fadeInUp__2\">Chevin est fi\u00e8re de collaborer avec les plus grands op\u00e9rateurs de services d\u2019urgence, dont :\r\n<\/h3>\n        \n        \n        <div class=\"image-slider__wrapper\" data-behaviour=\"four-slider\">\n                            <div class=\"slide fadeInUp__4\">\n                    <div class=\"image-slider__block\">\n                        <img decoding=\"async\" src=\"https:\/\/chevin-assets.s3.eu-west-1.amazonaws.com\/wp-content\/uploads\/sites\/5\/2021\/02\/05093121\/cheshire-fire.png\">\n                        <p class=\"u-red\"><strong><\/strong><\/p>\n                                            <\/div>\n                <\/div>\n                            <div class=\"slide fadeInUp__4\">\n                    <div class=\"image-slider__block\">\n                        <img decoding=\"async\" src=\"https:\/\/chevin-assets.s3.eu-west-1.amazonaws.com\/wp-content\/uploads\/sites\/5\/2021\/02\/05093123\/NEW-Compco.png\">\n                        <p class=\"u-red\"><strong><\/strong><\/p>\n                                            <\/div>\n                <\/div>\n                            <div class=\"slide fadeInUp__4\">\n                    <div class=\"image-slider__block\">\n                        <img decoding=\"async\" src=\"https:\/\/chevin-assets.s3.eu-west-1.amazonaws.com\/wp-content\/uploads\/sites\/5\/2021\/02\/05093125\/NEW-NHS-Grampian.png\">\n                        <p class=\"u-red\"><strong><\/strong><\/p>\n                                            <\/div>\n                <\/div>\n                            <div class=\"slide fadeInUp__4\">\n                    <div class=\"image-slider__block\">\n                        <img decoding=\"async\" src=\"https:\/\/chevin-assets.s3.eu-west-1.amazonaws.com\/wp-content\/uploads\/sites\/5\/2021\/02\/05093127\/NEW-south-australia-police.png\">\n                        <p class=\"u-red\"><strong><\/strong><\/p>\n                                            <\/div>\n                <\/div>\n                            <div class=\"slide fadeInUp__4\">\n                    <div class=\"image-slider__block\">\n                        <img decoding=\"async\" src=\"https:\/\/chevin-assets.s3.eu-west-1.amazonaws.com\/wp-content\/uploads\/sites\/5\/2021\/02\/05093129\/new-york-police.png\">\n                        <p class=\"u-red\"><strong><\/strong><\/p>\n                                            <\/div>\n                <\/div>\n                            <div class=\"slide fadeInUp__4\">\n                    <div class=\"image-slider__block\">\n                        <img decoding=\"async\" src=\"https:\/\/chevin-assets.s3.eu-west-1.amazonaws.com\/wp-content\/uploads\/sites\/5\/2021\/02\/05093130\/NIAS.png\">\n                        <p class=\"u-red\"><strong><\/strong><\/p>\n                                            <\/div>\n                <\/div>\n                    <\/div>\n    <\/div>\n<\/section>\n\n\n<section  class=\"c-hero-quote hero-quote content-section \">\n        <img decoding=\"async\" src=\"https:\/\/chevin-assets.s3.eu-west-1.amazonaws.com\/wp-content\/uploads\/sites\/5\/2021\/02\/11031003\/client-resized.jpg\"\n     data-srcset=\"https:\/\/chevin-assets.s3.eu-west-1.amazonaws.com\/wp-content\/uploads\/sites\/5\/2021\/02\/11031003\/client-resized-960x333.jpg 360w,\n                https:\/\/chevin-assets.s3.eu-west-1.amazonaws.com\/wp-content\/uploads\/sites\/5\/2021\/02\/11031003\/client-resized.jpg 768w,\n                https:\/\/chevin-assets.s3.eu-west-1.amazonaws.com\/wp-content\/uploads\/sites\/5\/2021\/02\/11031003\/client-resized.jpg 1440w,\n                https:\/\/chevin-assets.s3.eu-west-1.amazonaws.com\/wp-content\/uploads\/sites\/5\/2021\/02\/11031003\/client-resized.jpg 2000w\" class=\"hero-quote__img \" \/>\n  <div class=\"container\">\n    <div class=\"hero-quote__container animated fadeInUp\">\n              <h3 class=\"hero-quote__quote u-bold fadeInUp__1\">\u00ab FleetWave de Chevin Fleet Solutions s\u2019est r\u00e9v\u00e9l\u00e9 un excellent choix. Sa flexibilit\u00e9 nous permet de travailler de fa\u00e7on moderne, efficace et productive. Ce logiciel permet \u00e0 NIAS d\u2019\u00eatre \u00e0 la hauteur d\u2019autres services d\u2019ambulance tr\u00e8s performants dans le monde entier. \u00bb<\/h3>\n                  <p class=\"hero-quote__person fadeInUp__2\">\n        <strong class=\"u-red\">Michael Heasley,<\/strong>\n      <\/p>\n            <p class=\"u-red hero-quote__details fadeInUp__3\">\n                  <span class=\"hero-quote__job-title\">Gestionnaire de flotte ,<\/span>\n                          <span class=\"hero-quote__company\">Northern Ireland Ambulance Service<\/span>\n              <\/p>\n    <\/div>\n  <\/div>\n<\/section>\n\n<section  class=\"content-section content-section--curved content-section--fade-to-grey content-section--big-overlap\">\n    \n    <div class=\"container container--small u-text-center animated fadeInUp\">\n        \n                    <h5 class=\"fadeInUp__1\">RESSOURCES<\/h5>\n                            <h3 class=\"fadeInUp__1\"><b>Vous pourriez aussi \u00eatre int\u00e9ress\u00e9 par\u2026<\/b><\/h3>\n                                <\/div>\n\n    <\/section>\n<section class=\"content-section animated fadeInUp\">\n    \n    <div class=\"container container--no-pad fadeInUp__2\">\n        <div class=\"post-type-wrapper\" data-behaviour=\"featured-slider\">\n                            <a class=\"post-type unstyled post-type--transform \" href=\"https:\/\/www.chevinfleet.com\/fr-fr\/learning-zone\/cycle-de-vie-des-actifs-et-rentabilite\/\">\n    <div class=\"post-type__image\">\n                    <img decoding=\"async\" src=\"https:\/\/chevin-assets.s3.eu-west-1.amazonaws.com\/wp-content\/uploads\/sites\/5\/2021\/01\/24004517\/Asset-lifecycle-management-profile-440x400.jpg\">\n            <\/div>\n    <div class=\"post-type__content\">\n                <p class=\"post-type__name\"><strong>L&#8217;influence du cycle de vie des actifs sur la productivit\u00e9, l\u2019efficacit\u00e9 et la rentabilit\u00e9<\/strong><\/p>\n                <p class=\"post-type__more\">En savoir plus<\/p>\n    <\/div>\n<\/a>\n                            <a class=\"post-type unstyled post-type--transform \" href=\"https:\/\/www.chevinfleet.com\/fr-fr\/learning-zone\/10-raisons-de-concevoir-et-dadopter-un-plan-de-gestion-dactifs\/\">\n    <div class=\"post-type__image\">\n                    <img decoding=\"async\" src=\"https:\/\/chevin-assets.s3.eu-west-1.amazonaws.com\/wp-content\/uploads\/sites\/5\/2021\/01\/24150442\/AMfi-440x400.jpg\">\n            <\/div>\n    <div class=\"post-type__content\">\n                <p class=\"post-type__name\"><strong>Plan de gestion d&#8217;actifs. Pourquoi s&#8217;y int\u00e9resser ?<\/strong><\/p>\n                <p class=\"post-type__more\">En savoir plus<\/p>\n    <\/div>\n<\/a>\n                            <a class=\"post-type unstyled post-type--transform \" href=\"https:\/\/www.chevinfleet.com\/fr-fr\/learning-zone\/guide-dachat-pour-logiciel-de-gestion-de-flotte\/\">\n    <div class=\"post-type__image\">\n                    <img decoding=\"async\" src=\"https:\/\/chevin-assets.s3.eu-west-1.amazonaws.com\/wp-content\/uploads\/sites\/5\/2021\/01\/02145114\/buyers-guide-hero-1-440x440.png\">\n            <\/div>\n    <div class=\"post-type__content\">\n                <p class=\"post-type__name\"><strong>Guide d\u2019Achat Pour Logiciel de Gestion de Flotte<\/strong><\/p>\n                <p class=\"post-type__more\">En savoir plus<\/p>\n    <\/div>\n<\/a>\n                    <\/div>\n    <\/div>\n<\/section>\n<section class=\"c-hr hr content-section u-show-mobile\">\n<div class=\"container\">\n    <hr>\n<\/div>\n\n<\/section>\n\n\n<section  class=\"c-cta-block cta-block content-section\">\n  <div class=\"container u-text-center animated fadeInUp\">\n    \n          <h2 class=\"u-red fadeInUp__1\">Pr\u00eat \u00e0 optimiser la gestion de votre flotte\u2009?<\/h2>\n    \n          <p class=\"fadeInUp__2\">Demandez \u00e0 un de nos commerciaux de vous contacter pour en savoir plus sur l\u2019optimisation de la gestion de flotte.<\/p>\n    \n          <a class=\"button fadeInUp__3\" href=\"\/fr-fr\/prix\/\">Voir les tarifs<\/a>\n      <\/div>\n<\/section>\n","protected":false},"excerpt":{"rendered":"","protected":false},"author":3,"featured_media":0,"parent":0,"menu_order":0,"comment_status":"closed","ping_status":"closed","template":"","meta":{"_acf_changed":true,"footnotes":""},"class_list":["post-1024","page","type-page","status-publish","hentry"],"acf":[],"yoast_head":"<!-- This site is optimized with the Yoast SEO Premium plugin v26.3 (Yoast SEO v26.5) - https:\/\/yoast.com\/wordpress\/plugins\/seo\/ -->\n<title>Logiciel de gestion de flotte pour services de police, ambulance, pompiers<\/title>\n<meta name=\"description\" content=\"Gagnez du temps, r\u00e9duisez vos co\u00fbts avec notre logiciel de gestion de flotte, con\u00e7us pour les services d\u2019urgence tels que ambulance, police ou pompiers\" \/>\n<meta name=\"robots\" content=\"index, follow, max-snippet:-1, max-image-preview:large, max-video-preview:-1\" \/>\n<link rel=\"canonical\" href=\"https:\/\/www.chevinfleet.com\/fr-fr\/services-d-urgences\/\" \/>\n<meta property=\"og:locale\" content=\"en_GB\" \/>\n<meta property=\"og:type\" content=\"article\" \/>\n<meta property=\"og:title\" content=\"Services d\u2019urgence\" \/>\n<meta property=\"og:description\" content=\"Gagnez du temps, r\u00e9duisez vos co\u00fbts avec notre logiciel de gestion de flotte, con\u00e7us pour les services d\u2019urgence tels que ambulance, police ou pompiers\" \/>\n<meta property=\"og:url\" content=\"https:\/\/www.chevinfleet.com\/fr-fr\/services-d-urgences\/\" \/>\n<meta property=\"og:site_name\" content=\"Chevin - France\" \/>\n<meta property=\"article:modified_time\" content=\"2025-10-14T12:15:20+00:00\" \/>\n<meta name=\"twitter:card\" content=\"summary_large_image\" \/>\n<script type=\"application\/ld+json\" class=\"yoast-schema-graph\">{\"@context\":\"https:\/\/schema.org\",\"@graph\":[{\"@type\":\"WebPage\",\"@id\":\"https:\/\/www.chevinfleet.com\/fr-fr\/services-d-urgences\/\",\"url\":\"https:\/\/www.chevinfleet.com\/fr-fr\/services-d-urgences\/\",\"name\":\"Logiciel de gestion de flotte pour services de police, ambulance, pompiers\",\"isPartOf\":{\"@id\":\"https:\/\/www.chevinfleet.com\/fr-fr\/#website\"},\"datePublished\":\"2021-01-14T13:03:12+00:00\",\"dateModified\":\"2025-10-14T12:15:20+00:00\",\"description\":\"Gagnez du temps, r\u00e9duisez vos co\u00fbts avec notre logiciel de gestion de flotte, con\u00e7us pour les services d\u2019urgence tels que ambulance, police ou pompiers\",\"breadcrumb\":{\"@id\":\"https:\/\/www.chevinfleet.com\/fr-fr\/services-d-urgences\/#breadcrumb\"},\"inLanguage\":\"en-GB\",\"potentialAction\":[{\"@type\":\"ReadAction\",\"target\":[\"https:\/\/www.chevinfleet.com\/fr-fr\/services-d-urgences\/\"]}]},{\"@type\":\"BreadcrumbList\",\"@id\":\"https:\/\/www.chevinfleet.com\/fr-fr\/services-d-urgences\/#breadcrumb\",\"itemListElement\":[{\"@type\":\"ListItem\",\"position\":1,\"name\":\"Home\",\"item\":\"https:\/\/www.chevinfleet.com\/fr-fr\/\"},{\"@type\":\"ListItem\",\"position\":2,\"name\":\"Services d\u2019urgence\"}]},{\"@type\":\"WebSite\",\"@id\":\"https:\/\/www.chevinfleet.com\/fr-fr\/#website\",\"url\":\"https:\/\/www.chevinfleet.com\/fr-fr\/\",\"name\":\"Chevin - France\",\"description\":\"Just another  site\",\"potentialAction\":[{\"@type\":\"SearchAction\",\"target\":{\"@type\":\"EntryPoint\",\"urlTemplate\":\"https:\/\/www.chevinfleet.com\/fr-fr\/?s={search_term_string}\"},\"query-input\":{\"@type\":\"PropertyValueSpecification\",\"valueRequired\":true,\"valueName\":\"search_term_string\"}}],\"inLanguage\":\"en-GB\"}]}<\/script>\n<!-- \/ Yoast SEO Premium plugin. -->","yoast_head_json":{"title":"Logiciel de gestion de flotte pour services de police, ambulance, pompiers","description":"Gagnez du temps, r\u00e9duisez vos co\u00fbts avec notre logiciel de gestion de flotte, con\u00e7us pour les services d\u2019urgence tels que ambulance, police ou pompiers","robots":{"index":"index","follow":"follow","max-snippet":"max-snippet:-1","max-image-preview":"max-image-preview:large","max-video-preview":"max-video-preview:-1"},"canonical":"https:\/\/www.chevinfleet.com\/fr-fr\/services-d-urgences\/","og_locale":"en_GB","og_type":"article","og_title":"Services d\u2019urgence","og_description":"Gagnez du temps, r\u00e9duisez vos co\u00fbts avec notre logiciel de gestion de flotte, con\u00e7us pour les services d\u2019urgence tels que ambulance, police ou pompiers","og_url":"https:\/\/www.chevinfleet.com\/fr-fr\/services-d-urgences\/","og_site_name":"Chevin - France","article_modified_time":"2025-10-14T12:15:20+00:00","twitter_card":"summary_large_image","schema":{"@context":"https:\/\/schema.org","@graph":[{"@type":"WebPage","@id":"https:\/\/www.chevinfleet.com\/fr-fr\/services-d-urgences\/","url":"https:\/\/www.chevinfleet.com\/fr-fr\/services-d-urgences\/","name":"Logiciel de gestion de flotte pour services de police, ambulance, pompiers","isPartOf":{"@id":"https:\/\/www.chevinfleet.com\/fr-fr\/#website"},"datePublished":"2021-01-14T13:03:12+00:00","dateModified":"2025-10-14T12:15:20+00:00","description":"Gagnez du temps, r\u00e9duisez vos co\u00fbts avec notre logiciel de gestion de flotte, con\u00e7us pour les services d\u2019urgence tels que ambulance, police ou pompiers","breadcrumb":{"@id":"https:\/\/www.chevinfleet.com\/fr-fr\/services-d-urgences\/#breadcrumb"},"inLanguage":"en-GB","potentialAction":[{"@type":"ReadAction","target":["https:\/\/www.chevinfleet.com\/fr-fr\/services-d-urgences\/"]}]},{"@type":"BreadcrumbList","@id":"https:\/\/www.chevinfleet.com\/fr-fr\/services-d-urgences\/#breadcrumb","itemListElement":[{"@type":"ListItem","position":1,"name":"Home","item":"https:\/\/www.chevinfleet.com\/fr-fr\/"},{"@type":"ListItem","position":2,"name":"Services d\u2019urgence"}]},{"@type":"WebSite","@id":"https:\/\/www.chevinfleet.com\/fr-fr\/#website","url":"https:\/\/www.chevinfleet.com\/fr-fr\/","name":"Chevin - France","description":"Just another  site","potentialAction":[{"@type":"SearchAction","target":{"@type":"EntryPoint","urlTemplate":"https:\/\/www.chevinfleet.com\/fr-fr\/?s={search_term_string}"},"query-input":{"@type":"PropertyValueSpecification","valueRequired":true,"valueName":"search_term_string"}}],"inLanguage":"en-GB"}]}},"_links":{"self":[{"href":"https:\/\/www.chevinfleet.com\/fr-fr\/wp-json\/wp\/v2\/pages\/1024","targetHints":{"allow":["GET"]}}],"collection":[{"href":"https:\/\/www.chevinfleet.com\/fr-fr\/wp-json\/wp\/v2\/pages"}],"about":[{"href":"https:\/\/www.chevinfleet.com\/fr-fr\/wp-json\/wp\/v2\/types\/page"}],"author":[{"embeddable":true,"href":"https:\/\/www.chevinfleet.com\/fr-fr\/wp-json\/wp\/v2\/users\/3"}],"replies":[{"embeddable":true,"href":"https:\/\/www.chevinfleet.com\/fr-fr\/wp-json\/wp\/v2\/comments?post=1024"}],"version-history":[{"count":0,"href":"https:\/\/www.chevinfleet.com\/fr-fr\/wp-json\/wp\/v2\/pages\/1024\/revisions"}],"wp:attachment":[{"href":"https:\/\/www.chevinfleet.com\/fr-fr\/wp-json\/wp\/v2\/media?parent=1024"}],"curies":[{"name":"wp","href":"https:\/\/api.w.org\/{rel}","templated":true}]}}