{"id":10,"date":"2020-10-28T12:44:49","date_gmt":"2020-10-28T12:44:49","guid":{"rendered":"https:\/\/chevin.test\/?page_id=10"},"modified":"2024-10-16T12:11:02","modified_gmt":"2024-10-16T11:11:02","slug":"prix","status":"publish","type":"page","link":"https:\/\/www.chevinfleet.com\/fr-fr\/prix\/","title":{"rendered":"Tarifs"},"content":{"rendered":"<section  class=\"c-page-header page-header content-section content-section--dark content-section--curved\">\n    <div class=\"container container--small u-text-center\">\n                    <h1>Tarifs<\/h1>\n                            <p>Assurez la disponibilit\u00e9 de votre flotte en am\u00e9liorant vos performances et en r\u00e9duisant les temps d\u2019immobilisation \u00e0 l\u2019aide de FleetWave Core, ou \u00e9largissez vos possibilit\u00e9s avec FleetWave Advanced.<\/p>\n                \n    <\/div>\n    <\/section>\n\n\n<section  class=\"c-two-column-info-block content-section\">\n    <div class=\"container two-column-info-block\">\n                    <div class=\"two-column-info-block__column u-text-center\">\n                <div class=\"two-column-info-block__top u-background-red\">\n                    <h2 class=\"u-white\">\n                        FleetWave Core\n                    <\/h2>\n                <\/div>\n                <div class=\"two-column-info-block__middle\">\n                                            <h3>5\u20ac<\/h3>\n                        <p>Co\u00fbt par v\u00e9hicule\/mois. Factur\u00e9 annuellement. *Equipements et actifs associ\u00e9s factur\u00e9s 0,50 \u20ac par actif.<\/p>\n                                                                <a class=\"button\" href=\"https:\/\/www.chevinfleet.com\/fr-fr\/demandez-une-demonstration\/\">Demandez une d\u00e9monstration<\/a>\n                                                        <\/div>\n                <div class=\"two-column-info-block__bottom u-text-left\">\n                                            <p class=\"u-bold\">Principes fondamentaux de la gestion de flotte<\/p>\n                        <ul>\n                                                            <li>\n                                    V\u00e9hicules\n                                <\/li>\n                                                            <li>\n                                    Conducteurs\n                                <\/li>\n                                                            <li>\n                                    Amendes et forfaits post-stationnement (FPS)\n                                <\/li>\n                                                            <li>\n                                    Maintenance \n                                <\/li>\n                                                            <li>\n                                    Carburant\n                                <\/li>\n                                                            <li>\n                                    Rapports\n                                <\/li>\n                                                            <li>\n                                    Utilitaires\n                                <\/li>\n                                                            <li>\n                                    Import\/Export\n                                <\/li>\n                                                            <li>\n                                    Hi\u00e9rarchie\n                                <\/li>\n                                                            <li>\n                                    Longue, moyenne, courte dur\u00e9e\n                                <\/li>\n                                                            <li>\n                                    Sinistres\n                                <\/li>\n                                                            <li>\n                                    Co\u00fbts\n                                <\/li>\n                                                            <li>\n                                    Int\u00e9grations et API*\n                                <\/li>\n                                                            <li>\n                                    Fournisseurs\n                                <\/li>\n                                                            <li>\n                                    * Pour des int\u00e9grations sp\u00e9cifiques, notre \u00e9quipe d\u00e9ploiement vous accompagne.\n                                <\/li>\n                                                    <\/ul>\n                        \n                                    <\/div>\n                <div class=\"two-column-info-block__accordions\">\n                                            <h3 class=\"u-bold\">En option<\/h3>\n                    \n                                            <div class=\"two-column-info-block__accordion u-text-left accordion accordion--grey\" data-accordion=\"container\">\n                            <h3 class=\"u-bold\">FleetWave Forms <\/h3>\n                            <div class=\"accordion__inner\">\n                                <p>Travaillez lors de vos d\u00e9placements gr\u00e2ce \u00e0 notre application mobile. Envoyez des t\u00e2ches \u00e0 vos collaborateurs sur le terrain et permettez-leur de saisir facilement des donn\u00e9es.<\/p>\n                            <\/div>\n                        <\/div>\n                                            <div class=\"two-column-info-block__accordion u-text-left accordion accordion--grey\" data-accordion=\"container\">\n                            <h3 class=\"u-bold\">Workshop Hub <\/h3>\n                            <div class=\"accordion__inner\">\n                                <p>G\u00e9rez rapidement vos t\u00e2ches de maintenance dans l\u2019atelier ou sur le terrain gr\u00e2ce \u00e0 notre application en ligne simple \u00e0 utiliser.<\/p>\n                            <\/div>\n                        <\/div>\n                                        <p class=\"two-column-info-block__more-info\"> <a href=\"\"><\/a><\/p>\n                <\/div>\n            <\/div>\n                    <div class=\"two-column-info-block__column u-text-center\">\n                <div class=\"two-column-info-block__top u-background-teal\">\n                    <h2 class=\"u-white\">\n                        FleetWave Advanced \n                    <\/h2>\n                <\/div>\n                <div class=\"two-column-info-block__middle\">\n                                            <h3>\u20ac<\/h3>\n                        <p>Contacter le service commercial.<\/p>\n                                                                <a class=\"button\" href=\"https:\/\/www.chevinfleet.com\/fr-fr\/demandez-une-demonstration\/\">Demandez une d\u00e9monstration<\/a>\n                                                        <\/div>\n                <div class=\"two-column-info-block__bottom u-text-left\">\n                                            <p class=\"u-bold\">Toutes les fonctionnalit\u00e9s de Core, plus des fonctionnalit\u00e9s avanc\u00e9es additionnelles<\/p>\n                        <ul>\n                                                            <li>\n                                    Magasin et inventaire\n                                <\/li>\n                                                            <li>\n                                    Atelier\n                                <\/li>\n                                                            <li>\n                                    V\u00e9hicules de pool\n                                <\/li>\n                                                            <li>\n                                    Rapports avanc\u00e9s\n                                <\/li>\n                                                    <\/ul>\n                                                                                    <div class=\"two-column-info-block__feature-box\">\n                                    <h3>FleetWave Forms<\/h3>\n                                    <p><\/p>\n\n                                <\/div>\n                                                            <div class=\"two-column-info-block__feature-box\">\n                                    <h3>Workshop Hub<\/h3>\n                                    <p><\/p>\n\n                                <\/div>\n                                                    \n                                    <\/div>\n                <div class=\"two-column-info-block__accordions\">\n                                            <h3 class=\"u-bold\">En option<\/h3>\n                    \n                                            <div class=\"two-column-info-block__accordion u-text-left accordion accordion--grey\" data-accordion=\"container\">\n                            <h3 class=\"u-bold\"><\/h3>\n                            <div class=\"accordion__inner\">\n                                <p><\/p>\n                            <\/div>\n                        <\/div>\n                                        <p class=\"two-column-info-block__more-info\"> <a href=\"\"><\/a><\/p>\n                <\/div>\n            <\/div>\n        \n    <\/div>\n<\/section>\n\n<section  class=\"content-section animated fadeInUp\" >\n    <div class=\"container container--small  user-content fadeInUp__1\">\n        <h2 style=\"text-align: center;\"><strong>Parlons de votre flotte<\/strong><\/h2>\n<div>\n<div style=\"text-align: center;\">Nous offrons notre expertise et nos conseils pour les flottes de tous types et tailles.<\/div>\n<div style=\"text-align: center;\">Pour conna\u00eetre les remises propos\u00e9es, contactez d\u00e8s aujourd&#8217;hui notre \u00e9quipe commerciale et d\u00e9couvrez comment nous pouvons vous aider \u00e0 r\u00e9volutionner votre flotte !<\/div>\n<\/div>\n\n    <\/div>\n<\/section>\n\n\n<section  class=\"c-contact-form contact-form content-section content-section--dotted \">\n    <div class=\"container container--small\">\n        <div class=\"bubble-box\">\n            <iframe src=https:\/\/www2.chevinfleet.com\/l\/880532\/2021-02-02\/2psjx width=\"100%\" height=\"600\" type=\"text\/html\" frameborder=\"0\" allowTransparency=\"true\" style=\"border: 0\"><\/iframe>\n        <\/div>\n    <\/div>\n<\/section>\n","protected":false},"excerpt":{"rendered":"","protected":false},"author":1,"featured_media":0,"parent":0,"menu_order":0,"comment_status":"closed","ping_status":"closed","template":"","meta":{"_acf_changed":true,"footnotes":""},"class_list":["post-10","page","type-page","status-publish","hentry"],"acf":[],"yoast_head":"<!-- This site is optimized with the Yoast SEO Premium plugin v26.3 (Yoast SEO v26.5) - https:\/\/yoast.com\/wordpress\/plugins\/seo\/ -->\n<title>Tarifs - Chevin - France<\/title>\n<meta name=\"robots\" content=\"index, follow, max-snippet:-1, max-image-preview:large, max-video-preview:-1\" \/>\n<link rel=\"canonical\" href=\"https:\/\/www.chevinfleet.com\/fr-fr\/prix\/\" \/>\n<meta property=\"og:locale\" content=\"en_GB\" \/>\n<meta property=\"og:type\" content=\"article\" \/>\n<meta property=\"og:title\" content=\"Tarifs\" \/>\n<meta property=\"og:url\" content=\"https:\/\/www.chevinfleet.com\/fr-fr\/prix\/\" \/>\n<meta property=\"og:site_name\" content=\"Chevin - France\" \/>\n<meta property=\"article:modified_time\" content=\"2024-10-16T11:11:02+00:00\" \/>\n<meta name=\"twitter:card\" content=\"summary_large_image\" \/>\n<script type=\"application\/ld+json\" class=\"yoast-schema-graph\">{\"@context\":\"https:\/\/schema.org\",\"@graph\":[{\"@type\":\"WebPage\",\"@id\":\"https:\/\/www.chevinfleet.com\/fr-fr\/prix\/\",\"url\":\"https:\/\/www.chevinfleet.com\/fr-fr\/prix\/\",\"name\":\"Tarifs - Chevin - France\",\"isPartOf\":{\"@id\":\"https:\/\/www.chevinfleet.com\/fr-fr\/#website\"},\"datePublished\":\"2020-10-28T12:44:49+00:00\",\"dateModified\":\"2024-10-16T11:11:02+00:00\",\"breadcrumb\":{\"@id\":\"https:\/\/www.chevinfleet.com\/fr-fr\/prix\/#breadcrumb\"},\"inLanguage\":\"en-GB\",\"potentialAction\":[{\"@type\":\"ReadAction\",\"target\":[\"https:\/\/www.chevinfleet.com\/fr-fr\/prix\/\"]}]},{\"@type\":\"BreadcrumbList\",\"@id\":\"https:\/\/www.chevinfleet.com\/fr-fr\/prix\/#breadcrumb\",\"itemListElement\":[{\"@type\":\"ListItem\",\"position\":1,\"name\":\"Home\",\"item\":\"https:\/\/www.chevinfleet.com\/fr-fr\/\"},{\"@type\":\"ListItem\",\"position\":2,\"name\":\"Tarifs\"}]},{\"@type\":\"WebSite\",\"@id\":\"https:\/\/www.chevinfleet.com\/fr-fr\/#website\",\"url\":\"https:\/\/www.chevinfleet.com\/fr-fr\/\",\"name\":\"Chevin - France\",\"description\":\"Just another  site\",\"potentialAction\":[{\"@type\":\"SearchAction\",\"target\":{\"@type\":\"EntryPoint\",\"urlTemplate\":\"https:\/\/www.chevinfleet.com\/fr-fr\/?s={search_term_string}\"},\"query-input\":{\"@type\":\"PropertyValueSpecification\",\"valueRequired\":true,\"valueName\":\"search_term_string\"}}],\"inLanguage\":\"en-GB\"}]}<\/script>\n<!-- \/ Yoast SEO Premium plugin. -->","yoast_head_json":{"title":"Tarifs - Chevin - France","robots":{"index":"index","follow":"follow","max-snippet":"max-snippet:-1","max-image-preview":"max-image-preview:large","max-video-preview":"max-video-preview:-1"},"canonical":"https:\/\/www.chevinfleet.com\/fr-fr\/prix\/","og_locale":"en_GB","og_type":"article","og_title":"Tarifs","og_url":"https:\/\/www.chevinfleet.com\/fr-fr\/prix\/","og_site_name":"Chevin - France","article_modified_time":"2024-10-16T11:11:02+00:00","twitter_card":"summary_large_image","schema":{"@context":"https:\/\/schema.org","@graph":[{"@type":"WebPage","@id":"https:\/\/www.chevinfleet.com\/fr-fr\/prix\/","url":"https:\/\/www.chevinfleet.com\/fr-fr\/prix\/","name":"Tarifs - Chevin - France","isPartOf":{"@id":"https:\/\/www.chevinfleet.com\/fr-fr\/#website"},"datePublished":"2020-10-28T12:44:49+00:00","dateModified":"2024-10-16T11:11:02+00:00","breadcrumb":{"@id":"https:\/\/www.chevinfleet.com\/fr-fr\/prix\/#breadcrumb"},"inLanguage":"en-GB","potentialAction":[{"@type":"ReadAction","target":["https:\/\/www.chevinfleet.com\/fr-fr\/prix\/"]}]},{"@type":"BreadcrumbList","@id":"https:\/\/www.chevinfleet.com\/fr-fr\/prix\/#breadcrumb","itemListElement":[{"@type":"ListItem","position":1,"name":"Home","item":"https:\/\/www.chevinfleet.com\/fr-fr\/"},{"@type":"ListItem","position":2,"name":"Tarifs"}]},{"@type":"WebSite","@id":"https:\/\/www.chevinfleet.com\/fr-fr\/#website","url":"https:\/\/www.chevinfleet.com\/fr-fr\/","name":"Chevin - France","description":"Just another  site","potentialAction":[{"@type":"SearchAction","target":{"@type":"EntryPoint","urlTemplate":"https:\/\/www.chevinfleet.com\/fr-fr\/?s={search_term_string}"},"query-input":{"@type":"PropertyValueSpecification","valueRequired":true,"valueName":"search_term_string"}}],"inLanguage":"en-GB"}]}},"_links":{"self":[{"href":"https:\/\/www.chevinfleet.com\/fr-fr\/wp-json\/wp\/v2\/pages\/10","targetHints":{"allow":["GET"]}}],"collection":[{"href":"https:\/\/www.chevinfleet.com\/fr-fr\/wp-json\/wp\/v2\/pages"}],"about":[{"href":"https:\/\/www.chevinfleet.com\/fr-fr\/wp-json\/wp\/v2\/types\/page"}],"author":[{"embeddable":true,"href":"https:\/\/www.chevinfleet.com\/fr-fr\/wp-json\/wp\/v2\/users\/1"}],"replies":[{"embeddable":true,"href":"https:\/\/www.chevinfleet.com\/fr-fr\/wp-json\/wp\/v2\/comments?post=10"}],"version-history":[{"count":0,"href":"https:\/\/www.chevinfleet.com\/fr-fr\/wp-json\/wp\/v2\/pages\/10\/revisions"}],"wp:attachment":[{"href":"https:\/\/www.chevinfleet.com\/fr-fr\/wp-json\/wp\/v2\/media?parent=10"}],"curies":[{"name":"wp","href":"https:\/\/api.w.org\/{rel}","templated":true}]}}